{"id":187,"date":"2010-02-02T12:22:46","date_gmt":"2010-02-02T10:22:46","guid":{"rendered":"https:\/\/webs.uab.cat\/giq\/contact-us\/"},"modified":"2010-02-02T12:22:46","modified_gmt":"2010-02-02T10:22:46","slug":"contact-us","status":"publish","type":"page","link":"https:\/\/webs.uab.cat\/giq\/contact-us\/","title":{"rendered":"Contact us"},"content":{"rendered":"<address>F\u00edsica Te\u00f2rica: Informaci\u00f3 i Fen\u00f2mens Qu\u00e0ntics<br \/>Facultat de Ci\u00e8ncies, Edifici Cn<br \/>Universitat Aut\u00f2noma de Barcelona<br \/>E-08193 Bellaterra (Barcelona)<br \/>Spain<\/address>\n<p>Fax: +34 93 581 1938<\/p>\n","protected":false},"excerpt":{"rendered":"<p>F\u00edsica Te\u00f2rica: Informaci\u00f3 i Fen\u00f2mens Qu\u00e0nticsFacultat de Ci\u00e8ncies, Edifici CnUniversitat Aut\u00f2noma de BarcelonaE-08193 Bellaterra (Barcelona)Spain Fax: +34 93 581 1938<\/p>\n","protected":false},"author":20,"featured_media":0,"parent":0,"menu_order":0,"comment_status":"closed","ping_status":"closed","template":"","meta":{"footnotes":""},"class_list":["post-187","page","type-page","status-publish","hentry"],"_links":{"self":[{"href":"https:\/\/webs.uab.cat\/giq\/wp-json\/wp\/v2\/pages\/187","targetHints":{"allow":["GET"]}}],"collection":[{"href":"https:\/\/webs.uab.cat\/giq\/wp-json\/wp\/v2\/pages"}],"about":[{"href":"https:\/\/webs.uab.cat\/giq\/wp-json\/wp\/v2\/types\/page"}],"author":[{"embeddable":true,"href":"https:\/\/webs.uab.cat\/giq\/wp-json\/wp\/v2\/users\/20"}],"replies":[{"embeddable":true,"href":"https:\/\/webs.uab.cat\/giq\/wp-json\/wp\/v2\/comments?post=187"}],"version-history":[{"count":0,"href":"https:\/\/webs.uab.cat\/giq\/wp-json\/wp\/v2\/pages\/187\/revisions"}],"wp:attachment":[{"href":"https:\/\/webs.uab.cat\/giq\/wp-json\/wp\/v2\/media?parent=187"}],"curies":[{"name":"wp","href":"https:\/\/api.w.org\/{rel}","templated":true}]}}