{"id":188,"date":"2010-02-02T12:24:07","date_gmt":"2010-02-02T10:24:07","guid":{"rendered":"https:\/\/webs.uab.cat\/giq\/how-reach-us\/"},"modified":"2025-09-12T15:36:22","modified_gmt":"2025-09-12T13:36:22","slug":"how-reach-us","status":"publish","type":"page","link":"https:\/\/webs.uab.cat\/giq\/how-reach-us\/","title":{"rendered":"How to reach us"},"content":{"rendered":"<p>GIQ is located in the Campus of the <a href=\"http:\/\/www.uab.cat\">Universitat Aut\u00f2noma Barcelona<\/a> (UAB) in Bellaterra. Bellaterra is a town outside the Barcelona Metropolitan Area, but it can be reached very easily from downtown Barcelona or from the Airport by public transportation. See <a href=\"http:\/\/www.uab.es\/servlet\/Satellite\/life\/maps-and-transport-1101231886114.html\">additional information and maps<\/a> from the University web. The most convenient way to reach UAB from Barcelona is by train, either <a href=\"http:\/\/www.fgc.net\/eng\/\">FGC<\/a> (to &#8220;Universitat Aut\u00f2noma&#8221;, lines S2 and S6) or <a href=\"http:\/\/www.renfe.es\/cercanias\/barcelona\/\">RENFE<\/a> (to &#8220;Cerdanyola Universitat&#8221;, line R7).<\/p>\n<p>These are the GPS coordinates of GIQ: Latitude: 41.501113 | Longitude: 2.109266 and its <a style=\"color: #0000ff;text-align: left\" href=\"https:\/\/www.google.es\/maps\/place\/Grup+d'Informaci%C3%B3+Qu%C3%A0ntica+(GIQ)\/@41.501138,2.1071677,17z\/data=!3m1!4b1!4m2!3m1!1s0x12a495d55f955555:0x104d16726f20c2b9?hl=en\"> (indoor) google.maps<\/a> link (<a href=\"https:\/\/maps.app.goo.gl\/KzbG5kQ3eMMBGJgB8\">GPS<\/a>)<\/p>\n<p>GIQ is located at C5 module (even offices) <strong>second floor<\/strong> (follow signs to F\u00edsica Te\u00f2rica: Informaci\u00f3 i Fen\u00f2mens Qu\u00e0ntics) &lt;!&#8211; From FGC train station to GIQ<\/a> in a larger map<\/small> <\/p>\n<p>&#8211;&gt;<\/p>\n","protected":false},"excerpt":{"rendered":"<p>GIQ is located in the Campus of the Universitat Aut\u00f2noma Barcelona (UAB) in Bellaterra. Bellaterra is a town outside the Barcelona Metropolitan Area, but it can be reached very easily from downtown Barcelona or from the Airport by public transportation. See additional information and maps from the University web. The most convenient way to reach [&hellip;]<\/p>\n","protected":false},"author":20,"featured_media":0,"parent":0,"menu_order":0,"comment_status":"closed","ping_status":"closed","template":"","meta":{"footnotes":""},"class_list":["post-188","page","type-page","status-publish","hentry"],"_links":{"self":[{"href":"https:\/\/webs.uab.cat\/giq\/wp-json\/wp\/v2\/pages\/188","targetHints":{"allow":["GET"]}}],"collection":[{"href":"https:\/\/webs.uab.cat\/giq\/wp-json\/wp\/v2\/pages"}],"about":[{"href":"https:\/\/webs.uab.cat\/giq\/wp-json\/wp\/v2\/types\/page"}],"author":[{"embeddable":true,"href":"https:\/\/webs.uab.cat\/giq\/wp-json\/wp\/v2\/users\/20"}],"replies":[{"embeddable":true,"href":"https:\/\/webs.uab.cat\/giq\/wp-json\/wp\/v2\/comments?post=188"}],"version-history":[{"count":1,"href":"https:\/\/webs.uab.cat\/giq\/wp-json\/wp\/v2\/pages\/188\/revisions"}],"predecessor-version":[{"id":2474,"href":"https:\/\/webs.uab.cat\/giq\/wp-json\/wp\/v2\/pages\/188\/revisions\/2474"}],"wp:attachment":[{"href":"https:\/\/webs.uab.cat\/giq\/wp-json\/wp\/v2\/media?parent=188"}],"curies":[{"name":"wp","href":"https:\/\/api.w.org\/{rel}","templated":true}]}}