{"id":189,"date":"2010-02-02T12:26:28","date_gmt":"2010-02-02T10:26:28","guid":{"rendered":"https:\/\/webs.uab.cat\/giq\/site\/"},"modified":"2024-02-29T12:47:24","modified_gmt":"2024-02-29T10:47:24","slug":"site","status":"publish","type":"page","link":"https:\/\/webs.uab.cat\/giq\/site\/","title":{"rendered":"Internal GIQ Info"},"content":{"rendered":"<p><strong>GiQ discord channel: <\/strong>subcribe using this link:<a href=\"https:\/\/discord.gg\/VtSwMAjBWH\"> https:\/\/discord.gg\/VtSwMAjBWH<\/a><\/p>\n<p><img loading=\"lazy\" decoding=\"async\" class=\"wp-image-2195 aligncenter\" src=\"https:\/\/webs.uab.cat\/giq\/wp-content\/uploads\/sites\/362\/2023\/12\/GIQDiscrod_QR.png\" alt=\"\" width=\"157\" height=\"153\" srcset=\"https:\/\/webs.uab.cat\/giq\/wp-content\/uploads\/sites\/362\/2023\/12\/GIQDiscrod_QR.png 1154w, https:\/\/webs.uab.cat\/giq\/wp-content\/uploads\/sites\/362\/2023\/12\/GIQDiscrod_QR-300x291.png 300w, https:\/\/webs.uab.cat\/giq\/wp-content\/uploads\/sites\/362\/2023\/12\/GIQDiscrod_QR-1024x994.png 1024w, https:\/\/webs.uab.cat\/giq\/wp-content\/uploads\/sites\/362\/2023\/12\/GIQDiscrod_QR-768x745.png 768w\" sizes=\"auto, (max-width: 157px) 100vw, 157px\" \/><\/p>\n<p><strong>Zoom<\/strong> Link for GIQ Seminars: <a class=\"anchor_c8ddc0 anchorUnderlineOnHover__78236\" title=\"https:\/\/us02web.zoom.us\/j\/89611906135?pwd=dWJRZCtENFdqTzFzRXpxdXJLNkMyQT09\" role=\"button\" href=\"https:\/\/us02web.zoom.us\/j\/89611906135?pwd=dWJRZCtENFdqTzFzRXpxdXJLNkMyQT09\" target=\"_blank\" rel=\"noreferrer noopener\">https:\/\/us02web.zoom.us\/j\/89611906135?pwd=dWJRZCtENFdqTzFzRXpxdXJLNkMyQT09<\/a><\/p>\n<p><b>Affiliation<\/b>:<\/p>\n<p class=\"rteindent1\">F\u00edsica Te\u00f2rica: Informaci\u00f3 i Fen\u00f2mens Qu\u00e0ntics, Departament de F\u00edsica, Universitat Aut\u00f2noma de Barcelona, 08193 Bellaterra (Barcelona), Spain<\/p>\n<p class=\"rteindent1\">F\\'{\\i}sica Te\\`{o}rica: Informaci\\'{o} i Fen\\`{o}mens Qu\\`{a}ntics, Departament de F\\'{\\i}sica, Universitat Aut\\`{o}noma de Barcelona, 08193 Bellaterra, Spain<\/p>\n<p><strong>Publications<\/strong> @ arXiv: <a href=\"http:\/\/tiny.cc\/GIQ_arxiv\">http:\/\/tiny.cc\/GIQ_arxiv<\/a><\/p>\n<p><b>Acknowledgments<\/b>:<\/p>\n<p class=\"rteindent1\"><i>1. GENERAL<\/i><\/p>\n<p class=\"rteindent1\">We acknowledge financial support from the Spanish Agencia Estatal de Investigaci\u00f3n (project PID2022-141283NB-I00).<\/p>\n<p class=\"rteindent1\"><s>Project PID2019-107609GB-I00, as well as the Generalitat de Catalunya CIRIT project 2017-SGR-1127. <\/s><\/p>\n<p class=\"rteindent1\"><s>Spanish MINECO \u00a0FIS2016-80681-P (AEI\/FEDER, UE), Generalitat de Catalunya CIRIT \u00a02017-SGR-1127\u00a0<\/s><\/p>\n<p class=\"rteindent1\">2. <em>&#8220;QONGO&#8221;\u00a0Quantum Communication (EU Covid recovery funds)<\/em><\/p>\n<p class=\"rteindent1\">This study was supported by MCIN with funding from European Union NextGenerationEU (PRTR-C17.I1) and by Generalitat de Catalunya.<\/p>\n<p class=\"rteindent1\">Logos (sorry only low resolution)<\/p>\n<p><img loading=\"lazy\" decoding=\"async\" class=\"alignnone size-medium wp-image-2180\" src=\"https:\/\/webs.uab.cat\/giq\/wp-content\/uploads\/sites\/362\/2023\/12\/GENCAT_DRU_color-300x74.jpeg\" alt=\"\" width=\"300\" height=\"74\" srcset=\"https:\/\/webs.uab.cat\/giq\/wp-content\/uploads\/sites\/362\/2023\/12\/GENCAT_DRU_color-300x74.jpeg 300w, https:\/\/webs.uab.cat\/giq\/wp-content\/uploads\/sites\/362\/2023\/12\/GENCAT_DRU_color.jpeg 320w\" sizes=\"auto, (max-width: 300px) 100vw, 300px\" \/> <img loading=\"lazy\" decoding=\"async\" class=\"alignnone size-medium wp-image-2181\" src=\"https:\/\/webs.uab.cat\/giq\/wp-content\/uploads\/sites\/362\/2023\/12\/NEXT-GEN-CAT_color-300x81.jpeg\" alt=\"\" width=\"300\" height=\"81\" srcset=\"https:\/\/webs.uab.cat\/giq\/wp-content\/uploads\/sites\/362\/2023\/12\/NEXT-GEN-CAT_color-300x81.jpeg 300w, https:\/\/webs.uab.cat\/giq\/wp-content\/uploads\/sites\/362\/2023\/12\/NEXT-GEN-CAT_color.jpeg 320w\" sizes=\"auto, (max-width: 300px) 100vw, 300px\" \/> <img loading=\"lazy\" decoding=\"async\" class=\"alignnone size-medium wp-image-2182\" src=\"https:\/\/webs.uab.cat\/giq\/wp-content\/uploads\/sites\/362\/2023\/12\/Logo-PRTR-tres-li\u2560uneas_COLOR-300x59.jpeg\" alt=\"\" width=\"300\" height=\"59\" srcset=\"https:\/\/webs.uab.cat\/giq\/wp-content\/uploads\/sites\/362\/2023\/12\/Logo-PRTR-tres-li\u2560uneas_COLOR-300x59.jpeg 300w, https:\/\/webs.uab.cat\/giq\/wp-content\/uploads\/sites\/362\/2023\/12\/Logo-PRTR-tres-li\u2560uneas_COLOR.jpeg 320w\" sizes=\"auto, (max-width: 300px) 100vw, 300px\" \/> <img loading=\"lazy\" decoding=\"async\" class=\"alignnone size-medium wp-image-2183\" src=\"https:\/\/webs.uab.cat\/giq\/wp-content\/uploads\/sites\/362\/2023\/12\/NEXT-GEN-EU_COLOR_Mesa-de-trabajo-1-copia-300x72.jpeg\" alt=\"\" width=\"300\" height=\"72\" srcset=\"https:\/\/webs.uab.cat\/giq\/wp-content\/uploads\/sites\/362\/2023\/12\/NEXT-GEN-EU_COLOR_Mesa-de-trabajo-1-copia-300x72.jpeg 300w, https:\/\/webs.uab.cat\/giq\/wp-content\/uploads\/sites\/362\/2023\/12\/NEXT-GEN-EU_COLOR_Mesa-de-trabajo-1-copia.jpeg 320w\" sizes=\"auto, (max-width: 300px) 100vw, 300px\" \/><\/p>\n<p class=\"rteindent1\"><em>3. CMON-QSENS! (Quantera)<\/em><\/p>\n<p class=\"rteindent1\">This work was supported by the European Commission QuantERA grant C\u2019MON-QSENS! (Spanish MICINN project PCI2019-111869-2).<\/p>\n<p><img loading=\"lazy\" decoding=\"async\" class=\"alignnone size-full wp-image-2186\" src=\"https:\/\/webs.uab.cat\/giq\/wp-content\/uploads\/sites\/362\/2023\/12\/logo_quantera.png\" alt=\"\" width=\"314\" height=\"130\" srcset=\"https:\/\/webs.uab.cat\/giq\/wp-content\/uploads\/sites\/362\/2023\/12\/logo_quantera.png 314w, https:\/\/webs.uab.cat\/giq\/wp-content\/uploads\/sites\/362\/2023\/12\/logo_quantera-300x124.png 300w\" sizes=\"auto, (max-width: 314px) 100vw, 314px\" \/><\/p>\n<p class=\"rteindent1\"><em>4. ExTRaQT (Quantera)<\/em><\/p>\n<p class=\"rteindent1\">This work was supported by the European Commission QuantERA grant ExTRaQT (Spanish MICINN project PCI2022-132965).<\/p>\n<p class=\"rteindent1\"><em>5. EU Next Generation\u00a0 (&#8220;Quantum Spain&#8221;)<\/em><\/p>\n<p class=\"rteindent1\">This work has been financially supported by the Ministry of Economic Affairs and Digital Transformation of the Spanish Government through the QUANTUM ENIA project call &#8211; Quantum Spain project, and by the European Union through the Recovery, Transformation and Resilience Plan &#8211; NextGenerationEU within the framework of the &#8220;Digital Spain 2026 Agenda.<\/p>\n<div dir=\"ltr\">\n<div class=\"\">\n<div>\n<div class=\"\">\n<div class=\"\">\n<div class=\"\">\n<pre>En el siguiente <a class=\"\" href=\"https:\/\/drive.google.com\/drive\/folders\/1H_e9kgh5rw445tveNMLwUX_FgyC0K7nL?usp=sharing\"><b class=\"\">link<\/b><\/a> encontrar\u00e1n el logo de Quantum Spain en todas sus versiones y el de las instituciones que acabo de mencionar. Tambi\u00e9n encontrar\u00e1n dos versiones de banner que pueden utilizar.<\/pre>\n<\/div>\n<\/div>\n<\/div>\n<\/div>\n<\/div>\n<\/div>\n<p><img loading=\"lazy\" decoding=\"async\" class=\"alignnone size-full wp-image-2185\" src=\"https:\/\/webs.uab.cat\/giq\/wp-content\/uploads\/sites\/362\/2023\/12\/Banners-logos-Quantum-Spain-1.png\" alt=\"\" width=\"2000\" height=\"500\" srcset=\"https:\/\/webs.uab.cat\/giq\/wp-content\/uploads\/sites\/362\/2023\/12\/Banners-logos-Quantum-Spain-1.png 2000w, https:\/\/webs.uab.cat\/giq\/wp-content\/uploads\/sites\/362\/2023\/12\/Banners-logos-Quantum-Spain-1-300x75.png 300w, https:\/\/webs.uab.cat\/giq\/wp-content\/uploads\/sites\/362\/2023\/12\/Banners-logos-Quantum-Spain-1-1024x256.png 1024w, https:\/\/webs.uab.cat\/giq\/wp-content\/uploads\/sites\/362\/2023\/12\/Banners-logos-Quantum-Spain-1-768x192.png 768w, https:\/\/webs.uab.cat\/giq\/wp-content\/uploads\/sites\/362\/2023\/12\/Banners-logos-Quantum-Spain-1-1536x384.png 1536w, https:\/\/webs.uab.cat\/giq\/wp-content\/uploads\/sites\/362\/2023\/12\/Banners-logos-Quantum-Spain-1-1200x300.png 1200w, https:\/\/webs.uab.cat\/giq\/wp-content\/uploads\/sites\/362\/2023\/12\/Banners-logos-Quantum-Spain-1-1980x495.png 1980w\" sizes=\"auto, (max-width: 2000px) 100vw, 2000px\" \/><\/p>\n<p class=\"rteindent1\"><em>For larks (only to be used citing\u00a0<a href=\"https:\/\/arxiv.org\/abs\/2003.13715\">https:\/\/arxiv.org\/abs\/2003.13715<\/a>)<\/em><\/p>\n<p class=\"rteindent1\">The authors are supported by an osseous endoskeleton and two sturdy legs each, the Paleozoic rock of the Barcelon\u00e9s Quaternary littoral plain, the Eurasian continental plate, the Earth\u2019s crust and the whole lithosphere.<\/p>\n<p><strong>Mailing list<\/strong><\/p>\n<p>The mailing list is hosted by UAB. The list information is <a href=\"https:\/\/llistes.uab.es:4443\/mailman\/listinfo\/giq-l\">here<\/a>.<\/p>\n<p><strong>UAB logos:\u00a0<\/strong><\/p>\n<p><img loading=\"lazy\" decoding=\"async\" class=\"alignnone  wp-image-2199\" src=\"https:\/\/webs.uab.cat\/giq\/wp-content\/uploads\/sites\/362\/2023\/12\/logotip-versio-1-principal-verd.png\" alt=\"\" width=\"325\" height=\"122\" srcset=\"https:\/\/webs.uab.cat\/giq\/wp-content\/uploads\/sites\/362\/2023\/12\/logotip-versio-1-principal-verd.png 1881w, https:\/\/webs.uab.cat\/giq\/wp-content\/uploads\/sites\/362\/2023\/12\/logotip-versio-1-principal-verd-300x113.png 300w, https:\/\/webs.uab.cat\/giq\/wp-content\/uploads\/sites\/362\/2023\/12\/logotip-versio-1-principal-verd-1024x384.png 1024w, https:\/\/webs.uab.cat\/giq\/wp-content\/uploads\/sites\/362\/2023\/12\/logotip-versio-1-principal-verd-768x288.png 768w, https:\/\/webs.uab.cat\/giq\/wp-content\/uploads\/sites\/362\/2023\/12\/logotip-versio-1-principal-verd-1536x577.png 1536w, https:\/\/webs.uab.cat\/giq\/wp-content\/uploads\/sites\/362\/2023\/12\/logotip-versio-1-principal-verd-1200x450.png 1200w\" sizes=\"auto, (max-width: 325px) 100vw, 325px\" \/><\/p>\n<p><img loading=\"lazy\" decoding=\"async\" class=\"alignnone  wp-image-2200\" src=\"https:\/\/webs.uab.cat\/giq\/wp-content\/uploads\/sites\/362\/2023\/12\/logotipuab-versio-6-verd.png\" alt=\"\" width=\"405\" height=\"74\" srcset=\"https:\/\/webs.uab.cat\/giq\/wp-content\/uploads\/sites\/362\/2023\/12\/logotipuab-versio-6-verd.png 1697w, https:\/\/webs.uab.cat\/giq\/wp-content\/uploads\/sites\/362\/2023\/12\/logotipuab-versio-6-verd-300x55.png 300w, https:\/\/webs.uab.cat\/giq\/wp-content\/uploads\/sites\/362\/2023\/12\/logotipuab-versio-6-verd-1024x186.png 1024w, https:\/\/webs.uab.cat\/giq\/wp-content\/uploads\/sites\/362\/2023\/12\/logotipuab-versio-6-verd-768x140.png 768w, https:\/\/webs.uab.cat\/giq\/wp-content\/uploads\/sites\/362\/2023\/12\/logotipuab-versio-6-verd-1536x280.png 1536w, https:\/\/webs.uab.cat\/giq\/wp-content\/uploads\/sites\/362\/2023\/12\/logotipuab-versio-6-verd-1200x219.png 1200w\" sizes=\"auto, (max-width: 405px) 100vw, 405px\" \/><\/p>\n<p>more formats available at this <a href=\"https:\/\/www.uab.cat\/ca\/identitatcorporativa\/versions-descarregues-logotip\">link<\/a><\/p>\n<div>\n<div>\n<div>GIQ logos:<\/div>\n<\/div>\n<div><img loading=\"lazy\" decoding=\"async\" class=\"alignnone  wp-image-2223\" src=\"https:\/\/webs.uab.cat\/giq\/wp-content\/uploads\/sites\/362\/2024\/02\/LogoGIQ_NoText_Positiu.png\" alt=\"\" width=\"179\" height=\"188\" srcset=\"https:\/\/webs.uab.cat\/giq\/wp-content\/uploads\/sites\/362\/2024\/02\/LogoGIQ_NoText_Positiu.png 1927w, https:\/\/webs.uab.cat\/giq\/wp-content\/uploads\/sites\/362\/2024\/02\/LogoGIQ_NoText_Positiu-286x300.png 286w, https:\/\/webs.uab.cat\/giq\/wp-content\/uploads\/sites\/362\/2024\/02\/LogoGIQ_NoText_Positiu-975x1024.png 975w, https:\/\/webs.uab.cat\/giq\/wp-content\/uploads\/sites\/362\/2024\/02\/LogoGIQ_NoText_Positiu-768x806.png 768w, https:\/\/webs.uab.cat\/giq\/wp-content\/uploads\/sites\/362\/2024\/02\/LogoGIQ_NoText_Positiu-1463x1536.png 1463w, https:\/\/webs.uab.cat\/giq\/wp-content\/uploads\/sites\/362\/2024\/02\/LogoGIQ_NoText_Positiu-1200x1260.png 1200w\" sizes=\"auto, (max-width: 179px) 100vw, 179px\" \/>\u00a0 \u00a0 <img loading=\"lazy\" decoding=\"async\" class=\"alignnone  wp-image-2224\" src=\"https:\/\/webs.uab.cat\/giq\/wp-content\/uploads\/sites\/362\/2024\/02\/LogoGIQ_Text_Positiu.png\" alt=\"\" width=\"444\" height=\"128\" srcset=\"https:\/\/webs.uab.cat\/giq\/wp-content\/uploads\/sites\/362\/2024\/02\/LogoGIQ_Text_Positiu.png 7098w, https:\/\/webs.uab.cat\/giq\/wp-content\/uploads\/sites\/362\/2024\/02\/LogoGIQ_Text_Positiu-300x86.png 300w, https:\/\/webs.uab.cat\/giq\/wp-content\/uploads\/sites\/362\/2024\/02\/LogoGIQ_Text_Positiu-1024x295.png 1024w, https:\/\/webs.uab.cat\/giq\/wp-content\/uploads\/sites\/362\/2024\/02\/LogoGIQ_Text_Positiu-768x221.png 768w, https:\/\/webs.uab.cat\/giq\/wp-content\/uploads\/sites\/362\/2024\/02\/LogoGIQ_Text_Positiu-1536x442.png 1536w, https:\/\/webs.uab.cat\/giq\/wp-content\/uploads\/sites\/362\/2024\/02\/LogoGIQ_Text_Positiu-2048x589.png 2048w, https:\/\/webs.uab.cat\/giq\/wp-content\/uploads\/sites\/362\/2024\/02\/LogoGIQ_Text_Positiu-1200x345.png 1200w, https:\/\/webs.uab.cat\/giq\/wp-content\/uploads\/sites\/362\/2024\/02\/LogoGIQ_Text_Positiu-1980x570.png 1980w\" sizes=\"auto, (max-width: 444px) 100vw, 444px\" \/><\/div>\n<div><a href=\"https:\/\/webs.uab.cat\/giq\/wp-content\/uploads\/sites\/362\/2024\/02\/LogoGIQ_NoText_Positiu.pdf\">LogoGIQ_NoText.PDF<\/a>. \u00a0 <a href=\"https:\/\/webs.uab.cat\/giq\/wp-content\/uploads\/sites\/362\/2024\/02\/LogoGIQ_Text_Positiu.pdf\">LogoGIQ_Text:PDF<\/a><\/div>\n<\/div>\n<div><\/div>\n","protected":false},"excerpt":{"rendered":"<p>GiQ discord channel: subcribe using this link: https:\/\/discord.gg\/VtSwMAjBWH Zoom Link for GIQ Seminars: https:\/\/us02web.zoom.us\/j\/89611906135?pwd=dWJRZCtENFdqTzFzRXpxdXJLNkMyQT09 Affiliation: F\u00edsica Te\u00f2rica: Informaci\u00f3 i Fen\u00f2mens Qu\u00e0ntics, Departament de F\u00edsica, Universitat Aut\u00f2noma de Barcelona, 08193 Bellaterra (Barcelona), Spain F\\'{\\i}sica Te\\`{o}rica: Informaci\\'{o} i Fen\\`{o}mens Qu\\`{a}ntics, Departament de F\\'{\\i}sica, Universitat Aut\\`{o}noma de Barcelona, 08193 Bellaterra, Spain Publications @ arXiv: http:\/\/tiny.cc\/GIQ_arxiv Acknowledgments: 1. GENERAL [&hellip;]<\/p>\n","protected":false},"author":20,"featured_media":0,"parent":0,"menu_order":0,"comment_status":"closed","ping_status":"closed","template":"","meta":{"footnotes":""},"class_list":["post-189","page","type-page","status-publish","hentry"],"_links":{"self":[{"href":"https:\/\/webs.uab.cat\/giq\/wp-json\/wp\/v2\/pages\/189","targetHints":{"allow":["GET"]}}],"collection":[{"href":"https:\/\/webs.uab.cat\/giq\/wp-json\/wp\/v2\/pages"}],"about":[{"href":"https:\/\/webs.uab.cat\/giq\/wp-json\/wp\/v2\/types\/page"}],"author":[{"embeddable":true,"href":"https:\/\/webs.uab.cat\/giq\/wp-json\/wp\/v2\/users\/20"}],"replies":[{"embeddable":true,"href":"https:\/\/webs.uab.cat\/giq\/wp-json\/wp\/v2\/comments?post=189"}],"version-history":[{"count":10,"href":"https:\/\/webs.uab.cat\/giq\/wp-json\/wp\/v2\/pages\/189\/revisions"}],"predecessor-version":[{"id":2233,"href":"https:\/\/webs.uab.cat\/giq\/wp-json\/wp\/v2\/pages\/189\/revisions\/2233"}],"wp:attachment":[{"href":"https:\/\/webs.uab.cat\/giq\/wp-json\/wp\/v2\/media?parent=189"}],"curies":[{"name":"wp","href":"https:\/\/api.w.org\/{rel}","templated":true}]}}