{"id":2005,"date":"2023-03-07T19:43:53","date_gmt":"2023-03-07T17:43:53","guid":{"rendered":"https:\/\/webs.uab.cat\/giq\/?page_id=2005"},"modified":"2026-02-02T17:11:22","modified_gmt":"2026-02-02T15:11:22","slug":"group-members","status":"publish","type":"page","link":"https:\/\/webs.uab.cat\/giq\/group-members\/","title":{"rendered":"Group members"},"content":{"rendered":"\n<h2 class=\"wp-block-heading\">Staff<\/h2>\n\n\n\r\n<ul class=\"staff-grid\">\r\n\r\n\t\r\n<li class=\"staff-list-item\">\r\n\t<figure>\r\n\t\t\r\n\t<\/figure>\r\n\t<div>\r\n\t\t<p><a href=\"https:\/\/webs.uab.cat\/giq\/member\/andreas-winter\/\"><strong>Andreas Winter<\/strong><\/a><\/p>\r\n\t\t<p><\/p>\r\n\t<\/div>\r\n<\/li>\r\n\t\r\n\t\r\n<li class=\"staff-list-item\">\r\n\t<figure>\r\n\t\t\r\n\t<\/figure>\r\n\t<div>\r\n\t\t<p><a href=\"https:\/\/webs.uab.cat\/giq\/member\/anna-sanpera\/\"><strong>Anna Sanpera<\/strong><\/a><\/p>\r\n\t\t<p><\/p>\r\n\t<\/div>\r\n<\/li>\r\n\t\r\n\t\r\n<li class=\"staff-list-item\">\r\n\t<figure>\r\n\t\t\r\n\t<\/figure>\r\n\t<div>\r\n\t\t<p><a href=\"https:\/\/webs.uab.cat\/giq\/member\/emili-bagan\/\"><strong>Emili Bagan<\/strong><\/a><\/p>\r\n\t\t<p><\/p>\r\n\t<\/div>\r\n<\/li>\r\n\t\r\n\t\r\n<li class=\"staff-list-item\">\r\n\t<figure>\r\n\t\t\r\n\t<\/figure>\r\n\t<div>\r\n\t\t<p><a href=\"https:\/\/webs.uab.cat\/giq\/member\/gabriele-de-chiara\/\"><strong>Gabriele De Chiara<\/strong><\/a><\/p>\r\n\t\t<p><\/p>\r\n\t<\/div>\r\n<\/li>\r\n\t\r\n\t\r\n<li class=\"staff-list-item\">\r\n\t<figure>\r\n\t\t\r\n\t<\/figure>\r\n\t<div>\r\n\t\t<p><a href=\"https:\/\/webs.uab.cat\/giq\/member\/gael-sentis\/\"><strong>Gael Sent\u00eds<\/strong><\/a><\/p>\r\n\t\t<p><\/p>\r\n\t<\/div>\r\n<\/li>\r\n\t\r\n\t\r\n<li class=\"staff-list-item\">\r\n\t<figure>\r\n\t\t\r\n\t<\/figure>\r\n\t<div>\r\n\t\t<p><a href=\"https:\/\/webs.uab.cat\/giq\/member\/john-calsamiglia\/\"><strong>John Calsamiglia<\/strong><\/a><\/p>\r\n\t\t<p><\/p>\r\n\t<\/div>\r\n<\/li>\r\n\t\r\n\t\r\n<li class=\"staff-list-item\">\r\n\t<figure>\r\n\t\t\r\n\t<\/figure>\r\n\t<div>\r\n\t\t<p><a href=\"https:\/\/webs.uab.cat\/giq\/member\/marti-perarnau-llobet\/\"><strong>Mart\u00ed Perarnau-Llobet<\/strong><\/a><\/p>\r\n\t\t<p><\/p>\r\n\t<\/div>\r\n<\/li>\r\n\t\r\n\t\r\n<li class=\"staff-list-item\">\r\n\t<figure>\r\n\t\t\r\n\t<\/figure>\r\n\t<div>\r\n\t\t<p><a href=\"https:\/\/webs.uab.cat\/giq\/member\/ramon-munoz-tapia\/\"><strong>Ramon Mu\u00f1oz Tapia<\/strong><\/a><\/p>\r\n\t\t<p><\/p>\r\n\t<\/div>\r\n<\/li>\r\n\t\r\n<\/ul>\r\n\n\n\n<h2 class=\"wp-block-heading\">Postdoc<\/h2>\n\n\n\r\n<ul class=\"staff-grid\">\r\n\r\n\t\r\n<li class=\"staff-list-item\">\r\n\t<figure>\r\n\t\t\r\n\t<\/figure>\r\n\t<div>\r\n\t\t<p><a href=\"https:\/\/webs.uab.cat\/giq\/member\/albert-aloy\/\"><strong>Albert Aloy<\/strong><\/a><\/p>\r\n\t\t<p><\/p>\r\n\t<\/div>\r\n<\/li>\r\n\t\r\n\t\r\n<li class=\"staff-list-item\">\r\n\t<figure>\r\n\t\t\r\n\t<\/figure>\r\n\t<div>\r\n\t\t<p><a href=\"https:\/\/webs.uab.cat\/giq\/member\/albert-rico\/\"><strong>Albert Rico<\/strong><\/a><\/p>\r\n\t\t<p><\/p>\r\n\t<\/div>\r\n<\/li>\r\n\t\r\n\t\r\n<li class=\"staff-list-item\">\r\n\t<figure>\r\n\t\t\r\n\t<\/figure>\r\n\t<div>\r\n\t\t<p><a href=\"https:\/\/webs.uab.cat\/giq\/member\/arpan-das\/\"><strong>Arpan Das<\/strong><\/a><\/p>\r\n\t\t<p><\/p>\r\n\t<\/div>\r\n<\/li>\r\n\t\r\n\t\r\n<li class=\"staff-list-item\">\r\n\t<figure>\r\n\t\t\r\n\t<\/figure>\r\n\t<div>\r\n\t\t<p><a href=\"https:\/\/webs.uab.cat\/giq\/member\/ayaka-usui\/\"><strong>Ayaka Usui<\/strong><\/a><\/p>\r\n\t\t<p><\/p>\r\n\t<\/div>\r\n<\/li>\r\n\t\r\n\t\r\n<li class=\"staff-list-item\">\r\n\t<figure>\r\n\t\t\r\n\t<\/figure>\r\n\t<div>\r\n\t\t<p><a href=\"https:\/\/webs.uab.cat\/giq\/member\/joseph-schindler\/\"><strong>Joseph Schindler<\/strong><\/a><\/p>\r\n\t\t<p><\/p>\r\n\t<\/div>\r\n<\/li>\r\n\t\r\n\t\r\n<li class=\"staff-list-item\">\r\n\t<figure>\r\n\t\t\r\n\t<\/figure>\r\n\t<div>\r\n\t\t<p><a href=\"https:\/\/webs.uab.cat\/giq\/member\/some-sankar-bhattacharya\/\"><strong>Some Sankar Bhattacharya<\/strong><\/a><\/p>\r\n\t\t<p><\/p>\r\n\t<\/div>\r\n<\/li>\r\n\t\r\n<\/ul>\r\n\n\n\n<h2 class=\"wp-block-heading\">PhD Student<\/h2>\n\n\n\r\n<ul class=\"staff-grid\">\r\n\r\n\t\r\n<li class=\"staff-list-item\">\r\n\t<figure>\r\n\t\t\r\n\t<\/figure>\r\n\t<div>\r\n\t\t<p><a href=\"https:\/\/webs.uab.cat\/giq\/member\/antoni-alou\/\"><strong>Antoni Alou<\/strong><\/a><\/p>\r\n\t\t<p><\/p>\r\n\t<\/div>\r\n<\/li>\r\n\t\r\n\t\r\n<li class=\"staff-list-item\">\r\n\t<figure>\r\n\t\t\r\n\t<\/figure>\r\n\t<div>\r\n\t\t<p><a href=\"https:\/\/webs.uab.cat\/giq\/member\/arnau-d-h\/\"><strong>Arnau D H<\/strong><\/a><\/p>\r\n\t\t<p><\/p>\r\n\t<\/div>\r\n<\/li>\r\n\t\r\n\t\r\n<li class=\"staff-list-item\">\r\n\t<figure>\r\n\t\t\r\n\t<\/figure>\r\n\t<div>\r\n\t\t<p><a href=\"https:\/\/webs.uab.cat\/giq\/member\/2151\/\"><strong>Elisabet Roda Salichs<\/strong><\/a><\/p>\r\n\t\t<p><\/p>\r\n\t<\/div>\r\n<\/li>\r\n\t\r\n\t\r\n<li class=\"staff-list-item\">\r\n\t<figure>\r\n\t\t\r\n\t<\/figure>\r\n\t<div>\r\n\t\t<p><a href=\"https:\/\/webs.uab.cat\/giq\/member\/hari-krishnan-sv\/\"><strong>Hari krishnan SV<\/strong><\/a><\/p>\r\n\t\t<p><\/p>\r\n\t<\/div>\r\n<\/li>\r\n\t\r\n\t\r\n<li class=\"staff-list-item\">\r\n\t<figure>\r\n\t\t\r\n\t<\/figure>\r\n\t<div>\r\n\t\t<p><a href=\"https:\/\/webs.uab.cat\/giq\/member\/javier-lalueza\/\"><strong>Javier Lalueza<\/strong><\/a><\/p>\r\n\t\t<p><\/p>\r\n\t<\/div>\r\n<\/li>\r\n\t\r\n\t\r\n<li class=\"staff-list-item\">\r\n\t<figure>\r\n\t\t\r\n\t<\/figure>\r\n\t<div>\r\n\t\t<p><a href=\"https:\/\/webs.uab.cat\/giq\/member\/jennifer-ahiable\/\"><strong>Jennifer Ahiable<\/strong><\/a><\/p>\r\n\t\t<p><\/p>\r\n\t<\/div>\r\n<\/li>\r\n\t\r\n\t\r\n<li class=\"staff-list-item\">\r\n\t<figure>\r\n\t\t\r\n\t<\/figure>\r\n\t<div>\r\n\t\t<p><a href=\"https:\/\/webs.uab.cat\/giq\/member\/jofre-a-v\/\"><strong>Jofre A V<\/strong><\/a><\/p>\r\n\t\t<p><\/p>\r\n\t<\/div>\r\n<\/li>\r\n\t\r\n\t\r\n<li class=\"staff-list-item\">\r\n\t<figure>\r\n\t\t\r\n\t<\/figure>\r\n\t<div>\r\n\t\t<p><a href=\"https:\/\/webs.uab.cat\/giq\/member\/jordi-romero-i-palleja\/\"><strong>Jordi Romero i Pallej\u00e0<\/strong><\/a><\/p>\r\n\t\t<p><\/p>\r\n\t<\/div>\r\n<\/li>\r\n\t\r\n\t\r\n<li class=\"staff-list-item\">\r\n\t<figure>\r\n\t\t\r\n\t<\/figure>\r\n\t<div>\r\n\t\t<p><a href=\"https:\/\/webs.uab.cat\/giq\/member\/jose-dardon\/\"><strong>Jose Dardon<\/strong><\/a><\/p>\r\n\t\t<p><\/p>\r\n\t<\/div>\r\n<\/li>\r\n\t\r\n\t\r\n<li class=\"staff-list-item\">\r\n\t<figure>\r\n\t\t\r\n\t<\/figure>\r\n\t<div>\r\n\t\t<p><a href=\"https:\/\/webs.uab.cat\/giq\/member\/kothakonda-naga-bhavya-teja\/\"><strong>Kothakonda Naga Bhavya Teja<\/strong><\/a><\/p>\r\n\t\t<p><\/p>\r\n\t<\/div>\r\n<\/li>\r\n\t\r\n\t\r\n<li class=\"staff-list-item\">\r\n\t<figure>\r\n\t\t\r\n\t<\/figure>\r\n\t<div>\r\n\t\t<p><a href=\"https:\/\/webs.uab.cat\/giq\/member\/mani-zartab\/\"><strong>Mani Zartab<\/strong><\/a><\/p>\r\n\t\t<p><\/p>\r\n\t<\/div>\r\n<\/li>\r\n\t\r\n\t\r\n<li class=\"staff-list-item\">\r\n\t<figure>\r\n\t\t\r\n\t<\/figure>\r\n\t<div>\r\n\t\t<p><a href=\"https:\/\/webs.uab.cat\/giq\/member\/niklas-galke\/\"><strong>Niklas Galke<\/strong><\/a><\/p>\r\n\t\t<p><\/p>\r\n\t<\/div>\r\n<\/li>\r\n\t\r\n\t\r\n<li class=\"staff-list-item\">\r\n\t<figure>\r\n\t\t\r\n\t<\/figure>\r\n\t<div>\r\n\t\t<p><a href=\"https:\/\/webs.uab.cat\/giq\/member\/victor-izquierdo\/\"><strong>V\u00edctor Izquierdo<\/strong><\/a><\/p>\r\n\t\t<p><\/p>\r\n\t<\/div>\r\n<\/li>\r\n\t\r\n<\/ul>\r\n\n\n\n<h2 class=\"wp-block-heading\">Former members<\/h2>\n\n\n\r\n<ul class=\"staff-grid\">\r\n\r\n\t\r\n<li class=\"staff-list-item\">\r\n\t<figure>\r\n\t\t\r\n\t<\/figure>\r\n\t<div>\r\n\t\t<p><a href=\"https:\/\/webs.uab.cat\/giq\/member\/abel-yuste-roca\/\"><strong>Abel Yuste Roca<\/strong><\/a><\/p>\r\n\t\t<p><\/p>\r\n\t<\/div>\r\n<\/li>\r\n\t\r\n\t\r\n<li class=\"staff-list-item\">\r\n\t<figure>\r\n\t\t\r\n\t<\/figure>\r\n\t<div>\r\n\t\t<p><a href=\"https:\/\/webs.uab.cat\/giq\/member\/albert-bramon\/\"><strong>Albert Bramon<\/strong><\/a><\/p>\r\n\t\t<p><\/p>\r\n\t<\/div>\r\n<\/li>\r\n\t\r\n\t\r\n<li class=\"staff-list-item\">\r\n\t<figure>\r\n\t\t\r\n\t<\/figure>\r\n\t<div>\r\n\t\t<p><a href=\"https:\/\/webs.uab.cat\/giq\/member\/alex-monras\/\"><strong>Alex Monras<\/strong><\/a><\/p>\r\n\t\t<p><\/p>\r\n\t<\/div>\r\n<\/li>\r\n\t\r\n\t\r\n<li class=\"staff-list-item\">\r\n\t<figure>\r\n\t\t\r\n\t<\/figure>\r\n\t<div>\r\n\t\t<p><a href=\"https:\/\/webs.uab.cat\/giq\/member\/andreu-riera-campeny\/\"><strong>Andreu Riera-Campeny<\/strong><\/a><\/p>\r\n\t\t<p><\/p>\r\n\t<\/div>\r\n<\/li>\r\n\t\r\n\t\r\n<li class=\"staff-list-item\">\r\n\t<figure>\r\n\t\t\r\n\t<\/figure>\r\n\t<div>\r\n\t\t<p><a href=\"https:\/\/webs.uab.cat\/giq\/member\/barbara-lopes\/\"><strong>Barbara Lopes<\/strong><\/a><\/p>\r\n\t\t<p><\/p>\r\n\t<\/div>\r\n<\/li>\r\n\t\r\n\t\r\n<li class=\"staff-list-item\">\r\n\t<figure>\r\n\t\t\r\n\t<\/figure>\r\n\t<div>\r\n\t\t<p><a href=\"https:\/\/webs.uab.cat\/giq\/member\/bernat-gendra\/\"><strong>Bernat Gendra<\/strong><\/a><\/p>\r\n\t\t<p><\/p>\r\n\t<\/div>\r\n<\/li>\r\n\t\r\n\t\r\n<li class=\"staff-list-item\">\r\n\t<figure>\r\n\t\t\r\n\t<\/figure>\r\n\t<div>\r\n\t\t<p><a href=\"https:\/\/webs.uab.cat\/giq\/member\/carles-rodo-sarro\/\"><strong>Carles Rod\u00f3 Sarr\u00f3<\/strong><\/a><\/p>\r\n\t\t<p><\/p>\r\n\t<\/div>\r\n<\/li>\r\n\t\r\n\t\r\n<li class=\"staff-list-item\">\r\n\t<figure>\r\n\t\t\r\n\t<\/figure>\r\n\t<div>\r\n\t\t<p><a href=\"https:\/\/webs.uab.cat\/giq\/member\/carlo-marconi\/\"><strong>Carlo Marconi<\/strong><\/a><\/p>\r\n\t\t<p><\/p>\r\n\t<\/div>\r\n<\/li>\r\n\t\r\n\t\r\n<li class=\"staff-list-item\">\r\n\t<figure>\r\n\t\t\r\n\t<\/figure>\r\n\t<div>\r\n\t\t<p><a href=\"https:\/\/webs.uab.cat\/giq\/member\/cecilia-lancien\/\"><strong>Cecilia Lancien<\/strong><\/a><\/p>\r\n\t\t<p><\/p>\r\n\t<\/div>\r\n<\/li>\r\n\t\r\n\t\r\n<li class=\"staff-list-item\">\r\n\t<figure>\r\n\t\t\r\n\t<\/figure>\r\n\t<div>\r\n\t\t<p><a href=\"https:\/\/webs.uab.cat\/giq\/member\/christoph-hirche\/\"><strong>Christoph Hirche<\/strong><\/a><\/p>\r\n\t\t<p><\/p>\r\n\t<\/div>\r\n<\/li>\r\n\t\r\n\t\r\n<li class=\"staff-list-item\">\r\n\t<figure>\r\n\t\t\r\n\t<\/figure>\r\n\t<div>\r\n\t\t<p><a href=\"https:\/\/webs.uab.cat\/giq\/member\/claude-klockl\/\"><strong>Claude Kl\u00f6ckl<\/strong><\/a><\/p>\r\n\t\t<p><\/p>\r\n\t<\/div>\r\n<\/li>\r\n\t\r\n\t\r\n<li class=\"staff-list-item\">\r\n\t<figure>\r\n\t\t\r\n\t<\/figure>\r\n\t<div>\r\n\t\t<p><a href=\"https:\/\/webs.uab.cat\/giq\/member\/dong-yang\/\"><strong>Dong Yang<\/strong><\/a><\/p>\r\n\t\t<p><\/p>\r\n\t<\/div>\r\n<\/li>\r\n\t\r\n\t\r\n<li class=\"staff-list-item\">\r\n\t<figure>\r\n\t\t\r\n\t<\/figure>\r\n\t<div>\r\n\t\t<p><a href=\"https:\/\/webs.uab.cat\/giq\/member\/elio-ronco\/\"><strong>Elio Ronco<\/strong><\/a><\/p>\r\n\t\t<p><\/p>\r\n\t<\/div>\r\n<\/li>\r\n\t\r\n\t\r\n<li class=\"staff-list-item\">\r\n\t<figure>\r\n\t\t\r\n\t<\/figure>\r\n\t<div>\r\n\t\t<p><a href=\"https:\/\/webs.uab.cat\/giq\/member\/esteban-martinez-vargas\/\"><strong>Esteban Mart\u00ednez Vargas<\/strong><\/a><\/p>\r\n\t\t<p><\/p>\r\n\t<\/div>\r\n<\/li>\r\n\t\r\n\t\r\n<li class=\"staff-list-item\">\r\n\t<figure>\r\n\t\t\r\n\t<\/figure>\r\n\t<div>\r\n\t\t<p><a href=\"https:\/\/webs.uab.cat\/giq\/member\/giannicola-scarpa\/\"><strong>Giannicola Scarpa<\/strong><\/a><\/p>\r\n\t\t<p><\/p>\r\n\t<\/div>\r\n<\/li>\r\n\t\r\n\t\r\n<li class=\"staff-list-item\">\r\n\t<figure>\r\n\t\t\r\n\t<\/figure>\r\n\t<div>\r\n\t\t<p><a href=\"https:\/\/webs.uab.cat\/giq\/member\/giulio-garbarri\/\"><strong>Giulio Garbarri<\/strong><\/a><\/p>\r\n\t\t<p><\/p>\r\n\t<\/div>\r\n<\/li>\r\n\t\r\n\t\r\n<li class=\"staff-list-item\">\r\n\t<figure>\r\n\t\t\r\n\t<\/figure>\r\n\t<div>\r\n\t\t<p><a href=\"https:\/\/webs.uab.cat\/giq\/member\/ilaria-svampa\/\"><strong>Ilaria Svampa<\/strong><\/a><\/p>\r\n\t\t<p><\/p>\r\n\t<\/div>\r\n<\/li>\r\n\t\r\n\t\r\n<li class=\"staff-list-item\">\r\n\t<figure>\r\n\t\t\r\n\t<\/figure>\r\n\t<div>\r\n\t\t<p><a href=\"https:\/\/webs.uab.cat\/giq\/member\/jan-bouda\/\"><strong>Jan Bouda<\/strong><\/a><\/p>\r\n\t\t<p><\/p>\r\n\t<\/div>\r\n<\/li>\r\n\t\r\n\t\r\n<li class=\"staff-list-item\">\r\n\t<figure>\r\n\t\t\r\n\t<\/figure>\r\n\t<div>\r\n\t\t<p><a href=\"https:\/\/webs.uab.cat\/giq\/member\/janis-notzel\/\"><strong>Janis N\u00f6tzel<\/strong><\/a><\/p>\r\n\t\t<p><\/p>\r\n\t<\/div>\r\n<\/li>\r\n\t\r\n\t\r\n<li class=\"staff-list-item\">\r\n\t<figure>\r\n\t\t\r\n\t<\/figure>\r\n\t<div>\r\n\t\t<p><a href=\"https:\/\/webs.uab.cat\/giq\/member\/julia-stasinska\/\"><strong>Julia Stasi\u0144ska<\/strong><\/a><\/p>\r\n\t\t<p><\/p>\r\n\t<\/div>\r\n<\/li>\r\n\t\r\n\t\r\n<li class=\"staff-list-item\">\r\n\t<figure>\r\n\t\t\r\n\t<\/figure>\r\n\t<div>\r\n\t\t<p><a href=\"https:\/\/webs.uab.cat\/giq\/member\/julio-de-vicente\/\"><strong>Julio de Vicente<\/strong><\/a><\/p>\r\n\t\t<p><\/p>\r\n\t<\/div>\r\n<\/li>\r\n\t\r\n\t\r\n<li class=\"staff-list-item\">\r\n\t<figure>\r\n\t\t\r\n\t<\/figure>\r\n\t<div>\r\n\t\t<p><a href=\"https:\/\/webs.uab.cat\/giq\/member\/krishnakumar-sabapathy\/\"><strong>Krishnakumar Sabapathy<\/strong><\/a><\/p>\r\n\t\t<p><\/p>\r\n\t<\/div>\r\n<\/li>\r\n\t\r\n\t\r\n<li class=\"staff-list-item\">\r\n\t<figure>\r\n\t\t\r\n\t<\/figure>\r\n\t<div>\r\n\t\t<p><a href=\"https:\/\/webs.uab.cat\/giq\/member\/luca-lepori\/\"><strong>Luca Lepori<\/strong><\/a><\/p>\r\n\t\t<p><\/p>\r\n\t<\/div>\r\n<\/li>\r\n\t\r\n\t\r\n<li class=\"staff-list-item\">\r\n\t<figure>\r\n\t\t\r\n\t<\/figure>\r\n\t<div>\r\n\t\t<p><a href=\"https:\/\/webs.uab.cat\/giq\/member\/ludovico-lami\/\"><strong>Ludovico Lami<\/strong><\/a><\/p>\r\n\t\t<p><\/p>\r\n\t<\/div>\r\n<\/li>\r\n\t\r\n\t\r\n<li class=\"staff-list-item\">\r\n\t<figure>\r\n\t\t\r\n\t<\/figure>\r\n\t<div>\r\n\t\t<p><a href=\"https:\/\/webs.uab.cat\/giq\/member\/luis-correa\/\"><strong>Luis A. Correa<\/strong><\/a><\/p>\r\n\t\t<p><\/p>\r\n\t<\/div>\r\n<\/li>\r\n\t\r\n\t\r\n<li class=\"staff-list-item\">\r\n\t<figure>\r\n\t\t\r\n\t<\/figure>\r\n\t<div>\r\n\t\t<p><a href=\"https:\/\/webs.uab.cat\/giq\/member\/marco-fanizza\/\"><strong>Marco Fanizza<\/strong><\/a><\/p>\r\n\t\t<p><\/p>\r\n\t<\/div>\r\n<\/li>\r\n\t\r\n\t\r\n<li class=\"staff-list-item\">\r\n\t<figure>\r\n\t\t\r\n\t<\/figure>\r\n\t<div>\r\n\t\t<p><a href=\"https:\/\/webs.uab.cat\/giq\/member\/marcus-huber\/\"><strong>Marcus Huber<\/strong><\/a><\/p>\r\n\t\t<p><\/p>\r\n\t<\/div>\r\n<\/li>\r\n\t\r\n\t\r\n<li class=\"staff-list-item\">\r\n\t<figure>\r\n\t\t\r\n\t<\/figure>\r\n\t<div>\r\n\t\t<p><a href=\"https:\/\/webs.uab.cat\/giq\/member\/maria-baig\/\"><strong>Mari\u00e0 Baig<\/strong><\/a><\/p>\r\n\t\t<p><\/p>\r\n\t<\/div>\r\n<\/li>\r\n\t\r\n\t\r\n<li class=\"staff-list-item\">\r\n\t<figure>\r\n\t\t\r\n\t<\/figure>\r\n\t<div>\r\n\t\t<p><a href=\"https:\/\/webs.uab.cat\/giq\/member\/maria-garcia-diaz\/\"><strong>Mar\u00eda Garc\u00eda D\u00edaz<\/strong><\/a><\/p>\r\n\t\t<p><\/p>\r\n\t<\/div>\r\n<\/li>\r\n\t\r\n\t\r\n<li class=\"staff-list-item\">\r\n\t<figure>\r\n\t\t\r\n\t<\/figure>\r\n\t<div>\r\n\t\t<p><a href=\"https:\/\/webs.uab.cat\/giq\/member\/maria-moreno-cardoner\/\"><strong>Maria Moreno Cardoner<\/strong><\/a><\/p>\r\n\t\t<p><\/p>\r\n\t<\/div>\r\n<\/li>\r\n\t\r\n\t\r\n<li class=\"staff-list-item\">\r\n\t<figure>\r\n\t\t\r\n\t<\/figure>\r\n\t<div>\r\n\t\t<p><a href=\"https:\/\/webs.uab.cat\/giq\/member\/mariona-aspachs\/\"><strong>Mariona Aspachs<\/strong><\/a><\/p>\r\n\t\t<p><\/p>\r\n\t<\/div>\r\n<\/li>\r\n\t\r\n\t\r\n<li class=\"staff-list-item\">\r\n\t<figure>\r\n\t\t\r\n\t<\/figure>\r\n\t<div>\r\n\t\t<p><a href=\"https:\/\/webs.uab.cat\/giq\/member\/marti-cuquet\/\"><strong>Mart\u00ed Cuquet<\/strong><\/a><\/p>\r\n\t\t<p><\/p>\r\n\t<\/div>\r\n<\/li>\r\n\t\r\n\t\r\n<li class=\"staff-list-item\">\r\n\t<figure>\r\n\t\t\r\n\t<\/figure>\r\n\t<div>\r\n\t\t<p><a href=\"https:\/\/webs.uab.cat\/giq\/member\/matias-bilkis\/\"><strong>Matias Bilkis<\/strong><\/a><\/p>\r\n\t\t<p><\/p>\r\n\t<\/div>\r\n<\/li>\r\n\t\r\n\t\r\n<li class=\"staff-list-item\">\r\n\t<figure>\r\n\t\t\r\n\t<\/figure>\r\n\t<div>\r\n\t\t<p><a href=\"https:\/\/webs.uab.cat\/giq\/member\/matt-hoogsteder-riera\/\"><strong>Matt Hoogsteder Riera<\/strong><\/a><\/p>\r\n\t\t<p><\/p>\r\n\t<\/div>\r\n<\/li>\r\n\t\r\n\t\r\n<li class=\"staff-list-item\">\r\n\t<figure>\r\n\t\t\r\n\t<\/figure>\r\n\t<div>\r\n\t\t<p><a href=\"https:\/\/webs.uab.cat\/giq\/member\/matteo-rosati\/\"><strong>Matteo Rosati<\/strong><\/a><\/p>\r\n\t\t<p><\/p>\r\n\t<\/div>\r\n<\/li>\r\n\t\r\n\t\r\n<li class=\"staff-list-item\">\r\n\t<figure>\r\n\t\t\r\n\t<\/figure>\r\n\t<div>\r\n\t\t<p><a href=\"https:\/\/webs.uab.cat\/giq\/member\/michalis-skotiniotis\/\"><strong>Michalis Skotiniotis<\/strong><\/a><\/p>\r\n\t\t<p><\/p>\r\n\t<\/div>\r\n<\/li>\r\n\t\r\n\t\r\n<li class=\"staff-list-item\">\r\n\t<figure>\r\n\t\t\r\n\t<\/figure>\r\n\t<div>\r\n\t\t<p><a href=\"https:\/\/webs.uab.cat\/giq\/member\/miguel-navascues-cobo\/\"><strong>Miguel Navascu\u00e9s Cobo<\/strong><\/a><\/p>\r\n\t\t<p><\/p>\r\n\t<\/div>\r\n<\/li>\r\n\t\r\n\t\r\n<li class=\"staff-list-item\">\r\n\t<figure>\r\n\t\t\r\n\t<\/figure>\r\n\t<div>\r\n\t\t<p><a href=\"https:\/\/webs.uab.cat\/giq\/member\/milan-mosonyi\/\"><strong>Milan Mosonyi<\/strong><\/a><\/p>\r\n\t\t<p><\/p>\r\n\t<\/div>\r\n<\/li>\r\n\t\r\n\t\r\n<li class=\"staff-list-item\">\r\n\t<figure>\r\n\t\t\r\n\t<\/figure>\r\n\t<div>\r\n\t\t<p><a href=\"https:\/\/webs.uab.cat\/giq\/member\/minglai-cai\/\"><strong>Minglai Cai<\/strong><\/a><\/p>\r\n\t\t<p><\/p>\r\n\t<\/div>\r\n<\/li>\r\n\t\r\n\t\r\n<li class=\"staff-list-item\">\r\n\t<figure>\r\n\t\t\r\n\t<\/figure>\r\n\t<div>\r\n\t\t<p><a href=\"https:\/\/webs.uab.cat\/giq\/member\/mohammad-mehboudi\/\"><strong>Mohammad Mehboudi<\/strong><\/a><\/p>\r\n\t\t<p><\/p>\r\n\t<\/div>\r\n<\/li>\r\n\t\r\n\t\r\n<li class=\"staff-list-item\">\r\n\t<figure>\r\n\t\t\r\n\t<\/figure>\r\n\t<div>\r\n\t\t<p><a href=\"https:\/\/webs.uab.cat\/giq\/member\/ognyan-oreshkov\/\"><strong>Ognyan Oreshkov<\/strong><\/a><\/p>\r\n\t\t<p><\/p>\r\n\t<\/div>\r\n<\/li>\r\n\t\r\n\t\r\n<li class=\"staff-list-item\">\r\n\t<figure>\r\n\t\t\r\n\t<\/figure>\r\n\t<div>\r\n\t\t<p><a href=\"https:\/\/webs.uab.cat\/giq\/member\/oriol-romero-isart\/\"><strong>Oriol Romero-Isart<\/strong><\/a><\/p>\r\n\t\t<p><\/p>\r\n\t<\/div>\r\n<\/li>\r\n\t\r\n\t\r\n<li class=\"staff-list-item\">\r\n\t<figure>\r\n\t\t\r\n\t<\/figure>\r\n\t<div>\r\n\t\t<p><a href=\"https:\/\/webs.uab.cat\/giq\/member\/paul-appel\/\"><strong>Paul Appel<\/strong><\/a><\/p>\r\n\t\t<p><\/p>\r\n\t<\/div>\r\n<\/li>\r\n\t\r\n\t\r\n<li class=\"staff-list-item\">\r\n\t<figure>\r\n\t\t\r\n\t<\/figure>\r\n\t<div>\r\n\t\t<p><a href=\"https:\/\/webs.uab.cat\/giq\/member\/paul-erker\/\"><strong>Paul Erker<\/strong><\/a><\/p>\r\n\t\t<p><\/p>\r\n\t<\/div>\r\n<\/li>\r\n\t\r\n\t\r\n<li class=\"staff-list-item\">\r\n\t<figure>\r\n\t\t\r\n\t<\/figure>\r\n\t<div>\r\n\t\t<p><a href=\"https:\/\/webs.uab.cat\/giq\/member\/philipp-strasberg\/\"><strong>Philipp Strasberg<\/strong><\/a><\/p>\r\n\t\t<p><\/p>\r\n\t<\/div>\r\n<\/li>\r\n\t\r\n\t\r\n<li class=\"staff-list-item\">\r\n\t<figure>\r\n\t\t\r\n\t<\/figure>\r\n\t<div>\r\n\t\t<p><a href=\"https:\/\/webs.uab.cat\/giq\/member\/pietro-massignan\/\"><strong>Pietro Massignan<\/strong><\/a><\/p>\r\n\t\t<p><\/p>\r\n\t<\/div>\r\n<\/li>\r\n\t\r\n\t\r\n<li class=\"staff-list-item\">\r\n\t<figure>\r\n\t\t\r\n\t<\/figure>\r\n\t<div>\r\n\t\t<p><a href=\"https:\/\/webs.uab.cat\/giq\/member\/ruben-quesada-merchan\/\"><strong>Rub\u00e9n Quesada Merchan<\/strong><\/a><\/p>\r\n\t\t<p><\/p>\r\n\t<\/div>\r\n<\/li>\r\n\t\r\n\t\r\n<li class=\"staff-list-item\">\r\n\t<figure>\r\n\t\t\r\n\t<\/figure>\r\n\t<div>\r\n\t\t<p><a href=\"https:\/\/webs.uab.cat\/giq\/member\/santiago-llorens-fernandez\/\"><strong>Santiago Llorens Fern\u00e1ndez<\/strong><\/a><\/p>\r\n\t\t<p><\/p>\r\n\t<\/div>\r\n<\/li>\r\n\t\r\n\t\r\n<li class=\"staff-list-item\">\r\n\t<figure>\r\n\t\t\r\n\t<\/figure>\r\n\t<div>\r\n\t\t<p><a href=\"https:\/\/webs.uab.cat\/giq\/member\/sara-di-martino\/\"><strong>Sara Di Martino<\/strong><\/a><\/p>\r\n\t\t<p><\/p>\r\n\t<\/div>\r\n<\/li>\r\n\t\r\n\t\r\n<li class=\"staff-list-item\">\r\n\t<figure>\r\n\t\t\r\n\t<\/figure>\r\n\t<div>\r\n\t\t<p><a href=\"https:\/\/webs.uab.cat\/giq\/member\/simone-paganelli\/\"><strong>Simone Paganelli<\/strong><\/a><\/p>\r\n\t\t<p><\/p>\r\n\t<\/div>\r\n<\/li>\r\n\t\r\n\t\r\n<li class=\"staff-list-item\">\r\n\t<figure>\r\n\t\t\r\n\t<\/figure>\r\n\t<div>\r\n\t\t<p><a href=\"https:\/\/webs.uab.cat\/giq\/member\/stefan-baeuml\/\"><strong>Stefan Baeuml<\/strong><\/a><\/p>\r\n\t\t<p><\/p>\r\n\t<\/div>\r\n<\/li>\r\n\t\r\n\t\r\n<li class=\"staff-list-item\">\r\n\t<figure>\r\n\t\t\r\n\t<\/figure>\r\n\t<div>\r\n\t\t<p><a href=\"https:\/\/webs.uab.cat\/giq\/member\/swapan-rana\/\"><strong>Swapan Rana<\/strong><\/a><\/p>\r\n\t\t<p><\/p>\r\n\t<\/div>\r\n<\/li>\r\n\t\r\n\t\r\n<li class=\"staff-list-item\">\r\n\t<figure>\r\n\t\t\r\n\t<\/figure>\r\n\t<div>\r\n\t\t<p><a href=\"https:\/\/webs.uab.cat\/giq\/member\/yoshifumi-nakata\/\"><strong>Yoshifumi Nakata<\/strong><\/a><\/p>\r\n\t\t<p><\/p>\r\n\t<\/div>\r\n<\/li>\r\n\t\r\n\t\r\n<li class=\"staff-list-item\">\r\n\t<figure>\r\n\t\t\r\n\t<\/figure>\r\n\t<div>\r\n\t\t<p><a href=\"https:\/\/webs.uab.cat\/giq\/member\/zahra-baghali-khanian\/\"><strong>Zahra Baghali Khanian<\/strong><\/a><\/p>\r\n\t\t<p><\/p>\r\n\t<\/div>\r\n<\/li>\r\n\t\r\n\t\r\n<li class=\"staff-list-item\">\r\n\t<figure>\r\n\t\t\r\n\t<\/figure>\r\n\t<div>\r\n\t\t<p><a href=\"https:\/\/webs.uab.cat\/giq\/member\/zuzana-gavorova\/\"><strong>Zuzana Gavorov\u00e1<\/strong><\/a><\/p>\r\n\t\t<p><\/p>\r\n\t<\/div>\r\n<\/li>\r\n\t\r\n<\/ul>\r\n","protected":false},"excerpt":{"rendered":"<p>Staff Postdoc PhD Student Former members<\/p>\n","protected":false},"author":20,"featured_media":0,"parent":0,"menu_order":0,"comment_status":"closed","ping_status":"closed","template":"","meta":{"footnotes":""},"class_list":["post-2005","page","type-page","status-publish","hentry"],"_links":{"self":[{"href":"https:\/\/webs.uab.cat\/giq\/wp-json\/wp\/v2\/pages\/2005","targetHints":{"allow":["GET"]}}],"collection":[{"href":"https:\/\/webs.uab.cat\/giq\/wp-json\/wp\/v2\/pages"}],"about":[{"href":"https:\/\/webs.uab.cat\/giq\/wp-json\/wp\/v2\/types\/page"}],"author":[{"embeddable":true,"href":"https:\/\/webs.uab.cat\/giq\/wp-json\/wp\/v2\/users\/20"}],"replies":[{"embeddable":true,"href":"https:\/\/webs.uab.cat\/giq\/wp-json\/wp\/v2\/comments?post=2005"}],"version-history":[{"count":2,"href":"https:\/\/webs.uab.cat\/giq\/wp-json\/wp\/v2\/pages\/2005\/revisions"}],"predecessor-version":[{"id":2516,"href":"https:\/\/webs.uab.cat\/giq\/wp-json\/wp\/v2\/pages\/2005\/revisions\/2516"}],"wp:attachment":[{"href":"https:\/\/webs.uab.cat\/giq\/wp-json\/wp\/v2\/media?parent=2005"}],"curies":[{"name":"wp","href":"https:\/\/api.w.org\/{rel}","templated":true}]}}