{"id":203,"date":"2021-03-10T15:01:45","date_gmt":"2021-03-10T13:01:45","guid":{"rendered":"https:\/\/webs.uab.cat\/giq\/public_outreach\/"},"modified":"2021-03-10T15:01:45","modified_gmt":"2021-03-10T13:01:45","slug":"public_outreach","status":"publish","type":"page","link":"https:\/\/webs.uab.cat\/giq\/public_outreach\/","title":{"rendered":"Public outreach"},"content":{"rendered":"<p><strong>Popular Science Talks<\/strong><\/p>\n<p class=\"rteindent1\"><strong>2021<\/strong><\/p>\n<ul>\n<li class=\"rteindent1\"><em>Outreach talk: Qu\u00e9 es (y qu\u00e9 no) la f\u00edsica cu\u00e1ntica, <\/em>in Centro May\u00e9utika de Investigaci\u00f3n en Bioenerg\u00e9tica, Barcelona. Speaker: G. Sent\u00eds.<\/li>\n<li class=\"rteindent1\"><em>Confronting the traditional &#8216;scientist&#8217; stereotype<\/em> (<a href=\"https:\/\/100tifiques.cat\/\">https:\/\/100tifiques.cat\/<\/a> program), in public primary school Escola Jaume Balmes (Lleida). Speaker: M.&nbsp;Garc\u00eda-D\u00edaz.&nbsp;<\/li>\n<\/ul>\n<p class=\"rteindent1\"><strong>2019<\/strong><\/p>\n<ul>\n<li class=\"rteindent1\"><em>Outreach talk on Quantum Science<\/em> in public high-school Institut Arnau Cadell, Sant Cugat del Vall\u00e8s. Speaker: J. Calsamiglia.<\/li>\n<li class=\"rteindent1\"><em>From bits to qubits: situated horizons of quantum technology<\/em>, at Universidad de Oviedo (Asturias). Speaker: M. Garc\u00eda D\u00edaz<\/li>\n<\/ul>\n<p><strong>Academic Activities<\/strong><\/p>\n<p class=\"rteindent1\"><strong>2019<\/strong><\/p>\n<ul>\n<li class=\"rteindent1\"><em>Quantum information activity &#8220;IBM Quantum computer&#8221;&nbsp;for the summer school &#8220;Diversity in the cultures of Physics&#8221; from Erasmus+<\/em>. Organizers: J. Calsamiglia, M. Rosatti&nbsp;&amp; M. Bilkis.<\/li>\n<\/ul>\n<p class=\"rteindent1\"><strong>2018<\/strong><\/p>\n<ul>\n<li class=\"rteindent1\"><em>Quantum information activity &#8220;Hypothesis testing&#8221;&nbsp;for the summer school &#8220;Diversity in the cultures of Physics&#8221; from Erasmus+<\/em>.&nbsp;Organizers: J. Calsamiglia, M. Rosatti&nbsp;&amp; M. Bilkis.<\/li>\n<\/ul>\n<p class=\"rteindent1\"><strong>2017<\/strong><\/p>\n<ul>\n<li class=\"rteindent1\"><em>Quantum information activity &#8220;Quantum&nbsp;phase transitions&#8221;&nbsp;for the summer school &#8220;Diversity in the cultures of Physics&#8221; from Erasmus+<\/em>. Organizers: J. Calsamiglia, &amp; A.Yuste.<\/li>\n<\/ul>\n<p><strong>Activities for Young Scientists<\/strong><\/p>\n<p class=\"rteindent1\"><strong>2019<\/strong><\/p>\n<ul>\n<li class=\"rteindent1\"><em>Activity \u201cQuantum Sensors\u201d (STEAM x Change&nbsp;program of&nbsp;Fundaci\u00f3 La Caixa)<\/em>. Organizer: J. Calsamiglia &amp; M. Rosatti.<\/li>\n<li class=\"rteindent1\"><em>Bojos per la F\u00edsica: Quantum&nbsp;Cryptography and Bell\u2019s test at&nbsp;Universitat Auto\u0300noma de Barcelona.<\/em> Organizers: J. Calsamiglia, E. Bagan, M. Garc\u00eda-D\u00edaz, M. Rosatti, &amp; A. Riera-Campeny.<\/li>\n<\/ul>\n<p class=\"rteindent1\"><strong>2018<\/strong><\/p>\n<ul>\n<li class=\"rteindent1\"><em>BIYSC Project: It\u2019s a Quantum World&nbsp;at Universitat Auto\u0300noma de Barcelona. <\/em>Organizers: J. Calsamiglia, E. Bagan, M. Garc\u00eda-D\u00edaz, M. Rosatti, &amp; A. Riera-Campeny.<\/li>\n<li class=\"rteindent1\"><em>Bojos per la F\u00edsica: Quantum&nbsp;Cryptography and Bell\u2019s test at&nbsp;Universitat Auto\u0300noma de Barcelona.<\/em> Organizers: J. Calsamiglia, E. Bagan, M. Garc\u00eda-D\u00edaz, M. Rosatti, &amp; A. Riera-Campeny.<\/li>\n<\/ul>\n<p class=\"rteindent1\"><strong>2017<\/strong><\/p>\n<ul>\n<li class=\"rteindent1\"><em>Bojos per la F\u00edsica: Quantum&nbsp;Cryptography and Bell\u2019s test at&nbsp;Universitat Auto\u0300noma de Barcelona.&nbsp;<\/em>Organizers: J. Calsamiglia, E. Bagan, &amp; M. Garc\u00eda-D\u00edaz.<\/li>\n<\/ul>\n<p class=\"rteindent1\"><strong>\u200b2016<\/strong><\/p>\n<ul>\n<li class=\"rteindent1\"><em>Bojos per la F\u00edsica: Quantum&nbsp;Cryptography and Bell\u2019s test at&nbsp;Universitat Auto\u0300noma de Barcelona.<\/em> Organizers: J. Calsamiglia, E. Bagan&nbsp;&amp; M. Garc\u00eda-D\u00edaz.<\/li>\n<\/ul>\n","protected":false},"excerpt":{"rendered":"<p>Popular Science Talks 2021 Outreach talk: Qu\u00e9 es (y qu\u00e9 no) la f\u00edsica cu\u00e1ntica, in Centro May\u00e9utika de Investigaci\u00f3n en Bioenerg\u00e9tica, Barcelona. Speaker: G. Sent\u00eds. Confronting the traditional &#8216;scientist&#8217; stereotype (https:\/\/100tifiques.cat\/ program), in public primary school Escola Jaume Balmes (Lleida). Speaker: M.&nbsp;Garc\u00eda-D\u00edaz.&nbsp; 2019 Outreach talk on Quantum Science in public high-school Institut Arnau Cadell, Sant [&hellip;]<\/p>\n","protected":false},"author":20,"featured_media":0,"parent":0,"menu_order":0,"comment_status":"closed","ping_status":"closed","template":"","meta":{"footnotes":""},"class_list":["post-203","page","type-page","status-publish","hentry"],"_links":{"self":[{"href":"https:\/\/webs.uab.cat\/giq\/wp-json\/wp\/v2\/pages\/203","targetHints":{"allow":["GET"]}}],"collection":[{"href":"https:\/\/webs.uab.cat\/giq\/wp-json\/wp\/v2\/pages"}],"about":[{"href":"https:\/\/webs.uab.cat\/giq\/wp-json\/wp\/v2\/types\/page"}],"author":[{"embeddable":true,"href":"https:\/\/webs.uab.cat\/giq\/wp-json\/wp\/v2\/users\/20"}],"replies":[{"embeddable":true,"href":"https:\/\/webs.uab.cat\/giq\/wp-json\/wp\/v2\/comments?post=203"}],"version-history":[{"count":0,"href":"https:\/\/webs.uab.cat\/giq\/wp-json\/wp\/v2\/pages\/203\/revisions"}],"wp:attachment":[{"href":"https:\/\/webs.uab.cat\/giq\/wp-json\/wp\/v2\/media?parent=203"}],"curies":[{"name":"wp","href":"https:\/\/api.w.org\/{rel}","templated":true}]}}