{"id":205,"date":"2021-03-10T15:08:22","date_gmt":"2021-03-10T13:08:22","guid":{"rendered":"https:\/\/webs.uab.cat\/giq\/tfgs\/"},"modified":"2021-03-10T15:08:22","modified_gmt":"2021-03-10T13:08:22","slug":"tfgs","status":"publish","type":"page","link":"https:\/\/webs.uab.cat\/giq\/tfgs\/","title":{"rendered":"TFGs (Bachelor thesis)"},"content":{"rendered":"<p><u><strong>2021\/2022<\/strong><\/u><\/p>\n<ul>\n<li>\n<p><strong>Luis Felipe D\u00edaz Heredia: <\/strong><em>Simulating arbitrary quantum measurements with simpler ones. <\/em>Supervisors: G. Sent\u00eds and M. Skotiniotis.<\/p>\n<\/li>\n<li>\n<p><strong>Pau S\u00e0nchez Pascual<\/strong>:&nbsp;<em>Entropies in multipartite settings and their universal constraints<\/em>. Supervisor: A. Winter.<\/p>\n<\/li>\n<li>\n<p><strong>Mercedes Garcia Villaescusa<\/strong>,&nbsp;<em>Quantum Identity testing<\/em>, Supervisors: M. Fanizza and J. Calsamiglia<\/p>\n<\/li>\n<li>\n<p><strong>Ricard Puig i Valls&nbsp;<\/strong>,&nbsp;<em>Sequential&nbsp;quantum estimation of pararmeters<\/em>,&nbsp;Supervisors: &nbsp;J. Calsamiglia<\/p>\n<\/li>\n<li>\n<p><strong>Ion Marti\u0301 i Merino,<em>&nbsp;<\/em><\/strong><em>Discriminiation of quantum channels by multiple uses<\/em>, Supervisors: &nbsp;J. Calsamiglia<\/p>\n<\/li>\n<\/ul>\n<p><u><strong>2020\/2021<\/strong><\/u><\/p>\n<ul>\n<li>\n<p><strong>Pablo Torron Perez<\/strong>: <em>Nonequilibrium statistical mechanics of coupled heat baths<\/em>. Supervisor: Ph. Strasberg.<\/p>\n<\/li>\n<li>\n<p><strong>Pere Munar Vallespir:<\/strong> <em>Ultimate bounds for Sequential Quantum Hypothesis Testing<\/em>. Supervisor: J. Calsamiglia.<\/p>\n<\/li>\n<li>\n<p><strong>Antoni Alou Rom\u00e1n:&nbsp;<\/strong><em>Optimal discrimination of the amplitude damping channel. Single and multiple use strategies<\/em><em>.<\/em>&nbsp;Supervisor: J. Calsamiglia.<\/p>\n<\/li>\n<li>\n<p><strong>Roger Mas Bosch:<\/strong> <em>Quantum sequential analysis for testing multiple hypotheses. <\/em>Supervisors: R. Mu\u00f1oz-Tapia and G. Sent\u00eds.<\/p>\n<\/li>\n<li>\n<p><strong>Pol Juli\u00e0 Farr\u00e9:<\/strong> <em>Neural network quantum state tomography. <\/em>Supervisors: G. Sent\u00eds and R. Mu\u00f1oz-Tapia.<\/p>\n<\/li>\n<li>\n<p><strong>Miquel Cerd\u00e0 Ramon<\/strong>: <em>Entrelazamiento cu\u00e1ntico y teor\u00eda de juegos<\/em>. Supervisor: A. Winter.<\/p>\n<\/li>\n<li>\n<p><strong>Pau Colomer Saus<\/strong>: <em>Analyzing attractor quantum neural networks with coherence theory<\/em>. Supervisors: A. Sanpera and M. Garc\u00eda D\u00edaz.<\/p>\n<\/li>\n<\/ul>\n<p><u><strong>2019\/2020<\/strong><\/u><\/p>\n<ul>\n<li>\n<p><strong>Elisabet Roda:<\/strong>&nbsp;<em>Sequential discrimination in continuously monitored quantum systems<\/em>. Supervisors: J. Calsamiglia&nbsp;and M. Skotiniotis.<\/p>\n<\/li>\n<li>\n<p><strong>Pere Rossell\u00f3&nbsp;Truyols:&nbsp;&nbsp;<\/strong><em>Certifying macroscopic superpositions.&nbsp;&nbsp;<\/em>Supervisor:&nbsp; M. Skotiniotis.<\/p>\n<\/li>\n<li>\n<p><strong>Marta Carrizo<\/strong>: <em>Quantum strategies for sequential analysis<\/em>. Supervisor: J. Calsamiglia.<\/p>\n<\/li>\n<li>\n<p><strong>Ivan Pujol<\/strong>: <em>Optimal detection of quantum anomalies<\/em>. Supervisors: J. Calsamiglia.<\/p>\n<\/li>\n<li>\n<p><strong>Jos\u00e9&nbsp; Est\u00e9 Jaloveckas<\/strong>: <em>Model-free approach to coherent state discrimination<\/em>. Supervisors: M. Rosati and&nbsp;J. Calsamiglia.<\/p>\n<\/li>\n<li>\n<p><strong>Albert Duran Cabac\u00e9s: <\/strong><em>Periodically driven quantum systems: Floquet theory and applications<\/em>.<strong>&nbsp;<\/strong>Supervisors: A. Riera-Campeny and&nbsp;A.&nbsp;Sanpera.<\/p>\n<\/li>\n<li>\n<p><strong>Santiago Llorens Fern\u00e1ndez: <\/strong><em>Sequential procedures in quantum state discrimination. <\/em>Supervisors: R. Mu\u00f1oz-Tapia and G. Sent\u00eds.<\/p>\n<\/li>\n<\/ul>\n<p><u><strong>2018\/2019<\/strong><\/u><\/p>\n<ul>\n<li>\n<p><strong>Laia Colome<\/strong>r: <em>Reinforcement learning decoders for toric codes<\/em>. Supervisors: R. Mu\u00f1oz-Tapia and M. Skotiniotis.<\/p>\n<\/li>\n<li>\n<p><strong>Adri\u00e0 Labay<\/strong>: <em>Quantum change-point detection in noisy channels<\/em>. Supervisors: R. Mu\u00f1oz-Tapia.<\/p>\n<\/li>\n<li>\n<p><strong>Gabriel Garau<\/strong>: <em>Machine learning applied to an open quantum system exhibiting quantum synchronization<\/em>. Supervisors: R. Mu\u00f1oz-Tapia and G. L. Giorgi.<\/p>\n<\/li>\n<li>\n<p><strong>Cristian Jim\u00e9nez<\/strong>: <em>Quantum computation in IBM<\/em>. Supervisors: R. Mu\u00f1oz-Tapia.<\/p>\n<\/li>\n<li>\n<p><strong>Gerard Aguila<\/strong>r: <em>Quantum Error Correction Techniques for Quantum Metrology.<\/em> Supervisors: R. Mu\u00f1oz-Tapia and&nbsp;M. Skotiniotis.<\/p>\n<\/li>\n<li>\n<p><strong>Oriol Teixid\u00f3<\/strong>: <em>Optimal convex approximations of quantum states<\/em> Supervisors: R. Mu\u00f1oz-Tapia.<\/p>\n<\/li>\n<\/ul>\n<ul>\n<li>\n<p><strong>Ra\u00fal Morral<\/strong>: <em>QUSUM- for fastest change point detection<\/em>. Supervisors: M. Rosati and&nbsp;J. Calsamiglia.<\/p>\n<\/li>\n<li>\n<p><strong>Carlos Ruiz<\/strong>: <em>Bilinear SDP for Quantum Change Point Detection<\/em>. Supervisors: J. Calsamiglia and M. Skotiniotis.<\/p>\n<\/li>\n<li>\n<p><strong>Lloren\u00e7 Escol\u00e0<\/strong>: <em>Inclusion Chain of Physical Probabilistic Theories: Classical Hidden Variables, Quantum Mechanics and Beyond<\/em>. Supervisors: A. Winter and J. Calsamiglia.<\/p>\n<\/li>\n<\/ul>\n<p><u><strong>2017\/2018<\/strong><\/u><\/p>\n<ul>\n<li>\n<p><strong>Andres Puy:<\/strong> I<em>ntroduction to Tensor Networks<\/em> . Supervisors: R. Mu\u00f1oz-Tapia.<\/p>\n<\/li>\n<li>\n<p><strong>Ferran Riera:<\/strong> <em>Optimal discrimination and anomaly detection <\/em>. Supervisors: R. Mu\u00f1oz-Tapia.<\/p>\n<\/li>\n<li>\n<p><strong>Ronja Hotz<\/strong>, <em>Anomaly detection<\/em>, Supervisors:R. Mu\u00f1oz-Tapia, M. Skotioniotis.<\/p>\n<\/li>\n<\/ul>\n<ul>\n<li>\n<p><strong>Marta Gil Bardaj\u00ed<\/strong>: <em> Quantum Anomaly detection <\/em>. Supervisors: J. Calsamiglia.<\/p>\n<\/li>\n<li>\n<p><strong>Matt Hoogsteder<\/strong>: <em>Quantum optimal transport metrics<\/em>. Supervisors: A. Winter and J. Calsamiglia.<\/p>\n<\/li>\n<li>\n<p><strong>Pedro Hack<\/strong>:&nbsp;<em>Unbounded Generators and Quantum Open Systems.<\/em> Supervisor: A. Winter.<\/p>\n<\/li>\n<\/ul>\n<p><u><strong>2016\/2017<\/strong><\/u><\/p>\n<ul>\n<li>\n<p><strong>Sergio Hilario Mart\u00ednez:<\/strong> <em>Quantum change point detection: error margin discrimination and local unambiguous strategies<\/em>. Supervisors: R. Mu\u00f1oz-Tapia.<\/p>\n<\/li>\n<li>\n<p><strong>Marc Rod\u00e0:<\/strong> <em>Optimal Stopping Problems<\/em> . Supervisors: R. Mu\u00f1oz-Tapia.<\/p>\n<\/li>\n<li>\n<p><strong>David Masip<\/strong>: <em>Multiparameter quantum metrology <\/em>. Supervisors: R. Mu\u00f1oz-Tapia.<\/p>\n<\/li>\n<li>\n<p><strong>Tasio Gonz\u00e1lez:<\/strong> <em>Quantum steering and measurement incompatibility with semidefinite programming.<\/em> Supervisors: R. Mu\u00f1oz-Tapia.<\/p>\n<\/li>\n<li>\n<p><strong>Jordi Soler Parpal<\/strong>: <em> Understand the Tunnel Effect and its Influence on Biochemical Reactions<\/em>. Supervisor: J. Calsamiglia.<\/p>\n<\/li>\n<li>\n<p><strong>Marc Borras<\/strong>: <em> QUSUM- for fastest change point detection<\/em>. Supervisor: J. Calsamiglia.<\/p>\n<\/li>\n<li>\n<p><strong>D\u00eddac Violan<\/strong>:&nbsp;<em>The Holevo-Schumacher-Westmoreland Classical Capacity Theorem.<\/em> Supervisor: A. Winter.<\/p>\n<\/li>\n<li>\n<p><strong>Ilaria Svampa<\/strong> (tesi di laurea, Universit\u00e0 di Camerino):&nbsp;<em>Verso una Formulazione p-Adica del Quantum Bit.<\/em> Supervisors: S. Mancini and&nbsp;A. Winter.<\/p>\n<\/li>\n<\/ul>\n<p><u><strong>2015\/2016<\/strong><\/u><\/p>\n<ul>\n<li>\n<p><strong>Andreu Riera\u200b<\/strong>: <em> Quantum Information compression<\/em>. Supervisor: J. Calsamiglia.<\/p>\n<\/li>\n<li>\n<p><strong>Malena Sabater<\/strong>: <em>Two-sample problem for functional data emerging from quantum stochastic processes<\/em>. Supervisor: J. Calsamiglia.<\/p>\n<\/li>\n<li>\n<p><strong>Marc Borras<\/strong>: <em>QUSUM &#8211; for fastest change point detection<\/em>. Supervisor: J. Calsamiglia.<\/p>\n<\/li>\n<li>\n<p><strong>Sergi Vilardell<\/strong>: <em>Metrics on quantum states: Fidelity and Trace Distance.<\/em> Supervisor: A. Winter.<\/p>\n<\/li>\n<\/ul>\n<p><u><strong>2015\/2016<\/strong><\/u><\/p>\n<ul>\n<li>\n<p><strong>Albert Soto<\/strong>: <em>Biomolecular simulation of 5-lipoxygenase enzyme<\/em>, Supervisors: R. Mu\u00f1oz-Tapia and&nbsp;A. Gonz\u00e1lez.<\/p>\n<\/li>\n<li>\n<p><strong>Miqueleta Balanz\u00f3<\/strong>: <em> Quantum change-point: a minimum error strategy <\/em>. Supervisor: J. Calsamiglia.<\/p>\n<\/li>\n<\/ul>\n<p><u><strong>2014\/2015<\/strong><\/u><\/p>\n<ul>\n<li>\n<p><strong>Andrea Pocino<\/strong> Determinaci\u00f3 del moment de canvi d\u2019estat qu\u00e0ntic mitjan\u00e7ant mesures \u00f2ptimes obtingudes a trav\u00e9s de programaci\u00f3 semidefinida. Supervisor: R. Mu\u00f1oz-Tapia.<\/p>\n<\/li>\n<li>\n<p><strong>Josep Cabedo Bru<\/strong>: <em> Quantum Correlations in Thermodynamics<\/em>. Supervisor: J. Calsamiglia.<\/p>\n<\/li>\n<\/ul>\n<p><u><strong>2013\/2014<\/strong><\/u><\/p>\n<ul>\n<li>\n<p><strong>Alvaro Piedrafia: <\/strong><em>Classical Analogy of Grover&#8217;s search algortithm with 1-D collisions<\/em>. Supervisor: R. Mu\u00f1oz-Tapia.<\/p>\n<\/li>\n<li>\n<p><strong>V\u00edctor Mart\u00ednez S\u00e1nchez:<\/strong> <em>Discrimination of symmetric states<\/em>. Supervisor: R. Mu\u00f1oz-Tapia.<\/p>\n<\/li>\n<li>\n<p><strong>Alejandro Agust\u00ed Mart\u00ednez-Soria:<\/strong> About joint measurability of observables. Supervisors: R. Mu\u00f1oz-Tapia and&nbsp;A. Winter.<\/p>\n<\/li>\n<li>\n<p><strong>Marina Lafarga<\/strong>, <em>Closed timelike curves as a tool for perfect discrimination of quantum states<\/em>. Supervisor: R. Mu\u00f1oz-Tapia.<\/p>\n<\/li>\n<li>\n<p><strong>Yaiza Aragon\u00e9s<\/strong>: <em> Machine Learning for Quantum Metrology<\/em>. Supervisors: J. Calsamiglia and G. Sent\u00eds.<\/p>\n<\/li>\n<\/ul>\n<p><u><strong>2011\/2012<\/strong><\/u><\/p>\n<ul>\n<li>\n<p><strong>Albert Franquet<\/strong>: <em> Entanglement percolation with graph-states<\/em>. Supervisor: J. Calsamiglia.<\/p>\n<\/li>\n<li>\n<p><strong>Roberto Di Candia<\/strong>&nbsp;(tesi di laurea specialistica in Physics at U. Pisa):&nbsp;<em>Quantum tomography via compressed sensing<\/em>. Supervisor: J. Calsamiglia.<\/p>\n<\/li>\n<\/ul>\n<p><u><strong>2010\/2011<\/strong><\/u><\/p>\n<ul>\n<li>\n<p><strong>Oriol Badia<\/strong>: <em>Incompatible measurements and Bell inequalities<\/em>. Supervisor: R. Mu\u00f1oz-Tapia.<\/p>\n<\/li>\n<\/ul>\n<p><u><strong>2009\/2010<\/strong><\/u><\/p>\n<ul>\n<li>\n<p><strong>Arnau Pujol Ribera<\/strong>: <em>Quantum discrimination.<\/em> Supervisor: R. Mu\u00f1oz-Tapia.<\/p>\n<\/li>\n<li>\n<p><strong>Mart\u00ed Perarnau<\/strong>: <em>Transport and localization in quantum complex networks<\/em>. Supervisor: J. Calsamiglia.<\/p>\n<\/li>\n<li>\n<p><strong>Albert Vedreny<\/strong>: <em>Noise-assisted quantum transport in photosynthetic systems<\/em>. Supervisor: J. Calsamiglia.<\/p>\n<\/li>\n<li>\n<p><strong>Roger Caminal<\/strong>: <em>Locality and separability in quantum hypothesis testing<\/em>. Supervisor: J. Calsamiglia.<\/p>\n<\/li>\n<\/ul>\n","protected":false},"excerpt":{"rendered":"<p>2021\/2022 Luis Felipe D\u00edaz Heredia: Simulating arbitrary quantum measurements with simpler ones. Supervisors: G. Sent\u00eds and M. Skotiniotis. Pau S\u00e0nchez Pascual:&nbsp;Entropies in multipartite settings and their universal constraints. Supervisor: A. Winter. Mercedes Garcia Villaescusa,&nbsp;Quantum Identity testing, Supervisors: M. Fanizza and J. Calsamiglia Ricard Puig i Valls&nbsp;,&nbsp;Sequential&nbsp;quantum estimation of pararmeters,&nbsp;Supervisors: &nbsp;J. Calsamiglia Ion Marti\u0301 i Merino,&nbsp;Discriminiation [&hellip;]<\/p>\n","protected":false},"author":20,"featured_media":0,"parent":0,"menu_order":0,"comment_status":"closed","ping_status":"closed","template":"","meta":{"footnotes":""},"class_list":["post-205","page","type-page","status-publish","hentry"],"_links":{"self":[{"href":"https:\/\/webs.uab.cat\/giq\/wp-json\/wp\/v2\/pages\/205","targetHints":{"allow":["GET"]}}],"collection":[{"href":"https:\/\/webs.uab.cat\/giq\/wp-json\/wp\/v2\/pages"}],"about":[{"href":"https:\/\/webs.uab.cat\/giq\/wp-json\/wp\/v2\/types\/page"}],"author":[{"embeddable":true,"href":"https:\/\/webs.uab.cat\/giq\/wp-json\/wp\/v2\/users\/20"}],"replies":[{"embeddable":true,"href":"https:\/\/webs.uab.cat\/giq\/wp-json\/wp\/v2\/comments?post=205"}],"version-history":[{"count":0,"href":"https:\/\/webs.uab.cat\/giq\/wp-json\/wp\/v2\/pages\/205\/revisions"}],"wp:attachment":[{"href":"https:\/\/webs.uab.cat\/giq\/wp-json\/wp\/v2\/media?parent=205"}],"curies":[{"name":"wp","href":"https:\/\/api.w.org\/{rel}","templated":true}]}}