{"id":17,"date":"2023-06-20T16:39:44","date_gmt":"2023-06-20T14:39:44","guid":{"rendered":"https:\/\/webs.uab.cat\/globalintel\/?page_id=17"},"modified":"2026-02-06T12:32:46","modified_gmt":"2026-02-06T10:32:46","slug":"projects","status":"publish","type":"page","link":"https:\/\/webs.uab.cat\/globalintel\/projects\/","title":{"rendered":"Projects"},"content":{"rendered":"\n<div class=\"wp-block-columns is-layout-flex wp-container-core-columns-is-layout-9d6595d7 wp-block-columns-is-layout-flex\">\n<div class=\"wp-block-column is-layout-flow wp-block-column-is-layout-flow\" style=\"flex-basis:33.33%\">\n<figure class=\"wp-block-image size-large\"><img loading=\"lazy\" decoding=\"async\" width=\"1024\" height=\"362\" src=\"https:\/\/webs.uab.cat\/globalintel\/wp-content\/uploads\/sites\/447\/2023\/06\/ITFLOWS_Logo_2-1024x362.png\" alt=\"\" class=\"wp-image-95\" srcset=\"https:\/\/webs.uab.cat\/globalintel\/wp-content\/uploads\/sites\/447\/2023\/06\/ITFLOWS_Logo_2-1024x362.png 1024w, https:\/\/webs.uab.cat\/globalintel\/wp-content\/uploads\/sites\/447\/2023\/06\/ITFLOWS_Logo_2-300x106.png 300w, https:\/\/webs.uab.cat\/globalintel\/wp-content\/uploads\/sites\/447\/2023\/06\/ITFLOWS_Logo_2-768x271.png 768w, https:\/\/webs.uab.cat\/globalintel\/wp-content\/uploads\/sites\/447\/2023\/06\/ITFLOWS_Logo_2-1536x543.png 1536w, https:\/\/webs.uab.cat\/globalintel\/wp-content\/uploads\/sites\/447\/2023\/06\/ITFLOWS_Logo_2-1200x424.png 1200w, https:\/\/webs.uab.cat\/globalintel\/wp-content\/uploads\/sites\/447\/2023\/06\/ITFLOWS_Logo_2.png 1724w\" sizes=\"auto, (max-width: 1024px) 100vw, 1024px\" \/><\/figure>\n\n\n\n<p class=\"has-very-light-gray-to-cyan-bluish-gray-gradient-background has-background\"><strong>Website: <\/strong><a href=\"https:\/\/www.itflows.eu\/\">https:\/\/www.itflows.eu\/<\/a> <\/p>\n\n\n\n<p class=\"has-very-light-gray-to-cyan-bluish-gray-gradient-background has-background\"><strong>Linkedin: <\/strong><a href=\"https:\/\/www.linkedin.com\/company\/itflowseu\">https:\/\/www.linkedin.com\/company\/itflowseu<\/a><\/p>\n\n\n\n<p class=\"has-very-light-gray-to-cyan-bluish-gray-gradient-background has-background\"><strong>Twitter:<\/strong> <a href=\"https:\/\/twitter.com\/itflows1\">https:\/\/twitter.com\/itflows1<\/a><\/p>\n<\/div>\n\n\n\n<div class=\"wp-block-column is-layout-flow wp-block-column-is-layout-flow\" style=\"flex-basis:66.66%\">\n<h2 class=\"wp-block-heading\">IT tools and methods for managing migration FLOWS (2020-2023)<\/h2>\n\n\n\n<p>Coordinated by Dr Cristina Blasi. The purpose of ITFLOWS is to provide accurate predictions and adequate management solutions of migration flows in the European Union in the phases of reception, relocation, settlement and integration of migration, according to a wide range of human factors and using multiple sources of information. These insights are provided by an evidence-based ICT enabled solution (the EUMigraTool) and precise models. All solutions have fitness for purpose continually validated by policy-makers and practitioners in cooperation with civil-society organisations in a dynamic and iterative process. <\/p>\n\n\n\n<p class=\"has-very-light-gray-to-cyan-bluish-gray-gradient-background has-background\"><strong>DDD:<\/strong><a href=\"https:\/\/ddd.uab.cat\/search?f=series&amp;p=ITFLOWS%20Project&amp;sc=1&amp;ln=ca\"> <\/a><a href=\"https:\/\/ddd.uab.cat\/search?f=series&amp;p=ITFLOWS%20Project&amp;sc=1&amp;ln=ca\">https:\/\/ddd.uab.cat\/search?f=series&amp;p=ITFLOWS%20Project&amp;sc=1&amp;ln=ca<\/a><\/p>\n<\/div>\n<\/div>\n\n\n\n<!--nextpage-->\n\n\n\n<div class=\"wp-block-columns is-layout-flex wp-container-core-columns-is-layout-9d6595d7 wp-block-columns-is-layout-flex\">\n<div class=\"wp-block-column is-layout-flow wp-block-column-is-layout-flow\" style=\"flex-basis:33.33%\">\n<p><\/p>\n\n\n\n<ul class=\"wp-block-list has-verd-tropic-transparent-background-color has-background has-small-font-size\">\n<li><strong>Principal researcher<\/strong>: Antoni Abat i Ninet<\/li>\n\n\n\n<li><strong>Full title and acronym<\/strong>&nbsp;: Express 2 Specify and protect the EU social contract (EXPRESS2)<\/li>\n\n\n\n<li><strong>Funding entity:<\/strong>&nbsp;European Commission<\/li>\n\n\n\n<li><strong>Funded amount:<\/strong>&nbsp;2,996,000 Euros<\/li>\n\n\n\n<li><strong>Project duration:<\/strong>&nbsp;3 01\/03\/24 \u2013 28\/02\/27<\/li>\n\n\n\n<li><strong>Principal researcher<\/strong>&nbsp;:&nbsp;&nbsp;Antoni Abat i Ninet<\/li>\n\n\n\n<li><strong>Team members who are UAB staff<\/strong>&nbsp;: To be determined<\/li>\n\n\n\n<li><strong>Website:<\/strong>&nbsp;https:\/\/express2project.eu\/en<\/li>\n<\/ul>\n<\/div>\n\n\n\n<div class=\"wp-block-column is-layout-flow wp-block-column-is-layout-flow\" style=\"flex-basis:66.67%\">\n<h2 class=\"wp-block-heading has-text-align-center has-larger-font-size\">Express 2 Specify and protect the EU social contract (2024-2026)<\/h2>\n\n\n\n<p>It is a project that addresses from a multidisciplinary, interdisciplinary and cross-sectional perspective, the growing demand for a new, more democratic, inclusive, and sustainable social contract in the EU.&nbsp;To achieve this, the project will work to create a more appealing and legitimize EU social contract draft that will be submitted to inhabitants, Member States and EU institutions that will have the possibility to participate and decide upon the conditions, rights, and obligations to be binding.&nbsp;The goal is to strengthen the EU agreement of association by promoting social dialogue, civic engagement, and integration.&nbsp;An express draft shall be achieved by means of policy dialogue, campaign implementation, collaborative workshops, advocacy planning, and innovative offline and online formats and tools to create spaces for dialogue.&nbsp;To this end, EXPRESS2 will involve EU policymakers and institutions throughout the project to obtain a more appealing and legitimate EU social contract draft.&nbsp;The project will also focus on identifying and analyzing disruptive elements of the social contract, such as insecurity, populism, climate change, mistrust in institutions, gender discrimination, digitalisation and pandemics.&nbsp;The analysis of these stressors includes both individualized and cross-sectional approaches to cover the plausible relationship of multiple disruptors, their concatenation or the \u201ctrigger\u201d effect of a disruptive phenomenon to another.&nbsp;By understanding these disruptive elements and their effects on the social contract, the project will propose concrete measures to ironclad the social contract and it will provide relevant information to protect it from actual and potential disruptions thus we conceive social contracts as incomplete theorized agreements and living documents .&nbsp;In addition to academic, policy, and socio-economic outcomes, EXPRESS2 will propose recommendations to strengthen the social contract&#8217;s resilience and capacity for further development.<\/p>\n\n\n\n<p><strong>Consortium partners<\/strong>&nbsp;:&nbsp;<\/p>\n\n\n\n<ul class=\"wp-block-list\">\n<li>Autonomous University of Barcelona UAB Spain<\/li>\n\n\n\n<li>UAB Research Park UAB-PRUAB Spain<\/li>\n\n\n\n<li>Copenhagen University UCPH Denmark<\/li>\n\n\n\n<li>Scuola Superiore Sant&#8217;Anna Pisa SSSA Italy<\/li>\n\n\n\n<li>Molde University College MUC Norway<\/li>\n\n\n\n<li>Sabanci University SU Turkey<\/li>\n\n\n\n<li>Central European University CEU Hungary<\/li>\n\n\n\n<li>European Movement International EMI Belgium<\/li>\n\n\n\n<li>Dublin City University DCU Ireland<\/li>\n\n\n\n<li>Carlos III University of Madrid<\/li>\n<\/ul>\n<\/div>\n<\/div>\n\n\n\n<!--nextpage-->\n\n\n\n<div class=\"wp-block-group\"><div class=\"wp-block-group__inner-container is-layout-constrained wp-block-group-is-layout-constrained\">\n<div class=\"wp-block-columns is-layout-flex wp-container-core-columns-is-layout-9d6595d7 wp-block-columns-is-layout-flex\">\n<div class=\"wp-block-column is-vertically-aligned-top is-layout-flow wp-block-column-is-layout-flow\" style=\"flex-basis:33.33%\">\n<figure class=\"wp-block-image size-full is-resized\"><img loading=\"lazy\" decoding=\"async\" width=\"480\" height=\"474\" src=\"https:\/\/webs.uab.cat\/globalintel\/wp-content\/uploads\/sites\/447\/2024\/03\/Logo-Ditrig-ESP.png\" alt=\"\" class=\"wp-image-531\" style=\"width:222px;height:auto\" srcset=\"https:\/\/webs.uab.cat\/globalintel\/wp-content\/uploads\/sites\/447\/2024\/03\/Logo-Ditrig-ESP.png 480w, https:\/\/webs.uab.cat\/globalintel\/wp-content\/uploads\/sites\/447\/2024\/03\/Logo-Ditrig-ESP-300x296.png 300w\" sizes=\"auto, (max-width: 480px) 100vw, 480px\" \/><\/figure>\n\n\n\n<div class=\"wp-block-group\"><div class=\"wp-block-group__inner-container is-layout-constrained wp-block-group-is-layout-constrained\">\n<div class=\"wp-block-columns is-layout-flex wp-container-core-columns-is-layout-9d6595d7 wp-block-columns-is-layout-flex\">\n<div class=\"wp-block-column is-layout-flow wp-block-column-is-layout-flow\" style=\"flex-basis:100%\">\n<ul class=\"wp-block-list has-verd-tropic-transparent-background-color has-background has-small-font-size\">\n<li><strong>Principal researcher<\/strong>:       Dra. Lidia Ballesta Mart\u00ed<\/li>\n\n\n\n<li><strong>Full title and acronym<\/strong>: Dimensiones Transnacionales de la Igualdad y Derecho (DiTrIg)<\/li>\n\n\n\n<li><strong>Funding entity:<\/strong>&nbsp; Spanish Ministry of Equality<\/li>\n\n\n\n<li><strong>Funded amount:<\/strong>&nbsp; 16,000\u20ac<\/li>\n\n\n\n<li><strong>Project duration:<\/strong> 01\/01\/24 \u2013 31\/12\/24<\/li>\n\n\n\n<li><strong>Team members who are UAB staff<\/strong>:                      Dra. Lidia Ballesta Mart\u00ed,                      Dra. Cristina Blasi,  Dra. Sonia G\u00fcell, Dra Montserrat Pi.<\/li>\n<\/ul>\n<\/div>\n<\/div>\n<\/div><\/div>\n<\/div>\n\n\n\n<div class=\"wp-block-column is-layout-flow wp-block-column-is-layout-flow\" style=\"flex-basis:66.66%\">\n<h2 class=\"wp-block-heading\">Transnational Dimensions of Equality and Law (2024)<\/h2>\n\n\n\n<p>The DiTrIg Project is a series of seminars that aims to promote equality and raise awareness about LGTBI+ rights. The seminars tackle current issues from a multidisciplinary and intersectional perspective. <\/p>\n\n\n\n<p>Professionals and activists will share their practical insights and engage in constructive dialogues with academics to create constructive dialogues to address the problems faced by women and the LGTBI+ community. <\/p>\n\n\n\n<p>The topics of the seminars are divided into three main thematic blocks.<\/p>\n\n\n\n<div class=\"wp-block-group is-vertical is-layout-flex wp-container-core-group-is-layout-8cf370e7 wp-block-group-is-layout-flex\">\n<p><strong>Equality and  International Law<\/strong><\/p>\n\n\n\n<p><strong>Equality in Culture and Sports<\/strong><\/p>\n\n\n\n<p><strong>Equality on Social Networks and the Media<\/strong><\/p>\n<\/div>\n\n\n\n<p>The seminar series will conclude with an Academic Day, during which reflection and conclusions will be provided to potentially reach political and legal solutions to the issues raised throughout the project. <\/p>\n\n\n\n<p>The academic approach of the activity will be translated into a transfer of knowledge to society by creating a series of podcasts done with graduate and undergraduate students<\/p>\n\n\n\n<p><strong> <\/strong>For further information click <a href=\"https:\/\/webs.uab.cat\/globalintel\/ditrig-2\/\">here<\/a><\/p>\n\n\n\n<p><img loading=\"lazy\" decoding=\"async\" width=\"32\" height=\"32\" class=\"wp-image-538\" style=\"width: 32px\" src=\"https:\/\/webs.uab.cat\/globalintel\/wp-content\/uploads\/sites\/447\/2024\/03\/image-3.png\" alt=\"\"><strong> ditrig.uab<\/strong><\/p>\n<\/div>\n<\/div>\n<\/div><\/div>\n\n\n\n<!--nextpage-->\n\n\n\n<div class=\"wp-block-columns is-layout-flex wp-container-core-columns-is-layout-9d6595d7 wp-block-columns-is-layout-flex\">\n<div class=\"wp-block-column is-layout-flow wp-block-column-is-layout-flow\" style=\"flex-basis:33.33%\">\n<ul class=\"wp-block-list has-verd-tropic-transparent-background-color has-background has-small-font-size\">\n<li><strong>Principal researcher<\/strong>:       Dra. Ana Mar Fern\u00e1ndez Pasar\u00edn<\/li>\n\n\n\n<li><strong>Full title and acronym<\/strong>: Jean Monnet Centre of Excellence in European Global Policies (EUGLOB)<\/li>\n\n\n\n<li><strong>Funding entity:<\/strong>&nbsp; European Commission<\/li>\n\n\n\n<li><strong>Funded amount:<\/strong>&nbsp; 210,000\u20ac<\/li>\n\n\n\n<li><strong>Project duration:<\/strong> 2024 \u2013 2026<\/li>\n\n\n\n<li><strong>Team members who are GLOBAL INTEL staff<\/strong>:                      Dra. Lidia Ballesta Mart\u00ed,                      Dra. Cristina Blasi  <\/li>\n<\/ul>\n<\/div>\n\n\n\n<div class=\"wp-block-column is-layout-flow wp-block-column-is-layout-flow\" style=\"flex-basis:66.66%\">\n<h2 class=\"wp-block-heading\">Jean Monnet Centre of Excellence in European Global Policies (EUGLOB)<\/h2>\n\n\n\n<p>the main rationale of the project is to decisively expand knowledge on the EU\u2019s actorness as a global policy and law shaper in challenging areas of policy-making. The perspective we propose is threefold. First, put emphasis on the historical transcendence of the European Union as a unique political organisation. Second, enlighten the system of government and governance of the EU with particular attention on policy-making (formulation, negotiation, adoption and implementation). And third, demonstrate the scope and value of European public action across new and challenging global outreach. This focus aims at giving to both European and non-European citizens a better knowledge on the meaning and transcendence of a united Europe, and by doing so, at reinforcing the basis of European legitimacy within and beyond the EU borders. Our targeted audience includes school (primary and secondary) and university students, junior researchers (EU and non-EU citizens) as well as civil society, media and political elites.<\/p>\n<\/div>\n<\/div>\n\n\n\n<div class=\"wp-block-columns is-layout-flex wp-container-core-columns-is-layout-9d6595d7 wp-block-columns-is-layout-flex\">\n<div class=\"wp-block-column is-layout-flow wp-block-column-is-layout-flow\" style=\"flex-basis:33.33%\">\n<details class=\"wp-block-details has-pale-ocean-gradient-background has-background is-layout-flow wp-block-details-is-layout-flow\"><summary><strong>Principal researcher<\/strong>: Dra. Claudia Jim\u00e9nez Cort\u00e9s<br><strong>Full title and acronym<\/strong>: JLa responsabilitat de<br>l&#8217;estat i les entitats<br>privades per crims<br>internacionals a<br>l\u2019Amaz\u00f2nia Brasilera: el<br>preu de la cobd\u00edcia<br><strong>Funding entity:<\/strong>\u00a0 Institut Catal\u00e0 Internacional Per la Pau<br><strong>Funded amount:<\/strong>\u00a0 10,000\u20ac<br><strong>Project duration:<\/strong> 2022-2023<br><strong>Team members who are GLOBAL INTEL staff<\/strong>: Dra. Claudia Jim\u00e9nez Cort\u00e9s, Dra. Montserrat Pi Llorens <\/summary>\n<p><\/p>\n<\/details>\n<\/div>\n\n\n\n<div class=\"wp-block-column is-layout-flow wp-block-column-is-layout-flow\" style=\"flex-basis:66.66%\">\n<h2 class=\"wp-block-heading\">La responsabilitat de<br>l&#8217;estat i les entitats<br>privades per crims<br>internacionals a<br>l\u2019Amaz\u00f2nia Brasilera: el<br>preu de la cobd\u00edcia<\/h2>\n\n\n\n<details class=\"wp-block-details is-layout-flow wp-block-details-is-layout-flow\"><summary>An\u00e1lisis jur\u00eddico de las conductas del gobierno Bolsonaro a aquellas dirigidas contra el pueblo yanomami, en tanto que caso ejemplificador emblem\u00e1tico a partir del cual, luego, se puedan efectuar m\u00e1s extrapolaciones. As\u00ed, dos son las preguntas a las que este estudio busca<br>responder:<br>\u2012 \u00bfPuede demostrarse que Bolsonaro y sus altos cargos come-<br>tieron cr\u00edmenes de lesa humanidad y genocidio contra el pue-<br>blo yanomami durante su mandato?<br>\u2012 En caso afirmativo, \u00bfQu\u00e9 instancia judicial podr\u00eda asegurar<br>mejor la persecuci\u00f3n y enjuiciamiento de los responsables?<\/summary>\n<p><\/p>\n<\/details>\n<\/div>\n<\/div>\n\n\n\n<p><\/p>\n","protected":false},"excerpt":{"rendered":"<p>Website: https:\/\/www.itflows.eu\/ Linkedin: https:\/\/www.linkedin.com\/company\/itflowseu Twitter: https:\/\/twitter.com\/itflows1 IT tools and methods for managing migration FLOWS (2020-2023) Coordinated by Dr Cristina Blasi. The purpose of ITFLOWS is to provide accurate predictions and adequate management solutions of migration flows in the European Union in the phases of reception, relocation, settlement and integration of migration, according to a wide [&hellip;]<\/p>\n","protected":false},"author":2761,"featured_media":0,"parent":0,"menu_order":0,"comment_status":"closed","ping_status":"closed","template":"","meta":{"footnotes":""},"class_list":["post-17","page","type-page","status-publish","hentry"],"_links":{"self":[{"href":"https:\/\/webs.uab.cat\/globalintel\/wp-json\/wp\/v2\/pages\/17","targetHints":{"allow":["GET"]}}],"collection":[{"href":"https:\/\/webs.uab.cat\/globalintel\/wp-json\/wp\/v2\/pages"}],"about":[{"href":"https:\/\/webs.uab.cat\/globalintel\/wp-json\/wp\/v2\/types\/page"}],"author":[{"embeddable":true,"href":"https:\/\/webs.uab.cat\/globalintel\/wp-json\/wp\/v2\/users\/2761"}],"replies":[{"embeddable":true,"href":"https:\/\/webs.uab.cat\/globalintel\/wp-json\/wp\/v2\/comments?post=17"}],"version-history":[{"count":19,"href":"https:\/\/webs.uab.cat\/globalintel\/wp-json\/wp\/v2\/pages\/17\/revisions"}],"predecessor-version":[{"id":946,"href":"https:\/\/webs.uab.cat\/globalintel\/wp-json\/wp\/v2\/pages\/17\/revisions\/946"}],"wp:attachment":[{"href":"https:\/\/webs.uab.cat\/globalintel\/wp-json\/wp\/v2\/media?parent=17"}],"curies":[{"name":"wp","href":"https:\/\/api.w.org\/{rel}","templated":true}]}}