{"id":421,"date":"2024-01-22T11:56:34","date_gmt":"2024-01-22T09:56:34","guid":{"rendered":"https:\/\/webs.uab.cat\/globalintel\/?page_id=421"},"modified":"2024-07-17T15:32:34","modified_gmt":"2024-07-17T13:32:34","slug":"podcast","status":"publish","type":"page","link":"https:\/\/webs.uab.cat\/globalintel\/podcast\/","title":{"rendered":"Podcast"},"content":{"rendered":"\n<h2 class=\"wp-block-heading has-text-align-center\"><strong><mark style=\"background-color:var(--color-gris-5)\" class=\"has-inline-color\">\u00bfQu\u00e9 pasa en el mundo? Respuestas jur\u00eddicas a problemas globales de hoy<\/mark><\/strong><\/h2>\n\n\n\n<div class=\"wp-block-columns is-layout-flex wp-container-core-columns-is-layout-9d6595d7 wp-block-columns-is-layout-flex\">\n<div class=\"wp-block-column has-pale-ocean-gradient-background has-background is-layout-flow wp-block-column-is-layout-flow\" style=\"flex-basis:33.33%\">\n<figure class=\"wp-block-image size-full\"><img loading=\"lazy\" decoding=\"async\" width=\"456\" height=\"402\" src=\"https:\/\/webs.uab.cat\/globalintel\/wp-content\/uploads\/sites\/447\/2024\/01\/episodio1.jpg\" alt=\"\" class=\"wp-image-435\" srcset=\"https:\/\/webs.uab.cat\/globalintel\/wp-content\/uploads\/sites\/447\/2024\/01\/episodio1.jpg 456w, https:\/\/webs.uab.cat\/globalintel\/wp-content\/uploads\/sites\/447\/2024\/01\/episodio1-300x264.jpg 300w\" sizes=\"auto, (max-width: 456px) 100vw, 456px\" \/><\/figure>\n\n\n\n<p><strong>Escuchar el episodio ahora<\/strong>:<\/p>\n\n\n\n<figure class=\"wp-block-embed is-type-wp-embed is-provider-anchor-fm-inc wp-block-embed-anchor-fm-inc wp-embed-aspect-21-9 wp-has-aspect-ratio\"><div class=\"wp-block-embed__wrapper\">\n<iframe loading=\"lazy\" class=\"wp-embedded-content\" sandbox=\"allow-scripts\" security=\"restricted\" title=\"1. Migraci\u00f3n y tecnolog\u00eda. \u00bfpredecir lo que va a pasar? by \u00bfQu\u00e9 pasa en el mundo? Respuestas jur\u00eddicas a problemas globales de hoy\" src=\"https:\/\/anchor.fm\/sonia846\/embed\/episodes\/1--Migracin-y-tecnologa--predecir-lo-que-va-a-pasar-e2eunhb#?secret=sMnLF5LY1s\" data-secret=\"sMnLF5LY1s\" height=\"102px\" width=\"400px\" frameborder=\"0\" scrolling=\"no\"><\/iframe>\n<\/div><\/figure>\n<\/div>\n\n\n\n<div class=\"wp-block-column is-layout-flow wp-block-column-is-layout-flow\"><\/div>\n\n\n\n<div class=\"wp-block-column is-layout-flow wp-block-column-is-layout-flow\" style=\"flex-basis:66.66%\">\n<h2 class=\"wp-block-heading has-pale-ocean-gradient-background has-background\">Episodio 1: Migraci\u00f3n y tecnolog\u00eda. \u00bfpredecir lo que va a pasar?<\/h2>\n\n\n\n<p><em>Enero 2024<\/em>,<em> Conductora : Sonia G\u00fcell, Entrevista a Cristina Blasi (UAB)<\/em>.<\/p>\n\n\n\n<p><strong>Resumen: <\/strong>El proyecto ITFLOWS ha desarrollado una herramienta tecnol\u00f3gica que mediante IA predice flujos migratorios con el fin de ayudar a las ONG a organizar sus recursos y asistir a migrantes que llegan a la UE.<\/p>\n<\/div>\n<\/div>\n\n\n\n<div class=\"wp-block-columns is-layout-flex wp-container-core-columns-is-layout-9d6595d7 wp-block-columns-is-layout-flex\">\n<div class=\"wp-block-column has-blush-light-purple-gradient-background has-background is-layout-flow wp-block-column-is-layout-flow\" style=\"flex-basis:33.33%\">\n<figure class=\"wp-block-gallery has-nested-images columns-default is-cropped wp-block-gallery-1 is-layout-flex wp-block-gallery-is-layout-flex\">\n<figure class=\"wp-block-image size-large\"><img loading=\"lazy\" decoding=\"async\" width=\"367\" height=\"189\" data-id=\"448\" src=\"https:\/\/webs.uab.cat\/globalintel\/wp-content\/uploads\/sites\/447\/2024\/02\/Captura-de-pantalla-2024-02-01-134653.jpg\" alt=\"\" class=\"wp-image-448\" srcset=\"https:\/\/webs.uab.cat\/globalintel\/wp-content\/uploads\/sites\/447\/2024\/02\/Captura-de-pantalla-2024-02-01-134653.jpg 367w, https:\/\/webs.uab.cat\/globalintel\/wp-content\/uploads\/sites\/447\/2024\/02\/Captura-de-pantalla-2024-02-01-134653-300x154.jpg 300w\" sizes=\"auto, (max-width: 367px) 100vw, 367px\" \/><\/figure>\n<\/figure>\n\n\n\n<p><strong>Escuchar el episodio ahora<\/strong>:<\/p>\n\n\n\n<figure class=\"wp-block-embed is-type-rich is-provider-spotify wp-block-embed-spotify wp-embed-aspect-21-9 wp-has-aspect-ratio\"><div class=\"wp-block-embed__wrapper\">\n<iframe title=\"Spotify Embed: 2. \u00bfDe qu\u00e9 ha servido la demanda de Sud\u00e1frica contra Israel?\" style=\"border-radius: 12px\" width=\"100%\" height=\"152\" frameborder=\"0\" allowfullscreen allow=\"autoplay; clipboard-write; encrypted-media; fullscreen; picture-in-picture\" loading=\"lazy\" src=\"https:\/\/open.spotify.com\/embed\/episode\/6x2QbG0o5unDhlVWi25r0s?si=qWw0VHdZSq2wbR4gPswzvA&#038;utm_source=oembed\"><\/iframe>\n<\/div><\/figure>\n<\/div>\n\n\n\n<div class=\"wp-block-column is-layout-flow wp-block-column-is-layout-flow\" style=\"flex-basis:66.66%\">\n<h2 class=\"wp-block-heading has-blush-light-purple-gradient-background has-background\">Episodio 2: \u00bfDe qu\u00e9 ha servido la demanda de Sud\u00e1frica contra Israel?<\/h2>\n\n\n\n<p><em>Febrero 2024, Conductora: Sonia G\u00fcell, Entrevista a Claudia Jim\u00e9nez (UAB)<\/em>.<\/p>\n\n\n\n<p><strong>Resumen: <\/strong>En este episodio vamos a dialogar sobre la demanda interpuesta por Sud\u00e1frica ante el Tribunal Internacional de Justicia contra Israel por violaci\u00f3n de la Convenci\u00f3n para la prevenci\u00f3n y sanci\u00f3n del delito de genocidio. <\/p>\n<\/div>\n<\/div>\n\n\n\n<div class=\"wp-block-columns is-layout-flex wp-container-core-columns-is-layout-9d6595d7 wp-block-columns-is-layout-flex\">\n<div class=\"wp-block-column has-background is-layout-flow wp-block-column-is-layout-flow\" style=\"background:radial-gradient(rgba(252,185,0,1) 0%,rgba(255,105,0,1) 100%);flex-basis:33.33%\">\n<figure class=\"wp-block-image size-large is-resized\"><img loading=\"lazy\" decoding=\"async\" width=\"2560\" height=\"1707\" src=\"https:\/\/webs.uab.cat\/globalintel\/wp-content\/uploads\/sites\/447\/2024\/03\/IMG_20240226_130046-edited-1-scaled.jpg\" alt=\"\" class=\"wp-image-491\" style=\"width:226px;height:auto\" srcset=\"https:\/\/webs.uab.cat\/globalintel\/wp-content\/uploads\/sites\/447\/2024\/03\/IMG_20240226_130046-edited-1-scaled.jpg 2560w, https:\/\/webs.uab.cat\/globalintel\/wp-content\/uploads\/sites\/447\/2024\/03\/IMG_20240226_130046-edited-1-300x200.jpg 300w, https:\/\/webs.uab.cat\/globalintel\/wp-content\/uploads\/sites\/447\/2024\/03\/IMG_20240226_130046-edited-1-1024x683.jpg 1024w, https:\/\/webs.uab.cat\/globalintel\/wp-content\/uploads\/sites\/447\/2024\/03\/IMG_20240226_130046-edited-1-768x512.jpg 768w, https:\/\/webs.uab.cat\/globalintel\/wp-content\/uploads\/sites\/447\/2024\/03\/IMG_20240226_130046-edited-1-1536x1024.jpg 1536w, https:\/\/webs.uab.cat\/globalintel\/wp-content\/uploads\/sites\/447\/2024\/03\/IMG_20240226_130046-edited-1-2048x1365.jpg 2048w, https:\/\/webs.uab.cat\/globalintel\/wp-content\/uploads\/sites\/447\/2024\/03\/IMG_20240226_130046-edited-1-1200x800.jpg 1200w, https:\/\/webs.uab.cat\/globalintel\/wp-content\/uploads\/sites\/447\/2024\/03\/IMG_20240226_130046-edited-1-1980x1320.jpg 1980w\" sizes=\"auto, (max-width: 2560px) 100vw, 2560px\" \/><\/figure>\n\n\n\n<h2 class=\"wp-block-heading has-small-font-size\"><strong>Escuchar el episodio ahora<\/strong>:<\/h2>\n\n\n\n<figure class=\"wp-block-embed is-type-rich is-provider-spotify wp-block-embed-spotify wp-embed-aspect-21-9 wp-has-aspect-ratio\"><div class=\"wp-block-embed__wrapper\">\n<iframe title=\"Spotify Embed: 3. Las claves de lo que puede pasar en 2024\" style=\"border-radius: 12px\" width=\"100%\" height=\"152\" frameborder=\"0\" allowfullscreen allow=\"autoplay; clipboard-write; encrypted-media; fullscreen; picture-in-picture\" loading=\"lazy\" src=\"https:\/\/open.spotify.com\/embed\/episode\/5OcYUZRAdKEI00rg6i8Mzx?si=_ll0MH1sT6SZfPIiVWm1Zw&#038;utm_source=oembed\"><\/iframe>\n<\/div><\/figure>\n<\/div>\n\n\n\n<div class=\"wp-block-column is-layout-flow wp-block-column-is-layout-flow\" style=\"flex-basis:66.66%\">\n<h2 class=\"wp-block-heading has-background\" style=\"background:radial-gradient(rgba(252,185,0,0.63) 0%,rgb(255,105,0) 100%)\">Episodio 3: Las claves de lo que puede pasar en 2024<\/h2>\n\n\n\n<p><em>Marzo 2024, Conductora Sonia G\u00fcell, Entrevista a Carme Colomina, CIDOB<\/em><\/p>\n\n\n\n<p><strong>Resumen:<\/strong> Conversamos con Carme sobre urnas y armas, sobre IA, nos fijamos en el fen\u00f3meno de la sobreinformaci\u00f3n y desconexi\u00f3n social, en los sur(es) y nor(tes) o el activismo social e individual entre otros temas;  y sobre el modo en que van a condicionar la agenda global, conductas y decisiones de los actores internacionales en este a\u00f1o <\/p>\n<\/div>\n<\/div>\n\n\n\n<div class=\"wp-block-columns is-layout-flex wp-container-core-columns-is-layout-9d6595d7 wp-block-columns-is-layout-flex\">\n<div class=\"wp-block-column has-blush-light-purple-gradient-background has-background is-layout-flow wp-block-column-is-layout-flow\" style=\"flex-basis:33.33%\">\n<figure class=\"wp-block-image size-full\"><img loading=\"lazy\" decoding=\"async\" width=\"172\" height=\"169\" src=\"https:\/\/webs.uab.cat\/globalintel\/wp-content\/uploads\/sites\/447\/2024\/07\/8M.jpg\" alt=\"\" class=\"wp-image-646\" \/><\/figure>\n\n\n\n<p class=\"has-blush-light-purple-gradient-background has-background\"><strong>Escuchar el episodio ahora<\/strong><\/p>\n\n\n\n<figure class=\"wp-block-embed is-type-rich is-provider-spotify wp-block-embed-spotify wp-embed-aspect-21-9 wp-has-aspect-ratio\"><div class=\"wp-block-embed__wrapper\">\n<iframe title=\"Spotify Embed: 8M \u00bf Qu\u00e9 hay de las mujeres en el Derecho Internacional ?\" style=\"border-radius: 12px\" width=\"100%\" height=\"152\" frameborder=\"0\" allowfullscreen allow=\"autoplay; clipboard-write; encrypted-media; fullscreen; picture-in-picture\" loading=\"lazy\" src=\"https:\/\/open.spotify.com\/embed\/episode\/7aFJSY62Q8Cz33nHFiewnI?utm_source=oembed\"><\/iframe>\n<\/div><\/figure>\n<\/div>\n\n\n\n<div class=\"wp-block-column is-layout-flow wp-block-column-is-layout-flow\" style=\"flex-basis:66.66%\">\n<h2 class=\"wp-block-heading has-blush-light-purple-gradient-background has-background\">Episodio 4: 8M. \u00bfQu\u00e9 hay de las mujeres en el derecho internacional?<\/h2>\n\n\n\n<p><em>Marzo 2024, Conductora Sonia G\u00fcell, Entrevista a Lidia Ballesta, UAB <\/em>.<\/p>\n\n\n\n<p><strong>Resumen:<\/strong> Hoy , d\u00eda internacional de la mujer, conversamos con la profesora Lidia Ballesta para extraer algunos datos que nos ayudar\u00e1n a dimensionar el grado de evoluci\u00f3n de las normas internacionales relativas a los derechos de las mujeres y, lo que es m\u00e1s importante, claves para entender como se aplican y como se pueden exigir a los Estados.<\/p>\n<\/div>\n<\/div>\n\n\n\n<div class=\"wp-block-columns is-layout-flex wp-container-core-columns-is-layout-9d6595d7 wp-block-columns-is-layout-flex\">\n<div class=\"wp-block-column has-vivid-cyan-blue-to-vivid-purple-gradient-background has-background is-layout-flow wp-block-column-is-layout-flow\" style=\"flex-basis:33.33%\">\n<figure class=\"wp-block-image size-full is-resized\"><img loading=\"lazy\" decoding=\"async\" width=\"172\" height=\"172\" src=\"https:\/\/webs.uab.cat\/globalintel\/wp-content\/uploads\/sites\/447\/2024\/07\/edu.jpg\" alt=\"\" class=\"wp-image-647\" style=\"width:221px;height:auto\" srcset=\"https:\/\/webs.uab.cat\/globalintel\/wp-content\/uploads\/sites\/447\/2024\/07\/edu.jpg 172w, https:\/\/webs.uab.cat\/globalintel\/wp-content\/uploads\/sites\/447\/2024\/07\/edu-150x150.jpg 150w\" sizes=\"auto, (max-width: 172px) 100vw, 172px\" \/><\/figure>\n\n\n\n<p><strong>Escuchar el episodio ahora<\/strong><\/p>\n\n\n\n<figure class=\"wp-block-embed is-type-rich is-provider-spotify wp-block-embed-spotify wp-embed-aspect-21-9 wp-has-aspect-ratio\"><div class=\"wp-block-embed__wrapper\">\n<iframe title=\"Spotify Embed: Los riesgos digitales de la nueva era\" style=\"border-radius: 12px\" width=\"100%\" height=\"152\" frameborder=\"0\" allowfullscreen allow=\"autoplay; clipboard-write; encrypted-media; fullscreen; picture-in-picture\" loading=\"lazy\" src=\"https:\/\/open.spotify.com\/embed\/episode\/4IcxuXduGzFtr3xwIvgoS6?utm_source=oembed\"><\/iframe>\n<\/div><\/figure>\n<\/div>\n\n\n\n<div class=\"wp-block-column is-layout-flow wp-block-column-is-layout-flow\" style=\"flex-basis:66.66%\">\n<h2 class=\"wp-block-heading has-background\" style=\"background:linear-gradient(0deg,rgba(6,147,227,1) 0%,rgb(155,81,224) 100%)\">Episodio 5: Los riesgos digitales de la nueva era<\/h2>\n\n\n\n<p><em>Abril 2024, Conductora Sonia G\u00fcell, Entrevista a Eduard Blasi, DataGuardians.<\/em><\/p>\n\n\n\n<p><strong>Resumen:<\/strong> \u00bfEstamos sin remedio expuestos a la manipulaci\u00f3n de nuestra imagen o la venta de nuestros datos? Conversamos con Eduard Blasi, especialista en derecho tecnol\u00f3gico y divulgador sobre los problemas que suscita la transformaci\u00f3n digital y los riesgos que plantea en nuestro d\u00eda a d\u00eda; Su labor en la cuenta de instagram @techandlaw.lab con miles de seguidores, ha merecido el primer premio de divulgaci\u00f3n otorgado por la Agencia Espa\u00f1ola de Protecci\u00f3n de Datos.<\/p>\n<\/div>\n<\/div>\n\n\n\n<div class=\"wp-block-columns is-layout-flex wp-container-core-columns-is-layout-9d6595d7 wp-block-columns-is-layout-flex\">\n<div class=\"wp-block-column has-electric-grass-gradient-background has-background is-layout-flow wp-block-column-is-layout-flow\" style=\"flex-basis:33.33%\">\n<figure class=\"wp-block-image size-full\"><img loading=\"lazy\" decoding=\"async\" width=\"175\" height=\"172\" src=\"https:\/\/webs.uab.cat\/globalintel\/wp-content\/uploads\/sites\/447\/2024\/07\/su.jpg\" alt=\"\" class=\"wp-image-648\" \/><\/figure>\n\n\n\n<p><strong>Escuchar el episodio ahora<\/strong><\/p>\n\n\n\n<figure class=\"wp-block-embed is-type-rich is-provider-spotify wp-block-embed-spotify wp-embed-aspect-21-9 wp-has-aspect-ratio\"><div class=\"wp-block-embed__wrapper\">\n<iframe title=\"Spotify Embed: Espa\u00f1a reconoce a Palestina como Estado. \u00bfva a ayudar?\" style=\"border-radius: 12px\" width=\"100%\" height=\"152\" frameborder=\"0\" allowfullscreen allow=\"autoplay; clipboard-write; encrypted-media; fullscreen; picture-in-picture\" loading=\"lazy\" src=\"https:\/\/open.spotify.com\/embed\/episode\/3fjbOBOO1xlV2YdbEdyuMC?utm_source=oembed\"><\/iframe>\n<\/div><\/figure>\n<\/div>\n\n\n\n<div class=\"wp-block-column is-layout-flow wp-block-column-is-layout-flow\" style=\"flex-basis:66.66%\">\n<h2 class=\"wp-block-heading has-electric-grass-gradient-background has-background\">Episodio 6: Espa\u00f1a reconoce a Palestina como estado. \u00bfVa a ayudar?<\/h2>\n\n\n\n<p><em>Junio 2024, Conductora Sonia G\u00fcell, Entrevista a Susana Beltran, UAB.<\/em><\/p>\n\n\n\n<p><strong>Resumen:<\/strong> El reconocimiento de Espa\u00f1a del Estado de Palestina ha desencadenado opiniones a favor y en contra de su oportunidad. \u00bfera este el momento? \u00bfrealmente va a contribuir a poner fin a la masacre en Gaza? \u00bfEspa\u00f1a, ha ganado o perdido posici\u00f3n negociadora hacia una soluci\u00f3n pac\u00edfica con este reconocimiento? \u00bfpero que significa realmente que un Estado reconozca a otro Estado?. Para conversar sobre todo ello nos acompa\u00f1a la profesora de Derecho Internacional Susana Beltran, experta en pol\u00edtica exterior que nos ofrece informaci\u00f3n y explicaci\u00f3n clave para entender y poder opinar con fundamento sobre todo ello.<\/p>\n<\/div>\n<\/div>\n","protected":false},"excerpt":{"rendered":"<p>\u00bfQu\u00e9 pasa en el mundo? Respuestas jur\u00eddicas a problemas globales de hoy Escuchar el episodio ahora: Episodio 1: Migraci\u00f3n y tecnolog\u00eda. \u00bfpredecir lo que va a pasar? Enero 2024, Conductora : Sonia G\u00fcell, Entrevista a Cristina Blasi (UAB). Resumen: El proyecto ITFLOWS ha desarrollado una herramienta tecnol\u00f3gica que mediante IA predice flujos migratorios con el [&hellip;]<\/p>\n","protected":false},"author":2682,"featured_media":0,"parent":0,"menu_order":0,"comment_status":"closed","ping_status":"closed","template":"","meta":{"footnotes":""},"class_list":["post-421","page","type-page","status-publish","hentry"],"_links":{"self":[{"href":"https:\/\/webs.uab.cat\/globalintel\/wp-json\/wp\/v2\/pages\/421","targetHints":{"allow":["GET"]}}],"collection":[{"href":"https:\/\/webs.uab.cat\/globalintel\/wp-json\/wp\/v2\/pages"}],"about":[{"href":"https:\/\/webs.uab.cat\/globalintel\/wp-json\/wp\/v2\/types\/page"}],"author":[{"embeddable":true,"href":"https:\/\/webs.uab.cat\/globalintel\/wp-json\/wp\/v2\/users\/2682"}],"replies":[{"embeddable":true,"href":"https:\/\/webs.uab.cat\/globalintel\/wp-json\/wp\/v2\/comments?post=421"}],"version-history":[{"count":17,"href":"https:\/\/webs.uab.cat\/globalintel\/wp-json\/wp\/v2\/pages\/421\/revisions"}],"predecessor-version":[{"id":649,"href":"https:\/\/webs.uab.cat\/globalintel\/wp-json\/wp\/v2\/pages\/421\/revisions\/649"}],"wp:attachment":[{"href":"https:\/\/webs.uab.cat\/globalintel\/wp-json\/wp\/v2\/media?parent=421"}],"curies":[{"name":"wp","href":"https:\/\/api.w.org\/{rel}","templated":true}]}}