{"id":508,"date":"2024-03-13T17:05:56","date_gmt":"2024-03-13T15:05:56","guid":{"rendered":"https:\/\/webs.uab.cat\/globalintel\/?page_id=508"},"modified":"2024-11-22T10:17:33","modified_gmt":"2024-11-22T08:17:33","slug":"ditrig-2","status":"publish","type":"page","link":"https:\/\/webs.uab.cat\/globalintel\/projects\/ditrig-2\/","title":{"rendered":"Dimensiones  Transnacionales de la Igualdad y Derecho"},"content":{"rendered":"<div class=\"wp-block-image\">\n<figure class=\"aligncenter size-full is-resized\"><img loading=\"lazy\" decoding=\"async\" width=\"480\" height=\"474\" src=\"https:\/\/webs.uab.cat\/globalintel\/wp-content\/uploads\/sites\/447\/2024\/03\/Logo-Ditrig-ESP-1.png\" alt=\"\" class=\"wp-image-546\" style=\"width:400px;height:auto\" srcset=\"https:\/\/webs.uab.cat\/globalintel\/wp-content\/uploads\/sites\/447\/2024\/03\/Logo-Ditrig-ESP-1.png 480w, https:\/\/webs.uab.cat\/globalintel\/wp-content\/uploads\/sites\/447\/2024\/03\/Logo-Ditrig-ESP-1-300x296.png 300w\" sizes=\"auto, (max-width: 480px) 100vw, 480px\" \/><\/figure>\n<\/div>\n\n\n<h2 class=\"wp-block-heading alignwide has-text-align-center\" id=\"we-re-a-studio-in-berlin-with-an-international-practice-in-architecture-urban-planning-and-interior-design-we-believe-in-sharing-knowledge-and-promoting-dialogue-to-increase-the-creative-potential-of-collaboration\" style=\"font-size:48px;line-height:1.1\"><strong>I JORNADA&nbsp; DIMENSIONES TRANSNACIONALES DE LA IGUALDAD Y DERECHO<\/strong><\/h2>\n\n\n\n<p class=\"has-text-align-center has-larger-font-size\"><em>Retos globales para la Igualdad en las dimensiones Internacional, Sociocultural y Digital.<\/em><\/p>\n\n\n\n<p>Todo a punto para la  Jornada del pr\u00f3ximo d\u00eda <strong>25 de noviembre de 2024<\/strong>, que se celebrar\u00e1 en el <strong>Aula Magna de la Facultad de Derecho de la Universitat Aut\u00f2noma de Barcelona de 9 a 17. <\/strong><\/p>\n\n\n\n<p>Puedes realizar tu <strong>inscripci\u00f3n<\/strong>  rellenando el <a href=\"https:\/\/forms.office.com\/e\/sEJLj0wUck\">formulario de inscripci\u00f3n <\/a>&nbsp;que encontrar\u00e1 en este enlace <a href=\"https:\/\/forms.office.com\/e\/sEJLj0wUck\">https:\/\/forms.office.com\/e\/sEJLj0wUck<\/a> &nbsp;<\/p>\n\n\n\n<figure class=\"wp-block-image size-large\"><img loading=\"lazy\" decoding=\"async\" width=\"1024\" height=\"1024\" src=\"https:\/\/webs.uab.cat\/globalintel\/wp-content\/uploads\/sites\/447\/2024\/11\/Post-jornada-ditrig-1024x1024.png\" alt=\"\" class=\"wp-image-756\" srcset=\"https:\/\/webs.uab.cat\/globalintel\/wp-content\/uploads\/sites\/447\/2024\/11\/Post-jornada-ditrig-1024x1024.png 1024w, https:\/\/webs.uab.cat\/globalintel\/wp-content\/uploads\/sites\/447\/2024\/11\/Post-jornada-ditrig-300x300.png 300w, https:\/\/webs.uab.cat\/globalintel\/wp-content\/uploads\/sites\/447\/2024\/11\/Post-jornada-ditrig-150x150.png 150w, https:\/\/webs.uab.cat\/globalintel\/wp-content\/uploads\/sites\/447\/2024\/11\/Post-jornada-ditrig-768x768.png 768w, https:\/\/webs.uab.cat\/globalintel\/wp-content\/uploads\/sites\/447\/2024\/11\/Post-jornada-ditrig.png 1080w\" sizes=\"auto, (max-width: 1024px) 100vw, 1024px\" \/><\/figure>\n\n\n\n<p>Consulta el programa completo aqu\u00ed:<\/p>\n\n\n\n<div data-wp-interactive=\"core\/file\" class=\"wp-block-file\"><object data-wp-bind--hidden=\"!state.hasPdfPreview\" hidden class=\"wp-block-file__embed\" data=\"https:\/\/webs.uab.cat\/globalintel\/wp-content\/uploads\/sites\/447\/2024\/11\/Programa-Jornada-DiTrIg_25N24_comunicacions-1.pdf\" type=\"application\/pdf\" style=\"width:100%;height:600px\" aria-label=\"Incrustaci\u00f3 del fitxer Programa Jornada DiTrIg_25N24_comunicacions.\"><\/object><a id=\"wp-block-file--media-0b60a151-839f-41f8-aa7e-3441996a6fb2\" href=\"https:\/\/webs.uab.cat\/globalintel\/wp-content\/uploads\/sites\/447\/2024\/11\/Programa-Jornada-DiTrIg_25N24_comunicacions-1.pdf\">Programa Jornada DiTrIg_25N24_comunicacions<\/a><a href=\"https:\/\/webs.uab.cat\/globalintel\/wp-content\/uploads\/sites\/447\/2024\/11\/Programa-Jornada-DiTrIg_25N24_comunicacions-1.pdf\" class=\"wp-block-file__button wp-element-button\" download aria-describedby=\"wp-block-file--media-0b60a151-839f-41f8-aa7e-3441996a6fb2\">Download<\/a><\/div>\n\n\n\n<p><\/p>\n\n\n\n<p><\/p>\n\n\n\n<h2 class=\"wp-block-heading alignwide has-text-align-center has-normal-font-size\">I Jornada Interuniversitaria Dimensiones Transnacionales de la Igualdad y Derecho &#8211; <em>Convocatoria para la presentaci\u00f3n de Comunicaciones<\/em><\/h2>\n\n\n\n<p class=\"has-text-align-left\">La <em>I Jornada<\/em> <em>Interuniversitaria Dimensiones Transnacionales de la Igualdad y Derecho<\/em> forma parte del proyecto <em>Dimensiones Transnacionales de la Igualdad y Derecho (DiTrIg), <\/em>financiado por el Instituto de las Mujeres-Ministerio de Igualdad y organizada por el grupo de investigaci\u00f3n Global Intel&nbsp;<em>(2021 SGR 00203)<\/em> de la Universitat Aut\u00f2noma de Barcelona. &nbsp;&nbsp;<\/p>\n\n\n\n<p><strong>OBJETO:<\/strong><\/p>\n\n\n\n<p>La Jornada tiene por objeto ofrecer un foro interuniversitario  donde poder compartir investigaciones e inquietudes cient\u00edficas y reflexionar sobre la igualdad de g\u00e9nero desde distintas perspectivas del derecho.  ,   abordando  temas actuales<\/p>\n\n\n\n<p>La Jornada pretende abordar la igualdad  de manera transnacional, multidisciplinar e interseccional, incluyendo la perspectiva de g\u00e9nero en  sus distintas dimensiones, por lo que engloba  temas como el deporte, las personas migradas, las redes sociales y medios de comunicaci\u00f3n, la inteligencia artificial, las violencias y cyberviolencias etc. &nbsp;<\/p>\n\n\n\n<p><strong>FECHA Y LUGAR DE CELEBRACI\u00d3N:<\/strong><\/p>\n\n\n\n<ul class=\"wp-block-list\">\n<li><strong>Fecha de la Jornada: &nbsp;<\/strong>25 de noviembre de 2024  de 9:00h a 16:30<\/li>\n\n\n\n<li><strong>Lugar:<\/strong>  Sala de Actos- Aula Magna de la Facultad de Derecho de la UAB (Campus de Bellaterra).&nbsp;<\/li>\n<\/ul>\n\n\n\n<p><strong>INSCRIPCI\u00d3N DE LAS PERSONAS PARTICIPANTES:<\/strong><\/p>\n\n\n\n<p>La Jornada est\u00e1 abierta a la participaci\u00f3n del personal docente e investigador, pre y postdoctoral, y estudiantes de doctorado y m\u00e1ster de cualquier Universidad espa\u00f1ola o extranjera.<\/p>\n\n\n\n<p>La asistencia y participaci\u00f3n es gratuita, pero se <strong>requiere inscripci\u00f3n<\/strong>. Las personas que deseen participar, tanto como comunicantes como asistentes, deben realizar la <strong>inscripci\u00f3n<\/strong>, rellenando el <a href=\"https:\/\/forms.office.com\/e\/sEJLj0wUck\">formulario de inscripci\u00f3n <\/a>&nbsp;que encontrar\u00e1 en este enlace <a href=\"https:\/\/forms.office.com\/e\/sEJLj0wUck\">https:\/\/forms.office.com\/e\/sEJLj0wUck<\/a> &nbsp;<\/p>\n\n\n\n<p> <strong>LLAMAMIENTO Y PRESENTACI\u00d3N DE COMUNICACIONES:<\/strong><\/p>\n\n\n\n<p>Las personas candidatas a presentar una comunicaci\u00f3n deber\u00e1n enviar sus propuestas&nbsp;<strong><u>antes del 25 de octubre de 2024 a las 23:59 (hora de Espa\u00f1a).<\/u><\/strong><\/p>\n\n\n\n<p>Las propuestas se enviar\u00e1n a trav\u00e9s de correo electr\u00f3nico a la  direcci\u00f3n&nbsp;<a href=\"mailto:info.ditrig@gmail.com\">info.ditrig@gmail.com<\/a>,&nbsp; con copia a <a href=\"mailto:lidia.ballesta@uab.cat\">lidia.ballesta@uab.cat<\/a><\/p>\n\n\n\n<p>Las comunicaciones  seleccionadas ser\u00e1n <strong>presentadas oralmente<\/strong> durante la jornada. La organizaci\u00f3n cubrir\u00e1 los <strong>gastos de desplazamiento<\/strong>, as\u00ed como los <strong>gastos de alojamiento<\/strong> de las personas autoras de las comunicaciones .<\/p>\n\n\n\n<p>Las comunicaciones deben versar sobre una de las tem\u00e0ticas de los tres bloques en los que se divide la Jornada.  Pueden cubrir temas como los listados a continuaci\u00f3n, aunque se valorar\u00e1n otros que puedan tener encaje en la Jornada:<\/p>\n\n\n\n<ul class=\"wp-block-list\">\n<li><strong>Bloque 1.- &nbsp;&nbsp;Dimensiones Internacionales de la Igualdad:&nbsp;<\/strong><ul><li><em>Migraciones, asilo, trata<\/em><\/li><\/ul>\n<ul class=\"wp-block-list\">\n<li><em>Protecci\u00f3n de las relaciones familiares y diversidad de g\u00e9nero<\/em><\/li>\n\n\n\n<li><em>Conflictos armados, paz y desarrollo<\/em><\/li>\n\n\n\n<li><em>Cambio Clim\u00e1tico<\/em><\/li>\n\n\n\n<li>Violencia de g\u00e8nero y protecci\u00f3n internacional <\/li>\n<\/ul>\n<\/li>\n<\/ul>\n\n\n\n<ul class=\"wp-block-list\">\n<li><strong>Bloque 2.- Dimensiones Socioculturales de la Igualdad<\/strong>\n<ul class=\"wp-block-list\">\n<li><em>Cultura, arte y entretenimiento<\/em><\/li>\n\n\n\n<li><em>Deporte<\/em><\/li>\n\n\n\n<li><em>Pueblos Ind\u00edgenas y grupos \u00e9tnicos.<\/em><\/li>\n\n\n\n<li><em>Infancia, juventud y madurez<\/em><\/li>\n\n\n\n<li>Religi\u00f3n y g\u00e9nero<\/li>\n<\/ul>\n<\/li>\n<\/ul>\n\n\n\n<ul class=\"wp-block-list\">\n<li><strong>Bloque 3.- Dimensiones Digitales de la Igualdad,<\/strong>\n<ul class=\"wp-block-list\">\n<li><em>Medios de Comunicaci\u00f3n,<\/em><\/li>\n\n\n\n<li><em>Redes Sociales<\/em><\/li>\n\n\n\n<li><em>Cyberviolencias<\/em><\/li>\n\n\n\n<li><em>Inteligencia Artificial y Tecnolog\u00eda<\/em><\/li>\n<\/ul>\n<\/li>\n<\/ul>\n\n\n\n<p>Encontrar\u00e1n toda la informaci\u00f3n en la convocatoria adjunta. <\/p>\n\n\n\n<p><\/p>\n\n\n\n<div class=\"wp-block-group\"><div class=\"wp-block-group__inner-container is-layout-constrained wp-block-group-is-layout-constrained\">\n<div data-wp-interactive=\"core\/file\" class=\"wp-block-file\"><object data-wp-bind--hidden=\"!state.hasPdfPreview\" hidden class=\"wp-block-file__embed\" data=\"https:\/\/webs.uab.cat\/globalintel\/wp-content\/uploads\/sites\/447\/2024\/10\/Convocatoria-I-Jornada-Dimensiones-Transnacionales-de-la-Igualdad-y-Derecho_f.pdf\" type=\"application\/pdf\" style=\"width:100%;height:600px\" aria-label=\"Incrustaci\u00f3 del fitxer Convocatoria - I Jornada Dimensiones Transnacionales de la Igualdad y Derecho_f.\"><\/object><a id=\"wp-block-file--media-c3e43a67-a44b-4ef8-89d4-0547421680cb\" href=\"https:\/\/webs.uab.cat\/globalintel\/wp-content\/uploads\/sites\/447\/2024\/10\/Convocatoria-I-Jornada-Dimensiones-Transnacionales-de-la-Igualdad-y-Derecho_f.pdf\">Convocatoria &#8211; I Jornada Dimensiones Transnacionales de la Igualdad y Derecho_f<\/a><a href=\"https:\/\/webs.uab.cat\/globalintel\/wp-content\/uploads\/sites\/447\/2024\/10\/Convocatoria-I-Jornada-Dimensiones-Transnacionales-de-la-Igualdad-y-Derecho_f.pdf\" class=\"wp-block-file__button wp-element-button\" download aria-describedby=\"wp-block-file--media-c3e43a67-a44b-4ef8-89d4-0547421680cb\">Download<\/a><\/div>\n<\/div><\/div>\n\n\n\n<p class=\"has-text-align-right\"><\/p>\n\n\n\n<p><\/p>\n\n\n\n<div class=\"wp-block-columns is-layout-flex wp-container-core-columns-is-layout-9d6595d7 wp-block-columns-is-layout-flex\">\n<div class=\"wp-block-column is-layout-flow wp-block-column-is-layout-flow\">\n<div class=\"wp-block-columns is-layout-flex wp-container-core-columns-is-layout-9d6595d7 wp-block-columns-is-layout-flex\">\n<div class=\"wp-block-column is-layout-flow wp-block-column-is-layout-flow\"><\/div>\n\n\n\n<div class=\"wp-block-column is-layout-flow wp-block-column-is-layout-flow\"><\/div>\n<\/div>\n<\/div>\n\n\n\n<div class=\"wp-block-column is-layout-flow wp-block-column-is-layout-flow\"><\/div>\n<\/div>\n\n\n\n<p><\/p>\n","protected":false},"excerpt":{"rendered":"<p>I JORNADA&nbsp; DIMENSIONES TRANSNACIONALES DE LA IGUALDAD Y DERECHO Retos globales para la Igualdad en las dimensiones Internacional, Sociocultural y Digital. Todo a punto para la Jornada del pr\u00f3ximo d\u00eda 25 de noviembre de 2024, que se celebrar\u00e1 en el Aula Magna de la Facultad de Derecho de la Universitat Aut\u00f2noma de Barcelona de 9 [&hellip;]<\/p>\n","protected":false},"author":2874,"featured_media":0,"parent":17,"menu_order":0,"comment_status":"closed","ping_status":"closed","template":"","meta":{"footnotes":""},"class_list":["post-508","page","type-page","status-publish","hentry"],"_links":{"self":[{"href":"https:\/\/webs.uab.cat\/globalintel\/wp-json\/wp\/v2\/pages\/508","targetHints":{"allow":["GET"]}}],"collection":[{"href":"https:\/\/webs.uab.cat\/globalintel\/wp-json\/wp\/v2\/pages"}],"about":[{"href":"https:\/\/webs.uab.cat\/globalintel\/wp-json\/wp\/v2\/types\/page"}],"author":[{"embeddable":true,"href":"https:\/\/webs.uab.cat\/globalintel\/wp-json\/wp\/v2\/users\/2874"}],"replies":[{"embeddable":true,"href":"https:\/\/webs.uab.cat\/globalintel\/wp-json\/wp\/v2\/comments?post=508"}],"version-history":[{"count":19,"href":"https:\/\/webs.uab.cat\/globalintel\/wp-json\/wp\/v2\/pages\/508\/revisions"}],"predecessor-version":[{"id":761,"href":"https:\/\/webs.uab.cat\/globalintel\/wp-json\/wp\/v2\/pages\/508\/revisions\/761"}],"up":[{"embeddable":true,"href":"https:\/\/webs.uab.cat\/globalintel\/wp-json\/wp\/v2\/pages\/17"}],"wp:attachment":[{"href":"https:\/\/webs.uab.cat\/globalintel\/wp-json\/wp\/v2\/media?parent=508"}],"curies":[{"name":"wp","href":"https:\/\/api.w.org\/{rel}","templated":true}]}}