{"id":464,"date":"2023-05-25T12:41:03","date_gmt":"2023-05-25T10:41:03","guid":{"rendered":"https:\/\/npir-uab.org\/?page_id=464"},"modified":"2025-08-16T19:03:05","modified_gmt":"2025-08-16T17:03:05","slug":"2023-2","status":"publish","type":"page","link":"https:\/\/webs.uab.cat\/gnpr\/2023-2\/","title":{"rendered":"2023"},"content":{"rendered":"\n<p>Velasco R, Argyriou AA, Marco C, Mariotto S, Stradella A, Hern\u00e1ndez J, Pernas S, Ferrari S, Bruna J.<br><a href=\"https:\/\/pubmed.ncbi.nlm.nih.gov\/36094631\/\" target=\"_blank\" rel=\"noreferrer noopener\">Serum neurofilament levels correlate with electrodiagnostic evidence of axonal loss in paclitaxel\u2011induced peripheral neurotoxicity<\/a>.<strong><br>J Neurology<\/strong> 2023, 270: 531-537.<br>doi: <a href=\"https:\/\/doi.org\/10.1007\/s00415-022-11377-4\" target=\"_blank\" rel=\"noreferrer noopener\">10.1007\/s00415-022-11377-4<\/a>.<\/p>\n\n\n\n<p>Contreras E, Traserra S, Bol\u00edvar S, For\u00e9s J, Jose-Cunilleras E, Delgado-Mart\u00ednez I, Garc\u00eda F, Udina E, Navarro X.<br><a href=\"https:\/\/pubmed.ncbi.nlm.nih.gov\/36674848\/\" target=\"_blank\" rel=\"noreferrer noopener\">Repair of long peripheral nerve defects in sheep: a translational model for nerve regeneration<\/a>.<strong><br>Int J Mol Sci <\/strong>2023, 24 (2): 1333. <br>doi: <a href=\"https:\/\/doi.org\/10.3390\/ijms24021333\" target=\"_blank\" rel=\"noreferrer noopener\">10.3390\/ijms24021333<\/a>.<\/p>\n\n\n\n<p>Arbat-Plana A, Bol\u00edvar S, Navarro X, Udina E, Alvarez FJ.<br><a href=\"https:\/\/pubmed.ncbi.nlm.nih.gov\/36759186\/\" target=\"_blank\" rel=\"noreferrer noopener\">Massive loss of proprioceptive Ia synapses in rat spinal motoneurons after nerve crush injuries in the postnatal period<\/a>.<br><strong>eNeuro<\/strong> 2023, 10 (2): ENEURO.0436-22.2023.<br>doi: <a href=\"https:\/\/doi.org\/10.1523\/ENEURO.0436-22.2023\" target=\"_blank\" rel=\"noreferrer noopener\">10.1523\/ENEURO.0436-22.2023<\/a>.<\/p>\n\n\n\n<p>Contreras E, Traserra S, Bol\u00edvar S, Nieto-Nicolau N, Jaramillo J, For\u00e9s J, Jose-Cunilleras E, Moll X, Garc\u00eda F, Delgado-Mart\u00ednez I, Fari\u00f1as O, L\u00f3pez-Chic\u00f3n P, Vilarrodona A, Udina E, Navarro X.<br><a href=\"https:\/\/pubmed.ncbi.nlm.nih.gov\/37319401\/\" target=\"_blank\" rel=\"noreferrer noopener\">Decellularized Graft for Repairing Severe Peripheral Nerve Injuries in Sheep<\/a>.<br><strong>Neurosurgery<\/strong> 2023. <br>doi: <a href=\"https:\/\/doi.org\/10.1227\/neu.0000000000002572\" target=\"_blank\" rel=\"noreferrer noopener\">10.1227\/neu.0000000000002572<\/a>.<\/p>\n\n\n\n<p>Romeni S, Losanno E, Koert E, Pierantoni L, Delgado-Mart\u00ednez I, Navarro X, Micera S.<br><a href=\"https:\/\/pubmed.ncbi.nlm.nih.gov\/37369194\/\" target=\"_blank\" rel=\"noreferrer noopener\">Combining biophysical models and machine learning to optimize implant geometry and stimulation protocol for intraneural electrodes<\/a>.<br><strong>J Neural Eng<\/strong> 2023. <br>doi: <a href=\"https:\/\/doi.org\/10.1088\/1741-2552\/ace219\" target=\"_blank\" rel=\"noreferrer noopener\">10.1088\/1741-2552\/ace219<\/a>.<\/p>\n\n\n\n<p>Redolfi-Riva E, P\u00e9rez-Izquierdo M, Zinno C, Contreras E, Rodr\u00edguez-Meana B, Iberite F, Ricotti L, Micera S, Navarro X.<br><a href=\"https:\/\/pubmed.ncbi.nlm.nih.gov\/37369194\/\" target=\"_blank\" rel=\"noreferrer noopener\">A novel 3D-printed\/porous conduit with tunable properties to enhance nerve regeneration over the limiting gap length<\/a>.<br><strong>Adv Mater Technol<\/strong> 2023, 8:2300136. <br>doi: <a href=\"https:\/\/doi.org\/10.1002\/admt.202300136\" target=\"_blank\" rel=\"noreferrer noopener\">10.1002\/admt.202300136<\/a>.<\/p>\n\n\n\n<p>Bol\u00edvar S, Sanz E, Ovelleiro D, Zochodne DW, Udina E.<br>Neuron-specific RNA-sequencing reveals different regeneration mechanisms in peripheral neurons after nerve injury.<br><strong>eLife<\/strong> 2023, 12: RP9131. <br>doi: <a href=\"https:\/\/doi.org\/10.7554\/eLife.91316.1\" target=\"_blank\" rel=\"noreferrer noopener\">10.7554\/eLife.91316.1<\/a>.<\/p>\n\n\n\n<p>Garc\u00eda-Al\u00e9n L, Kumru H, Castillo-Escario Y, Benito-Penalva J, Medina-Casanovas J, Gerasimenko YP, Edgerton VR, Garc\u00eda-Al\u00edas G, Vidal J.<br><a href=\"https:\/\/pubmed.ncbi.nlm.nih.gov\/36831125\" target=\"_blank\" rel=\"noreferrer noopener\">Transcutaneous cervical spinal cord stimulation combined with robotic exoskeleton rehabilitation for the upper limbs in subjects with cervical SCI: clinical trial<\/a>.<br><strong>Biomedicines<\/strong> 2023, 11(2): 589. <br>doi: <a href=\"https:\/\/doi.org\/10.3390\/biomedicines11020589\" target=\"_blank\" rel=\"noreferrer noopener\">10.3390\/biomedicines11020589<\/a><\/p>\n","protected":false},"excerpt":{"rendered":"<p>Velasco R, Argyriou AA, Marco C, Mariotto S, Stradella A, Hern\u00e1ndez J, Pernas S, Ferrari S, Bruna J.Serum neurofilament levels correlate with electrodiagnostic evidence of axonal loss in paclitaxel\u2011induced peripheral neurotoxicity.J Neurology 2023, 270: 531-537.doi: 10.1007\/s00415-022-11377-4. Contreras E, Traserra S, Bol\u00edvar S, For\u00e9s J, Jose-Cunilleras E, Delgado-Mart\u00ednez I, Garc\u00eda F, Udina E, Navarro X.Repair of [&hellip;]<\/p>\n","protected":false},"author":2863,"featured_media":0,"parent":0,"menu_order":0,"comment_status":"closed","ping_status":"closed","template":"","meta":{"footnotes":""},"class_list":["post-464","page","type-page","status-publish","hentry"],"_links":{"self":[{"href":"https:\/\/webs.uab.cat\/gnpr\/wp-json\/wp\/v2\/pages\/464","targetHints":{"allow":["GET"]}}],"collection":[{"href":"https:\/\/webs.uab.cat\/gnpr\/wp-json\/wp\/v2\/pages"}],"about":[{"href":"https:\/\/webs.uab.cat\/gnpr\/wp-json\/wp\/v2\/types\/page"}],"author":[{"embeddable":true,"href":"https:\/\/webs.uab.cat\/gnpr\/wp-json\/wp\/v2\/users\/2863"}],"replies":[{"embeddable":true,"href":"https:\/\/webs.uab.cat\/gnpr\/wp-json\/wp\/v2\/comments?post=464"}],"version-history":[{"count":3,"href":"https:\/\/webs.uab.cat\/gnpr\/wp-json\/wp\/v2\/pages\/464\/revisions"}],"predecessor-version":[{"id":755,"href":"https:\/\/webs.uab.cat\/gnpr\/wp-json\/wp\/v2\/pages\/464\/revisions\/755"}],"wp:attachment":[{"href":"https:\/\/webs.uab.cat\/gnpr\/wp-json\/wp\/v2\/media?parent=464"}],"curies":[{"name":"wp","href":"https:\/\/api.w.org\/{rel}","templated":true}]}}