{"id":538,"date":"2023-12-25T19:36:38","date_gmt":"2023-12-25T18:36:38","guid":{"rendered":"https:\/\/npir-uab.org\/?page_id=538"},"modified":"2025-08-16T19:06:58","modified_gmt":"2025-08-16T17:06:58","slug":"2024-2","status":"publish","type":"page","link":"https:\/\/webs.uab.cat\/gnpr\/2024-2\/","title":{"rendered":"2024"},"content":{"rendered":"\n<p>Per\u00e1lvarez-Mar\u00edn A, Sol\u00e9 M, Serrano J, Taddeucci A, P\u00e9rez B, Penas C, Manich G, Jim\u00e9nez M, D&#8217;Ocon P, Jim\u00e9nez-Altay\u00f3 J.<br><a href=\"https:\/\/pubmed.ncbi.nlm.nih.gov\/38007144\" target=\"_blank\" rel=\"noreferrer noopener\">Evidence for the involvement of TRPV2 channels in the modulation of vascular tone in the mouse aorta<\/a>.<strong><br>Life Sciences<\/strong> 2024, 336: 122286. <br>doi: <a href=\"https:\/\/doi.org\/10.1016\/j.lfs.2023.122286\" target=\"_blank\" rel=\"noreferrer noopener\">10.1016\/j.lfs.2023.122286<\/a>.<\/p>\n\n\n\n<p>Viana D, Walston ST, Masvidal-Codina E, Illa X, Rodr\u00edguez-Meana B, Del Valle J, Hayward A, Dodd A, Loret T, Prats-Alfonso E, de la Oliva N, Palma M, Del Corro E, Del Pilar Bernicola M, Rodr\u00edguez-Lucas E, Gener T, de la Cruz JM, Torres-Miranda M, Duvan FT, Ria N, Sperling J, Mart\u00ed-S\u00e1nchez S, Spadaro MC, H\u00e9bert C, Savage S, Arbiol J, Guimer\u00e0-Brunet A, Puig MV, Yvert B, Navarro X, Kostarelos K, Garrido JA.<br><a href=\"https:\/\/pubmed.ncbi.nlm.nih.gov\/38212522\/\" target=\"_blank\" rel=\"noreferrer noopener\">Nanoporous graphene-based thin-film microelectrodes for in vivo high-resolution neural recording and stimulation<\/a>.<strong><br>Nature Nanotech<\/strong> 2024, 19: 514\u2013523. <br>doi: <a href=\"https:\/\/doi.org\/10.1038\/s41565-023-01570-5\" target=\"_blank\" rel=\"noreferrer noopener\">10.1038\/s41565-023-01570-5<\/a>.<\/p>\n\n\n\n<p>Masegosa VM, Navarro X, Herrando-Grabulosa M.<br><a href=\"https:\/\/pubmed.ncbi.nlm.nih.gov\/38262101\/\" target=\"_blank\" rel=\"noreferrer noopener\">ICA-27243 improves neuromuscular function and preserves motoneurons in the transgenic SOD1G93A mice<\/a>.<strong><br>Neurotherapeutics<\/strong> 2024, 21(2): e00319. <br>doi: <a href=\"https:\/\/doi.org\/10.1016\/j.neurot.2024.e00319\" target=\"_blank\" rel=\"noreferrer noopener\">10.1016\/j.neurot.2024.e00319<\/a>.<\/p>\n\n\n\n<p>Izquierdo-Villalba I, Mirra S, Manso Y, Parcerisas A, Rubio J, Del Valle J, Gil-Bea FJ, Ulloa F, Herrero-Lorenzo M, Verdaguer E, Beninc\u00e1 C, Castro-Torres RD, Rebollo E, Marfany G, Auladell C, Navarro X, Enr\u00edquez JA, L\u00f3pez de Munain A, Soriano E, Aragay AM.<br><a href=\"https:\/\/pubmed.ncbi.nlm.nih.gov\/38320000\/\" target=\"_blank\" rel=\"noreferrer noopener\">A mammalian-specific Alex3\/G\u03b1q protein complex regulates mitochondrial trafficking, dendritic complexity, and neuronal survival<\/a>.<strong><br>Sci Signal<\/strong> 2024, 17 (822): eabq1007. <br>doi: <a href=\"https:\/\/doi.org\/10.1126\/scisignal.abq1007\" target=\"_blank\" rel=\"noreferrer noopener\">10.1126\/scisignal.abq1007<\/a>.<\/p>\n\n\n\n<p>Redolfi Riva E, \u00d6zkan M, Contreras E, Pawar S, Zinno C, Escarda-Castro E, Kim J, Wieringa P, Stellacci F, Micera S, Navarro X.<br><a href=\"https:\/\/pubmed.ncbi.nlm.nih.gov\/38363090\/\" target=\"_blank\" rel=\"noreferrer noopener\">Beyond the limiting gap length: peripheral nerve regeneration through implantable nerve guidance conduits<\/a>.<strong><br>Biomaterials Science<\/strong> 2024, 12: 1371-1404. <br>doi: <a href=\"https:\/\/doi.org\/10.1039\/d3bm01163a\" target=\"_blank\" rel=\"noreferrer noopener\">10.1039\/d3bm01163a<\/a>.<\/p>\n\n\n\n<p>D\u00edaz-P\u00e9rez A, P\u00e9rez B, Manich G, Garc\u00eda-Aranda J, Navarro X, Penas C, Jim\u00e9nez-Altay\u00f3 F.<br><a href=\"https:\/\/pubmed.ncbi.nlm.nih.gov\/38382328\/\" target=\"_blank\" rel=\"noreferrer noopener\">Histone deacetylase inhibition by suberoylanilide hydroxamic acid during reperfusion promotes multifaceted brain and vascular protection in spontaneously hypertensive rats with transient ischaemic stroke<\/a>.<strong><br>Biomed Pharmacother<\/strong> 2024, 172: 116287. <br>doi: <a href=\"https:\/\/doi.org\/10.1016\/j.biopha.2024.116287\" target=\"_blank\" rel=\"noreferrer noopener\">10.1016\/j.biopha.2024.116287<\/a>.<\/p>\n\n\n\n<p>Rodr\u00edguez-Meana B, Santos-Nogueira E, Trujillo-V\u00e1zquez S, Jakob A, Udina E, Fournelle M, Navarro X.<br><a href=\"https:\/\/pubmed.ncbi.nlm.nih.gov\/38481939\/\" target=\"_blank\" rel=\"noreferrer noopener\">Assessment of focused ultrasound stimulation to induce peripheral nerve activity and potential damage <em>in vivo<\/em><\/a>.<strong><br>Front Neurol<\/strong> 2024, 15: 1346412. <br>doi: <a href=\"https:\/\/doi.org\/10.3389\/fneur.2024.1346412\" target=\"_blank\" rel=\"noreferrer noopener\">10.3389\/fneur.2024.1346412<\/a>.<\/p>\n\n\n\n<p>S\u00e1nchez-Ventura J, Lago N, Penas C, Navarro X, Udina E.<br><a href=\"https:\/\/pubmed.ncbi.nlm.nih.gov\/38673852\/\" target=\"_blank\" rel=\"noreferrer noopener\">Link Protein 1 Is Involved in the Activity-Dependent Modulation of Perineuronal Nets in the Spinal Cord<\/a>.<strong><br>Int J Mol Sci<\/strong> 2024, 25 (8): 4267. <br>doi: <a href=\"https:\/\/doi.org\/10.3390\/ijms25084267\" target=\"_blank\" rel=\"noreferrer noopener\">10.3390\/ijms25084267<\/a>.<\/p>\n\n\n\n<p>Bol\u00edvar S, Sanz E, Ovelleiro D, Zochodne DW, Udina E.<br><a href=\"https:\/\/pubmed.ncbi.nlm.nih.gov\/38742628\/\" target=\"_blank\" rel=\"noreferrer noopener\">Neuron-specific RNA-sequencing reveals different responses in peripheral neurons after nerve injury<\/a>.<strong><br>eLife<\/strong> 2024, 12: RP91316. <br>doi: <a href=\"https:\/\/doi.org\/10.7554\/eLife.91316\" target=\"_blank\" rel=\"noreferrer noopener\">10.7554\/eLife.91316<\/a>.<\/p>\n\n\n\n<p>Rodr\u00edguez-Meana B, Del Valle J, Viana D, Walston ST, Ria N, Masvidal-Codina E, Garrido JA, Navarro X.<br><a href=\"https:\/\/pubmed.ncbi.nlm.nih.gov\/38863325\/\" target=\"_blank\" rel=\"noreferrer noopener\">Engineered graphene material improves the performance of intraneural peripheral nerve electrodes<\/a>.<strong><br>Adv Sci<\/strong> 2024, 2308689. <br>doi: <a href=\"https:\/\/doi.org\/10.4103\/1673-5374.391330\" target=\"_blank\" rel=\"noreferrer noopener\">10.4103\/1673-5374.391330<\/a>.<\/p>\n\n\n\n<p>Amo-Aparicio J, Dinarello CA, Lopez-Vales R.<br><a href=\"https:\/\/pubmed.ncbi.nlm.nih.gov\/38488552\/\" target=\"_blank\" rel=\"noreferrer noopener\">Metabolic reprogramming of the inflammatory response in the nervous system: the crossover between inflammation and metabolism<\/a>.<strong><br>Neural Regen Res<\/strong> 2024, 19 (10): 2189-2201. <br>doi: <a href=\"https:\/\/doi.org\/10.4103\/1673-5374.391330\" target=\"_blank\" rel=\"noreferrer noopener\">10.4103\/1673-5374.391330<\/a>.<\/p>\n\n\n\n<p>Crugeiras J, Calls A, Contreras E, Alemany M, Navarro X, Yuste VJ, Casanovas O, Udina E, Bruna J.<br><a href=\"\/\/pubmed.ncbi.nlm.nih.gov\/39329299\/\" target=\"_blank\" rel=\"noreferrer noopener\">Oxygen matters: Unraveling the role of oxygen in the neuronal response to cisplatin<\/a>.<strong><br>J Peripher Nerv Syst<\/strong> 2024, 29: 528-536. <br>doi: <a href=\"https:\/\/onlinelibrary.wiley.com\/doi\/10.1111\/jns.12659\" target=\"_blank\" rel=\"noreferrer noopener\">10.1111\/jns.12659<\/a>.<\/p>\n\n\n\n<p>D\u00edaz-P\u00e9rez A, Lope-Piedrafita S, P\u00e9rez B, V\u00e1zquez-Sufuentes P, Rodriguez-Garcia M, Briones AM, Navarro X, Penas C, Jim\u00e9nez-Altay\u00f3 F.<br><a href=\"https:\/\/pubmed.ncbi.nlm.nih.gov\/39547431\/\" target=\"_blank\" rel=\"noreferrer noopener\">Transient cerebral ischaemia alters mesenteric arteries in hypertensive rats: Limited reversal despite suberoylanilide hydroxamic acid cerebroprotection<\/a>.<strong><br>Life Sci <\/strong>2024, 359:123247. <br>doi: <a href=\"https:\/\/doi.org\/10.1016\/j.lfs.2024.123247\" target=\"_blank\" rel=\"noreferrer noopener\">10.1016\/j.lfs.2024.123247<\/a>.<\/p>\n\n\n\n<p>Velasco R, Marco C, Domingo-Domenech E, Stradella A, Santos C, Laquente B, Ferrer G, Argyriou AA, Bruna J.<br><a href=\"https:\/\/pubmed.ncbi.nlm.nih.gov\/38952074\/\" target=\"_blank\" rel=\"noreferrer noopener\">Plasma neurofilament light chain levels in chemotherapy-induced peripheral neurotoxicity according to type of anticancer drug<\/a>.<strong><br>Eur J Neurol<\/strong> 2024, 31(9):e16369. <br>doi: <a href=\"https:\/\/onlinelibrary.wiley.com\/doi\/10.1111\/ene.16369\" target=\"_blank\" rel=\"noreferrer noopener\">10.1111\/ene.16369<\/a>.<\/p>\n\n\n\n<p>Farina A, Villagr\u00e1n-Garc\u00eda M, Vogrig A, Zekeridou A, Mu\u00f1iz-Castrillo S, Velasco R, Guidon AC, Joubert B, Honnorat J.<br><a href=\"https:\/\/pubmed.ncbi.nlm.nih.gov\/38101905\/\" target=\"_blank\" rel=\"noreferrer noopener\">Neurological adverse events of immune checkpoint inhibitors and the development of paraneoplastic neurological syndromes<\/a>.<strong><br>Lancet Neurol<\/strong> 2024; 23(1):81-94. <br>doi: <a href=\"https:\/\/doi.org\/10.1016\/s1474-4422(23)00369-1\" target=\"_blank\" rel=\"noreferrer noopener\">10.1016\/S1474-4422(23)00369-1<\/a>.<\/p>\n\n\n\n<p>Sergi PN, del Valle J, Stieglitz T, Navarro X, Micera S.<br><a href=\"https:\/\/www.mdpi.com\/2076-3417\/14\/22\/10741\" target=\"_blank\" rel=\"noreferrer noopener\">Novel in silico strategies to model the in vivo nerve scarring around implanted parylene C devices<\/a>.<strong><br>Appl Sci<\/strong> 2024, 14 (22): 10741. <br>doi: <a href=\"https:\/\/www.mdpi.com\/2076-3417\/14\/22\/10741\" target=\"_blank\" rel=\"noreferrer noopener\">10.3390\/app142210741<\/a>.<\/p>\n\n\n\n<p>Rodr\u00edguez-Meana B, del Valle J, Navarro X.<br><a href=\"https:\/\/pubmed.ncbi.nlm.nih.gov\/39768202\/\" target=\"_blank\" rel=\"noreferrer noopener\">A combinatory therapy of metformin and dexamethasone reduces the foreign body reaction to intraneural electrodes<\/a>.<strong><br>Cells<\/strong> 2024, 13 (24): 2112. <br>doi: <a href=\"https:\/\/www.mdpi.com\/2073-4409\/13\/24\/2112\" target=\"_blank\" rel=\"noreferrer noopener\">10.3390\/cells13242112<\/a>.<\/p>\n\n\n\n<p><\/p>\n","protected":false},"excerpt":{"rendered":"<p>Per\u00e1lvarez-Mar\u00edn A, Sol\u00e9 M, Serrano J, Taddeucci A, P\u00e9rez B, Penas C, Manich G, Jim\u00e9nez M, D&#8217;Ocon P, Jim\u00e9nez-Altay\u00f3 J.Evidence for the involvement of TRPV2 channels in the modulation of vascular tone in the mouse aorta.Life Sciences 2024, 336: 122286. doi: 10.1016\/j.lfs.2023.122286. Viana D, Walston ST, Masvidal-Codina E, Illa X, Rodr\u00edguez-Meana B, Del Valle J, [&hellip;]<\/p>\n","protected":false},"author":2863,"featured_media":0,"parent":0,"menu_order":0,"comment_status":"closed","ping_status":"closed","template":"","meta":{"footnotes":""},"class_list":["post-538","page","type-page","status-publish","hentry"],"_links":{"self":[{"href":"https:\/\/webs.uab.cat\/gnpr\/wp-json\/wp\/v2\/pages\/538","targetHints":{"allow":["GET"]}}],"collection":[{"href":"https:\/\/webs.uab.cat\/gnpr\/wp-json\/wp\/v2\/pages"}],"about":[{"href":"https:\/\/webs.uab.cat\/gnpr\/wp-json\/wp\/v2\/types\/page"}],"author":[{"embeddable":true,"href":"https:\/\/webs.uab.cat\/gnpr\/wp-json\/wp\/v2\/users\/2863"}],"replies":[{"embeddable":true,"href":"https:\/\/webs.uab.cat\/gnpr\/wp-json\/wp\/v2\/comments?post=538"}],"version-history":[{"count":6,"href":"https:\/\/webs.uab.cat\/gnpr\/wp-json\/wp\/v2\/pages\/538\/revisions"}],"predecessor-version":[{"id":757,"href":"https:\/\/webs.uab.cat\/gnpr\/wp-json\/wp\/v2\/pages\/538\/revisions\/757"}],"wp:attachment":[{"href":"https:\/\/webs.uab.cat\/gnpr\/wp-json\/wp\/v2\/media?parent=538"}],"curies":[{"name":"wp","href":"https:\/\/api.w.org\/{rel}","templated":true}]}}