{"id":691,"date":"2025-02-05T17:01:54","date_gmt":"2025-02-05T15:01:54","guid":{"rendered":"https:\/\/webs.uab.cat\/gnpr\/?page_id=691"},"modified":"2026-01-25T13:37:17","modified_gmt":"2026-01-25T11:37:17","slug":"2025-2","status":"publish","type":"page","link":"https:\/\/webs.uab.cat\/gnpr\/2025-2\/","title":{"rendered":"2025"},"content":{"rendered":"\n<p>Esteruelas G, Ettcheto M, Haro I, Herrando-Grabulosa M, Gaja-Capdevila N, Gomara MJ, Navarro X, Espina M, Souto EB, Camins A, Garc\u00eda ML, S\u00e1nchez-L\u00f3pez E.<br><a href=\"https:\/\/pubmed.ncbi.nlm.nih.gov\/40007904\/\" target=\"_blank\" rel=\"noreferrer noopener\">A combinatory therapy of metformin and dexamethasone reduces the foreign body reaction to intraneural electrodes<\/a>.<strong><br>Int J Nanomedicine<\/strong> 2025, 20:2273-2288. <br>doi: <a href=\"https:\/\/doi.org\/10.2147\/ijn.s479819\" target=\"_blank\" rel=\"noreferrer noopener\">10.2147\/IJN.S479819<\/a>.<\/p>\n\n\n\n<p>Moreno-Martinez L, Gaja-Capdevila N, Mosqueira-Mart\u00edn L, Herrando-Grabulosa M, Rodriguez-Gomez L, Gonzalez-Imaz K, Calvo AC, Sagartzazu-Aizpurua M, Moreno-Garc\u00eda L, Fuentes JM, Acevedo-Arozena A, Aizpurua JM, Miranda JI, L\u00f3pez de Munain A, Vallejo-Illarramendi A, Navarro X, Osta R, Gil-Bea FJ.<br><a href=\"https:\/\/pubmed.ncbi.nlm.nih.gov\/39947630\/\" target=\"_blank\" rel=\"noreferrer noopener\">Novel FKBP prolyl isomerase 1A (FKBP12) ligand promotes functional improvement in SOD1G93A amyotrophic lateral sclerosis (ALS) mice<\/a>.<strong><br>Br J Pharmacol<\/strong> 2025, Feb 13. <br>doi: <a href=\"\/\/bpspubs.onlinelibrary.wiley.com\/doi\/10.1111\/bph.17448\" target=\"_blank\" rel=\"noreferrer noopener\">10.1111\/bph.17448<\/a>.<\/p>\n\n\n\n<p class=\"has-small-font-size\">Francos-Quijorna I, Lopez-Gonzalez N, Caro-Canton M, Sanchez-Fernandez A, Hernandez-Mir G, L\u00f3pez-Vales R.<br><a href=\"https:\/\/pubmed.ncbi.nlm.nih.gov\/40120661\/\" target=\"_blank\" rel=\"noreferrer noopener\">Lack of effects of Resolvin D1 after spinal cord injury in mice<\/a>.<strong><br>Exp Neurol<\/strong> 2025, 388:115226<br>doi: <a href=\"https:\/\/www.sciencedirect.com\/science\/article\/pii\/S0014488625000901?via%3Dihub\" target=\"_blank\" rel=\"noreferrer noopener\">10.1016\/j.expneurol.2025.115226<\/a>.<\/p>\n\n\n\n<p>Manich G, P\u00e9rez B, Penas C, Dantas AP, Coutinho J, S\u00e1nchez-Bernad\u00f3 P, Garc\u00eda-Aranda J, Fraile-Ramos J, Benseny- Cases N, Mart\u00edn-Mur B, Esteve-Codina A, Rodr\u00edguez-Rovira I, Gim\u00e9nez-Llort L, Egea G, Jim\u00e9nez-Altay\u00f3 F.<br><a href=\"https:\/\/pubmed.ncbi.nlm.nih.gov\/40349485\/\" target=\"_blank\" rel=\"noreferrer noopener\">Sex- and age-dependent neurovascular abnormalities linked to neuroinflammation lead to exacerbated post-ischemic brain injury in Marfan syndrome mice<\/a>.<strong><br>Redox Biology<\/strong> 2025, 83:103662.<br>doi: <a href=\"https:\/\/www.sciencedirect.com\/science\/article\/pii\/S2213231725001752\" target=\"_blank\" rel=\"noreferrer noopener\">10.1016\/j.expneurol.2025.115226<\/a>.<\/p>\n\n\n\n<p>Turrin G, Crugeiras J, Bisquoli C, Barboni D, Catani M, Rodr\u00edguez-Meana B, Boaretto R, Albicini M, Caramori S, Trapella C, Stieglitz T, Baslan Y, Karlsson-Fernberg H, Narvaez-Chicaiza FL, Marchini E, Cavazzini A, L\u00f3pez-Vales R, Asplund M, Navarro X, Carli S.<br><a href=\"https:\/\/pubmed.ncbi.nlm.nih.gov\/40528547\/\" target=\"_blank\" rel=\"noreferrer noopener\">Covalent binding of dexamethasone to polyimide improves biocompatibility of neural implantable devices<\/a>.<strong><br>Adv HealthCare Mater<\/strong> 2025, 17:e2405004.<br>doi: <a href=\"https:\/\/advanced.onlinelibrary.wiley.com\/doi\/full\/10.1002\/adhm.202405004\" target=\"_blank\" rel=\"noreferrer noopener\">10.1002\/adhm.202405004<\/a>.<\/p>\n\n\n\n<p>S\u00e1nchez-Ventura J, Schardien KA, Fortino T, Zholudeva LV, Lane MA, Udina E.<br><a href=\"https:\/\/pubmed.ncbi.nlm.nih.gov\/40435933\/\" target=\"_blank\" rel=\"noreferrer noopener\">Perineuronal net changes reveal a distinct right and left spinal phrenic circuit<\/a>.<strong><br>J Neurotrauma<\/strong> 2025, May 28.<br>doi: <a href=\"https:\/\/www.liebertpub.com\/doi\/10.1089\/neu.2024.0597\" target=\"_blank\" rel=\"noreferrer noopener\">10.1089\/neu.2024.0597<\/a>.<\/p>\n\n\n\n<p>Besora S, Garcilazo-Reyes Y, Velasco R.<br><a href=\"https:\/\/pubmed.ncbi.nlm.nih.gov\/40328114\/\" target=\"_blank\" rel=\"noreferrer noopener\">Methotrexate-induced neurotoxicity in oncology: Current issues for a classic drug<\/a>.<strong><br>J Neurol Sci<\/strong> 2025, 473:123514.<br>doi: <a href=\"https:\/\/www.sciencedirect.com\/science\/article\/abs\/pii\/S0022510X25001315\" target=\"_blank\" rel=\"noreferrer noopener\">10.1016\/j.jns.2025.123514<\/a>.<\/p>\n\n\n\n<p>Palom\u00e9s-Borrajo G, Navarro X, Penas C.<br><a href=\"https:\/\/pubmed.ncbi.nlm.nih.gov\/40650056\/\" target=\"_blank\" rel=\"noreferrer noopener\">Histone acetylation in central and peripheral nervous system injuries and regeneration: epigenetic dynamics and therapeutic perspectives<\/a>.<strong><br>Int J Mol Sci <\/strong>2025, 26(13):6277.<br>doi: <a href=\"https:\/\/www.mdpi.com\/1422-0067\/26\/13\/6277\" target=\"_blank\" rel=\"noreferrer noopener\">10.3390\/ijms26136277<\/a>.<\/p>\n\n\n\n<p>Masegosa VM, Fritz E, Corvalan D, Rojas F, Garc\u00e9s P, Navarro X, Bloms-Funke P, van Zundert B, Herrando-Grabulosa M.<br><a href=\"https:\/\/pubmed.ncbi.nlm.nih.gov\/40671688\/\" target=\"_blank\" rel=\"noreferrer noopener\">Novel dual mechanism GRT-X agonist acting on Kv7 potassium channel\/translocator protein receptor prevents motoneuron degeneration following exposure to mouse and human amyotrophic lateral sclerosis\/frontotemporal dementia astrocyte-conditioned media<\/a>.<strong><br>ACS Chem Neurosci<\/strong> 2025, 16(15):2887-2900.<br>doi: <a href=\"https:\/\/pubs.acs.org\/doi\/full\/10.1021\/acschemneuro.5c00197\" target=\"_blank\" rel=\"noreferrer noopener\">10.1021\/acschemneuro.5c00197<\/a>.<\/p>\n\n\n\n<p>Negro-Demontel L, Evans F, Cawen A, Fitzpatrick Z, Mason HD, Ali D, Lopez-Vales R, Lago N, Peluffo H.<br><a href=\"https:\/\/pubmed.ncbi.nlm.nih.gov\/40935207\/\" data-type=\"link\" data-id=\"https:\/\/pubmed.ncbi.nlm.nih.gov\/40935207\/\" target=\"_blank\" rel=\"noreferrer noopener\">CD300f enables microglial damage sensing, efferocytosis, and apoptotic cell metabolization after brain injury<\/a>.<br><strong>Brain Behav Immun<\/strong> 2025 :106105.<br>doi: <a href=\"https:\/\/doi.org\/10.1016\/j.bbi.2025.106105\" data-type=\"link\" data-id=\"https:\/\/doi.org\/10.1016\/j.bbi.2025.106105\" target=\"_blank\" rel=\"noreferrer noopener\">10.1016\/j.bbi.2025.106105<\/a>.<\/p>\n\n\n\n<p>Verd\u00e9s S, Navarro X, Bosch A.<br><a href=\"https:\/\/pubmed.ncbi.nlm.nih.gov\/40905633\/\" data-type=\"link\" data-id=\"https:\/\/pubmed.ncbi.nlm.nih.gov\/40905633\/\" target=\"_blank\" rel=\"noreferrer noopener\">Targeting Amyotrophic Lateral Sclerosis with gene therapy: from silencing genes to enhancing neuroprotection<\/a>.<br><strong>Hum Gene Ther<\/strong> 2025, 36 (17-18): 1173-1198.<br>doi: <a href=\"https:\/\/www.liebertpub.com\/doi\/10.1177\/10430342251372898?doi=10.1177\/10430342251372898\" data-type=\"link\" data-id=\"https:\/\/www.liebertpub.com\/doi\/10.1177\/10430342251372898?doi=10.1177\/10430342251372898\" target=\"_blank\" rel=\"noreferrer noopener\">10.1177\/10430342251372898<\/a>.<\/p>\n\n\n\n<p>Ivorra A, Aus\u00edn T, Becerra-Fajardo L, Del Ama AJ, Minguill\u00f3n J, Garc\u00eda-Moreno A, Aguil\u00f3 J, Barroso FO, Bijnens B, Camara O, Capdevila S, Fernandez RC, Davalos RV, Divoux JL, Eladly A, Farina D, Hombravella CG, L\u00f3pez RG, Gonzalez CA, Gr\u00edfols J, Maglietti F, Malik S, Maor E, Marshall G, Yus BM, Mir LM, Moreno JC, Navarro X, Noguera N, Ozaita A, Piella G, Pons JL, Quesada R, Rivera-Gil P, Rubinsky B, Garcia AR, Ruiz-Vargas A, S\u00e1nchez S\u00e1nchez M, Schneider-Ickert A, Shu T, Sanz RV, Zhang B, Revuelta G.<br><a href=\"https:\/\/pubmed.ncbi.nlm.nih.gov\/40993405\/\" data-type=\"link\" data-id=\"https:\/\/pubmed.ncbi.nlm.nih.gov\/40993405\/\" target=\"_blank\" rel=\"noreferrer noopener\">The biomedical engineer&#8217;s pledge: overview and context<\/a>.<br><strong>Med Biol Eng Comput<\/strong> 2025 Sep 24.<br>doi: <a href=\"https:\/\/doi.org\/10.1007\/s11517-025-03443-6\" data-type=\"link\" data-id=\"https:\/\/doi.org\/10.1007\/s11517-025-03443-6\" target=\"_blank\" rel=\"noreferrer noopener\">10.1007\/s11517-025-03443-6<\/a><\/p>\n\n\n\n<p>Pannunzio B, Cawen A, Evans F, Lopez-Vales R, Peluffo R, Lago N.<br><a href=\"https:\/\/pubmed.ncbi.nlm.nih.gov\/41266433\/\" data-type=\"link\" data-id=\"https:\/\/pubmed.ncbi.nlm.nih.gov\/41266433\/\" target=\"_blank\" rel=\"noreferrer noopener\">CD200R1 modulates myelin phagocytosis and spleen response following spinal cord injury<\/a>.<br><strong>Scientific Reports<\/strong> 2025, 15 (1): 41013.<br>doi: <a href=\"https:\/\/doi.org\/10.1038\/s41598-025-24827-6\" target=\"_blank\" rel=\"noreferrer noopener\">10.1038\/s41598-025-24827-6<\/a>.<\/p>\n\n\n\n<p>Alemany M, Bruna J, Yuste VJ.<br><a href=\"https:\/\/pubmed.ncbi.nlm.nih.gov\/40980441\/\" data-type=\"link\" data-id=\"https:\/\/pubmed.ncbi.nlm.nih.gov\/40980441\/\" target=\"_blank\" rel=\"noreferrer noopener\">Reaching the point-of-no-return: The cornerstone of glioblastoma treatment?<\/a><br><strong>Neurooncol Adv<\/strong> 2025, 7(1):vdaf174.<br>doi: <a href=\"https:\/\/doi.org\/10.1093\/noajnl\/vdaf174\" target=\"_blank\" rel=\"noreferrer noopener\">10.1093\/noajnl\/vdaf174<\/a>.<\/p>\n\n\n\n<p>Velasco R, Abad-Inchaurrondo I, Sureda A.<br><a href=\"https:\/\/pubmed.ncbi.nlm.nih.gov\/40500259\/\" data-type=\"link\" data-id=\"https:\/\/pubmed.ncbi.nlm.nih.gov\/40500259\/\" target=\"_blank\" rel=\"noreferrer noopener\">CAR-T cell-associated neurotoxicity during therapy of hematologic malignancies: incidence, clinical features, predictive biomarkers and management measures<\/a>.<br><strong>Leuk Lymphoma<\/strong> 2025, 66 (9): 1557-1569.<br>doi: <a href=\"https:\/\/doi.org\/10.1080\/10428194.2025.2502810\" target=\"_blank\" rel=\"noreferrer noopener\">10.1080\/10428194.2025.2502810<\/a>.<\/p>\n\n\n\n<p>D\u00edaz\u2011P\u00e9rez A, Alvarez de Eulate N, Masvidal\u2011Codina E, Illa X, Navarro X , Guimer\u00e0\u2011Brunet, A, Jim\u00e9nez\u2011Altay\u00f3 F, Penas, C.<br><a href=\"https:\/\/pubmed.ncbi.nlm.nih.gov\/41299012\/\" data-type=\"link\" data-id=\"https:\/\/pubmed.ncbi.nlm.nih.gov\/41299012\/\" target=\"_blank\" rel=\"noreferrer noopener\">Cortical spreading depolarizations in stroke: Mechanisms, neuroprotective interventions, and monitoring techniques<\/a>.<br><strong>GeroScience<\/strong> 2025, Nov 26.<br>doi: <a href=\"https:\/\/doi.org\/10.1007\/s11357-025-01988-w\" target=\"_blank\" rel=\"noreferrer noopener\">10.1007\/s11357-025-01988-w<\/a>.<\/p>\n\n\n\n<p>Ciotti F, Cimolato A, Gozzi N, Palopoli P, Brugnoli L, Katic-Secerovic N, Gallivan R, Shokurov A, Menon C, Weichart J, Delgado-Martinez I, Song W, Zanos S, Navarro X, Raspopovic S.<br>From in-silico optimized microfabrication to experimental validation: engineering a tridimensional epi-intraneural interface.<br><strong>Adv Funct Mater<\/strong> 2025, e22367.<br>doi: <a href=\"https:\/\/doi.org\/10.1002\/adfm.202522367\" target=\"_blank\" rel=\"noreferrer noopener\">10.1002\/adfm.202522367<\/a>.<\/p>\n\n\n\n<p><\/p>\n","protected":false},"excerpt":{"rendered":"<p>Esteruelas G, Ettcheto M, Haro I, Herrando-Grabulosa M, Gaja-Capdevila N, Gomara MJ, Navarro X, Espina M, Souto EB, Camins A, Garc\u00eda ML, S\u00e1nchez-L\u00f3pez E.A combinatory therapy of metformin and dexamethasone reduces the foreign body reaction to intraneural electrodes.Int J Nanomedicine 2025, 20:2273-2288. doi: 10.2147\/IJN.S479819. Moreno-Martinez L, Gaja-Capdevila N, Mosqueira-Mart\u00edn L, Herrando-Grabulosa M, Rodriguez-Gomez L, Gonzalez-Imaz [&hellip;]<\/p>\n","protected":false},"author":2863,"featured_media":0,"parent":0,"menu_order":0,"comment_status":"closed","ping_status":"closed","template":"","meta":{"footnotes":""},"class_list":["post-691","page","type-page","status-publish","hentry"],"_links":{"self":[{"href":"https:\/\/webs.uab.cat\/gnpr\/wp-json\/wp\/v2\/pages\/691","targetHints":{"allow":["GET"]}}],"collection":[{"href":"https:\/\/webs.uab.cat\/gnpr\/wp-json\/wp\/v2\/pages"}],"about":[{"href":"https:\/\/webs.uab.cat\/gnpr\/wp-json\/wp\/v2\/types\/page"}],"author":[{"embeddable":true,"href":"https:\/\/webs.uab.cat\/gnpr\/wp-json\/wp\/v2\/users\/2863"}],"replies":[{"embeddable":true,"href":"https:\/\/webs.uab.cat\/gnpr\/wp-json\/wp\/v2\/comments?post=691"}],"version-history":[{"count":13,"href":"https:\/\/webs.uab.cat\/gnpr\/wp-json\/wp\/v2\/pages\/691\/revisions"}],"predecessor-version":[{"id":781,"href":"https:\/\/webs.uab.cat\/gnpr\/wp-json\/wp\/v2\/pages\/691\/revisions\/781"}],"wp:attachment":[{"href":"https:\/\/webs.uab.cat\/gnpr\/wp-json\/wp\/v2\/media?parent=691"}],"curies":[{"name":"wp","href":"https:\/\/api.w.org\/{rel}","templated":true}]}}