{"id":698,"date":"2025-03-02T12:12:58","date_gmt":"2025-03-02T10:12:58","guid":{"rendered":"https:\/\/webs.uab.cat\/gnpr\/?page_id=698"},"modified":"2025-03-02T12:52:00","modified_gmt":"2025-03-02T10:52:00","slug":"projects","status":"publish","type":"page","link":"https:\/\/webs.uab.cat\/gnpr\/projects\/","title":{"rendered":"Projects"},"content":{"rendered":"\n<p class=\"has-normal-font-size\"><strong>Funded research projects<\/strong> (from 2020)<\/p>\n\n\n\n<ul class=\"wp-block-list\">\n<li>Proyecto de Investigaci\u00f3n TV3 201729, Fundaci\u00f3 La Marato-TV3, 2018-2021. \u201cModulaci\u00f3 de les xarxes perineurals mitjan\u00e7ant l\u2019exercici f\u00edsic despr\u00e9s d\u2019una lesi\u00f3 medul\u00b7lar en models animals: plasticitat versus estabilitat dels circuits neurals\u201d. IP Esther Udina (300.000 \u20ac).<\/li>\n\n\n\n<li>Proyecto de Investigaci\u00f3n TV32016, Fundaci\u00f3 La Marato-TV3, 2018-2021. \u201cRecuperaci\u00f3 dels moviments del bra\u00e7 i de la m\u00e0 en pacients amb lesi\u00f3 de la medul\u00b7la espinal cervical mitjan\u00e7ant la neuromodulaci\u00f3 el\u00e8ctrica espinal assistida amb un exosquelet de bra\u00e7\u201d. IP Guillermo Garc\u00eda-Alias (399.945\u20ac).<\/li>\n\n\n\n<li>Proyecto SAF 2017 84464R. Ministerio de Econom\u00eda y Competitividad, 2018-2021. \u201cModulation of axonal translatoma to promote selective regeneration after peripheral nerve injuries&#8221;. IP Esther Udina (133.584\u20ac)<\/li>\n\n\n\n<li>Proyecto HR17-778. Health Research program, Fundaci\u00f3 La Caixa, 2018-2021. Activation of the resolution programs of inflammation as a novel therapeutic approach for the treatment of Amyotrophic Lateral Sclerosis. IP Ruben L\u00f3pez Vales (500.000 \u20ac).<\/li>\n\n\n\n<li>Proyecto PCI2018-093029, FLAG<strong>\u2013<\/strong>ERA JTC and Ministerio de Ciencia, Innovaci\u00f3n y Universidades, 2018-2021. \u201cGRAphene-based Flexible neural Interfaces for the control of Neuroprosthetic devices (GRAFIN)\u201d. IP Xavier Navarro (158.000\u20ac).<\/li>\n\n\n\n<li>Proyecto RTI2018-096386-B-I00, Ministerio de Ciencia, Innovaci\u00f3n y Universidades; Retos Investigaci\u00f3n, 2019-2022. \u201cRole of sigma 1 receptor on modulation of mitochondria-associated endoplasmic reticulum membrane (MAM) dysfunctions in motoneuron degeneration (SIGMAMALS)\u201d. IP Xavier Navarro (150.000\u20ac).<\/li>\n\n\n\n<li>Project 20-DDC-497. The ALS Association, 2019-2021. \u201cSynergistic dual target approach to ALS Therapy: simultaneous activation of two complementary targets, neuronal Kv7.2\/3 channels and glial TSPO\u201d. Coordinated project. Coordinator: Brigitte van Zundert, Universidad Andr\u00e9s Bello, Chile. Local IP: Xavier Navarro ($176.000).<\/li>\n\n\n\n<li>Project, Cure for MND Foundation, 2019-2022. \u201cSimultaneous activation of two complementary targets, Kv7.2\/3 and TSPO: a promising and novel treatment of Amyotrophic Lateral Sclerosis (ALS)\u201d. Coordinator: Mark Bellingham, University of Queensland. Local IP: Xavier Navarro (AU$ 216.300).<\/li>\n\n\n\n<li>Project NEUROGRAPH, GraphCAT: Comunitat Emergent de Graf\u00e8 a Catalunya, Code 001-P-001702, PO FEDER Catalunya 2014-2020, 2018-2022. \u201cMonitorizaci\u00f3n de la despolarizaci\u00f3n cortical en cuidados neurointensivos utilizando microtransistores de grafeno- ensayo cl\u00ednico (NeuroGraph)\u201d. IP: Xavier Navarro (125.503\u20ac).<\/li>\n\n\n\n<li>Project GA 899822, H2020 FET Open, European Commission, 2020-2024. \u201cUltrasound peripheral interface and in-vitro model of human somatosensory system and muscles for motor decoding and restoration of somatic sensations in amputees (SOMA)\u201d. IP Xavier Navarro (317.000\u20ac).<\/li>\n\n\n\n<li>Proyecto PID2019-108496RA-I00, Ministerio de Ciencia, Innovaci\u00f3n y Universidades; Retos Investigaci\u00f3n, 2020-2023. \u201cTerapia epigen\u00e9tica para promover la recuperaci\u00f3n funcional despu\u00e9s de una lesi\u00f3n de m\u00e9dula espinal (EPISCI)\u00a8. IP Clara Penas (142.780 \u20ac).<\/li>\n\n\n\n<li>Proyecto Proof of Concept 2020, Universitat Aut\u00f2noma de Barcelona, 2021-2021. Neuroresolving therapeutics for spinal cord injury. IP Rub\u00e8n L\u00f3pez Vales (50.000\u20ac)<\/li>\n\n\n\n<li>Proyecto PID2020-120267RB-I00. Ministerio de Ciencia, Innovaci\u00f3n; Retos Investigaci\u00f3n, 2021-2023. Papel de la interleucina-38 en lesiones y enfermedades del sistema nervioso central. IP Rub\u00e8n L\u00f3pez Vales (205.700\u20ac)<\/li>\n\n\n\n<li>Proyecto PDC2021-121791-I00, Ministerio de Ciencia e Innovaci\u00f3n; Pruebas de Concepto 2021, 2021-2022. Neuroresolving therapeutics for spinal cord injury. IP Rub\u00e8n L\u00f3pez Vales (141.450\u20ac)<\/li>\n\n\n\n<li>Proyecto PI2020\/08-1 Proyecto Intramural, CIBERNED, 2021-2023. CIBER-CALS: a CIBERned drug discovery network to test Calcium modulators as treatment for ALS. IP local: Xavier Navarro (55.000\u20ac).<\/li>\n\n\n\n<li>Proyecto PDC2021-121276-C33, Ministerio de Ciencia e Innovaci\u00f3n; Pruebas de Concepto 2021, 2021-2022. Optimizaci\u00f3n de protocolos de actuaci\u00f3n neurom\u00f3rfica para un dispositivo de memoria accionado magnetoi\u00f3nicamente. IP Carme Nogu\u00e9s; Miembro del Equipo Xavier Navarro (11.500\u20ac).<\/li>\n\n\n\n<li>Proyecto H2020-MSCA-IF-2020-CD300f; European Commission, 2021-2023. Unravelling the role of the immune receptor CD300f in spinal cord injury and metabolic reprogramming. IP Rub\u00e8n L\u00f3pez Vales (172.932,48\u20ac)<\/li>\n\n\n\n<li>Proyecto PCI2021-122075-2A, FLAG<strong>\u2013<\/strong>ERA JTC and Agencia Estatal de Investigaci\u00f3n, 2022-2024. Functional stimulation system for rehabilitation of gait and driving neural plasticity after spinal cord injury using graphene-based nerve electrodes (RESCUEGRAPH). IP Xavier Navarro (158.300\u20ac).<\/li>\n\n\n\n<li>Grupo de la Red de Terapias Avanzadas (TERAV) RD21\/0017\/0008, Instituto de Salud Carlos III, 2022-2025. IP Miguel Chill\u00f3n (54.000 \u20ac\/a\u00f1o).<\/li>\n\n\n\n<li>Proyecto PID2021-127626OB-I00 PID2021-127626OB-I00. Agencia Estatal de Investigaci\u00f3n, 2022-2025. Rejuvenating peripheral neurons to promote specific regeneration after peripheral nerve injuries in animal models. Competitive research. IP Esther Udina (198.444 \u20ac).<\/li>\n\n\n\n<li>Proyecto PID2021-126969OB-I00. Evaluaci\u00f3n de la plasticidad de una red cortico-espinal, Agencia Estatal de Investigaci\u00f3n, 2022-2024. IP Guillermo Garc\u00eda-Al\u00edas<\/li>\n\n\n\n<li>Deep Tech Proof of concept, Ajuntament de Barcelona I Barcelona Activa. NEURORESOLVING. 2023. IP Rub\u00e8n L\u00f3pez Vales (45.000\u20ac).<\/li>\n\n\n\n<li>Proyecto 2022-INNOV-00007. Neuroresolving therapy for injuries and diseases of the central nervous system. Ag\u00e8ncia de Gesti\u00f3 d\u2019Ajuts Universitaris i de Recerca (AGAUR). 2023-2024. IP Rub\u00e8n L\u00f3pez Vales. (90.000\u20ac)<\/li>\n\n\n\n<li>Project GA 101099366, HORIZON-EIC-2022-PATHFINDEROPEN, European Commission. BioFunctional IntraNeural Electrodes (BioFINE). IP Xavier Navarro (402.895\u20ac).<\/li>\n\n\n\n<li>Proyecto GROKE. Convocatoria de Proyectos Colaborativos CIBERNED-BBN 2023, CIBER. 2023-25. Advanced graphene-based neural interfaces for therapeutic intervention monitoring after brain stroke. Co-IPs Xavier Illa, Clara Penas (35.000 \u20ac).<\/li>\n\n\n\n<li>Proyecto CPP2022-009550. Proyectos en Colaboraci\u00f3n P\u00fablico-Privada 2022, Agencia Estatal de Investigaci\u00f3n, 2023-2026. Tecnolog\u00edas y modelos de alto rendimiento optimizados para el descubrimiento y validaci\u00f3n de nuevos inhibidores epigen\u00e9ticos para el tratamiento de patolog\u00edas neuronales (MODERN). IP UAB Clara Penas (309.578\u20ac).<\/li>\n\n\n\n<li>Proyecto PID2022-140354OB-I00. Proyectos de Generaci\u00f3n de Conocimiento 2022. Agencia Estatal de Investigaci\u00f3n, 2023-2026. Modulaci\u00f3n de la prote\u00edna quinasa D1 mediante terapia g\u00e9nica como nueva aproximaci\u00f3n terap\u00e9utica para la esclerosis lateral amiotr\u00f3fica. Co-IPs Xavier Navarro, Mireia Herrando (187.500\u20ac).<\/li>\n\n\n\n<li>Proyecto PID2022-140655OB-I00. Proyectos de Generaci\u00f3n de Conocimiento 2022. Agencia Estatal de Investigaci\u00f3n, 2023-2026. LSD1 como diana terapeutica para promover la recuperacion funcional despu\u00e9s de trauma neural. IP Clara Penas (150.000\u20ac).<\/li>\n\n\n\n<li>Project AFM 25060, AFM Tel\u00e8thon 2023, 2023-2025. Defining the contribution of ALS-associated alterations in motor neuron microenvironment to disease pathogenesis. \u00a0IP Mireia Herrando-Grabulosa (197.400 \u20ac).<\/li>\n\n\n\n<li>Project AEPEF2023, Asociaci\u00f3n Espa\u00f1ola de Pacientes de Paraparesias Espasticas Familiares (AEPEF). Caracterizaci\u00f3n de la prote\u00edna quinasa D1 en el modelo murino de ganancia de funci\u00f3n de Paraparesia Esp\u00e1stica Hereditaria SPG4.\u00a0 IP Mireia Herrando-Grabulosa (8.000 \u20ac).<\/li>\n\n\n\n<li>Proyecto PID2023-152474OB-I00. Proyectos de Generaci\u00f3n de Conocimiento 2023. Agencia Estatal de Investigaci\u00f3n, 2024-2027. Humanized mouse to assess the contribution of microglia in familiar forms of amyotrophic lateral sclerosis. IP Rub\u00e8n L\u00f3pez Vales (287.500\u20ac).<\/li>\n\n\n\n<li>Proyecto PID2023-146560OB-I00. Proyectos de Generaci\u00f3n de Conocimiento 2023. Agencia Estatal de Investigaci\u00f3n, 2024-2027. Unravelling the role of CD300f immune receptor on inflammation and lipid metabolism after spinal cord injury and other demyelinating conditions. IP Natalia Lago (200.000 \u20ac).<\/li>\n\n\n\n<li>Proyectos de investigaci\u00f3n en ELA Unzu\u00e9-Luz\u00f3n 2024. Unraveling the Mechanisms of Action Underlying the Therapeutic Effects of Maresin-1 in Amyotrophic Lateral Sclerosis. 2024-2027. IP Rub\u00e8n L\u00f3pez Vales (160.000\u20ac).<\/li>\n\n\n\n<li>Proyecto CPP2023-010491. Proyectos de Colaboraci\u00f3n P\u00fablico-Privada. Agencia Estatal de Investigaci\u00f3n, 2024-2026. Advanced multidisciplinary platform for epilepsy treatment (DIPOLE). IP UAB Ignacio Delgado-Mart\u00ednez (162.614\u20ac).<\/li>\n\n\n\n<li>Proyecto PMPER24\/00017. Proyectos de Investigaci\u00f3n en enfermedades raras, de la Convocatoria 2024 de Misiones Conjuntas del Ministerio de Sanidad y del Ministerio de Ciencia, Innovaci\u00f3n y Universidades, 2025-26. SEED-ALS: Esfuerzo sin\u00e9rgico para desarrollar y acelerar el avance en la investigaci\u00f3n en ELA. CIBERNED. Investigadores UAB: Rub\u00e8n L\u00f3pez Vales, Xavier Navarro (47.800\u20ac).<\/li>\n\n\n\n<li>Proyecto 2024 PROD 00045. Convocat\u00f2ria d\u2019Industria pel Coneixement 2024, Modalitat B: PRODUCTE. Ag\u00e8ncia de Gesti\u00f3 d\u2019Ajuts Universitaris i de Recerca. 2024-2026. Neuroresolving therapy for Amyotrophic Lateral Sclerosis. IP: Rub\u00e8n L\u00f3pez Vales (149.875\u20ac).<\/li>\n\n\n\n<li>Proyecto POC2024_2. Covocatoria Proof of Concept UAB 2024. NERO-ALS: Neuroresolving Therapeutics. Developing Innovative Treatments to Combat Neuroinflammation in Degenerative Diseases with a Focus on ALS. Universitat Aut\u00f2noma de Barcelona. IP: Rub\u00e8n L\u00f3pez Vales 50.000\u20ac<\/li>\n<\/ul>\n\n\n\n<p class=\"has-normal-font-size\"><strong>Agreements and contracts for R+D+I<\/strong> (from 2020)<\/p>\n\n\n\n<ul class=\"wp-block-list\">\n<li>Contrato de Investigaci\u00f3n con UNAB, UMASS y Grunenthal GmbH. Proyecto financiado por la ALS Association, 2019-21. \u201cSynergistic dual target approach to ALS Therapy: simultaneous activation of two complementary targets, neuronal Kv7.2\/3 channels and glial TSPO\u201d. IP Xavier Navarro (176.000$).<\/li>\n\n\n\n<li>Contrato de Investigaci\u00f3n con VERIGRAFT, 2019-20. \u201cBionerve grafts implanted to bridge a large nerve defect in sheep\u201d. IP Xavier Navarro (98.225\u20ac).<\/li>\n\n\n\n<li>Contrato de investigaci\u00f3n con Oryzon Genomics, 2024-25. \u201cTest efficacy and survival of HDAC6 inhibitors in the amyotrophic lateral sclerosis SOD1G93A mouse model\u201d. IP Mireia Herrando (121.517\u20ac).<\/li>\n\n\n\n<li>Convenio de investigaci\u00f3n con Minozar S.A, 2024-25. Evaluaci\u00f3n de mol\u00e9culas de MINOZAR en modelos neurodegenerativos y neuroinflamatorios\u201d. IP Natalia Lago (16.000\u20ac).<\/li>\n<\/ul>\n","protected":false},"excerpt":{"rendered":"<p>Funded research projects (from 2020) Agreements and contracts for R+D+I (from 2020)<\/p>\n","protected":false},"author":2863,"featured_media":0,"parent":0,"menu_order":0,"comment_status":"closed","ping_status":"closed","template":"","meta":{"footnotes":""},"class_list":["post-698","page","type-page","status-publish","hentry"],"_links":{"self":[{"href":"https:\/\/webs.uab.cat\/gnpr\/wp-json\/wp\/v2\/pages\/698","targetHints":{"allow":["GET"]}}],"collection":[{"href":"https:\/\/webs.uab.cat\/gnpr\/wp-json\/wp\/v2\/pages"}],"about":[{"href":"https:\/\/webs.uab.cat\/gnpr\/wp-json\/wp\/v2\/types\/page"}],"author":[{"embeddable":true,"href":"https:\/\/webs.uab.cat\/gnpr\/wp-json\/wp\/v2\/users\/2863"}],"replies":[{"embeddable":true,"href":"https:\/\/webs.uab.cat\/gnpr\/wp-json\/wp\/v2\/comments?post=698"}],"version-history":[{"count":3,"href":"https:\/\/webs.uab.cat\/gnpr\/wp-json\/wp\/v2\/pages\/698\/revisions"}],"predecessor-version":[{"id":705,"href":"https:\/\/webs.uab.cat\/gnpr\/wp-json\/wp\/v2\/pages\/698\/revisions\/705"}],"wp:attachment":[{"href":"https:\/\/webs.uab.cat\/gnpr\/wp-json\/wp\/v2\/media?parent=698"}],"curies":[{"name":"wp","href":"https:\/\/api.w.org\/{rel}","templated":true}]}}