{"id":769,"date":"2026-01-25T12:28:50","date_gmt":"2026-01-25T10:28:50","guid":{"rendered":"https:\/\/webs.uab.cat\/gnpr\/?page_id=769"},"modified":"2026-01-25T13:39:41","modified_gmt":"2026-01-25T11:39:41","slug":"2026-2","status":"publish","type":"page","link":"https:\/\/webs.uab.cat\/gnpr\/2026-2\/","title":{"rendered":"2026"},"content":{"rendered":"\n<p>Kordikowski R, Coutinho J, Mart\u00ednez-Martel I, Penas C, Mart\u00edn-Mur B, P\u00e9rez B, Jim\u00e9nez-Altay\u00f3 F, Pol O.<br>Pain hypersensitivity in a mouse model of Marfan syndrome.<br><strong>Antioxidants<\/strong> 2026, 15 (1): 80.<br>doi: <a href=\"https:\/\/doi.org\/10.3390\/antiox15010080\">10.3390\/antiox15010080<\/a>.<\/p>\n","protected":false},"excerpt":{"rendered":"<p>Kordikowski R, Coutinho J, Mart\u00ednez-Martel I, Penas C, Mart\u00edn-Mur B, P\u00e9rez B, Jim\u00e9nez-Altay\u00f3 F, Pol O.Pain hypersensitivity in a mouse model of Marfan syndrome.Antioxidants 2026, 15 (1): 80.doi: 10.3390\/antiox15010080.<\/p>\n","protected":false},"author":2863,"featured_media":0,"parent":0,"menu_order":0,"comment_status":"closed","ping_status":"closed","template":"","meta":{"footnotes":""},"class_list":["post-769","page","type-page","status-publish","hentry"],"_links":{"self":[{"href":"https:\/\/webs.uab.cat\/gnpr\/wp-json\/wp\/v2\/pages\/769","targetHints":{"allow":["GET"]}}],"collection":[{"href":"https:\/\/webs.uab.cat\/gnpr\/wp-json\/wp\/v2\/pages"}],"about":[{"href":"https:\/\/webs.uab.cat\/gnpr\/wp-json\/wp\/v2\/types\/page"}],"author":[{"embeddable":true,"href":"https:\/\/webs.uab.cat\/gnpr\/wp-json\/wp\/v2\/users\/2863"}],"replies":[{"embeddable":true,"href":"https:\/\/webs.uab.cat\/gnpr\/wp-json\/wp\/v2\/comments?post=769"}],"version-history":[{"count":4,"href":"https:\/\/webs.uab.cat\/gnpr\/wp-json\/wp\/v2\/pages\/769\/revisions"}],"predecessor-version":[{"id":784,"href":"https:\/\/webs.uab.cat\/gnpr\/wp-json\/wp\/v2\/pages\/769\/revisions\/784"}],"wp:attachment":[{"href":"https:\/\/webs.uab.cat\/gnpr\/wp-json\/wp\/v2\/media?parent=769"}],"curies":[{"name":"wp","href":"https:\/\/api.w.org\/{rel}","templated":true}]}}