{"id":11,"date":"2025-07-02T11:56:10","date_gmt":"2025-07-02T09:56:10","guid":{"rendered":"https:\/\/webs.uab.cat\/graal\/?page_id=11"},"modified":"2025-08-13T13:13:01","modified_gmt":"2025-08-13T11:13:01","slug":"los-miembros-de-la-red-graal","status":"publish","type":"page","link":"https:\/\/webs.uab.cat\/graal\/los-miembros-de-la-red-graal\/","title":{"rendered":"La red"},"content":{"rendered":"\n<div class=\"wp-block-group is-vertical is-layout-flex wp-container-core-group-is-layout-8cf370e7 wp-block-group-is-layout-flex\">\n<h2 class=\"wp-block-heading\">Organizaci\u00f3n<\/h2>\n\n\n\n<p class=\"has-text-align-center\">GRAAL basa su organizaci\u00f3n en los miembros y la participaci\u00f3n que estos tienen dentro de sus nodos y unidades. Los miembros pueden ser activos o consultores; los primeros, son los que participan de las actividades, proyectos y producci\u00f3n cient\u00edfica junto a otros miembros, los segundos, son aquellos que colaboran en momentos espec\u00edficos junto a otros miembros activos de la red.<\/p>\n\n\n\n<p class=\"has-text-align-center\">Los nodos son el nivel de la red que se refiere a las instituciones con los cuales se tiene firmado un acuerdo de colaboraci\u00f3n con un miembro activo como parte de GRAAL dentro de un proyecto o en actividades puntuales. Las unidades de la red son aquellas que hacen referencia al pa\u00eds d\u00f3nde existe un miembro, sea activo o consultor.<\/p>\n\n\n\n<p class=\"has-text-align-center\">Por \u00faltimo hay un equipo de miembros que realizan labores de coordinaci\u00f3n del trabajo en conjunto dentro de la red. Nodos y unidades, as\u00ed como concertar los encuentros GRAAL en una unidad en espec\u00edfico.<\/p>\n<\/div>\n\n\n<div class=\"wp-block-image\">\n<figure class=\"aligncenter size-large is-resized\"><img loading=\"lazy\" decoding=\"async\" width=\"1024\" height=\"619\" src=\"https:\/\/webs.uab.cat\/graal\/wp-content\/uploads\/sites\/675\/2025\/07\/Estructura-GRAAL-1024x619.png\" alt=\"Estructura de la red GRAAL\" class=\"wp-image-276\" style=\"width:313px;height:auto\" srcset=\"https:\/\/webs.uab.cat\/graal\/wp-content\/uploads\/sites\/675\/2025\/07\/Estructura-GRAAL-1024x619.png 1024w, https:\/\/webs.uab.cat\/graal\/wp-content\/uploads\/sites\/675\/2025\/07\/Estructura-GRAAL-300x181.png 300w, https:\/\/webs.uab.cat\/graal\/wp-content\/uploads\/sites\/675\/2025\/07\/Estructura-GRAAL-768x464.png 768w, https:\/\/webs.uab.cat\/graal\/wp-content\/uploads\/sites\/675\/2025\/07\/Estructura-GRAAL-1200x725.png 1200w, https:\/\/webs.uab.cat\/graal\/wp-content\/uploads\/sites\/675\/2025\/07\/Estructura-GRAAL.png 1370w\" sizes=\"auto, (max-width: 1024px) 100vw, 1024px\" \/><figcaption class=\"wp-element-caption\">Estructura de la red GRAAL<\/figcaption><\/figure>\n<\/div>\n\n\n<p class=\"has-text-align-center\">La red GRAAL est\u00e1 presente en m\u00faltiples territorios con ra\u00edces y expresiones latinoamericanas. Cada&nbsp;<strong>nodo GRAAL<\/strong>&nbsp;donde florecen nuestros miembros es un grupo vivo de conocimiento, colaboraci\u00f3n y acci\u00f3n y lo encuentras en este mapa.<\/p>\n\n\n\n<figure class=\"wp-block-embed aligncenter is-type-wp-embed is-provider-flourish wp-block-embed-flourish\"><div class=\"wp-block-embed__wrapper\">\n<iframe loading=\"lazy\" class=\"wp-embedded-content\" sandbox=\"allow-scripts\" security=\"restricted\" title=\"Interactive or visual content\" src=\"https:\/\/flo.uri.sh\/visualisation\/24193287\/embed#?secret=3V1x00Yhmn\" data-secret=\"3V1x00Yhmn\" frameborder=\"0\" scrolling=\"no\" height=\"575\" width=\"580\"><\/iframe>\n<\/div><\/figure>\n\n\n\n<p class=\"has-text-align-center\">La colaboraci\u00f3n en GRAAL no es solo virtual. Las estancias, visitas acad\u00e9micas y viajes entre nodos son oportunidades para que nuestros miembros compartan experiencias, trabajen juntos en proyectos, fortalezcan la presencia territorial de la red, as\u00ed como para sembrar ciencia a trav\u00e9s del di\u00e1logo.<\/p>\n\n\n\n<figure class=\"wp-block-embed aligncenter is-type-wp-embed is-provider-flourish wp-block-embed-flourish\"><div class=\"wp-block-embed__wrapper\">\n<iframe loading=\"lazy\" class=\"wp-embedded-content\" sandbox=\"allow-scripts\" security=\"restricted\" title=\"Interactive or visual content\" src=\"https:\/\/flo.uri.sh\/visualisation\/24386995\/embed#?secret=ycHRbF9ah2\" data-secret=\"ycHRbF9ah2\" frameborder=\"0\" scrolling=\"no\" height=\"575\" width=\"580\"><\/iframe>\n<\/div><\/figure>\n\n\n\n<h3 class=\"wp-block-heading\">Producci\u00f3n cient\u00edfica<\/h3>\n\n\n\n<div class=\"wp-block-group is-vertical is-layout-flex wp-container-core-group-is-layout-8cf370e7 wp-block-group-is-layout-flex\">\n<p class=\"has-text-align-center\">La miembros de la red han escrito varios art\u00edculos cient\u00edficos y libros desde el 2004 con afiliaci\u00f3n a la red. Los miembros con mayor antig\u00fcedad de la red han sido directores o asesores metodol\u00f3gicos de varias tesis doctorales de otros miembros.<\/p>\n\n\n\n<div class=\"wp-block-group is-vertical is-layout-flex wp-container-core-group-is-layout-8cf370e7 wp-block-group-is-layout-flex\">\n<figure class=\"wp-block-embed is-type-wp-embed is-provider-flourish wp-block-embed-flourish\"><div class=\"wp-block-embed__wrapper\">\n<iframe loading=\"lazy\" class=\"wp-embedded-content\" sandbox=\"allow-scripts\" security=\"restricted\" title=\"Interactive or visual content\" src=\"https:\/\/flo.uri.sh\/visualisation\/24157722\/embed#?secret=bP8S5FSxmP\" data-secret=\"bP8S5FSxmP\" frameborder=\"0\" scrolling=\"no\" height=\"575\" width=\"580\"><\/iframe>\n<\/div><figcaption class=\"wp-element-caption\">Hist\u00f3rico producci\u00f3n cient\u00edfica GRAAL<\/figcaption><\/figure>\n\n\n\n<p class=\"has-text-align-center\">La producci\u00f3n cient\u00edfica de la red ha estado vinculada principalmente a los <a href=\"https:\/\/webs.uab.cat\/graal\/proyectos\/\">proyectos <\/a>desarrollados por sus miembros, invitaci\u00f3n a proyectos de otras personas, instituciones de trabajo, entidades educativas, o por invitaci\u00f3n espec\u00edfica para la escritura de un art\u00edculo.<\/p>\n<\/div>\n<\/div>\n","protected":false},"excerpt":{"rendered":"<p>Organizaci\u00f3n GRAAL basa su organizaci\u00f3n en los miembros y la participaci\u00f3n que estos tienen dentro de sus nodos y unidades. Los miembros pueden ser activos o consultores; los primeros, son los que participan de las actividades, proyectos y producci\u00f3n cient\u00edfica junto a otros miembros, los segundos, son aquellos que colaboran en momentos espec\u00edficos junto a [&hellip;]<\/p>\n","protected":false},"author":3089,"featured_media":0,"parent":0,"menu_order":0,"comment_status":"closed","ping_status":"closed","template":"","meta":{"footnotes":""},"class_list":["post-11","page","type-page","status-publish","hentry"],"yoast_head":"<!-- This site is optimized with the Yoast SEO plugin v26.8 - https:\/\/yoast.com\/product\/yoast-seo-wordpress\/ -->\n<title>Los miembros de la red GRAAL<\/title>\n<meta name=\"description\" content=\"Los miembros de la red GRAAL est\u00e1n distribuidos al rededor del mundo en pa\u00edses de expresiones latinoamericanas.\" \/>\n<meta name=\"robots\" content=\"index, follow, max-snippet:-1, max-image-preview:large, max-video-preview:-1\" \/>\n<link rel=\"canonical\" href=\"https:\/\/webs.uab.cat\/graal\/los-miembros-de-la-red-graal\/\" \/>\n<meta property=\"og:locale\" content=\"es_ES\" \/>\n<meta property=\"og:type\" content=\"article\" \/>\n<meta property=\"og:title\" content=\"Los miembros de la red GRAAL\" \/>\n<meta property=\"og:description\" content=\"Los miembros de la red GRAAL est\u00e1n distribuidos al rededor del mundo en pa\u00edses de expresiones latinoamericanas.\" \/>\n<meta property=\"og:url\" content=\"https:\/\/webs.uab.cat\/graal\/los-miembros-de-la-red-graal\/\" \/>\n<meta property=\"article:modified_time\" content=\"2025-08-13T11:13:01+00:00\" \/>\n<meta property=\"og:image\" content=\"https:\/\/webs.uab.cat\/graal\/wp-content\/uploads\/sites\/675\/2025\/07\/Estructura-GRAAL.png\" \/>\n\t<meta property=\"og:image:width\" content=\"1370\" \/>\n\t<meta property=\"og:image:height\" content=\"828\" \/>\n\t<meta property=\"og:image:type\" content=\"image\/png\" \/>\n<meta name=\"twitter:card\" content=\"summary_large_image\" \/>\n<meta name=\"twitter:label1\" content=\"Tiempo de lectura\" \/>\n\t<meta name=\"twitter:data1\" content=\"2 minutos\" \/>\n<script type=\"application\/ld+json\" class=\"yoast-schema-graph\">{\"@context\":\"https:\/\/schema.org\",\"@graph\":[{\"@type\":\"WebPage\",\"@id\":\"https:\/\/webs.uab.cat\/graal\/los-miembros-de-la-red-graal\/\",\"url\":\"https:\/\/webs.uab.cat\/graal\/los-miembros-de-la-red-graal\/\",\"name\":\"Los miembros de la red GRAAL\",\"isPartOf\":{\"@id\":\"https:\/\/webs.uab.cat\/graal\/#website\"},\"primaryImageOfPage\":{\"@id\":\"https:\/\/webs.uab.cat\/graal\/los-miembros-de-la-red-graal\/#primaryimage\"},\"image\":{\"@id\":\"https:\/\/webs.uab.cat\/graal\/los-miembros-de-la-red-graal\/#primaryimage\"},\"thumbnailUrl\":\"https:\/\/webs.uab.cat\/graal\/wp-content\/uploads\/sites\/675\/2025\/07\/Estructura-GRAAL-1024x619.png\",\"datePublished\":\"2025-07-02T09:56:10+00:00\",\"dateModified\":\"2025-08-13T11:13:01+00:00\",\"description\":\"Los miembros de la red GRAAL est\u00e1n distribuidos al rededor del mundo en pa\u00edses de expresiones latinoamericanas.\",\"breadcrumb\":{\"@id\":\"https:\/\/webs.uab.cat\/graal\/los-miembros-de-la-red-graal\/#breadcrumb\"},\"inLanguage\":\"es\",\"potentialAction\":[{\"@type\":\"ReadAction\",\"target\":[\"https:\/\/webs.uab.cat\/graal\/los-miembros-de-la-red-graal\/\"]}]},{\"@type\":\"ImageObject\",\"inLanguage\":\"es\",\"@id\":\"https:\/\/webs.uab.cat\/graal\/los-miembros-de-la-red-graal\/#primaryimage\",\"url\":\"https:\/\/webs.uab.cat\/graal\/wp-content\/uploads\/sites\/675\/2025\/07\/Estructura-GRAAL.png\",\"contentUrl\":\"https:\/\/webs.uab.cat\/graal\/wp-content\/uploads\/sites\/675\/2025\/07\/Estructura-GRAAL.png\",\"width\":1370,\"height\":828,\"caption\":\"Estructura de la red GRAAL\"},{\"@type\":\"BreadcrumbList\",\"@id\":\"https:\/\/webs.uab.cat\/graal\/los-miembros-de-la-red-graal\/#breadcrumb\",\"itemListElement\":[{\"@type\":\"ListItem\",\"position\":1,\"name\":\"Portada\",\"item\":\"https:\/\/webs.uab.cat\/graal\/\"},{\"@type\":\"ListItem\",\"position\":2,\"name\":\"La red\"}]},{\"@type\":\"WebSite\",\"@id\":\"https:\/\/webs.uab.cat\/graal\/#website\",\"url\":\"https:\/\/webs.uab.cat\/graal\/\",\"name\":\"\",\"description\":\"Web oficial de la Red de investigaci\u00f3n GRAAL\",\"potentialAction\":[{\"@type\":\"SearchAction\",\"target\":{\"@type\":\"EntryPoint\",\"urlTemplate\":\"https:\/\/webs.uab.cat\/graal\/?s={search_term_string}\"},\"query-input\":{\"@type\":\"PropertyValueSpecification\",\"valueRequired\":true,\"valueName\":\"search_term_string\"}}],\"inLanguage\":\"es\"}]}<\/script>\n<!-- \/ Yoast SEO plugin. -->","yoast_head_json":{"title":"Los miembros de la red GRAAL","description":"Los miembros de la red GRAAL est\u00e1n distribuidos al rededor del mundo en pa\u00edses de expresiones latinoamericanas.","robots":{"index":"index","follow":"follow","max-snippet":"max-snippet:-1","max-image-preview":"max-image-preview:large","max-video-preview":"max-video-preview:-1"},"canonical":"https:\/\/webs.uab.cat\/graal\/los-miembros-de-la-red-graal\/","og_locale":"es_ES","og_type":"article","og_title":"Los miembros de la red GRAAL","og_description":"Los miembros de la red GRAAL est\u00e1n distribuidos al rededor del mundo en pa\u00edses de expresiones latinoamericanas.","og_url":"https:\/\/webs.uab.cat\/graal\/los-miembros-de-la-red-graal\/","article_modified_time":"2025-08-13T11:13:01+00:00","og_image":[{"width":1370,"height":828,"url":"https:\/\/webs.uab.cat\/graal\/wp-content\/uploads\/sites\/675\/2025\/07\/Estructura-GRAAL.png","type":"image\/png"}],"twitter_card":"summary_large_image","twitter_misc":{"Tiempo de lectura":"2 minutos"},"schema":{"@context":"https:\/\/schema.org","@graph":[{"@type":"WebPage","@id":"https:\/\/webs.uab.cat\/graal\/los-miembros-de-la-red-graal\/","url":"https:\/\/webs.uab.cat\/graal\/los-miembros-de-la-red-graal\/","name":"Los miembros de la red GRAAL","isPartOf":{"@id":"https:\/\/webs.uab.cat\/graal\/#website"},"primaryImageOfPage":{"@id":"https:\/\/webs.uab.cat\/graal\/los-miembros-de-la-red-graal\/#primaryimage"},"image":{"@id":"https:\/\/webs.uab.cat\/graal\/los-miembros-de-la-red-graal\/#primaryimage"},"thumbnailUrl":"https:\/\/webs.uab.cat\/graal\/wp-content\/uploads\/sites\/675\/2025\/07\/Estructura-GRAAL-1024x619.png","datePublished":"2025-07-02T09:56:10+00:00","dateModified":"2025-08-13T11:13:01+00:00","description":"Los miembros de la red GRAAL est\u00e1n distribuidos al rededor del mundo en pa\u00edses de expresiones latinoamericanas.","breadcrumb":{"@id":"https:\/\/webs.uab.cat\/graal\/los-miembros-de-la-red-graal\/#breadcrumb"},"inLanguage":"es","potentialAction":[{"@type":"ReadAction","target":["https:\/\/webs.uab.cat\/graal\/los-miembros-de-la-red-graal\/"]}]},{"@type":"ImageObject","inLanguage":"es","@id":"https:\/\/webs.uab.cat\/graal\/los-miembros-de-la-red-graal\/#primaryimage","url":"https:\/\/webs.uab.cat\/graal\/wp-content\/uploads\/sites\/675\/2025\/07\/Estructura-GRAAL.png","contentUrl":"https:\/\/webs.uab.cat\/graal\/wp-content\/uploads\/sites\/675\/2025\/07\/Estructura-GRAAL.png","width":1370,"height":828,"caption":"Estructura de la red GRAAL"},{"@type":"BreadcrumbList","@id":"https:\/\/webs.uab.cat\/graal\/los-miembros-de-la-red-graal\/#breadcrumb","itemListElement":[{"@type":"ListItem","position":1,"name":"Portada","item":"https:\/\/webs.uab.cat\/graal\/"},{"@type":"ListItem","position":2,"name":"La red"}]},{"@type":"WebSite","@id":"https:\/\/webs.uab.cat\/graal\/#website","url":"https:\/\/webs.uab.cat\/graal\/","name":"","description":"Web oficial de la Red de investigaci\u00f3n GRAAL","potentialAction":[{"@type":"SearchAction","target":{"@type":"EntryPoint","urlTemplate":"https:\/\/webs.uab.cat\/graal\/?s={search_term_string}"},"query-input":{"@type":"PropertyValueSpecification","valueRequired":true,"valueName":"search_term_string"}}],"inLanguage":"es"}]}},"_links":{"self":[{"href":"https:\/\/webs.uab.cat\/graal\/wp-json\/wp\/v2\/pages\/11","targetHints":{"allow":["GET"]}}],"collection":[{"href":"https:\/\/webs.uab.cat\/graal\/wp-json\/wp\/v2\/pages"}],"about":[{"href":"https:\/\/webs.uab.cat\/graal\/wp-json\/wp\/v2\/types\/page"}],"author":[{"embeddable":true,"href":"https:\/\/webs.uab.cat\/graal\/wp-json\/wp\/v2\/users\/3089"}],"replies":[{"embeddable":true,"href":"https:\/\/webs.uab.cat\/graal\/wp-json\/wp\/v2\/comments?post=11"}],"version-history":[{"count":29,"href":"https:\/\/webs.uab.cat\/graal\/wp-json\/wp\/v2\/pages\/11\/revisions"}],"predecessor-version":[{"id":393,"href":"https:\/\/webs.uab.cat\/graal\/wp-json\/wp\/v2\/pages\/11\/revisions\/393"}],"wp:attachment":[{"href":"https:\/\/webs.uab.cat\/graal\/wp-json\/wp\/v2\/media?parent=11"}],"curies":[{"name":"wp","href":"https:\/\/api.w.org\/{rel}","templated":true}]}}