{"id":386,"date":"2025-08-13T10:49:26","date_gmt":"2025-08-13T08:49:26","guid":{"rendered":"https:\/\/webs.uab.cat\/graal\/?page_id=386"},"modified":"2025-08-14T12:34:47","modified_gmt":"2025-08-14T10:34:47","slug":"encuentro-graal","status":"publish","type":"page","link":"https:\/\/webs.uab.cat\/graal\/encuentro-graal\/","title":{"rendered":"Encuentro GRAAL"},"content":{"rendered":"\n<p class=\"has-text-align-center\">El Encuentro GRAAL es una reuni\u00f3n peri\u00f3dica en un pa\u00eds sede de uno de sus miembros con el fin de discutir y analizar el trabajo realizado como red, resultados de <a href=\"https:\/\/webs.uab.cat\/graal\/proyectos-red-graal\/\">proyectos<\/a> finalizados, proyectos en curso, nuevas colaboraciones entre miembros e instituciones, y el futuro de la red. Estos encuentros empezaron en el a\u00f1o 2005 y se han realizado en 8 ocasiones.<\/p>\n\n\n<div class=\"wp-block-image\">\n<figure class=\"aligncenter size-full\"><img loading=\"lazy\" decoding=\"async\" width=\"2560\" height=\"1038\" src=\"https:\/\/webs.uab.cat\/graal\/wp-content\/uploads\/sites\/675\/2025\/07\/ArregladoEncGRAAL07_01-scaled.jpg\" alt=\"Fotograf\u00eda de registro del encuentro Gaal en el 2007 en instalaciones de la UAB\" class=\"wp-image-72\" srcset=\"https:\/\/webs.uab.cat\/graal\/wp-content\/uploads\/sites\/675\/2025\/07\/ArregladoEncGRAAL07_01-scaled.jpg 2560w, https:\/\/webs.uab.cat\/graal\/wp-content\/uploads\/sites\/675\/2025\/07\/ArregladoEncGRAAL07_01-300x122.jpg 300w, https:\/\/webs.uab.cat\/graal\/wp-content\/uploads\/sites\/675\/2025\/07\/ArregladoEncGRAAL07_01-1024x415.jpg 1024w, https:\/\/webs.uab.cat\/graal\/wp-content\/uploads\/sites\/675\/2025\/07\/ArregladoEncGRAAL07_01-768x311.jpg 768w, https:\/\/webs.uab.cat\/graal\/wp-content\/uploads\/sites\/675\/2025\/07\/ArregladoEncGRAAL07_01-1536x623.jpg 1536w, https:\/\/webs.uab.cat\/graal\/wp-content\/uploads\/sites\/675\/2025\/07\/ArregladoEncGRAAL07_01-2048x830.jpg 2048w, https:\/\/webs.uab.cat\/graal\/wp-content\/uploads\/sites\/675\/2025\/07\/ArregladoEncGRAAL07_01-1200x487.jpg 1200w, https:\/\/webs.uab.cat\/graal\/wp-content\/uploads\/sites\/675\/2025\/07\/ArregladoEncGRAAL07_01-1980x803.jpg 1980w\" sizes=\"auto, (max-width: 2560px) 100vw, 2560px\" \/><figcaption class=\"wp-element-caption\">II Encuentro GRAAL &#8211; Barcelona<\/figcaption><\/figure>\n<\/div>\n\n\n<p class=\"has-text-align-center\">En cada encuentro hubo ejes tem\u00e1ticos que ten\u00edan que ver con el contexto de los miembros, sus pa\u00edses y el estado de la colaboraci\u00f3n internacional en el mundo de la investigaci\u00f3n. <\/p>\n\n\n\n<figure class=\"wp-block-embed aligncenter is-type-wp-embed is-provider-flourish wp-block-embed-flourish\"><div class=\"wp-block-embed__wrapper\">\n<iframe loading=\"lazy\" class=\"wp-embedded-content\" sandbox=\"allow-scripts\" security=\"restricted\" title=\"Interactive or visual content\" src=\"https:\/\/flo.uri.sh\/visualisation\/24678199\/embed#?secret=V02fZXZzbD\" data-secret=\"V02fZXZzbD\" frameborder=\"0\" scrolling=\"no\" height=\"575\" width=\"580\"><\/iframe>\n<\/div><\/figure>\n\n\n\n<p class=\"has-text-align-center has-normal-font-size\"><strong>La pr\u00f3xima reuni\u00f3n ser\u00e1 en Quito &#8211; Ecuador, del 13 al 15 de noviembre. Estar\u00e1 a cargo de <a href=\"https:\/\/pubmed.ncbi.nlm.nih.gov\/?term=Romero-Sandoval+N&amp;cauthor_id=39117400\">Natalia Romero<\/a>. <\/strong><\/p>\n","protected":false},"excerpt":{"rendered":"<p>El Encuentro GRAAL es una reuni\u00f3n peri\u00f3dica en un pa\u00eds sede de uno de sus miembros con el fin de discutir y analizar el trabajo realizado como red, resultados de proyectos finalizados, proyectos en curso, nuevas colaboraciones entre miembros e instituciones, y el futuro de la red. Estos encuentros empezaron en el a\u00f1o 2005 y [&hellip;]<\/p>\n","protected":false},"author":3089,"featured_media":0,"parent":0,"menu_order":0,"comment_status":"closed","ping_status":"closed","template":"","meta":{"footnotes":""},"class_list":["post-386","page","type-page","status-publish","hentry"],"yoast_head":"<!-- This site is optimized with the Yoast SEO plugin v26.8 - https:\/\/yoast.com\/product\/yoast-seo-wordpress\/ -->\n<title>Encuentro GRAAL -<\/title>\n<meta name=\"description\" content=\"El Encuentro GRAAL es una reuni\u00f3n peri\u00f3dica en un pa\u00eds sede de uno de sus miembros con el fin de discutir y analizar el trabajo realizado.\" \/>\n<meta name=\"robots\" content=\"index, follow, max-snippet:-1, max-image-preview:large, max-video-preview:-1\" \/>\n<link rel=\"canonical\" href=\"https:\/\/webs.uab.cat\/graal\/encuentro-graal\/\" \/>\n<meta property=\"og:locale\" content=\"es_ES\" \/>\n<meta property=\"og:type\" content=\"article\" \/>\n<meta property=\"og:title\" content=\"Encuentro GRAAL -\" \/>\n<meta property=\"og:description\" content=\"El Encuentro GRAAL es una reuni\u00f3n peri\u00f3dica en un pa\u00eds sede de uno de sus miembros con el fin de discutir y analizar el trabajo realizado.\" \/>\n<meta property=\"og:url\" content=\"https:\/\/webs.uab.cat\/graal\/encuentro-graal\/\" \/>\n<meta property=\"article:modified_time\" content=\"2025-08-14T10:34:47+00:00\" \/>\n<meta property=\"og:image\" content=\"https:\/\/webs.uab.cat\/graal\/wp-content\/uploads\/sites\/675\/2025\/07\/ArregladoEncGRAAL07_01-scaled.jpg\" \/>\n\t<meta property=\"og:image:width\" content=\"2560\" \/>\n\t<meta property=\"og:image:height\" content=\"1038\" \/>\n\t<meta property=\"og:image:type\" content=\"image\/jpeg\" \/>\n<meta name=\"twitter:card\" content=\"summary_large_image\" \/>\n<meta name=\"twitter:label1\" content=\"Tiempo de lectura\" \/>\n\t<meta name=\"twitter:data1\" content=\"1 minuto\" \/>\n<script type=\"application\/ld+json\" class=\"yoast-schema-graph\">{\"@context\":\"https:\/\/schema.org\",\"@graph\":[{\"@type\":\"WebPage\",\"@id\":\"https:\/\/webs.uab.cat\/graal\/encuentro-graal\/\",\"url\":\"https:\/\/webs.uab.cat\/graal\/encuentro-graal\/\",\"name\":\"Encuentro GRAAL -\",\"isPartOf\":{\"@id\":\"https:\/\/webs.uab.cat\/graal\/#website\"},\"primaryImageOfPage\":{\"@id\":\"https:\/\/webs.uab.cat\/graal\/encuentro-graal\/#primaryimage\"},\"image\":{\"@id\":\"https:\/\/webs.uab.cat\/graal\/encuentro-graal\/#primaryimage\"},\"thumbnailUrl\":\"https:\/\/webs.uab.cat\/graal\/wp-content\/uploads\/sites\/675\/2025\/07\/ArregladoEncGRAAL07_01-scaled.jpg\",\"datePublished\":\"2025-08-13T08:49:26+00:00\",\"dateModified\":\"2025-08-14T10:34:47+00:00\",\"description\":\"El Encuentro GRAAL es una reuni\u00f3n peri\u00f3dica en un pa\u00eds sede de uno de sus miembros con el fin de discutir y analizar el trabajo realizado.\",\"breadcrumb\":{\"@id\":\"https:\/\/webs.uab.cat\/graal\/encuentro-graal\/#breadcrumb\"},\"inLanguage\":\"es\",\"potentialAction\":[{\"@type\":\"ReadAction\",\"target\":[\"https:\/\/webs.uab.cat\/graal\/encuentro-graal\/\"]}]},{\"@type\":\"ImageObject\",\"inLanguage\":\"es\",\"@id\":\"https:\/\/webs.uab.cat\/graal\/encuentro-graal\/#primaryimage\",\"url\":\"https:\/\/webs.uab.cat\/graal\/wp-content\/uploads\/sites\/675\/2025\/07\/ArregladoEncGRAAL07_01-scaled.jpg\",\"contentUrl\":\"https:\/\/webs.uab.cat\/graal\/wp-content\/uploads\/sites\/675\/2025\/07\/ArregladoEncGRAAL07_01-scaled.jpg\",\"width\":2560,\"height\":1038,\"caption\":\"Fotograf\u00eda de registro del encuentro Gaal en el 2007 en instalaciones de la UAB\"},{\"@type\":\"BreadcrumbList\",\"@id\":\"https:\/\/webs.uab.cat\/graal\/encuentro-graal\/#breadcrumb\",\"itemListElement\":[{\"@type\":\"ListItem\",\"position\":1,\"name\":\"Portada\",\"item\":\"https:\/\/webs.uab.cat\/graal\/\"},{\"@type\":\"ListItem\",\"position\":2,\"name\":\"Encuentro GRAAL\"}]},{\"@type\":\"WebSite\",\"@id\":\"https:\/\/webs.uab.cat\/graal\/#website\",\"url\":\"https:\/\/webs.uab.cat\/graal\/\",\"name\":\"\",\"description\":\"Web oficial de la Red de investigaci\u00f3n GRAAL\",\"potentialAction\":[{\"@type\":\"SearchAction\",\"target\":{\"@type\":\"EntryPoint\",\"urlTemplate\":\"https:\/\/webs.uab.cat\/graal\/?s={search_term_string}\"},\"query-input\":{\"@type\":\"PropertyValueSpecification\",\"valueRequired\":true,\"valueName\":\"search_term_string\"}}],\"inLanguage\":\"es\"}]}<\/script>\n<!-- \/ Yoast SEO plugin. -->","yoast_head_json":{"title":"Encuentro GRAAL -","description":"El Encuentro GRAAL es una reuni\u00f3n peri\u00f3dica en un pa\u00eds sede de uno de sus miembros con el fin de discutir y analizar el trabajo realizado.","robots":{"index":"index","follow":"follow","max-snippet":"max-snippet:-1","max-image-preview":"max-image-preview:large","max-video-preview":"max-video-preview:-1"},"canonical":"https:\/\/webs.uab.cat\/graal\/encuentro-graal\/","og_locale":"es_ES","og_type":"article","og_title":"Encuentro GRAAL -","og_description":"El Encuentro GRAAL es una reuni\u00f3n peri\u00f3dica en un pa\u00eds sede de uno de sus miembros con el fin de discutir y analizar el trabajo realizado.","og_url":"https:\/\/webs.uab.cat\/graal\/encuentro-graal\/","article_modified_time":"2025-08-14T10:34:47+00:00","og_image":[{"width":2560,"height":1038,"url":"https:\/\/webs.uab.cat\/graal\/wp-content\/uploads\/sites\/675\/2025\/07\/ArregladoEncGRAAL07_01-scaled.jpg","type":"image\/jpeg"}],"twitter_card":"summary_large_image","twitter_misc":{"Tiempo de lectura":"1 minuto"},"schema":{"@context":"https:\/\/schema.org","@graph":[{"@type":"WebPage","@id":"https:\/\/webs.uab.cat\/graal\/encuentro-graal\/","url":"https:\/\/webs.uab.cat\/graal\/encuentro-graal\/","name":"Encuentro GRAAL -","isPartOf":{"@id":"https:\/\/webs.uab.cat\/graal\/#website"},"primaryImageOfPage":{"@id":"https:\/\/webs.uab.cat\/graal\/encuentro-graal\/#primaryimage"},"image":{"@id":"https:\/\/webs.uab.cat\/graal\/encuentro-graal\/#primaryimage"},"thumbnailUrl":"https:\/\/webs.uab.cat\/graal\/wp-content\/uploads\/sites\/675\/2025\/07\/ArregladoEncGRAAL07_01-scaled.jpg","datePublished":"2025-08-13T08:49:26+00:00","dateModified":"2025-08-14T10:34:47+00:00","description":"El Encuentro GRAAL es una reuni\u00f3n peri\u00f3dica en un pa\u00eds sede de uno de sus miembros con el fin de discutir y analizar el trabajo realizado.","breadcrumb":{"@id":"https:\/\/webs.uab.cat\/graal\/encuentro-graal\/#breadcrumb"},"inLanguage":"es","potentialAction":[{"@type":"ReadAction","target":["https:\/\/webs.uab.cat\/graal\/encuentro-graal\/"]}]},{"@type":"ImageObject","inLanguage":"es","@id":"https:\/\/webs.uab.cat\/graal\/encuentro-graal\/#primaryimage","url":"https:\/\/webs.uab.cat\/graal\/wp-content\/uploads\/sites\/675\/2025\/07\/ArregladoEncGRAAL07_01-scaled.jpg","contentUrl":"https:\/\/webs.uab.cat\/graal\/wp-content\/uploads\/sites\/675\/2025\/07\/ArregladoEncGRAAL07_01-scaled.jpg","width":2560,"height":1038,"caption":"Fotograf\u00eda de registro del encuentro Gaal en el 2007 en instalaciones de la UAB"},{"@type":"BreadcrumbList","@id":"https:\/\/webs.uab.cat\/graal\/encuentro-graal\/#breadcrumb","itemListElement":[{"@type":"ListItem","position":1,"name":"Portada","item":"https:\/\/webs.uab.cat\/graal\/"},{"@type":"ListItem","position":2,"name":"Encuentro GRAAL"}]},{"@type":"WebSite","@id":"https:\/\/webs.uab.cat\/graal\/#website","url":"https:\/\/webs.uab.cat\/graal\/","name":"","description":"Web oficial de la Red de investigaci\u00f3n GRAAL","potentialAction":[{"@type":"SearchAction","target":{"@type":"EntryPoint","urlTemplate":"https:\/\/webs.uab.cat\/graal\/?s={search_term_string}"},"query-input":{"@type":"PropertyValueSpecification","valueRequired":true,"valueName":"search_term_string"}}],"inLanguage":"es"}]}},"_links":{"self":[{"href":"https:\/\/webs.uab.cat\/graal\/wp-json\/wp\/v2\/pages\/386","targetHints":{"allow":["GET"]}}],"collection":[{"href":"https:\/\/webs.uab.cat\/graal\/wp-json\/wp\/v2\/pages"}],"about":[{"href":"https:\/\/webs.uab.cat\/graal\/wp-json\/wp\/v2\/types\/page"}],"author":[{"embeddable":true,"href":"https:\/\/webs.uab.cat\/graal\/wp-json\/wp\/v2\/users\/3089"}],"replies":[{"embeddable":true,"href":"https:\/\/webs.uab.cat\/graal\/wp-json\/wp\/v2\/comments?post=386"}],"version-history":[{"count":11,"href":"https:\/\/webs.uab.cat\/graal\/wp-json\/wp\/v2\/pages\/386\/revisions"}],"predecessor-version":[{"id":409,"href":"https:\/\/webs.uab.cat\/graal\/wp-json\/wp\/v2\/pages\/386\/revisions\/409"}],"wp:attachment":[{"href":"https:\/\/webs.uab.cat\/graal\/wp-json\/wp\/v2\/media?parent=386"}],"curies":[{"name":"wp","href":"https:\/\/api.w.org\/{rel}","templated":true}]}}