{"id":161,"date":"2009-05-25T13:26:58","date_gmt":"2009-05-25T11:26:58","guid":{"rendered":"https:\/\/webs.uab.cat\/grafo\/lineas-de-investigacion\/"},"modified":"2026-01-14T18:18:34","modified_gmt":"2026-01-14T16:18:34","slug":"lineas-de-investigacion","status":"publish","type":"page","link":"https:\/\/webs.uab.cat\/grafo\/es\/lineas-de-investigacion\/","title":{"rendered":"L\u00edneas de investigaci\u00f3n"},"content":{"rendered":"\n<p>El Grupo de Investigaci\u00f3n en Antropolog\u00eda Fundamental y Orientada (GRAFO) tiene como objetivo contribuir a la construcci\u00f3n de <strong>comunidades resilientes<\/strong> mediante el estudio y la mejora de las condiciones de vida de poblaciones econ\u00f3micamente o socialmente <strong>vulnerables y culturalmente diversas<\/strong> en una sociedad global digitalizada, cada vez m\u00e1s desigual y polarizada.<\/p>\n\n\n\n<p><strong>La perspectiva singular de GRAFO se centra en las relaciones.<\/strong> Mientras que las Ciencias Sociales generalmente adoptan un enfoque individualista para estudiar las condiciones de vida de una poblaci\u00f3n y sus efectos, este enfoque pasa por alto casi por completo las complejas interdependencias entre los individuos y c\u00f3mo estas contribuyen a generar o compensar vulnerabilidades. GRAFO se centra espec\u00edficamente en estas interdependencias, es decir, en los entornos sociales inmediatos de los individuos. Las relaciones fuertes y d\u00e9biles que las personas mantienen con familiares y no familiares proporcionan apoyo social informal (o capital social) y colaboraci\u00f3n, difunden informaci\u00f3n, ejercen control social y configuran identidades y percepciones de la sociedad, pero tambi\u00e9n pueden ser conflictivas o poco solidarias. Estas dimensiones relacionales afectan a los resultados individuales y (des)integran a las comunidades. GRAFO ocupa una posici\u00f3n \u00fanica para estudiar estas estructuras sociales intermedias y sus din\u00e1micas desde un enfoque antropol\u00f3gico hol\u00edstico y exploratorio, y tambi\u00e9n lleva a cabo investigaciones sobre redes personales mediante m\u00e9todos mixtos y ciencias cuantitativas de redes aplicadas a estas estructuras sociales. Entre las preguntas que GRAFO ha abordado en el pasado y ha comenzado a abordar se encuentran, por ejemplo:<\/p>\n\n\n\n<ul class=\"wp-block-list\">\n<li>\u00bfLas relaciones personales apoyan a los individuos de hogares pobres o incrementan su marginaci\u00f3n en contextos de pobreza? \u00bfPor qu\u00e9?<\/li>\n\n\n\n<li>\u00bfC\u00f3mo funcionan los v\u00ednculos familiares en condiciones de pobreza?<\/li>\n\n\n\n<li>\u00bfC\u00f3mo pueden las personas sin hogar mantener relaciones sociales funcionales que proporcionen apoyo social?<\/li>\n\n\n\n<li>\u00bfPueden las organizaciones ben\u00e9ficas complementar las funciones que suelen desempe\u00f1ar las redes informales de apoyo individual?<\/li>\n\n\n\n<li>\u00bfQu\u00e9 tipo de atenci\u00f3n ofrecen las redes informales de apoyo a las familias adoptivas?<\/li>\n\n\n\n<li>\u00bfC\u00f3mo se incorporan socialmente los migrantes a sus sociedades de acogida con el paso del tiempo?<\/li>\n\n\n\n<li>\u00bfInfluyen las instituciones en la emergencia de \u00e1mbitos sociales transnacionales tejidos por las relaciones que los migrantes mantienen y crean entre los pa\u00edses de origen y de residencia, y c\u00f3mo afectan estos \u00e1mbitos a sus vidas?<\/li>\n\n\n\n<li>\u00bfDe qu\u00e9 capital social pueden disponer las peque\u00f1as y medianas empresas sociales?<\/li>\n<\/ul>\n\n\n\n<p><strong>Como muestran estas preguntas, la perspectiva de las redes sociales est\u00e1 lejos de ser \u00fanicamente una herramienta metodol\u00f3gica<\/strong>, y constituye un rico campo de investigaci\u00f3n sustantiva sobre las relaciones humanas. GRAFO es reconocido internacionalmente por su experiencia en este \u00e1mbito. Imparte formaci\u00f3n sobre redes personales a trav\u00e9s de su escuela de verano bianual y desempe\u00f1a funciones clave en asociaciones profesionales internacionales y en los principales comit\u00e9s editoriales de revistas especializadas en la materia.<\/p>\n","protected":false},"excerpt":{"rendered":"<p>El Grupo de Investigaci\u00f3n en Antropolog\u00eda Fundamental y Orientada (GRAFO) tiene como objetivo contribuir a la construcci\u00f3n de comunidades resilientes mediante el estudio y la mejora de las condiciones de vida de poblaciones econ\u00f3micamente o socialmente vulnerables y culturalmente diversas en una sociedad global digitalizada, cada vez m\u00e1s desigual y polarizada. La perspectiva singular de [&hellip;]<\/p>\n","protected":false},"author":20,"featured_media":0,"parent":0,"menu_order":0,"comment_status":"closed","ping_status":"closed","template":"","meta":{"footnotes":""},"class_list":["post-161","page","type-page","status-publish","hentry"],"_links":{"self":[{"href":"https:\/\/webs.uab.cat\/grafo\/es\/wp-json\/wp\/v2\/pages\/161","targetHints":{"allow":["GET"]}}],"collection":[{"href":"https:\/\/webs.uab.cat\/grafo\/es\/wp-json\/wp\/v2\/pages"}],"about":[{"href":"https:\/\/webs.uab.cat\/grafo\/es\/wp-json\/wp\/v2\/types\/page"}],"author":[{"embeddable":true,"href":"https:\/\/webs.uab.cat\/grafo\/es\/wp-json\/wp\/v2\/users\/20"}],"replies":[{"embeddable":true,"href":"https:\/\/webs.uab.cat\/grafo\/es\/wp-json\/wp\/v2\/comments?post=161"}],"version-history":[{"count":2,"href":"https:\/\/webs.uab.cat\/grafo\/es\/wp-json\/wp\/v2\/pages\/161\/revisions"}],"predecessor-version":[{"id":2590,"href":"https:\/\/webs.uab.cat\/grafo\/es\/wp-json\/wp\/v2\/pages\/161\/revisions\/2590"}],"wp:attachment":[{"href":"https:\/\/webs.uab.cat\/grafo\/es\/wp-json\/wp\/v2\/media?parent=161"}],"curies":[{"name":"wp","href":"https:\/\/api.w.org\/{rel}","templated":true}]}}