{"id":2231,"date":"2013-02-11T15:04:56","date_gmt":"2013-02-11T13:04:56","guid":{"rendered":"https:\/\/webs.uab.cat\/grafo\/?page_id=2231"},"modified":"2026-01-16T16:41:28","modified_gmt":"2026-01-16T14:41:28","slug":"2231-2","status":"publish","type":"page","link":"https:\/\/webs.uab.cat\/grafo\/es\/","title":{"rendered":"Inicio"},"content":{"rendered":"\n<p class=\"has-blanc-coco-color has-verd-tropic-background-color has-text-color has-background has-link-color wp-elements-02b6014b94740901bf26ca10a0d93737\">Bienvenidos y bienvenidas a la web del Grupo de Investigaci\u00f3n en Antropolog\u00eda Fundamental y Orientada (GRAFO). Queremos contribuir al desarrollo te\u00f3rico y metodol\u00f3gico de la antropolog\u00eda. Estamos ubicados en el <a href=\"https:\/\/www.uab.cat\/es\/antropologia\" target=\"_blank\" rel=\"noreferrer noopener\">Departamento de Antropolog\u00eda Social y Cultural<\/a> de la Universidad Aut\u00f3noma de Barcelona y estamos reconocidos como Grupo de Investigaci\u00f3n Consolidado por la Generalitat de Catalunya (2021-SGR-00065).<\/p>\n\n\n\n<p>El Grupo de Investigaci\u00f3n en Antropolog\u00eda Fundamental y Orientada (GRAFO), creado en 1999 en la Universidad Aut\u00f3noma de Barcelona (UAB), se dedica al estudio de las condiciones de vida y las estructuras relacionales de colectivos culturalmente diversos o poblaciones vulnerables, entre otros, as\u00ed como su relaci\u00f3n con el medio ambiente, las instituciones socioculturales y las instituciones socioculturales.<\/p>\n\n\n\n<p>Reconocido como Grupo de Investigaci\u00f3n Consolidado (SGR) por la Generalidad de Catalu\u00f1a, el GRAFO destaca por su doble enfoque: una investigaci\u00f3n b\u00e1sica que profundiza en los fundamentos te\u00f3ricos y conceptuales de la antropolog\u00eda, y una investigaci\u00f3n aplicada orientada a la resoluci\u00f3n de problemas concretos en distintos \u00e1mbitos sociales y culturales.<br>Nuestras l\u00edneas de investigaci\u00f3n abarcan temas como el parentesco, redes sociales, comunidades y relaciones socioecol\u00f3gicas, con un claro compromiso con la transferencia de conocimiento. En el marco de la investigaci\u00f3n aplicada, desarrollamos proyectos centrados en \u00e1reas como las redes personales y comunitarias de apoyo, la gesti\u00f3n de los recursos naturales, la sostenibilidad o la crianza en entornos vulnerables, trabajando estrechamente con actores y agentes sociales e institucionales para promover soluciones concretas y de largo alcance.<\/p>\n","protected":false},"excerpt":{"rendered":"<p>Bienvenidos y bienvenidas a la web del Grupo de Investigaci\u00f3n en Antropolog\u00eda Fundamental y Orientada (GRAFO). Queremos contribuir al desarrollo te\u00f3rico y metodol\u00f3gico de la antropolog\u00eda. Estamos ubicados en el Departamento de Antropolog\u00eda Social y Cultural de la Universidad Aut\u00f3noma de Barcelona y estamos reconocidos como Grupo de Investigaci\u00f3n Consolidado por la Generalitat de Catalunya [&hellip;]<\/p>\n","protected":false},"author":1073,"featured_media":0,"parent":0,"menu_order":0,"comment_status":"closed","ping_status":"closed","template":"sidebar.php","meta":{"footnotes":""},"class_list":["post-2231","page","type-page","status-publish","hentry"],"_links":{"self":[{"href":"https:\/\/webs.uab.cat\/grafo\/es\/wp-json\/wp\/v2\/pages\/2231","targetHints":{"allow":["GET"]}}],"collection":[{"href":"https:\/\/webs.uab.cat\/grafo\/es\/wp-json\/wp\/v2\/pages"}],"about":[{"href":"https:\/\/webs.uab.cat\/grafo\/es\/wp-json\/wp\/v2\/types\/page"}],"author":[{"embeddable":true,"href":"https:\/\/webs.uab.cat\/grafo\/es\/wp-json\/wp\/v2\/users\/1073"}],"replies":[{"embeddable":true,"href":"https:\/\/webs.uab.cat\/grafo\/es\/wp-json\/wp\/v2\/comments?post=2231"}],"version-history":[{"count":3,"href":"https:\/\/webs.uab.cat\/grafo\/es\/wp-json\/wp\/v2\/pages\/2231\/revisions"}],"predecessor-version":[{"id":2647,"href":"https:\/\/webs.uab.cat\/grafo\/es\/wp-json\/wp\/v2\/pages\/2231\/revisions\/2647"}],"wp:attachment":[{"href":"https:\/\/webs.uab.cat\/grafo\/es\/wp-json\/wp\/v2\/media?parent=2231"}],"curies":[{"name":"wp","href":"https:\/\/api.w.org\/{rel}","templated":true}]}}