{"id":2277,"date":"2025-02-25T15:31:50","date_gmt":"2025-02-25T13:31:50","guid":{"rendered":"https:\/\/webs.uab.cat\/grafo\/?page_id=2277"},"modified":"2026-02-19T17:21:48","modified_gmt":"2026-02-19T15:21:48","slug":"unidades-de-investigacion","status":"publish","type":"page","link":"https:\/\/webs.uab.cat\/grafo\/es\/unidades-de-investigacion\/","title":{"rendered":"Unidades"},"content":{"rendered":"\n<div class=\"wp-block-group has-blanc-coco-color has-verd-tropic-background-color has-text-color has-background has-link-color wp-elements-07c9985933a8380a256541eaa928d732 is-nowrap is-layout-flex wp-container-core-group-is-layout-ad2f72ca wp-block-group-is-layout-flex\">\n<p class=\"has-text-align-center has-normal-font-size wp-container-content-9cfa9a5a\">Internamente, el grupo est\u00e1 estructurado en torno a dos unidades de investigaci\u00f3n.<\/p>\n<\/div>\n\n\n\n<div class=\"wp-block-media-text is-stacked-on-mobile\" style=\"grid-template-columns:20% auto\"><figure class=\"wp-block-media-text__media\"><img loading=\"lazy\" decoding=\"async\" width=\"225\" height=\"108\" src=\"https:\/\/webs.uab.cat\/grafo\/wp-content\/uploads\/sites\/227\/2025\/03\/getp-1.png\" alt=\"\" class=\"wp-image-1985 size-full\" \/><\/figure><div class=\"wp-block-media-text__content\">\n\n<p><strong><a href=\"https:\/\/webs.uab.cat\/getp\/es\/\">Grupo de Estudio Transcultural del Parentesco<\/a><\/strong><\/p>\n\n<\/div><\/div>\n\n\n\n<div class=\"wp-block-media-text is-stacked-on-mobile\" style=\"grid-template-columns:20% auto\"><figure class=\"wp-block-media-text__media\"><img loading=\"lazy\" decoding=\"async\" width=\"242\" height=\"109\" src=\"https:\/\/webs.uab.cat\/grafo\/wp-content\/uploads\/sites\/227\/2025\/03\/egolab.png\" alt=\"\" class=\"wp-image-1978 size-full\" \/><\/figure><div class=\"wp-block-media-text__content\">\n\n<p><a href=\"https:\/\/webs.uab.cat\/egolab\/\"><strong>Research Group on Personal Networks and Communities<\/strong><\/a><\/p>\n\n<\/div><\/div>\n\n\n\n<hr class=\"wp-block-separator has-alpha-channel-opacity\" \/>\n\n\n\n<p>Estas unidades siguen el <em><a href=\"https:\/\/www.uab.cat\/doc\/codi-bones-practiques-ED-CAT\">C\u00f3digo de Buenas Pr\u00e1cticas en la Investigaci\u00f3n<\/a><\/em> de la UAB.<\/p>\n\n\n\n<p><\/p>\n","protected":false},"excerpt":{"rendered":"<p>Internamente, el grupo est\u00e1 estructurado en torno a dos unidades de investigaci\u00f3n. Grupo de Estudio Transcultural del Parentesco Research Group on Personal Networks and Communities Estas unidades siguen el C\u00f3digo de Buenas Pr\u00e1cticas en la Investigaci\u00f3n de la UAB.<\/p>\n","protected":false},"author":1073,"featured_media":0,"parent":0,"menu_order":0,"comment_status":"closed","ping_status":"closed","template":"","meta":{"footnotes":""},"class_list":["post-2277","page","type-page","status-publish","hentry"],"_links":{"self":[{"href":"https:\/\/webs.uab.cat\/grafo\/es\/wp-json\/wp\/v2\/pages\/2277","targetHints":{"allow":["GET"]}}],"collection":[{"href":"https:\/\/webs.uab.cat\/grafo\/es\/wp-json\/wp\/v2\/pages"}],"about":[{"href":"https:\/\/webs.uab.cat\/grafo\/es\/wp-json\/wp\/v2\/types\/page"}],"author":[{"embeddable":true,"href":"https:\/\/webs.uab.cat\/grafo\/es\/wp-json\/wp\/v2\/users\/1073"}],"replies":[{"embeddable":true,"href":"https:\/\/webs.uab.cat\/grafo\/es\/wp-json\/wp\/v2\/comments?post=2277"}],"version-history":[{"count":10,"href":"https:\/\/webs.uab.cat\/grafo\/es\/wp-json\/wp\/v2\/pages\/2277\/revisions"}],"predecessor-version":[{"id":2839,"href":"https:\/\/webs.uab.cat\/grafo\/es\/wp-json\/wp\/v2\/pages\/2277\/revisions\/2839"}],"wp:attachment":[{"href":"https:\/\/webs.uab.cat\/grafo\/es\/wp-json\/wp\/v2\/media?parent=2277"}],"curies":[{"name":"wp","href":"https:\/\/api.w.org\/{rel}","templated":true}]}}