{"id":2507,"date":"2026-01-11T20:19:26","date_gmt":"2026-01-11T18:19:26","guid":{"rendered":"https:\/\/webs.uab.cat\/grafo\/?page_id=2507"},"modified":"2026-01-21T12:40:39","modified_gmt":"2026-01-21T10:40:39","slug":"sedit-lab","status":"publish","type":"page","link":"https:\/\/webs.uab.cat\/grafo\/es\/grafo-media-centre\/sedit-lab\/","title":{"rendered":"SeDIT Lab"},"content":{"rendered":"\n<p>El Servicio para la Documentaci\u00f3n y la Investigaci\u00f3n transcultural (SeDIT) constituye un servicio de apoyo a la investigaci\u00f3n ya la docencia para los estudiantes y docentes del GRAFO, as\u00ed como del y Postgrado en el Departamento de Antropolog\u00eda Social y Cultural en los siguientes \u00e1mbitos:<\/p>\n\n\n\n<p>a) Asesoramiento etnogr\u00e1fico en tres ejes b\u00e1sicos: producciones audiovisuales, docencia, investigaci\u00f3n cient\u00edfica.<\/p>\n\n\n\n<p>b) Potenciaci\u00f3n del uso de los audiovisuales como metodolog\u00eda de investigaci\u00f3n cient\u00edfica y herramienta de comunicaci\u00f3n y divulgaci\u00f3n de resultados.<\/p>\n\n\n\n<p>c) Apoyo a la consulta de bases de datos documentales.<\/p>\n\n\n\n<ul class=\"wp-block-list\">\n<li>Human Relations Area Files (HRAF) y eHRAF \u200b\u200b(versi\u00f3n electr\u00f3nica).<\/li>\n\n\n\n<li>Recursos antropol\u00f3gicos on-line de especial inter\u00e9s cient\u00edfico.<br>d) Producciones propias de inter\u00e9s cient\u00edfico.<\/li>\n<\/ul>\n","protected":false},"excerpt":{"rendered":"<p>El Servicio para la Documentaci\u00f3n y la Investigaci\u00f3n transcultural (SeDIT) constituye un servicio de apoyo a la investigaci\u00f3n ya la docencia para los estudiantes y docentes del GRAFO, as\u00ed como del y Postgrado en el Departamento de Antropolog\u00eda Social y Cultural en los siguientes \u00e1mbitos: a) Asesoramiento etnogr\u00e1fico en tres ejes b\u00e1sicos: producciones audiovisuales, docencia, [&hellip;]<\/p>\n","protected":false},"author":99,"featured_media":0,"parent":2493,"menu_order":3,"comment_status":"closed","ping_status":"closed","template":"","meta":{"footnotes":""},"class_list":["post-2507","page","type-page","status-publish","hentry"],"_links":{"self":[{"href":"https:\/\/webs.uab.cat\/grafo\/es\/wp-json\/wp\/v2\/pages\/2507","targetHints":{"allow":["GET"]}}],"collection":[{"href":"https:\/\/webs.uab.cat\/grafo\/es\/wp-json\/wp\/v2\/pages"}],"about":[{"href":"https:\/\/webs.uab.cat\/grafo\/es\/wp-json\/wp\/v2\/types\/page"}],"author":[{"embeddable":true,"href":"https:\/\/webs.uab.cat\/grafo\/es\/wp-json\/wp\/v2\/users\/99"}],"replies":[{"embeddable":true,"href":"https:\/\/webs.uab.cat\/grafo\/es\/wp-json\/wp\/v2\/comments?post=2507"}],"version-history":[{"count":2,"href":"https:\/\/webs.uab.cat\/grafo\/es\/wp-json\/wp\/v2\/pages\/2507\/revisions"}],"predecessor-version":[{"id":2718,"href":"https:\/\/webs.uab.cat\/grafo\/es\/wp-json\/wp\/v2\/pages\/2507\/revisions\/2718"}],"up":[{"embeddable":true,"href":"https:\/\/webs.uab.cat\/grafo\/es\/wp-json\/wp\/v2\/pages\/2493"}],"wp:attachment":[{"href":"https:\/\/webs.uab.cat\/grafo\/es\/wp-json\/wp\/v2\/media?parent=2507"}],"curies":[{"name":"wp","href":"https:\/\/api.w.org\/{rel}","templated":true}]}}