{"id":2578,"date":"2026-01-14T16:54:16","date_gmt":"2026-01-14T14:54:16","guid":{"rendered":"https:\/\/webs.uab.cat\/grafo\/?page_id=2578"},"modified":"2026-02-19T17:33:44","modified_gmt":"2026-02-19T15:33:44","slug":"produccion-cientifica","status":"publish","type":"page","link":"https:\/\/webs.uab.cat\/grafo\/es\/produccion-cientifica\/","title":{"rendered":"Producci\u00f3n"},"content":{"rendered":"\n<p>Aqui se puede consultar la producci\u00f3n cient\u00edfica del grupo de investigaci\u00f3n GRAFO, que incluye publicaciones acad\u00e9micas, materiales formativos, contenidos de divulgaci\u00f3n y actividades de transferencia del conocimiento. Este espacio re\u00fane los principales resultados de investigaci\u00f3n del grupo y refleja su compromiso con la generaci\u00f3n, difusi\u00f3n y aplicaci\u00f3n social del conocimiento.<\/p>\n\n\n\n<details class=\"wp-block-mamaduka-toggles wp-block-toggles has-larger-font-size\"><summary><strong>Contenidos<\/strong><\/summary><div class=\"wp-block-toggles__content\">\n<ul class=\"wp-block-list\">\n<li class=\"has-normal-font-size\"><a href=\"https:\/\/webs.uab.cat\/grafo\/es\/publicacions\/\">Publicaciones<\/a><\/li>\n\n\n\n<li class=\"has-normal-font-size\"><a href=\"https:\/\/webs.uab.cat\/grafo\/es\/divulgacion-2\/\">Divulgaci\u00f3n<\/a><\/li>\n\n\n\n<li class=\"has-normal-font-size\"><a href=\"https:\/\/webs.uab.cat\/grafo\/es\/docencia_es\/\">Docencia<\/a><\/li>\n\n\n\n<li class=\"has-normal-font-size\"><a href=\"https:\/\/webs.uab.cat\/grafo\/es\/cursos-de-formacion-organizados-por-el-grafo\/\">Cursos de formaci\u00f3n<\/a><\/li>\n\n\n\n<li class=\"has-normal-font-size\"><a href=\"https:\/\/webs.uab.cat\/grafo\/es\/materiales-formativos-elaborados-por-el-grafo\/\">Materiales Formativos<\/a><\/li>\n\n\n\n<li class=\"has-normal-font-size\"><a href=\"https:\/\/ddd.uab.cat\/search?ln=ca&amp;as=1&amp;m1=a&amp;p1=grafo&amp;f1=&amp;op1=a&amp;m2=a&amp;p2=&amp;f2=&amp;op2=a&amp;m3=a&amp;p3=&amp;f3=&amp;action_search=Cerca&amp;c=grafo&amp;sf=year&amp;so=d&amp;rm=&amp;rg=500&amp;sc=1&amp;of=hd\">DDD -Dip\u00f2sit Digital de Documents de la UAB<\/a><\/li>\n<\/ul>\n<\/div><\/details>\n\n\n\n<ul class=\"wp-block-list\">\n<li><\/li>\n<\/ul>\n\n\n\n<p><\/p>\n","protected":false},"excerpt":{"rendered":"<p>Aqui se puede consultar la producci\u00f3n cient\u00edfica del grupo de investigaci\u00f3n GRAFO, que incluye publicaciones acad\u00e9micas, materiales formativos, contenidos de divulgaci\u00f3n y actividades de transferencia del conocimiento. Este espacio re\u00fane los principales resultados de investigaci\u00f3n del grupo y refleja su compromiso con la generaci\u00f3n, difusi\u00f3n y aplicaci\u00f3n social del conocimiento.<\/p>\n","protected":false},"author":99,"featured_media":0,"parent":0,"menu_order":0,"comment_status":"closed","ping_status":"closed","template":"","meta":{"footnotes":""},"class_list":["post-2578","page","type-page","status-publish","hentry"],"_links":{"self":[{"href":"https:\/\/webs.uab.cat\/grafo\/es\/wp-json\/wp\/v2\/pages\/2578","targetHints":{"allow":["GET"]}}],"collection":[{"href":"https:\/\/webs.uab.cat\/grafo\/es\/wp-json\/wp\/v2\/pages"}],"about":[{"href":"https:\/\/webs.uab.cat\/grafo\/es\/wp-json\/wp\/v2\/types\/page"}],"author":[{"embeddable":true,"href":"https:\/\/webs.uab.cat\/grafo\/es\/wp-json\/wp\/v2\/users\/99"}],"replies":[{"embeddable":true,"href":"https:\/\/webs.uab.cat\/grafo\/es\/wp-json\/wp\/v2\/comments?post=2578"}],"version-history":[{"count":8,"href":"https:\/\/webs.uab.cat\/grafo\/es\/wp-json\/wp\/v2\/pages\/2578\/revisions"}],"predecessor-version":[{"id":2845,"href":"https:\/\/webs.uab.cat\/grafo\/es\/wp-json\/wp\/v2\/pages\/2578\/revisions\/2845"}],"wp:attachment":[{"href":"https:\/\/webs.uab.cat\/grafo\/es\/wp-json\/wp\/v2\/media?parent=2578"}],"curies":[{"name":"wp","href":"https:\/\/api.w.org\/{rel}","templated":true}]}}