{"id":273,"date":"2012-03-03T13:38:03","date_gmt":"2012-03-03T11:38:03","guid":{"rendered":"https:\/\/webs.uab.cat\/grafo\/contacto\/"},"modified":"2022-10-08T20:02:24","modified_gmt":"2022-10-08T18:02:24","slug":"contacto","status":"publish","type":"page","link":"https:\/\/webs.uab.cat\/grafo\/es\/contacto\/","title":{"rendered":"Contacto"},"content":{"rendered":"\n<p><strong>Direcci\u00f3n postal<\/strong><\/p>\n\n\n\n<p>GRAFO (Grup de Recerca en Antropologia Fonamental i Orientada)<\/p>\n\n\n\n<p>Departamento de Antropolog\u00eda Social y Cultural<br>Edificio B &#8211; Facultad de Letras y Filosof\u00eda<br>08193 Bellaterra (Cerdanyola del Vall\u00e8s)<br>Tel.: +34 93 581 12 39&nbsp;&nbsp;Fax: +34 93 581 11 40<\/p>\n\n\n\n<p><strong>Correo electr\u00f3nico<\/strong>: grafo@grafo.cat<\/p>\n\n\n\n<p><strong>Pagina web<\/strong>: <a href=\"http:\/\/grupsderecerca.uab.cat\/grafo\/\">http:\/\/webs.uab.cat\/grafo<\/a><\/p>\n\n\n\n<p><a href=\"http:\/\/www.grafo.cat\">http:\/\/www.grafo.cat<\/a><\/p>\n\n\n\n<p><a class=\"twitter-follow-button\" href=\"https:\/\/twitter.com\/GrafoUab?ref_src=twsrc%5Etfw\">Follow @GrafoUab<\/a><\/p>\n\n\n\n<figure class=\"wp-block-image\"><img loading=\"lazy\" decoding=\"async\" width=\"450\" height=\"600\" src=\"https:\/\/webs.uab.cat\/grafo\/wp-content\/uploads\/sites\/227\/2012\/03\/dept.jpg\" alt=\"dept.jpg\" class=\"wp-image-183\" srcset=\"https:\/\/webs.uab.cat\/grafo\/wp-content\/uploads\/sites\/227\/2012\/03\/dept.jpg 450w, https:\/\/webs.uab.cat\/grafo\/wp-content\/uploads\/sites\/227\/2012\/03\/dept-225x300.jpg 225w\" sizes=\"auto, (max-width: 450px) 100vw, 450px\" \/><\/figure>\n","protected":false},"excerpt":{"rendered":"<p>Direcci\u00f3n postal GRAFO (Grup de Recerca en Antropologia Fonamental i Orientada) Departamento de Antropolog\u00eda Social y CulturalEdificio B &#8211; Facultad de Letras y Filosof\u00eda08193 Bellaterra (Cerdanyola del Vall\u00e8s)Tel.: +34 93 581 12 39&nbsp;&nbsp;Fax: +34 93 581 11 40 Correo electr\u00f3nico: grafo@grafo.cat Pagina web: http:\/\/webs.uab.cat\/grafo http:\/\/www.grafo.cat Follow @GrafoUab<\/p>\n","protected":false},"author":20,"featured_media":0,"parent":0,"menu_order":0,"comment_status":"closed","ping_status":"closed","template":"","meta":{"footnotes":""},"class_list":["post-273","page","type-page","status-publish","hentry"],"_links":{"self":[{"href":"https:\/\/webs.uab.cat\/grafo\/es\/wp-json\/wp\/v2\/pages\/273","targetHints":{"allow":["GET"]}}],"collection":[{"href":"https:\/\/webs.uab.cat\/grafo\/es\/wp-json\/wp\/v2\/pages"}],"about":[{"href":"https:\/\/webs.uab.cat\/grafo\/es\/wp-json\/wp\/v2\/types\/page"}],"author":[{"embeddable":true,"href":"https:\/\/webs.uab.cat\/grafo\/es\/wp-json\/wp\/v2\/users\/20"}],"replies":[{"embeddable":true,"href":"https:\/\/webs.uab.cat\/grafo\/es\/wp-json\/wp\/v2\/comments?post=273"}],"version-history":[{"count":2,"href":"https:\/\/webs.uab.cat\/grafo\/es\/wp-json\/wp\/v2\/pages\/273\/revisions"}],"predecessor-version":[{"id":927,"href":"https:\/\/webs.uab.cat\/grafo\/es\/wp-json\/wp\/v2\/pages\/273\/revisions\/927"}],"wp:attachment":[{"href":"https:\/\/webs.uab.cat\/grafo\/es\/wp-json\/wp\/v2\/media?parent=273"}],"curies":[{"name":"wp","href":"https:\/\/api.w.org\/{rel}","templated":true}]}}