{"id":299,"date":"2017-07-31T13:49:40","date_gmt":"2017-07-31T11:49:40","guid":{"rendered":"https:\/\/webs.uab.cat\/grafo\/docencia_es\/"},"modified":"2026-02-19T17:20:30","modified_gmt":"2026-02-19T15:20:30","slug":"docencia_es","status":"publish","type":"page","link":"https:\/\/webs.uab.cat\/grafo\/es\/docencia_es\/","title":{"rendered":"Docencia"},"content":{"rendered":"\n<p>Los miembros del GRAFO ense\u00f1an <strong>antropolog\u00eda a los niveles de grado, M\u00e1ster y doctorado, <\/strong>juntos con los otros miembros del Departamento en Antropolog\u00eda Social y Cultural de la UAB. La mayor parte de su ense\u00f1anza tiene lugar en los cuatro programas educativos del Departamento:<\/p>\n\n\n\n<div>\n<div>\n<div>\n<div>\n<div>\n<div dir=\"ltr\">\n<ul>\n<li class=\"rtejustify\">El <a href=\"http:\/\/www.uab.cat\/web\/estudiar\/listado-de-grados\/informacion-general\/antropologia-social-y-cultural-1216708258897.html?param1=1217399695080\">Grado en Antropolog\u00eda Social y Cultural<\/a>, de cuatro a\u00f1os de duraci\u00f3n, acreditada \u00aben progreso de excelencia\u00bb por la Agencia de Gesti\u00f3n de Ayudas Universitarias y de Investigaci\u00f3n (AGAUR) de la Generalitat de Catalunya,<\/li>\n<li class=\"rtejustify\">El <a href=\"http:\/\/www.uab.cat\/web\/estudiar\/la-oferta-de-masteres-oficiales\/informacion-general\/antropologia-investigacion-avanzada-e-intervencion-social-1096480309770.html?param1=1345648439250\">M\u00e1ster Oficial en Antropolog\u00eda: Investigaci\u00f3n Avanzada e Intervenci\u00f3n Social<\/a> (duraci\u00f3n de un a\u00f1o, 60 ECTS),<\/li>\n<li class=\"rtejustify\">El <a href=\"http:\/\/www.uab.cat\/web\/estudiar\/la-oferta-de-masteres-oficiales\/informacion-general\/antropologia-social-i-cultural-\/-social-and-cultural-anthropology-1096480309770.html?param1=1345692485700\">M\u00e1ster Interuniversitario en Antropolog\u00eda Social y Cultural<\/a>, de dos a\u00f1os de duraci\u00f3n (120 ECTS), y<\/li>\n<li class=\"rtejustify\">El <a href=\"http:\/\/www.uab.cat\/web\/postgrado\/doctorados\/todos-los-doctorados\/informacion-general\/antropologia-social-y-cultural-1345467765424.html?param2=1345662165182\">Doctorado en Antropolog\u00eda Social y Cultural<\/a>&nbsp; (que recibi\u00f3 la menci\u00f3n de excelencia del gobierno nacional en el \u00faltimo per\u00edodo que esta menci\u00f3n fue otorgada).<\/li>\n<\/ul>\n<\/div>\n<\/div>\n<\/div>\n<\/div>\n<\/div>\n<\/div>\n\n\n\n<p>En estos programas, los miembros del grupo imparten asignaturas relacionadas con las \u00e1reas de investigaci\u00f3n del GRAFO (y tambi\u00e9n otras asignaturas).<\/p>\n\n\n\n<p>Adem\u00e1s, varios miembros han impartido <strong>cursos en<\/strong> <strong>otros programas de maestr\u00eda y posgrado en el extranjero y en Espa\u00f1a<\/strong>.&nbsp;<\/p>\n\n\n\n<p><\/p>\n\n\n<div class=\"wp-block-image\">\n<figure class=\"aligncenter\"><img loading=\"lazy\" decoding=\"async\" width=\"480\" height=\"360\" src=\"https:\/\/webs.uab.cat\/grafo\/wp-content\/uploads\/sites\/227\/2017\/07\/master_1.jpg\" alt=\"master_1.jpg\" class=\"wp-image-294\" srcset=\"https:\/\/webs.uab.cat\/grafo\/wp-content\/uploads\/sites\/227\/2017\/07\/master_1.jpg 480w, https:\/\/webs.uab.cat\/grafo\/wp-content\/uploads\/sites\/227\/2017\/07\/master_1-300x225.jpg 300w\" sizes=\"auto, (max-width: 480px) 100vw, 480px\" \/><\/figure>\n<\/div>","protected":false},"excerpt":{"rendered":"<p>Los miembros del GRAFO ense\u00f1an antropolog\u00eda a los niveles de grado, M\u00e1ster y doctorado, juntos con los otros miembros del Departamento en Antropolog\u00eda Social y Cultural de la UAB. La mayor parte de su ense\u00f1anza tiene lugar en los cuatro programas educativos del Departamento: El Grado en Antropolog\u00eda Social y Cultural, de cuatro a\u00f1os de [&hellip;]<\/p>\n","protected":false},"author":20,"featured_media":0,"parent":0,"menu_order":0,"comment_status":"closed","ping_status":"closed","template":"","meta":{"footnotes":""},"class_list":["post-299","page","type-page","status-publish","hentry"],"_links":{"self":[{"href":"https:\/\/webs.uab.cat\/grafo\/es\/wp-json\/wp\/v2\/pages\/299","targetHints":{"allow":["GET"]}}],"collection":[{"href":"https:\/\/webs.uab.cat\/grafo\/es\/wp-json\/wp\/v2\/pages"}],"about":[{"href":"https:\/\/webs.uab.cat\/grafo\/es\/wp-json\/wp\/v2\/types\/page"}],"author":[{"embeddable":true,"href":"https:\/\/webs.uab.cat\/grafo\/es\/wp-json\/wp\/v2\/users\/20"}],"replies":[{"embeddable":true,"href":"https:\/\/webs.uab.cat\/grafo\/es\/wp-json\/wp\/v2\/comments?post=299"}],"version-history":[{"count":2,"href":"https:\/\/webs.uab.cat\/grafo\/es\/wp-json\/wp\/v2\/pages\/299\/revisions"}],"predecessor-version":[{"id":2838,"href":"https:\/\/webs.uab.cat\/grafo\/es\/wp-json\/wp\/v2\/pages\/299\/revisions\/2838"}],"wp:attachment":[{"href":"https:\/\/webs.uab.cat\/grafo\/es\/wp-json\/wp\/v2\/media?parent=299"}],"curies":[{"name":"wp","href":"https:\/\/api.w.org\/{rel}","templated":true}]}}