{"id":689,"date":"2022-10-04T14:00:19","date_gmt":"2022-10-04T12:00:19","guid":{"rendered":"https:\/\/webs.uab.cat\/grafo\/?page_id=689"},"modified":"2024-10-25T11:13:18","modified_gmt":"2024-10-25T09:13:18","slug":"cursos-de-formacion-organizados-por-el-grafo","status":"publish","type":"page","link":"https:\/\/webs.uab.cat\/grafo\/es\/cursos-de-formacion-organizados-por-el-grafo\/","title":{"rendered":"Cursos de formaci\u00f3n"},"content":{"rendered":"\n<ul class=\"wp-block-list\">\n<li><a href=\"https:\/\/migrademo.eu\/training-session-ethics-in-data-collection-challenges-and-solutions\/\">Training session. Ethics in data collection: challenges and solutions<\/a>. Organizado por MIGRADEMO y la Escuela de Doctorado de la Universitat Aut\u00f2noma de Barcelona. 24 de octubre de 2024. Participa: Jos\u00e9 Luis Molina Gonz\u00e1lez.<\/li>\n\n\n\n<li><em><a href=\"https:\/\/webs.uab.cat\/egolab\/14th-personal-networks-course\/\">International \u201cWinter Course,\u201d Personal Networks: Theory, Methods and Applications in Barcelona (2 ECTS*)<\/a> <\/em>Organitza: GRAFO. Barcelona, 3-7 de febrer de 2025.<\/li>\n\n\n\n<li>Curso en <a href=\"https:\/\/www.uab.cat\/web\/postgrado\/curso-en-intervenciones-en-red-para-la-promocion-de-la-salud-en-poblaciones-vulnerables\/informacion-general-1206597475768.html\/param1-4970_es\/\">Intervenciones en Red para la Promoci\u00f3n de la Salud en Poblaciones Vulnerables<\/a>. Organiza: GRAFO. Barcelona. Martes y jueves de 16:00 a 20:00 horas, desde noviembre de 2024 hasta finales de enero de 2025. <\/li>\n\n\n\n<li><em>International Winter Course <a href=\"https:\/\/webs.uab.cat\/egolab\/13th-personal-networks-course\/\" target=\"_blank\" rel=\"noreferrer noopener\">Theory, Methods and Applications of Personal Networks (2 ECTS*)<\/a>. <\/em>Organitza: GRAFO. Barcelona, 5-9 de febrer de 2024.<\/li>\n\n\n\n<li><em>International Winter Course <a href=\"https:\/\/webs.uab.cat\/egolab\/12th-course-personal-networks\/\" data-type=\"URL\" data-id=\"https:\/\/webs.uab.cat\/egolab\/12th-course-personal-networks\/\">Theory, Methods and Applications of Personal Networks (2 ECTS*)<\/a>. <\/em>Organitza: GRAFO. Barcelona, 6-10 de febrer de 2023.<\/li>\n\n\n\n<li><em>International Winter Course&nbsp;<a href=\"https:\/\/sway.office.com\/1TpXMhGqKa7fTsAC?ref=email\">Theory, Methods and Applications of Personal Networks<\/a>&nbsp;(2 ECTS*).&nbsp;<\/em>Organitza: GRAFO. Barcelona, 7-11 de febrer de 2022.<\/li>\n\n\n\n<li><em><a rel=\"noreferrer noopener\" href=\"https:\/\/grupsderecerca.uab.cat\/egolab\/content\/summer-course\" target=\"_blank\">Summer Course Theory, methods and Applications of social networks. The measurement of personal networks<\/a><a href=\"https:\/\/grupsderecerca.uab.cat\/egolab\/content\/9th-summer-course-theory-methods-and-applications-personal-networks-2-ects\">.<\/a><\/em>&nbsp;Organitza: GRAFO. Barcelona, 3-7&nbsp;de julio de 2017.<\/li>\n\n\n\n<li><em><a rel=\"noreferrer noopener\" href=\"https:\/\/grupsderecerca.uab.cat\/egolab\/content\/summer-course-2015\" target=\"_blank\">Summer Course Theory, methods and Applications of social networks. The measurement of personal networks<\/a>.<\/em>&nbsp;Organiza: GRAFO. Barcelona, 1-5 de julio de 2015.<\/li>\n\n\n\n<li><em><a rel=\"noreferrer noopener\" href=\"https:\/\/grupsderecerca.uab.cat\/egolab\/content\/summer-course\" target=\"_blank\">Summer Course Theory, methods and Applications of social networks. The measurement of personal networks<\/a>.&nbsp;<\/em>Organiza: GRAFO. Barcelona, 1-5 de julio de 2013.<\/li>\n\n\n\n<li><a rel=\"noreferrer noopener\" href=\"https:\/\/grupsderecerca.uab.cat\/grafo\/content\/pediatria-en-context-intercultural-reflexions-interdisciplinars-entorn-la-poblaci%C3%B3-marroqu%C3%AD-\" target=\"_blank\"><em>Curs&nbsp;te\u00f2ric-pr\u00e0ctic de cures en pediatria en context intercultural. Reflexions interdisciplinars entorn a la poblaci\u00f3 marroqu\u00ed d\u2019origen amazigh<\/em><\/a>. Organiza: GRAFO y el Institut d\u2019Estudis de la Salut. Barcelona, 18 i 25 de febrero de 2010.<\/li>\n\n\n\n<li><em>Curs L&#8217;atenci\u00f3 a la salut en contextos interculturals. Diversitat, vulnerabilitat social i competencia cultural. Organitza: GRAFO, Institut d\u2019Estudis de la Salut, &nbsp;Pla Director d\u2019Immigraci\u00f3 del Departament de Salut de la Salut de la Generalitat de Catalunya. Barcelona.&nbsp; 14, 22 i 29 de gener 2008.<\/em><\/li>\n\n\n\n<li><em>Curs Aprofundiment en l&#8217;atenci\u00f3 a la salut en contextos interculturals. Diversitat, vulnerabilitat social i competencia cultural<\/em>. Organitza: GRAFO, Institut d\u2019Estudis de la Salut, Pla Director d\u2019Immigraci\u00f3 del Departament de Salut de la Salut de la Generalitat de Catalunya. Barcelona.&nbsp; 8, 22 i 29 de novembre de 2007.<\/li>\n<\/ul>\n\n\n<div class=\"wp-block-image\">\n<figure class=\"aligncenter\"><img decoding=\"async\" src=\"https:\/\/grupsderecerca.uab.cat\/grafo\/sites\/grupsderecerca.uab.cat.grafo\/files\/u23\/curso.jpg\" alt=\"curso.jpg\" \/><\/figure>\n<\/div>","protected":false},"excerpt":{"rendered":"","protected":false},"author":20,"featured_media":0,"parent":0,"menu_order":0,"comment_status":"closed","ping_status":"closed","template":"","meta":{"footnotes":""},"class_list":["post-689","page","type-page","status-publish","hentry"],"_links":{"self":[{"href":"https:\/\/webs.uab.cat\/grafo\/es\/wp-json\/wp\/v2\/pages\/689","targetHints":{"allow":["GET"]}}],"collection":[{"href":"https:\/\/webs.uab.cat\/grafo\/es\/wp-json\/wp\/v2\/pages"}],"about":[{"href":"https:\/\/webs.uab.cat\/grafo\/es\/wp-json\/wp\/v2\/types\/page"}],"author":[{"embeddable":true,"href":"https:\/\/webs.uab.cat\/grafo\/es\/wp-json\/wp\/v2\/users\/20"}],"replies":[{"embeddable":true,"href":"https:\/\/webs.uab.cat\/grafo\/es\/wp-json\/wp\/v2\/comments?post=689"}],"version-history":[{"count":12,"href":"https:\/\/webs.uab.cat\/grafo\/es\/wp-json\/wp\/v2\/pages\/689\/revisions"}],"predecessor-version":[{"id":1715,"href":"https:\/\/webs.uab.cat\/grafo\/es\/wp-json\/wp\/v2\/pages\/689\/revisions\/1715"}],"wp:attachment":[{"href":"https:\/\/webs.uab.cat\/grafo\/es\/wp-json\/wp\/v2\/media?parent=689"}],"curies":[{"name":"wp","href":"https:\/\/api.w.org\/{rel}","templated":true}]}}