{"id":142,"date":"2009-05-25T13:26:58","date_gmt":"2009-05-25T11:26:58","guid":{"rendered":"https:\/\/webs.uab.cat\/grafo\/linies-de-recerca\/"},"modified":"2026-01-14T18:02:14","modified_gmt":"2026-01-14T16:02:14","slug":"linies-de-recerca","status":"publish","type":"page","link":"https:\/\/webs.uab.cat\/grafo\/linies-de-recerca\/","title":{"rendered":"L\u00ednies de recerca"},"content":{"rendered":"<p class=\"rtejustify\">El Grup de Recerca en Antropologia Fonamental i Orientada (GRAFO) pret\u00e9n contribuir a la construcci\u00f3 de comunitats <strong>resilients<\/strong> mitjan\u00e7ant l&#8217;estudi i la millora de les condicions de vida de poblacions econ\u00f2micament o socialment <strong>vulnerables i culturalment diverses <\/strong>en la societat global digitalitzada, cada cop m\u00e9s desigual i polaritzada.<\/p>\n<p class=\"rtejustify\"><strong>La perspectiva \u00fanica de GRAFO \u00e9s sobre les relacions<\/strong>. Si b\u00e9 les Ci\u00e8ncies Socials generalment adopten un enfocament individualista per estudiar les condicions de vida d&#8217;una poblaci\u00f3 i els seus efectes, aquest enfocament passa per alt gaireb\u00e9 completament les complexes interdepend\u00e8ncies entre els individus i com contribueixen o compensen les vulnerabilitats. GRAFO se centra espec\u00edficament en aquestes interdepend\u00e8ncies, \u00e9s a dir, en els entorns socials immediats dels individus. Les relacions fortes i febles que els individus tenen amb familiars i no-parents proporcionen suport social informal (o capital social) i col\u00b7laboraci\u00f3, difonen informaci\u00f3, exerceixen control social, configuren identitats i percepcions de la societat, per\u00f2 tamb\u00e9 poden ser conflictives o insolid\u00e0ries. Aquestes dimensions relacionals afecten els resultats individuals i (des)integran les comunitats. GRAFO t\u00e9 una posici\u00f3 \u00fanica per estudiar aquestes estructures socials interm\u00e8dies i din\u00e0miques des d&#8217;un enfocament antropol\u00f2gic hol\u00edstic i exploratori, per\u00f2 tamb\u00e9 porta a terme investigacions de xarxes personals amb m\u00e8todes mixts i ci\u00e8ncies quantitatives de xarxes en aquestes estructures socials. Les preguntes que GRAFO ha abordat en el passat i que ha comen\u00e7at a abordar s\u00f3n, per exemple:<\/p>\n<ul>\n<li>Les relacions personals donen suport als individus de les llars pobres o augmenten la seva marginaci\u00f3 en condicions de pobresa? Per qu\u00e8?<\/li>\n<li>Com funcionen els lla\u00e7os familiars en condicions de pobresa?<\/li>\n<li>Com poden les persones sense llar mantenir relacions socials funcionals que proporcionen suport social?<\/li>\n<li>Poden les organitzacions ben\u00e8fiques complementar les funcions que solen dur a terme les xarxes informals de suport individual?<\/li>\n<li>Quina atenci\u00f3 ofereixen les xarxes informals de suport als pares adoptius?<\/li>\n<li>Com s&#8217;incorporen m\u00e9s socialment els migrants a les seves societats d&#8217;acollida amb el pas del temps?<\/li>\n<li>Influeixen les institucions en l&#8217;emerg\u00e8ncia d&#8217;\u00e0mbits socials transnacionals teixits per les relacions als pa\u00efsos d&#8217;origen i de resid\u00e8ncia que mantenen i creen els migrants, i com afecten aquests \u00e0mbits a la vida dels migrants?<\/li>\n<li>De quin capital social poden comptar les petites i mitjanes empreses socials?<\/li>\n<\/ul>\n<p class=\"rtejustify\"><strong>Com mostren aquestes preguntes, la perspectiva de les xarxes socials est\u00e0 lluny de ser nom\u00e9s una eina metodol\u00f2gica,<\/strong> sin\u00f3 un ric camp d&#8217;investigaci\u00f3 de fons sobre les relacions humanes, i GRAFO \u00e9s conegut internacionalment per la seva experi\u00e8ncia en aquest camp. Ensenya sobre xarxes personals a trav\u00e9s de la seva escola d&#8217;estiu bianual i compleix funcions clau a les associacions professionals internacionals i comit\u00e8s de revistes m\u00e9s importants en la mat\u00e8ria.<\/p>\n<p class=\"rtejustify\">\n","protected":false},"excerpt":{"rendered":"<p>El Grup de Recerca en Antropologia Fonamental i Orientada (GRAFO) pret\u00e9n contribuir a la construcci\u00f3 de comunitats resilients mitjan\u00e7ant l&#8217;estudi i la millora de les condicions de vida de poblacions econ\u00f2micament o socialment vulnerables i culturalment diverses en la societat global digitalitzada, cada cop m\u00e9s desigual i polaritzada. La perspectiva \u00fanica de GRAFO \u00e9s sobre [&hellip;]<\/p>\n","protected":false},"author":20,"featured_media":0,"parent":0,"menu_order":0,"comment_status":"closed","ping_status":"closed","template":"","meta":{"footnotes":""},"class_list":["post-142","page","type-page","status-publish","hentry"],"_links":{"self":[{"href":"https:\/\/webs.uab.cat\/grafo\/wp-json\/wp\/v2\/pages\/142","targetHints":{"allow":["GET"]}}],"collection":[{"href":"https:\/\/webs.uab.cat\/grafo\/wp-json\/wp\/v2\/pages"}],"about":[{"href":"https:\/\/webs.uab.cat\/grafo\/wp-json\/wp\/v2\/types\/page"}],"author":[{"embeddable":true,"href":"https:\/\/webs.uab.cat\/grafo\/wp-json\/wp\/v2\/users\/20"}],"replies":[{"embeddable":true,"href":"https:\/\/webs.uab.cat\/grafo\/wp-json\/wp\/v2\/comments?post=142"}],"version-history":[{"count":2,"href":"https:\/\/webs.uab.cat\/grafo\/wp-json\/wp\/v2\/pages\/142\/revisions"}],"predecessor-version":[{"id":2587,"href":"https:\/\/webs.uab.cat\/grafo\/wp-json\/wp\/v2\/pages\/142\/revisions\/2587"}],"wp:attachment":[{"href":"https:\/\/webs.uab.cat\/grafo\/wp-json\/wp\/v2\/media?parent=142"}],"curies":[{"name":"wp","href":"https:\/\/api.w.org\/{rel}","templated":true}]}}