{"id":2193,"date":"2025-05-06T09:10:13","date_gmt":"2025-05-06T07:10:13","guid":{"rendered":"https:\/\/webs.uab.cat\/grafo\/?page_id=2193"},"modified":"2025-05-06T09:10:14","modified_gmt":"2025-05-06T07:10:14","slug":"escriptura-academica","status":"publish","type":"page","link":"https:\/\/webs.uab.cat\/grafo\/escriptura-academica\/","title":{"rendered":"Escriptura Acad\u00e8mica"},"content":{"rendered":"\n<p>El GRAFO &nbsp;compta amb un seminari permanent d\u2019escriptura cient\u00edfica coordinat per Alba Valenciano. Aquest taller t\u00e9 lloc en angl\u00e8s i s\u2019adre\u00e7a als membres del GRAFO interessats a compartir el proc\u00e9s d\u2019escriptura i aprendre els uns dels altres. Tot i que est\u00e0 principalment orientat a investigadors predoctorals i postdoctorals, est\u00e0 obert a tots els membres de l\u2019equip que vulguin compartir manuscrits en curs i llegir els dels companys i companyes.<\/p>\n\n\n\n<p>Per a m\u00e9s informaci\u00f3 i inscripcions, contacteu amb <a href=\"mailto:alba.valenciano@uab.cat\">alba.valenciano@uab.cat<\/a><\/p>\n\n\n\n<p><\/p>\n","protected":false},"excerpt":{"rendered":"<p>El GRAFO &nbsp;compta amb un seminari permanent d\u2019escriptura cient\u00edfica coordinat per Alba Valenciano. Aquest taller t\u00e9 lloc en angl\u00e8s i s\u2019adre\u00e7a als membres del GRAFO interessats a compartir el proc\u00e9s d\u2019escriptura i aprendre els uns dels altres. Tot i que est\u00e0 principalment orientat a investigadors predoctorals i postdoctorals, est\u00e0 obert a tots els membres de [&hellip;]<\/p>\n","protected":false},"author":1073,"featured_media":0,"parent":0,"menu_order":0,"comment_status":"closed","ping_status":"closed","template":"","meta":{"footnotes":""},"class_list":["post-2193","page","type-page","status-publish","hentry"],"_links":{"self":[{"href":"https:\/\/webs.uab.cat\/grafo\/wp-json\/wp\/v2\/pages\/2193","targetHints":{"allow":["GET"]}}],"collection":[{"href":"https:\/\/webs.uab.cat\/grafo\/wp-json\/wp\/v2\/pages"}],"about":[{"href":"https:\/\/webs.uab.cat\/grafo\/wp-json\/wp\/v2\/types\/page"}],"author":[{"embeddable":true,"href":"https:\/\/webs.uab.cat\/grafo\/wp-json\/wp\/v2\/users\/1073"}],"replies":[{"embeddable":true,"href":"https:\/\/webs.uab.cat\/grafo\/wp-json\/wp\/v2\/comments?post=2193"}],"version-history":[{"count":1,"href":"https:\/\/webs.uab.cat\/grafo\/wp-json\/wp\/v2\/pages\/2193\/revisions"}],"predecessor-version":[{"id":2194,"href":"https:\/\/webs.uab.cat\/grafo\/wp-json\/wp\/v2\/pages\/2193\/revisions\/2194"}],"wp:attachment":[{"href":"https:\/\/webs.uab.cat\/grafo\/wp-json\/wp\/v2\/media?parent=2193"}],"curies":[{"name":"wp","href":"https:\/\/api.w.org\/{rel}","templated":true}]}}