{"id":2484,"date":"2026-01-10T14:29:11","date_gmt":"2026-01-10T12:29:11","guid":{"rendered":"https:\/\/webs.uab.cat\/grafo\/?page_id=2484"},"modified":"2026-02-19T16:39:03","modified_gmt":"2026-02-19T14:39:03","slug":"grafo-media-centre","status":"publish","type":"page","link":"https:\/\/webs.uab.cat\/grafo\/grafo-media-centre\/","title":{"rendered":"GRAFO Media"},"content":{"rendered":"\n<p>GRAFO Media \u00e9s l&#8217;espai digital del grup de recerca GRAFO dedicat a la producci\u00f3 audiovisual i multim\u00e8dia per a la difusi\u00f3 i la transfer\u00e8ncia de coneixement. Reuneix recursos en acc\u00e9s obert, gratu\u00efts, organitzats en quatre \u00e0rees: Canal YouTube GRAFO, Newsletter, Xarxes Socials i SeDIT Lab.<\/p>\n\n\n\n<details class=\"wp-block-mamaduka-toggles wp-block-toggles has-larger-font-size\"><summary><strong>Continguts<\/strong><\/summary><div class=\"wp-block-toggles__content\">\n<ul class=\"wp-block-list\">\n<li class=\"has-normal-font-size\"><a href=\"https:\/\/www.youtube.com\/@grafouab6884\/featured\">YouTube GRAFO<\/a><\/li>\n\n\n\n<li class=\"has-normal-font-size\"><a href=\"https:\/\/webs.uab.cat\/grafo\/grafo-media-centre\/sedit-lab\/\">SeDIT Lab<\/a><\/li>\n\n\n\n<li class=\"has-normal-font-size\"><a href=\"https:\/\/webs.uab.cat\/grafo\/grafo-media-centre\/el-grafo-a-les-xarxes\/\">El GRAFO a les Xarxes<\/a><\/li>\n\n\n\n<li class=\"has-normal-font-size\"><a href=\"https:\/\/webs.uab.cat\/grafo\/escriptura-academica\/\">Escriptura acad\u00e8mica<\/a><\/li>\n<\/ul>\n<\/div><\/details>\n\n\n\n<p><\/p>\n","protected":false},"excerpt":{"rendered":"<p>GRAFO Media \u00e9s l&#8217;espai digital del grup de recerca GRAFO dedicat a la producci\u00f3 audiovisual i multim\u00e8dia per a la difusi\u00f3 i la transfer\u00e8ncia de coneixement. Reuneix recursos en acc\u00e9s obert, gratu\u00efts, organitzats en quatre \u00e0rees: Canal YouTube GRAFO, Newsletter, Xarxes Socials i SeDIT Lab.<\/p>\n","protected":false},"author":99,"featured_media":0,"parent":0,"menu_order":0,"comment_status":"closed","ping_status":"closed","template":"","meta":{"footnotes":""},"class_list":["post-2484","page","type-page","status-publish","hentry"],"_links":{"self":[{"href":"https:\/\/webs.uab.cat\/grafo\/wp-json\/wp\/v2\/pages\/2484","targetHints":{"allow":["GET"]}}],"collection":[{"href":"https:\/\/webs.uab.cat\/grafo\/wp-json\/wp\/v2\/pages"}],"about":[{"href":"https:\/\/webs.uab.cat\/grafo\/wp-json\/wp\/v2\/types\/page"}],"author":[{"embeddable":true,"href":"https:\/\/webs.uab.cat\/grafo\/wp-json\/wp\/v2\/users\/99"}],"replies":[{"embeddable":true,"href":"https:\/\/webs.uab.cat\/grafo\/wp-json\/wp\/v2\/comments?post=2484"}],"version-history":[{"count":8,"href":"https:\/\/webs.uab.cat\/grafo\/wp-json\/wp\/v2\/pages\/2484\/revisions"}],"predecessor-version":[{"id":2810,"href":"https:\/\/webs.uab.cat\/grafo\/wp-json\/wp\/v2\/pages\/2484\/revisions\/2810"}],"wp:attachment":[{"href":"https:\/\/webs.uab.cat\/grafo\/wp-json\/wp\/v2\/media?parent=2484"}],"curies":[{"name":"wp","href":"https:\/\/api.w.org\/{rel}","templated":true}]}}