{"id":2572,"date":"2026-01-14T16:54:16","date_gmt":"2026-01-14T14:54:16","guid":{"rendered":"https:\/\/webs.uab.cat\/grafo\/?page_id=2572"},"modified":"2026-02-19T17:32:49","modified_gmt":"2026-02-19T15:32:49","slug":"produccio-cientifica","status":"publish","type":"page","link":"https:\/\/webs.uab.cat\/grafo\/produccio-cientifica\/","title":{"rendered":"Producci\u00f3"},"content":{"rendered":"\n<p>Aqui es pot consultar la producci\u00f3 cient\u00edfica del grup de recerca GRAFO, que inclou publicacions acad\u00e8miques, materials formatius, continguts de divulgaci\u00f3 i activitats de transfer\u00e8ncia del coneixement. Aquest espai recull els principals resultats de recerca del grup i reflecteix el seu comprom\u00eds amb la generaci\u00f3, difusi\u00f3 i aplicaci\u00f3 social del coneixement.<\/p>\n\n\n\n<details class=\"wp-block-mamaduka-toggles wp-block-toggles has-larger-font-size\"><summary><strong>Continguts<\/strong><\/summary><div class=\"wp-block-toggles__content\">\n<ul class=\"wp-block-list\">\n<li class=\"has-normal-font-size\"><a href=\"https:\/\/webs.uab.cat\/grafo\/publicacions\/\">Publicacions<\/a><\/li>\n\n\n\n<li class=\"has-normal-font-size\"><a href=\"https:\/\/webs.uab.cat\/grafo\/divulgacio\/\">Divulgaci\u00f3<\/a><\/li>\n\n\n\n<li class=\"has-normal-font-size\"><a href=\"https:\/\/webs.uab.cat\/grafo\/docencia\/\">Doc\u00e8ncia<\/a><\/li>\n\n\n\n<li class=\"has-normal-font-size\"><a href=\"https:\/\/webs.uab.cat\/grafo\/cursos-de-formacio\/\">Cursos de formaci\u00f3<\/a><\/li>\n\n\n\n<li class=\"has-normal-font-size\"><a href=\"https:\/\/webs.uab.cat\/grafo\/materials-formatius\/\">Materials Formatius<\/a><\/li>\n\n\n\n<li class=\"has-normal-font-size\"><a href=\"https:\/\/ddd.uab.cat\/search?ln=ca&amp;as=1&amp;m1=a&amp;p1=grafo&amp;f1=&amp;op1=a&amp;m2=a&amp;p2=&amp;f2=&amp;op2=a&amp;m3=a&amp;p3=&amp;f3=&amp;action_search=Cerca&amp;c=grafo&amp;sf=year&amp;so=d&amp;rm=&amp;rg=500&amp;sc=1&amp;of=hd\">DDD -Dip\u00f2sit Digital de Documents de la UAB<\/a><\/li>\n<\/ul>\n<\/div><\/details>\n\n\n\n<p><\/p>\n","protected":false},"excerpt":{"rendered":"<p>Aqui es pot consultar la producci\u00f3 cient\u00edfica del grup de recerca GRAFO, que inclou publicacions acad\u00e8miques, materials formatius, continguts de divulgaci\u00f3 i activitats de transfer\u00e8ncia del coneixement. Aquest espai recull els principals resultats de recerca del grup i reflecteix el seu comprom\u00eds amb la generaci\u00f3, difusi\u00f3 i aplicaci\u00f3 social del coneixement.<\/p>\n","protected":false},"author":99,"featured_media":0,"parent":0,"menu_order":0,"comment_status":"closed","ping_status":"closed","template":"","meta":{"footnotes":""},"class_list":["post-2572","page","type-page","status-publish","hentry"],"_links":{"self":[{"href":"https:\/\/webs.uab.cat\/grafo\/wp-json\/wp\/v2\/pages\/2572","targetHints":{"allow":["GET"]}}],"collection":[{"href":"https:\/\/webs.uab.cat\/grafo\/wp-json\/wp\/v2\/pages"}],"about":[{"href":"https:\/\/webs.uab.cat\/grafo\/wp-json\/wp\/v2\/types\/page"}],"author":[{"embeddable":true,"href":"https:\/\/webs.uab.cat\/grafo\/wp-json\/wp\/v2\/users\/99"}],"replies":[{"embeddable":true,"href":"https:\/\/webs.uab.cat\/grafo\/wp-json\/wp\/v2\/comments?post=2572"}],"version-history":[{"count":7,"href":"https:\/\/webs.uab.cat\/grafo\/wp-json\/wp\/v2\/pages\/2572\/revisions"}],"predecessor-version":[{"id":2844,"href":"https:\/\/webs.uab.cat\/grafo\/wp-json\/wp\/v2\/pages\/2572\/revisions\/2844"}],"wp:attachment":[{"href":"https:\/\/webs.uab.cat\/grafo\/wp-json\/wp\/v2\/media?parent=2572"}],"curies":[{"name":"wp","href":"https:\/\/api.w.org\/{rel}","templated":true}]}}