{"id":297,"date":"2017-07-31T13:49:40","date_gmt":"2017-07-31T11:49:40","guid":{"rendered":"https:\/\/webs.uab.cat\/grafo\/docencia\/"},"modified":"2026-02-19T16:59:49","modified_gmt":"2026-02-19T14:59:49","slug":"docencia","status":"publish","type":"page","link":"https:\/\/webs.uab.cat\/grafo\/docencia\/","title":{"rendered":"Doc\u00e8ncia"},"content":{"rendered":"\n<p class=\"has-blanc-coco-color has-verd-tropic-background-color has-text-color has-background has-link-color wp-elements-1bc378844b8591d75ddc85457cc9947d\">Els membres del GRAFO ensenyen\u00a0<strong>antropologia als nivells de grau, m\u00e0ster i doctorat,\u00a0<\/strong>juntament amb els altres membres del Departament en Antropologia Social i Cultural de la UAB.\u00a0<\/p>\n\n\n\n<p>La major part de la seva doc\u00e8ncia t\u00e9 lloc en els quatre programes educatius del Departament:<\/p>\n\n\n\n<ul class=\"wp-block-list\">\n<li>El\u00a0<a href=\"http:\/\/www.uab.cat\/web\/estudiar\/listado-de-grados\/informacion-general\/antropologia-social-y-cultural-1216708258897.html?param1=1217399695080\">Grau en Antropologia Social i Cultural<\/a>, de quatre anys de durada, acreditat &#8220;en progr\u00e9s d&#8217;excel\u00b7l\u00e8ncia&#8221; per l&#8217;Ag\u00e8ncia de Gesti\u00f3 d&#8217;Ajuts Universitaris i de Recerca (AGAUR) de la Generalitat de Catalunya,<\/li>\n\n\n\n<li>El\u00a0<a href=\"http:\/\/www.uab.cat\/web\/estudiar\/l-oferta-de-masters-oficials\/pla-d-estudis\/guies-docents-1345467808078.html?param1=1345648439250\">M\u00e0ster Oficial en Antropologia: Recerca Avan\u00e7ada i Intervenci\u00f3 Social<\/a>\u00a0(durada de un any, 60 ECTS),<\/li>\n\n\n\n<li>El\u00a0<a href=\"http:\/\/www.uab.cat\/web\/estudiar\/la-oferta-de-masteres-oficiales\/informacion-general\/antropologia-social-i-cultural-\/-social-and-cultural-anthropology-1096480309770.html?param1=1345692485700\">M<\/a><a href=\"http:\/\/www.uab.cat\/web\/estudiar\/la-oferta-de-masteres-oficiales\/informacion-general\/antropologia-investigacion-avanzada-e-intervencion-social-1096480309770.html?param1=1345648439250\">\u00e0<\/a><a href=\"http:\/\/www.uab.cat\/web\/estudiar\/la-oferta-de-masteres-oficiales\/informacion-general\/antropologia-social-i-cultural-\/-social-and-cultural-anthropology-1096480309770.html?param1=1345692485700\">ster Interuniversitari en Antropologia Social i Cultural<\/a>, de dos anys de durada (120 ECTS), i<\/li>\n\n\n\n<li>El\u00a0<a href=\"http:\/\/www.uab.cat\/web\/postgrado\/doctorados\/todos-los-doctorados\/informacion-general\/antropologia-social-y-cultural-1345467765424.html?param2=1345662165182\">Doctorat en Antropologia Social i Cultural<\/a>\u00a0(que va rebre la Menci\u00f3 d&#8217;Excel\u00b7l\u00e8ncia del govern nacional en el darrer per\u00edode que aquesta menci\u00f3 va ser otorgada).<\/li>\n<\/ul>\n\n\n\n<p>En aquests programes, els membres del GRAFO imparteixen assignatures relacionades amb les \u00e0rees d&#8217;investigaci\u00f3 del GRAFO (i altres assignatures).<\/p>\n\n\n\n<ul class=\"wp-block-list\"><\/ul>\n\n\n\n<ul class=\"wp-block-list\"><\/ul>\n\n\n\n<p>A m\u00e9s, diversos membres han impartit assignatures en&nbsp;<strong>altres programes de m\u00e0ster i postgrau a l&#8217;estranger i a Catalunya<\/strong>.&nbsp;<\/p>\n\n\n\n<p>Pel que fa al doctorat, els membres actualment dirigeixen les tesis al\u00a0<strong>Programa de Doctorat en Antropologia Social i Cultural<\/strong>, diversos amb beques predoctorals ancionals i interncionals.<\/p>\n\n\n<div class=\"wp-block-image\">\n<figure class=\"aligncenter size-full\"><img loading=\"lazy\" decoding=\"async\" width=\"480\" height=\"360\" src=\"https:\/\/webs.uab.cat\/grafo\/wp-content\/uploads\/sites\/227\/2017\/07\/master_1.jpg\" alt=\"\" class=\"wp-image-295\" srcset=\"https:\/\/webs.uab.cat\/grafo\/wp-content\/uploads\/sites\/227\/2017\/07\/master_1.jpg 480w, https:\/\/webs.uab.cat\/grafo\/wp-content\/uploads\/sites\/227\/2017\/07\/master_1-300x225.jpg 300w\" sizes=\"auto, (max-width: 480px) 100vw, 480px\" \/><\/figure>\n<\/div>","protected":false},"excerpt":{"rendered":"<p>Els membres del GRAFO ensenyen\u00a0antropologia als nivells de grau, m\u00e0ster i doctorat,\u00a0juntament amb els altres membres del Departament en Antropologia Social i Cultural de la UAB.\u00a0 La major part de la seva doc\u00e8ncia t\u00e9 lloc en els quatre programes educatius del Departament: En aquests programes, els membres del GRAFO imparteixen assignatures relacionades amb les \u00e0rees [&hellip;]<\/p>\n","protected":false},"author":20,"featured_media":0,"parent":0,"menu_order":0,"comment_status":"closed","ping_status":"closed","template":"","meta":{"footnotes":""},"class_list":["post-297","page","type-page","status-publish","hentry"],"_links":{"self":[{"href":"https:\/\/webs.uab.cat\/grafo\/wp-json\/wp\/v2\/pages\/297","targetHints":{"allow":["GET"]}}],"collection":[{"href":"https:\/\/webs.uab.cat\/grafo\/wp-json\/wp\/v2\/pages"}],"about":[{"href":"https:\/\/webs.uab.cat\/grafo\/wp-json\/wp\/v2\/types\/page"}],"author":[{"embeddable":true,"href":"https:\/\/webs.uab.cat\/grafo\/wp-json\/wp\/v2\/users\/20"}],"replies":[{"embeddable":true,"href":"https:\/\/webs.uab.cat\/grafo\/wp-json\/wp\/v2\/comments?post=297"}],"version-history":[{"count":4,"href":"https:\/\/webs.uab.cat\/grafo\/wp-json\/wp\/v2\/pages\/297\/revisions"}],"predecessor-version":[{"id":2836,"href":"https:\/\/webs.uab.cat\/grafo\/wp-json\/wp\/v2\/pages\/297\/revisions\/2836"}],"wp:attachment":[{"href":"https:\/\/webs.uab.cat\/grafo\/wp-json\/wp\/v2\/media?parent=297"}],"curies":[{"name":"wp","href":"https:\/\/api.w.org\/{rel}","templated":true}]}}