{"id":665,"date":"2022-10-04T14:00:19","date_gmt":"2022-10-04T12:00:19","guid":{"rendered":"https:\/\/webs.uab.cat\/grafo\/?page_id=665"},"modified":"2026-01-16T10:36:30","modified_gmt":"2026-01-16T08:36:30","slug":"cursos-de-formacio","status":"publish","type":"page","link":"https:\/\/webs.uab.cat\/grafo\/cursos-de-formacio\/","title":{"rendered":"Cursos de formaci\u00f3"},"content":{"rendered":"\n<p class=\"has-light-green-cyan-to-vivid-green-cyan-gradient-background has-background has-large-font-size\"><strong>Selecci\u00f3 d&#8217;activitats formatives dutes a terme pel GRAFO<\/strong><\/p>\n\n\n\n<ul class=\"wp-block-list\">\n<li><a href=\"https:\/\/migrademo.eu\/training-session-ethics-in-data-collection-challenges-and-solutions\/\">Training session. Ethics in data collection: challenges and solutions<\/a>. Organitzat per  MIGRADEMO i la Escola de Doctorat de la Universitat Aut\u00f2noma de Barcelona. 24 d&#8217;octubre de 2024. Participa: Jos\u00e9 Luis Molina Gonz\u00e1lez.<\/li>\n\n\n\n<li>Curs en <a href=\"https:\/\/www.uab.cat\/web\/postgrau\/curs-en-intervencions-en-xarxa-per-a-la-promocio-de-la-salut-en-poblacions-vulnerables\/informacio-general-1201094877538.html\/param1-4970_ca\/\">Intervencions en Xarxa  per a la Promoci\u00f3 de la Salut en Poblacions Vulnerables<\/a>. Organitza: GRAFO. Barcelona. Dimarts i dijous de 16:00 a 20:00 hores, des de novembre de 2024 fins gener de 2025. <\/li>\n\n\n\n<li><em>International Winter Course <a href=\"https:\/\/webs.uab.cat\/egolab\/12th-course-personal-networks\/\" data-type=\"URL\" data-id=\"https:\/\/webs.uab.cat\/egolab\/12th-course-personal-networks\/\">Theory, Methods and Applications of Personal Networks (2 ECTS*)<\/a>. <\/em>Organitza: GRAFO. Barcelona, 6-10 de febrer de 2023.<\/li>\n\n\n\n<li><em>International Winter Course <a href=\"https:\/\/sway.office.com\/1TpXMhGqKa7fTsAC?ref=email\">Theory, Methods and Applications of Personal Networks<\/a> (2 ECTS*). <\/em>Organitza: GRAFO. Barcelona, 7-11 de febrer de 2022.<\/li>\n\n\n\n<li><em><a rel=\"noreferrer noopener\" href=\"https:\/\/grupsderecerca.uab.cat\/egolab\/content\/summer-course\" target=\"_blank\">Summer Course Theory, methods and Applications of social networks. The measurement of personal networks<\/a><a href=\"https:\/\/grupsderecerca.uab.cat\/egolab\/content\/9th-summer-course-theory-methods-and-applications-personal-networks-2-ects\">.<\/a><\/em> Organitza: GRAFO. Barcelona, 3-7&nbsp;de juliol de 2017.<\/li>\n\n\n\n<li><em><a rel=\"noreferrer noopener\" href=\"https:\/\/grupsderecerca.uab.cat\/egolab\/content\/summer-course-2015\" target=\"_blank\">Summer Course Theory, methods and Applications of social networks. The measurement of personal networks<\/a>.<\/em> Organitza: GRAFO. Barcelona, 1-5 de juliol de 2015.<\/li>\n\n\n\n<li><em><a rel=\"noreferrer noopener\" href=\"https:\/\/grupsderecerca.uab.cat\/egolab\/content\/summer-course\" target=\"_blank\">Summer Course Theory, methods and Applications of social networks. The measurement of personal networks<\/a>. <\/em>Organitza: GRAFO. Barcelona, 1-5 de juliol de 2013.<\/li>\n\n\n\n<li><a rel=\"noreferrer noopener\" href=\"https:\/\/grupsderecerca.uab.cat\/grafo\/content\/pediatria-en-context-intercultural-reflexions-interdisciplinars-entorn-la-poblaci%C3%B3-marroqu%C3%AD-\" target=\"_blank\"><em>Curs te\u00f2ric-pr\u00e0ctic de cures en pediatria en context intercultural. Reflexions interdisciplinars entorn a la poblaci\u00f3 marroqu\u00ed d\u2019origen amazigh<\/em><\/a>. Organitza: GRAFO i Institut d\u2019Estudis de la salut. Barcelona, 18 i 25 de febrer de 2010.<\/li>\n\n\n\n<li><em>Curs L&#8217;atenci\u00f3 a la salut en contextos interculturals. Diversitat, vulnerabilitat social i competencia cultural. Organitza: GRAFO, Institut d\u2019Estudis de la Salut, &nbsp;Pla Director d\u2019Immigraci\u00f3 del Departament de Salut de la Salut de la Generalitat de Catalunya. Barcelona.&nbsp; 14, 22 i 29 de gener 2008.<\/em><\/li>\n\n\n\n<li><em>Curs Aprofundiment en l&#8217;atenci\u00f3 a la salut en contextos interculturals. Diversitat, vulnerabilitat social i competencia cultural<\/em>. Organitza: GRAFO, Institut d\u2019Estudis de la Salut, Pla Director d\u2019Immigraci\u00f3 del Departament de Salut de la Salut de la Generalitat de Catalunya. Barcelona.&nbsp; 8, 22 i 29 de novembre de 2007.\u200b<\/li>\n<\/ul>\n\n\n<div class=\"wp-block-image\">\n<figure class=\"aligncenter\"><img loading=\"lazy\" decoding=\"async\" width=\"480\" height=\"360\" src=\"https:\/\/webs.uab.cat\/grafo\/wp-content\/uploads\/sites\/227\/2012\/03\/curso.jpg\" alt=\"curso.jpg\" class=\"wp-image-180\" srcset=\"https:\/\/webs.uab.cat\/grafo\/wp-content\/uploads\/sites\/227\/2012\/03\/curso.jpg 480w, https:\/\/webs.uab.cat\/grafo\/wp-content\/uploads\/sites\/227\/2012\/03\/curso-300x225.jpg 300w\" sizes=\"auto, (max-width: 480px) 100vw, 480px\" \/><\/figure>\n<\/div>","protected":false},"excerpt":{"rendered":"<p>Selecci\u00f3 d&#8217;activitats formatives dutes a terme pel GRAFO<\/p>\n","protected":false},"author":20,"featured_media":0,"parent":0,"menu_order":0,"comment_status":"closed","ping_status":"closed","template":"","meta":{"footnotes":""},"class_list":["post-665","page","type-page","status-publish","hentry"],"_links":{"self":[{"href":"https:\/\/webs.uab.cat\/grafo\/wp-json\/wp\/v2\/pages\/665","targetHints":{"allow":["GET"]}}],"collection":[{"href":"https:\/\/webs.uab.cat\/grafo\/wp-json\/wp\/v2\/pages"}],"about":[{"href":"https:\/\/webs.uab.cat\/grafo\/wp-json\/wp\/v2\/types\/page"}],"author":[{"embeddable":true,"href":"https:\/\/webs.uab.cat\/grafo\/wp-json\/wp\/v2\/users\/20"}],"replies":[{"embeddable":true,"href":"https:\/\/webs.uab.cat\/grafo\/wp-json\/wp\/v2\/comments?post=665"}],"version-history":[{"count":14,"href":"https:\/\/webs.uab.cat\/grafo\/wp-json\/wp\/v2\/pages\/665\/revisions"}],"predecessor-version":[{"id":2640,"href":"https:\/\/webs.uab.cat\/grafo\/wp-json\/wp\/v2\/pages\/665\/revisions\/2640"}],"wp:attachment":[{"href":"https:\/\/webs.uab.cat\/grafo\/wp-json\/wp\/v2\/media?parent=665"}],"curies":[{"name":"wp","href":"https:\/\/api.w.org\/{rel}","templated":true}]}}