{"id":1376,"date":"2019-02-26T16:23:15","date_gmt":"2019-02-26T14:23:15","guid":{"rendered":"https:\/\/webs.uab.cat\/grai\/cooperative-learning-techniques\/"},"modified":"2023-02-22T20:05:32","modified_gmt":"2023-02-22T18:05:32","slug":"cooperative-learning-techniques","status":"publish","type":"page","link":"https:\/\/webs.uab.cat\/grai\/en\/cooperative-learning-techniques\/","title":{"rendered":"Cooperative learning techniques"},"content":{"rendered":"\n<p class=\"has-accent-background-color has-background\">In comparison&nbsp;with&nbsp;methods, cooperative learning techniques are <strong>simple structures, which do not usually require initial&nbsp;training for students and&nbsp;can be used to create short situations of cooperation. <\/strong>Among the many existing techniques, we offer&nbsp;a selection of twelve of them below, retrieved from:<br><br>Duran, D. (2012). Utilizando el trabajo en equipo:&nbsp;Estructurar la interacci\u00f3n a trav\u00e9s de m\u00e9todos y t\u00e9cnicas. In&nbsp;J. C. Torrego &amp;&nbsp;A. Negro (Coords.),<em>&nbsp;Aprendizaje cooperativo en las aulas:&nbsp;Fundamentos y recursos para su implantaci\u00f3n<\/em> (pp. 139-166). Madrid: Alianza Editorial.<br><br>This<strong>&nbsp;selection of cooperative techniques<\/strong>&nbsp;is organised in four blocks:<br><br><a href=\"#T\u00e8cniques cooperatives per al di\u00e0leg\">Cooperative techniques for dialogue<\/a><br><a href=\"#T\u00e8cniques cooperatives per al processament de la informaci\u00f3\">Cooperative techniques for information processing<\/a><br><a href=\"#T\u00e8cniques cooperatives per a la construcci\u00f3 conjunta de coneixement\">Cooperative techniques for joint knowledge construction<\/a><br><a href=\"#T\u00e8cniques cooperatives per a la resoluci\u00f3 de problemes\">Cooperative techniques for problem solving<\/a><\/p>\n\n\n\n<h3 class=\"wp-block-heading\">Cooperative techniques for dialogue<\/h3>\n\n\n\n<p><strong>Active Knowledge Sharing.<\/strong>&nbsp;In pairs, students try to answer the initial questions before starting a new topic so that they can share and recall&nbsp;what they already know&nbsp;(Silberman, 1996).<\/p>\n\n\n\n<p><strong>Talking Chips.<\/strong>&nbsp;To encourage dialogue and participation of all students, a small personal item&nbsp;is left in the middle of the table and, as they intervene, it is withdrawn. A new conversation turn cannot&nbsp;start until all&nbsp;students of the team have participated.&nbsp; Time to reflect on the own and others&#8217; contributions should be given&nbsp;(Kagan, 1992).<\/p>\n\n\n\n<p><strong>Three-Step Interview.<\/strong>&nbsp;Mutual interviews between members of a pair. In groups of four, and after introducing the classmate to the others, three of the answers from&nbsp;the interviews&nbsp;are synthesised (Kagan, 1992).<\/p>\n\n\n\n<h3 class=\"wp-block-heading\">Cooperative techniques for information processing<\/h3>\n\n\n\n<p><strong>Think-Pair-Share.<\/strong>&nbsp;During the teacher&#8217;s explanation, the teacher poses a question and gives time so that students can first answer individually and then discuss about the question with&nbsp;a classmate. At the end, the answers are shared with all students&nbsp;(Lyman, 1992).<\/p>\n\n\n\n<p><strong>Cooperative Note-Taking Pairs.<\/strong>&nbsp;During the teacher&#8217;s explanation, the teacher gives time so that students share the main ideas of the explanation&nbsp;with a classmate and&nbsp;improve their notes&nbsp;thanks to their classmates&#8217; contributions&nbsp;(Johnson, Johnson &amp; Smith, 1998).<\/p>\n\n\n\n<p><strong>Scripted Cooperation.<\/strong>&nbsp;In pairs, one student takes the role of synthesiser and the other one becomes the listener.&nbsp;At one point, the teacher stops the explanation. Then, the&nbsp;synthesiser sums up the information and the listener complements it. They will end up creating&nbsp;their own summary of the topic&nbsp;(O\u2019Donnell, 1999).<\/p>\n\n\n\n<h3 class=\"wp-block-heading\">Cooperative techniques for joint knowledge construction<\/h3>\n\n\n\n<p><strong>Teammates Consult.<\/strong>&nbsp;A bunch of activities is handed out to each team. One of the members reads the first activity.&nbsp;They leave the pencils in the middle and discuss how to solve it. Once it is clear, they pick up their pencils again and solve the activity individually. Each time repeats this process until all the tasks are finished&nbsp;(Kagan, 1992).<\/p>\n\n\n\n<p><strong>Numbered Heads Together.<\/strong>&nbsp;Each member of a team is assigned one number from 1 to 4. They solve activities proposed by the teacher and make sure that every member understands and knows how to explain the solution. After that, the teacher says a number and the student with that number assigned has to explain the procedure his\/her team followed to find the solution&nbsp;(Kagan, 1992).<\/p>\n\n\n\n<p><strong>Structuring Academic Controversy.<\/strong>&nbsp;Teams of four students. In pairs, students search for information about a topic to argue for a certain position; the other pair of the team does the same for the opposite position. Each pair defends its position. Once this is done, the pairs exchange their positions and choose which of the arguments from the other pair they want to further develop. Finally, a summary of the best arguments for each point of view is done&nbsp;(Johnson &amp;&nbsp;Johnson, 1994).<\/p>\n\n\n\n<h3 class=\"wp-block-heading\">Cooperative techniques for problem solving<\/h3>\n\n\n\n<p><strong>Pair thinking aloud problem solving\u200b.<\/strong>&nbsp;Pairs have several problems with a certain degree of complexity and roles are assigned to students (solvers and listeners). These roles are&nbsp;exchanged after&nbsp;each problem. The solver thinks out loud and speaks while doing the necessary steps to solve the problem. The listener follows the steps, seeks to understand them and suggests solutions if he\/she identifies mistakes&nbsp;(Barkley, Cross &amp;&nbsp;Howell, 2005).<\/p>\n\n\n\n<p><strong>Send a problem.<\/strong>&nbsp;Each team receives an envelope with a problem. They&nbsp;solve it, they&nbsp;put the written solution in the envelope, and they pass&nbsp;it to another team. The next team (without looking at the answer) makes its own solution&nbsp;and passes the problem again to another team. When all the teams have already solved the problem, each initial team reviews the answers to &#8216;their problem&#8217; and assesses the solution&nbsp;procedures followed by the other teams&nbsp;(Kagan, 1992).<\/p>\n\n\n\n<p><strong>Team-Pair-Solo.<\/strong>&nbsp;Students receive three problems: the first one is solved in teams of four; the second one, in pairs; the third one, individually. Progressive withdrawal of support, similar problems&nbsp;(Cuseo, 2002).<\/p>\n\n\n\n<h3 class=\"wp-block-heading\">References<\/h3>\n\n\n\n<p><strong>Barkley, E.,&nbsp;Cross, P., &amp;&nbsp;Howell, C. (2005).<\/strong>&nbsp;<em>Collaborative learning techniques<\/em>. New York, NY: John Wiley and Sons.&nbsp;<\/p>\n\n\n\n<p><strong>Cuseo, J. (2002).<\/strong>&nbsp;<em>Igniting student involvement, peer interaction and teamwork<\/em>. Stillwater, OK: New Forums Press.&nbsp;<\/p>\n\n\n\n<p><strong>Duran, D., &amp;&nbsp;Monereo, C. (2012).<\/strong>&nbsp;<em>Entramado:&nbsp;M\u00e9todos de aprendizaje cooperativo y colaborativo<\/em>. Barcelona: Horsori.&nbsp;<\/p>\n\n\n\n<p><strong>Johnson, D., &amp;&nbsp;Johnson, R. (1994).<\/strong>&nbsp;Structuring academic controversy. In&nbsp;S. Sharan (Ed.),&nbsp;<em>Handbook of cooperative learning methods<\/em>&nbsp;(pp. 51-65). Westport, CT:&nbsp;Praeger Publishers.<\/p>\n\n\n\n<p><strong>Johnson, D., Johnson, R., &amp;&nbsp;Smith, K. (1998).<\/strong>&nbsp;<em>Active learning: Cooperation in the college classroom<\/em>. Edina, MN: Interaction Book Company.<\/p>\n\n\n\n<p><strong>Kagan, S. (1992).&nbsp;<\/strong><em>Cooperative learning<\/em>. San Juan Capistrano, CA: Resources for teachers, Inc.<\/p>\n\n\n\n<p><strong>Lyman, F. (1992).&nbsp;<\/strong>Think-Pair-Share, Thinktrix, Thinklinks, and weird facts: An interactive system for cooperative learning. In&nbsp;N. Davidson &amp;&nbsp;T. Worsham (Eds.),&nbsp;<em>Enhancing thinking through cooperative learning&nbsp;<\/em>(pp. 169-181). Nova York, NY: Teachers Collage Press.<\/p>\n\n\n\n<p><strong>O\u2019Donnell, A. M. (1999).&nbsp;<\/strong>Structuring dyadic interaction through scripted cooperation. In&nbsp;A. M. O\u2019Donnell &amp;&nbsp;A. King (Eds.),&nbsp;<em>Cognitive perspectives on peer learning<\/em>&nbsp;(pp. 179-196). Mahwah, NJ: Lawrence Erlbaum Associates, Inc. Publishers.<\/p>\n\n\n\n<p><strong>Silberman, M. (1996).<\/strong>&nbsp;The use of pairs in cooperative learning.&nbsp;<em>Cooperative Learning and College Teaching, 7<\/em>(1), 2-12.<\/p>\n","protected":false},"excerpt":{"rendered":"<p>In comparison&nbsp;with&nbsp;methods, cooperative learning techniques are simple structures, which do not usually require initial&nbsp;training for students and&nbsp;can be used to create short situations of cooperation. Among the many existing techniques, we offer&nbsp;a selection of twelve of them below, retrieved from: Duran, D. (2012). Utilizando el trabajo en equipo:&nbsp;Estructurar la interacci\u00f3n a trav\u00e9s de m\u00e9todos y [&hellip;]<\/p>\n","protected":false},"author":20,"featured_media":0,"parent":0,"menu_order":0,"comment_status":"closed","ping_status":"closed","template":"","meta":{"footnotes":""},"class_list":["post-1376","page","type-page","status-publish","hentry"],"_links":{"self":[{"href":"https:\/\/webs.uab.cat\/grai\/en\/wp-json\/wp\/v2\/pages\/1376","targetHints":{"allow":["GET"]}}],"collection":[{"href":"https:\/\/webs.uab.cat\/grai\/en\/wp-json\/wp\/v2\/pages"}],"about":[{"href":"https:\/\/webs.uab.cat\/grai\/en\/wp-json\/wp\/v2\/types\/page"}],"author":[{"embeddable":true,"href":"https:\/\/webs.uab.cat\/grai\/en\/wp-json\/wp\/v2\/users\/20"}],"replies":[{"embeddable":true,"href":"https:\/\/webs.uab.cat\/grai\/en\/wp-json\/wp\/v2\/comments?post=1376"}],"version-history":[{"count":2,"href":"https:\/\/webs.uab.cat\/grai\/en\/wp-json\/wp\/v2\/pages\/1376\/revisions"}],"predecessor-version":[{"id":1741,"href":"https:\/\/webs.uab.cat\/grai\/en\/wp-json\/wp\/v2\/pages\/1376\/revisions\/1741"}],"wp:attachment":[{"href":"https:\/\/webs.uab.cat\/grai\/en\/wp-json\/wp\/v2\/media?parent=1376"}],"curies":[{"name":"wp","href":"https:\/\/api.w.org\/{rel}","templated":true}]}}