{"id":3784,"date":"2026-04-30T14:23:26","date_gmt":"2026-04-30T12:23:26","guid":{"rendered":"https:\/\/webs.uab.cat\/grai\/?page_id=3784"},"modified":"2026-04-30T17:51:24","modified_gmt":"2026-04-30T15:51:24","slug":"joint-activities-across-different-classes","status":"publish","type":"page","link":"https:\/\/webs.uab.cat\/grai\/en\/joint-activities-across-different-classes\/","title":{"rendered":"Joint activities across different classes"},"content":{"rendered":"\n<p>Activities involving teachers from different class groups are increasingly common, especially among primary school teachers. These activities may take place among teachers who bring together groups within the same school or across different schools, and they can be conducted in either face-to-face or virtual formats. By way of example\u2014undoubtedly there are many more given the richness of educational practice\u2014we can refer to the creation of teaching materials for other classes, peer tutoring across different age groups, school outings involving more than one class, whole-school events, service-learning projects between schools, and virtual exchanges between schools. Beyond their learning potential for students, these practices can also offer teachers opportunities for professional development through collaboration with colleagues within their own school or from other schools.<\/p>\n\n\n\n<blockquote class=\"wp-block-quote is-layout-flow wp-block-quote-is-layout-flow\">\n<p>You will find the definition, the evidence, and the potential learning opportunities of these practices in the second chapter of the following book.<\/p>\n<\/blockquote>\n\n\n\n<div class=\"wp-block-media-text is-stacked-on-mobile\"><figure class=\"wp-block-media-text__media\"><a href=\"https:\/\/tienda.horsori.net\/coleccion-manuales\/518-cm103-collaboracio-docent-per-al-desenvolupament-professional.html\"><img loading=\"lazy\" decoding=\"async\" width=\"600\" height=\"600\" src=\"https:\/\/webs.uab.cat\/grai\/wp-content\/uploads\/sites\/353\/2025\/12\/cm103-collaboracio-docent-per-al-desenvolupament-professional.jpg\" alt=\"\" class=\"wp-image-3664 size-full\" srcset=\"https:\/\/webs.uab.cat\/grai\/wp-content\/uploads\/sites\/353\/2025\/12\/cm103-collaboracio-docent-per-al-desenvolupament-professional.jpg 600w, https:\/\/webs.uab.cat\/grai\/wp-content\/uploads\/sites\/353\/2025\/12\/cm103-collaboracio-docent-per-al-desenvolupament-professional-300x300.jpg 300w, https:\/\/webs.uab.cat\/grai\/wp-content\/uploads\/sites\/353\/2025\/12\/cm103-collaboracio-docent-per-al-desenvolupament-professional-150x150.jpg 150w\" sizes=\"auto, (max-width: 600px) 100vw, 600px\" \/><\/a><\/figure><div class=\"wp-block-media-text__content\">\n<p><strong><strong>Duran, D. (Coord.), Corcelles, M., De la Iglesia, B., Flores, M., Miquel, E., &amp; Ribosa, J. (2025). <em>Col\u00b7laboraci\u00f3 docent per al desenvolupament professional: Observaci\u00f3 entre iguals, codoc\u00e8ncia i aprenentatge entre centres<strong>.<\/strong><\/em><strong>\u00a0<\/strong>Horsori. Available in Catalan and Spanish.<\/strong><\/strong><\/p>\n<\/div><\/div>\n","protected":false},"excerpt":{"rendered":"<p>Activities involving teachers from different class groups are increasingly common, especially among primary school teachers. These activities may take place among teachers who bring together groups within the same school or across different schools, and they can be conducted in either face-to-face or virtual formats. By way of example\u2014undoubtedly there are many more given the [&hellip;]<\/p>\n","protected":false},"author":2576,"featured_media":0,"parent":0,"menu_order":0,"comment_status":"closed","ping_status":"closed","template":"","meta":{"footnotes":""},"class_list":["post-3784","page","type-page","status-publish","hentry"],"_links":{"self":[{"href":"https:\/\/webs.uab.cat\/grai\/en\/wp-json\/wp\/v2\/pages\/3784","targetHints":{"allow":["GET"]}}],"collection":[{"href":"https:\/\/webs.uab.cat\/grai\/en\/wp-json\/wp\/v2\/pages"}],"about":[{"href":"https:\/\/webs.uab.cat\/grai\/en\/wp-json\/wp\/v2\/types\/page"}],"author":[{"embeddable":true,"href":"https:\/\/webs.uab.cat\/grai\/en\/wp-json\/wp\/v2\/users\/2576"}],"replies":[{"embeddable":true,"href":"https:\/\/webs.uab.cat\/grai\/en\/wp-json\/wp\/v2\/comments?post=3784"}],"version-history":[{"count":2,"href":"https:\/\/webs.uab.cat\/grai\/en\/wp-json\/wp\/v2\/pages\/3784\/revisions"}],"predecessor-version":[{"id":3815,"href":"https:\/\/webs.uab.cat\/grai\/en\/wp-json\/wp\/v2\/pages\/3784\/revisions\/3815"}],"wp:attachment":[{"href":"https:\/\/webs.uab.cat\/grai\/en\/wp-json\/wp\/v2\/media?parent=3784"}],"curies":[{"name":"wp","href":"https:\/\/api.w.org\/{rel}","templated":true}]}}