{"id":441,"date":"2009-05-25T13:27:53","date_gmt":"2009-05-25T11:27:53","guid":{"rendered":"https:\/\/webs.uab.cat\/grai\/contact-us-0\/"},"modified":"2024-01-10T12:48:17","modified_gmt":"2024-01-10T10:48:17","slug":"contact-us-0","status":"publish","type":"page","link":"https:\/\/webs.uab.cat\/grai\/en\/contact-us-0\/","title":{"rendered":"Contact us"},"content":{"rendered":"\n<p>You can contact directly with any of the group members through the e-mail address you can find in the section <em>Who we are<\/em>.<\/p>\n\n\n\n<p>You can also contact the group coordinator:<\/p>\n\n\n\n<p><strong>David Duran Gisbert<\/strong><\/p>\n\n\n\n<p><strong><a href=\"https:\/\/portalrecerca.uab.cat\/en\/persons\/david-dur%C3%A1n-gisbert\" target=\"_blank\" rel=\"noreferrer noopener\">CV<\/a><br><\/strong><\/p>\n\n\n\n<p>G6 Building. Office 254.  Facultat de Ci\u00e8ncies de l&#8217;Educaci\u00f3.<\/p>\n\n\n\n<p>Universitat Aut\u00f2noma de Barcelona.<\/p>\n\n\n\n<p>08193 Bellaterra (Catalonia)<\/p>\n\n\n\n<p><a href=\"mailto:david.duran@uab.es\">David.Duran@uab.cat<\/a><\/p>\n","protected":false},"excerpt":{"rendered":"<p>You can contact directly with any of the group members through the e-mail address you can find in the section Who we are. You can also contact the group coordinator: David Duran Gisbert CV G6 Building. Office 254. Facultat de Ci\u00e8ncies de l&#8217;Educaci\u00f3. Universitat Aut\u00f2noma de Barcelona. 08193 Bellaterra (Catalonia) David.Duran@uab.cat<\/p>\n","protected":false},"author":20,"featured_media":0,"parent":0,"menu_order":0,"comment_status":"closed","ping_status":"closed","template":"","meta":{"footnotes":""},"class_list":["post-441","page","type-page","status-publish","hentry"],"_links":{"self":[{"href":"https:\/\/webs.uab.cat\/grai\/en\/wp-json\/wp\/v2\/pages\/441","targetHints":{"allow":["GET"]}}],"collection":[{"href":"https:\/\/webs.uab.cat\/grai\/en\/wp-json\/wp\/v2\/pages"}],"about":[{"href":"https:\/\/webs.uab.cat\/grai\/en\/wp-json\/wp\/v2\/types\/page"}],"author":[{"embeddable":true,"href":"https:\/\/webs.uab.cat\/grai\/en\/wp-json\/wp\/v2\/users\/20"}],"replies":[{"embeddable":true,"href":"https:\/\/webs.uab.cat\/grai\/en\/wp-json\/wp\/v2\/comments?post=441"}],"version-history":[{"count":3,"href":"https:\/\/webs.uab.cat\/grai\/en\/wp-json\/wp\/v2\/pages\/441\/revisions"}],"predecessor-version":[{"id":2966,"href":"https:\/\/webs.uab.cat\/grai\/en\/wp-json\/wp\/v2\/pages\/441\/revisions\/2966"}],"wp:attachment":[{"href":"https:\/\/webs.uab.cat\/grai\/en\/wp-json\/wp\/v2\/media?parent=441"}],"curies":[{"name":"wp","href":"https:\/\/api.w.org\/{rel}","templated":true}]}}