{"id":481,"date":"2011-03-08T18:32:28","date_gmt":"2011-03-08T16:32:28","guid":{"rendered":"https:\/\/webs.uab.cat\/grai\/learning-among-teachers\/"},"modified":"2025-03-15T12:27:45","modified_gmt":"2025-03-15T10:27:45","slug":"learning-among-teachers","status":"publish","type":"page","link":"https:\/\/webs.uab.cat\/grai\/en\/learning-among-teachers\/","title":{"rendered":"Learning between teachers"},"content":{"rendered":"\n<p><strong>Co-teaching: Peer learning among teachers for inclusion<\/strong><\/p>\n\n\n\n<figure class=\"wp-block-embed is-type-video is-provider-youtube wp-block-embed-youtube wp-embed-aspect-16-9 wp-has-aspect-ratio\"><div class=\"wp-block-embed__wrapper\">\n<iframe loading=\"lazy\" title=\"Doc\u00e8ncia compartida: Aprenentatge docent entre iguals per a l&#039;atenci\u00f3 a la diversitat\" width=\"580\" height=\"326\" src=\"https:\/\/www.youtube.com\/embed\/Co4wHFJhnoM?feature=oembed\" frameborder=\"0\" allow=\"accelerometer; autoplay; clipboard-write; encrypted-media; gyroscope; picture-in-picture; web-share\" referrerpolicy=\"strict-origin-when-cross-origin\" allowfullscreen><\/iframe>\n<\/div><figcaption class=\"wp-element-caption\">Duran, D,. Oller, M., &amp;&nbsp;Huguet, T. (Coords.). (2018, June 21). <em>Doc\u00e8ncia compartida: Aprenentatge docent entre iguals per a l\u2019atenci\u00f3 a la diversitat<\/em> [Video]. YouTube. <a href=\"https:\/\/www.youtube.com\/watch?v=Co4wHFJhnoM\">https:\/\/www.youtube.com\/watch?v=Co4wHFJhnoM<\/a><br><br>More information on the project <a href=\"https:\/\/webs.uab.cat\/grai\/en\/armif-2016-project\/\">here<\/a>.<\/figcaption><\/figure>\n\n\n\n<p>Interaction among teachers is an inherent fact within the teaching profession. It is common that different teachers are commonly involved in the resolution of certain situations taking place at educational institutions. Such interactions must be as efficient as possible with the objective of obtaining the maximum participation and agreement as well as the predisposition to share the responsibilities resulting from the decisions taken. However, not all the interactive styles are appropriate to fulfill these objectives and the studies on this matter consider collaboration as the most effective interactive.<\/p>\n\n\n\n<p>Teachers, as other professionals, learn from their interaction with other colleagues, and collaboration among them becomes an essential tool to favour a reflective practice, a key resource to attain maximum teaching efficacy.<\/p>\n\n\n\n<p>Collaboration is a direct interactive style among at least two equals (the opinion of each of them has the same value independently of their role in the centre) which, in a voluntary way (the teaching institution must favour such interaction but each teacher decides whether s\/he wants to offer a collaborative attitude or not), and in a shared way (it does not mean equal given that the knowledge and function they develop will influence their contributions) make decisions directed to the attainment of a shared objective (although the suggestions about how to fulfill it may be initially different).<\/p>\n\n\n\n<p>A form of collaboration among teachers is co-teaching, a type of organization in which teachers work together with the same class group. We normally speak about the general education teacher (the teacher who is responsible for the subject) and the supporting teacher (who can be a teacher responsible for catering for diversity or any other teacher who may be willing to offer support in the classroom).<\/p>\n\n\n\n<p>We could offer numerous arguments about the advantages of co-teaching, both for students and for teachers. Thus, for example, students can respond to real classroom demands regarding any subject area having help at their disposal any time they need it. It is important to note that the students who need more help do not fall under any type of label due to their difficulties and continue having the general education teacher as a reference. For teachers this arrangement involves an improvement in classroom management in general and, more specifically, of discipline. New materials can be shared or produced among them, as well as working methodologies, offering support to each other when facing novelty or difficulty. At the same time, shared teaching helps the centre establish interdisciplinary lines given that the experience of a support teacher with different classroom groups enhances the existence of contributions among disciplinary areas.<\/p>\n\n\n\n<p>However, as we suggested when speaking about students, collaborative work does not immediately result from placing two teachers together. The interactions which are established among them will need to fulfill certain conditions. It is important that the shared objectives and tasks are clear and accepted by the participants and, at the same time, they must be related with their own professional needs. Moreover, teachers must show a disposition to interact and accept commitment, and basic structures must be laid so as to allow for enhanced co-teaching. The functions to be performed by each teacher must be clearly defined, taking into account that there are different approaches which will determine the different degrees of implication of each participant, giving way to diverse collaboration modes. A guidance system must also be foreseen as regards decision-making and shared work regulation, as well as some time for coordination which will allow for the adjustment of the deployment of one approach or another depending on the needs of the class.<\/p>\n\n\n\n<h2 class=\"wp-block-heading\">Innovation articles<\/h2>\n\n\n\n<p>Duran, D., &amp; Miquel, E. (2024). Codoc\u00e8ncia: Concepte, formes i millora de pr\u00e0ctiques. <em>Guix, 508<\/em>, 10\u201315. (<a href=\"https:\/\/webs.uab.cat\/grai\/wp-content\/uploads\/sites\/353\/2024\/11\/Codocencia-concepte-formes-i-millora.pdf\" target=\"_blank\" rel=\"noreferrer noopener\">PDF<\/a>)<\/p>\n\n\n\n<p>Duran, D., &amp; Miquel, E. (2024). Codocencia: Concepto, formas y mejora de pr\u00e1cticas. <em>Aula de Innovaci\u00f3n Educativa, 335<\/em>, 10\u201315. (<a href=\"https:\/\/webs.uab.cat\/grai\/wp-content\/uploads\/sites\/353\/2024\/11\/Codocencia-concepto-formas-y-mejora-de-practicas.pdf\" target=\"_blank\" rel=\"noreferrer noopener\">PDF<\/a>)<\/p>\n\n\n\n<p>Duran, D., Corcelles, M., &amp; Miquel, E. (2021). Estructures d\u2019aprenentatge col\u00b7laboratiu entre docents: Oportunitats de desenvolupament professional docent en el dia a dia. <em>Guix, 481<\/em>, 39-43. (<a href=\"https:\/\/webs.uab.cat\/grai\/wp-content\/uploads\/sites\/353\/2023\/02\/estructuras-de-aprendizaje-colaborativo-entre-docentes-oportunidades-de-desarrollo-profesional-docente-en-el-dia-a-dia-au308122036.pdf\" target=\"_blank\" rel=\"noreferrer noopener\">PDF<\/a>)<\/p>\n\n\n\n<p>Duran, D., Corcelles, M., &amp; Miquel, E. (2020). L\u2019observaci\u00f3 entre iguals com a mecanisme de desenvolupament professionaldocent: La percepci\u00f3 dels participants de la Xarxa de Compet\u00e8ncies B\u00e0siques. <em>\u00c0mbits de Psicopedagogia i Orientaci\u00f3, 53<\/em>, 48-59. (<a href=\"https:\/\/webs.uab.cat\/grai\/wp-content\/uploads\/sites\/353\/2023\/02\/observacion_entre_iguales_en_xcb_duran_corecelles_y_miquel_20.pdf\" target=\"_blank\" rel=\"noreferrer noopener\">PDF<\/a>)<\/p>\n\n\n\n<p>Duran, D. (2019). Aprenentatge docent entre iguals: Mestres i escoles que aprenen uns dels altres. <em>\u00c0mbits de Psicopedagogia i Orientaci\u00f3, 50<\/em>, 47-58. (<a href=\"https:\/\/webs.uab.cat\/grai\/wp-content\/uploads\/sites\/353\/2023\/02\/duran_aprenentatge_entre_iguals.pdf\" target=\"_blank\" rel=\"noreferrer noopener\">PDF<\/a>)<\/p>\n\n\n\n<p>Huguet, T., &amp; L\u00e1zaro, L. (2018). Iniciar i sostenir pr\u00e0ctiques de doc\u00e8ncia compartida a les aules. <em>Guix, 448<\/em>, 49-54. (<a href=\"https:\/\/webs.uab.cat\/grai\/wp-content\/uploads\/sites\/353\/2023\/02\/iniciar-i-sostenir-practiques-de-docencia-compartida-a-les-aules-gu44894489.pdf\" target=\"_blank\" rel=\"noreferrer noopener\">PDF<\/a>)<\/p>\n\n\n\n<p>Oller, M., Navas, C., &amp; Carrera, J. (2018). Doc\u00e8ncia compartida a l\u2019aula: Reptes i possibilitats. <em>Guix, 448<\/em>, 43-48. (<a href=\"https:\/\/webs.uab.cat\/grai\/wp-content\/uploads\/sites\/353\/2023\/02\/docencia-compartida-a-laula-reptes-i-possibilitats-gu44894490.pdf\" target=\"_blank\" rel=\"noreferrer noopener\">PDF<\/a>)<\/p>\n\n\n\n<p>Duran, D., &amp; Miquel, E. (2006). L\u2019aprenentatge entre iguals com a recurs per a l\u2019atenci\u00f3 a la diversitat. A P. Pujol\u00e0s (Ed.), <em>Cap a una educaci\u00f3 inclusiva<\/em> (pp. 187-217). Eumo. (<a rel=\"noreferrer noopener\" href=\"https:\/\/webs.uab.cat\/grai\/wp-content\/uploads\/sites\/353\/2023\/02\/aprenentatgeentreigualsidiversitat.pdf\" target=\"_blank\">PDF<\/a>)<\/p>\n\n\n\n<p>Duran, D. (Coord.). (2006). Tutor\u00eda entre iguales: Algunas pr\u00e1cticas en la ense\u00f1anza obligatoria [Monogr\u00e0fic]. <em>Aula de Innovaci\u00f3n educativa, 153<\/em>, 7-39. (<a href=\"https:\/\/webs.uab.cat\/grai\/wp-content\/uploads\/sites\/353\/2023\/02\/monograficoaula.pdf\" target=\"_blank\" rel=\"noreferrer noopener\">PDF<\/a>)<\/p>\n\n\n\n<p>Miquel, E. (2006). Maestros que trabajando juntos aprenden. <em>Aula de Innovaci\u00f3n Educativa, 153-154<\/em>, 33-36. (<a rel=\"noreferrer noopener\" href=\"https:\/\/webs.uab.cat\/grai\/wp-content\/uploads\/sites\/353\/2023\/02\/miquel_maestros_que_trabajando_juntos_aprenden.pdf\" target=\"_blank\">PDF<\/a>)<\/p>\n\n\n\n<p>Duran, D., Serra, P., &amp; Miquel, E. (2004). El aprendizaje entre iguales: Tutor\u00eda entre iguales, aprendizaje cooperativo y colaboraci\u00f3n docente. <em>Aula de Innovaci\u00f3n Educativa, 132<\/em>, 75-77. (<a href=\"https:\/\/webs.uab.cat\/grai\/wp-content\/uploads\/sites\/353\/2023\/02\/duran_d._serra_p._i_miquel_e.2004._el_aprendizaje_entre_iguales_tutoria_entre_iguales_aprendizaje_cooperativo_y_colaboracion_docente._aula_de_innovacion_educativa_132_75-.pdf\" target=\"_blank\" rel=\"noreferrer noopener\">PDF<\/a>)<\/p>\n\n\n\n<p>Duran, D., &amp; Miquel, E. (2003). Cooperar para ense\u00f1ar y aprender. <em>Cuadernos de Pedagog\u00eda, 331<\/em>, 73-76. (<a href=\"https:\/\/webs.uab.cat\/grai\/wp-content\/uploads\/sites\/353\/2016\/11\/cooperarparaensenaryaprender.pdf\" target=\"_blank\" rel=\"noreferrer noopener\">PDF<\/a>)<\/p>\n\n\n\n<h2 class=\"wp-block-heading\">Research articles<\/h2>\n\n\n\n<p>Flores, M., Sala, I., Ortiz, M, &amp; Duran, D. (2024). Does reciprocal peer observation promote the transfer of learning to teaching practice? <em>Psychology in the Schools, 61<\/em>(10), 3873\u20133890. doi: 10.1002\/pits.23259 (<a href=\"https:\/\/webs.uab.cat\/grai\/wp-content\/uploads\/sites\/353\/2024\/11\/Does-reciprocal-peer-observation-promote-the-transfer-of-learning-to-teaching.pdf\" target=\"_blank\" rel=\"noreferrer noopener\">PDF<\/a>)<\/p>\n\n\n\n<p>Miquel, E., Monguillot, M., Soler, M., &amp; Duran, D. (2024). Reciprocal peer observation: A mechanism to identify professional learning goals. <em>Education Inquiry<\/em>. Advance online publication. doi: 10.1080\/20004508.2024.2370116 (<a href=\"https:\/\/webs.uab.cat\/grai\/wp-content\/uploads\/sites\/353\/2024\/11\/Reciprocal-peer-observation-a-mechanism-to-identify-professional-learning-goals.pdf\" target=\"_blank\" rel=\"noreferrer noopener\">PDF<\/a>)<\/p>\n\n\n\n<p>Corcelles-Seuba, M., Sala, I., Soler, M., &amp; Duran, D. (2024). Impact of reciprocal peer observation on teacher collaboration perceptions.&nbsp;<em>British Educational Research Journal<\/em>. Advance online publication. doi: 10.1002\/berj.3958 (<a href=\"https:\/\/webs.uab.cat\/grai\/wp-content\/uploads\/sites\/353\/2024\/04\/British-Educational-Res-J-2024-Corcelles%E2%80%90Seuba-Impact-of-reciprocal-peer-observation-on-teacher-collaboration.pdf\" target=\"_blank\" rel=\"noreferrer noopener\">PDF<\/a>)<\/p>\n\n\n\n<p>Ribosa, J., Noguera, I., Monguillot, M., &amp; Duran, D. (2024). Teachers\u2019 closeness of professional relationship and its role in learning perception after reciprocal peer observation.&nbsp;<em>Teaching and Teacher Education, 140<\/em>, 104469. doi: 10.1016\/j.tate.2024.104469 (<a href=\"https:\/\/webs.uab.cat\/grai\/wp-content\/uploads\/sites\/353\/2024\/03\/Ribosa-et-al.-2024-Teachers-closeness-of-professional-relationship-a.pdf\" target=\"_blank\" rel=\"noreferrer noopener\">PDF<\/a>)<\/p>\n\n\n\n<p>Ribosa, J., Corcelles-Seuba, M., Morodo, A., &amp; Duran, D. (2023). Reducing teachers\u2019 resistance to reciprocal peer observation.&nbsp;<em>European Journal of Education<\/em>. Advance online publication. doi: 10.1111\/ejed.12606 (<a href=\"https:\/\/webs.uab.cat\/grai\/wp-content\/uploads\/sites\/353\/2023\/12\/Ribosa-et-al.-Reducing-teachers-resistance-to-reciprocal-peer-o.pdf\" target=\"_blank\" rel=\"noreferrer noopener\">PDF<\/a>)<\/p>\n\n\n\n<p>Corcelles-Seuba, M., Miquel, E., &amp; Duran, D. (2023). Teachers\u2019 perceptions of reciprocal peer observation.&nbsp;<em>Revista de Educaci\u00f3n, 402<\/em>. doi: 10.4438\/1988-592X-RE-2023-402-601 (<a href=\"https:\/\/webs.uab.cat\/grai\/wp-content\/uploads\/sites\/353\/2023\/12\/Corcelles-Seuba-et-al.-2023-Percepciones-de-los-docentes-sobre-la-observacion-.pdf\" target=\"_blank\" rel=\"noreferrer noopener\">PDF<\/a>)<\/p>\n\n\n\n<p>Corcelles, M., Duran , D., Flores, M., Miquel, E., &amp; Ribosa, J. (2023). Percepciones docentes sobre observaci\u00f3n entre iguales: Resistencias, agencia, procedimiento y objetivos de mejora. <em>Estudios sobre Educaci\u00f3n, 44<\/em>. <a href=\"https:\/\/doi.org\/10.15581\/004.44.002\" target=\"_blank\" rel=\"noreferrer noopener\">https:\/\/doi.org\/10.15581\/004.44.002<\/a> (<a href=\"https:\/\/doi.org\/10.15581\/004.44.002\" target=\"_blank\" rel=\"noreferrer noopener\">PDF<\/a>)<\/p>\n\n\n\n<p>Duran, D., Flores, M., Ribas, T., &amp; Ribosa, J. (2020). Student teachers\u2019 perceptions and evidence of peer learning through co-teaching: Improving attitudes and willingness towards co-teaching. <em>European Journal of Psychology of Education, 36<\/em>, 495-510. <a href=\"https:\/\/doi.org\/10.1007\/s10212-020-00479-0\">https:\/\/doi.org\/10.1007\/s10212-020-00479-0<\/a> (<a href=\"https:\/\/link.springer.com\/article\/10.1007\/s10212-020-00479-0\" target=\"_blank\" rel=\"noreferrer noopener\">PDF<\/a>)<\/p>\n\n\n\n<p>Duran, D., &amp; Miquel, E. (2019). Preparing teachers for collaborative classrooms. A <em>Oxford Research Encyclopedia of Education<\/em>. Oxford University Press. <a rel=\"noreferrer noopener\" href=\"https:\/\/doi.org\/10.1093\/acrefore\/9780190264093.013.78\" target=\"_blank\">https:\/\/doi.org\/10.1093\/acrefore\/9780190264093.013.78<\/a> (<a href=\"https:\/\/oxfordre.com\/education\/view\/10.1093\/acrefore\/9780190264093.001.0001\/acrefore-9780190264093-e-780\" target=\"_blank\" rel=\"noreferrer noopener\">PDF<\/a>)<\/p>\n\n\n\n<p>Duran, D., Corcelles, M., Flores, M., &amp; Miquel, E. (2020). Changes in attitudes and willingness to use co-teaching through pre-service teacher training experiences. <em>Professional Development in Education, 46<\/em>(5), 770-779. <a rel=\"noreferrer noopener\" href=\"https:\/\/doi.org\/10.1080\/19415257.2019.1634631\" target=\"_blank\">https:\/\/doi.org\/10.1080\/19415257.2019.1634631<\/a><\/p>\n\n\n\n<p><\/p>\n","protected":false},"excerpt":{"rendered":"<p>Co-teaching: Peer learning among teachers for inclusion Interaction among teachers is an inherent fact within the teaching profession. It is common that different teachers are commonly involved in the resolution of certain situations taking place at educational institutions. Such interactions must be as efficient as possible with the objective of obtaining the maximum participation and [&hellip;]<\/p>\n","protected":false},"author":20,"featured_media":0,"parent":0,"menu_order":0,"comment_status":"closed","ping_status":"closed","template":"","meta":{"footnotes":""},"class_list":["post-481","page","type-page","status-publish","hentry"],"_links":{"self":[{"href":"https:\/\/webs.uab.cat\/grai\/en\/wp-json\/wp\/v2\/pages\/481","targetHints":{"allow":["GET"]}}],"collection":[{"href":"https:\/\/webs.uab.cat\/grai\/en\/wp-json\/wp\/v2\/pages"}],"about":[{"href":"https:\/\/webs.uab.cat\/grai\/en\/wp-json\/wp\/v2\/types\/page"}],"author":[{"embeddable":true,"href":"https:\/\/webs.uab.cat\/grai\/en\/wp-json\/wp\/v2\/users\/20"}],"replies":[{"embeddable":true,"href":"https:\/\/webs.uab.cat\/grai\/en\/wp-json\/wp\/v2\/comments?post=481"}],"version-history":[{"count":12,"href":"https:\/\/webs.uab.cat\/grai\/en\/wp-json\/wp\/v2\/pages\/481\/revisions"}],"predecessor-version":[{"id":3506,"href":"https:\/\/webs.uab.cat\/grai\/en\/wp-json\/wp\/v2\/pages\/481\/revisions\/3506"}],"wp:attachment":[{"href":"https:\/\/webs.uab.cat\/grai\/en\/wp-json\/wp\/v2\/media?parent=481"}],"curies":[{"name":"wp","href":"https:\/\/api.w.org\/{rel}","templated":true}]}}