{"id":962,"date":"2012-02-12T20:19:51","date_gmt":"2012-02-12T18:19:51","guid":{"rendered":"https:\/\/webs.uab.cat\/grai\/schools-network\/"},"modified":"2012-02-12T20:19:51","modified_gmt":"2012-02-12T18:19:51","slug":"schools-network","status":"publish","type":"page","link":"https:\/\/webs.uab.cat\/grai\/en\/schools-network\/","title":{"rendered":"School&#8217;s Network"},"content":{"rendered":"<p style=\"text-align: justify;\">The <em>Llegim en parella<\/em> school Network was established in 2006 by the Research Group on peer learning (Grup d\u2019Investigaci\u00f3 sobre Aprenentatge entre Iguals, GRAI). It is a semi-online network with a dual aim: to provide teacher training and to facilitate peer support conditions for developing the programme; and to guarantee a certain level of success in learning to enable participants to innovate in a sustainable way witch facilitate the programme incorporation into the common repertoire of the school involved. For this reason, the teacher training is carried out in pairs, inter and intra schools, because it is an important element for learning, facilitating collaborative and reflective tools throughout the training and implementation of the programme. Thus, the teacher training is carried out by two trainers (preferably) who work together organizing, managing and stimulating the network.<\/p>\n<p style=\"text-align: justify;\">Three training sessions are dedicated to present the program, to give support during the implementation and to follow up the final assessment. The training is combined with a virtual participation in a platform in order to share with other teachers: information, questions, reflections, implementation schedule, visits to the other schools, sharing reviews and all actions that have to do with the programme.<\/p>\n<p style=\"text-align: justify;\">There are schools networks working collaboratively in Catalonia, the Balearic Islands, Zaragoza and Euskadi, in three languages: Catalan, Spanish and Euskera.<\/p>\n<p><strong>Schools\u2019 list:<\/strong><\/p>\n<ul style=\"text-align: justify;\">\n<li><strong><span style=\"text-decoration: underline;\">School&#8217;s Network Catalonia (from 2006):<\/span><\/strong><\/li>\n<\/ul>\n<p style=\"text-align: justify;\">CEIP Riera de Ribes&nbsp; (St. Pere de Ribes),CEIP Antoni Grau Minguell (Sant Quint\u00ed&nbsp;de&nbsp;Mediona), Escola Sagrat Cor (Montcada i Reixac), CEIP Pau Casals (St. Lloren\u00e7 d\u2019Hortons), CEIP St. Jordi (Nav\u00e0s), IES Jacint Verdaguer (Sant Sadurn\u00ed d\u2019Anoia), IES Jaume I (Salou), Escola Bergant\u00ed (El Masnou), CEIP Mestre Morera (Barcelona), CEIP Alfred Mata (Puig-reig), CEIP Verd\u00fa (Verd\u00fa), CEIP La Plana (Vila-seca), CEIP Pere Calders (Poliny\u00e0), CEIP St. Josep de Calasan\u00e7 (Lleida), ZER Moian\u00e8s (Moi\u00e0), IES Bernat El Ferrer (Molins de Rei), Escola Vedruna (Art\u00e9s), Escola El Cim (Vilanova i la Geltr\u00fa), Escola Federico Garc\u00eda Lorca (Mollet del Vall\u00e8s), Escola Pau Casals (Vacarisses), Escola P\u00e9rez Iborra (Barcelona), Escola Santa Eul\u00e0lia (Berga), Escola Ginesta (Vilanova i la Geltr\u00fa), IES Pablo Picasso (Barcelona).<\/p>\n<p style=\"text-align: justify;\"><strong>The Read in pairs programme is promoted by GRAI (Group of research about learning between peers) of ICE- UAB. The 2012-2013 school years has the support of the Departament d\u2019Ensenyament de la Generalitat de Catalunya and it is being done in 38 different primary and high schools divided among all the Catalan territory.<\/strong><\/p>\n<ul style=\"text-align: justify;\">\n<li><strong><span style=\"text-decoration: underline;\">School&#8217;s Network Mallorca (from 2009):<\/span><\/strong><strong> <br \/><\/strong><\/li>\n<\/ul>\n<p style=\"text-align: justify;\">CP Es Vivero (Palma), CP Melcior Rossell\u00f3 i Simonet (Santa Maria del Cam\u00ed), CP Badies (Gran-Llucmajor), CP Pare Bartomeu Pou (Algaida), CP Els Tamarells (Palma), CP Mestre Colom (Bunyola), CP La Porci\u00fancula (S\u2019Arenal-Palma), CEIP Rafa Vell (Palma), CP Mata de Jonc (Palma), CP S\u2019Aranjassa (Palma), Col.legi Sant Vicen\u00e7 de Pa\u00fcl (S\u00f3ller).<\/p>\n<ul style=\"text-align: justify;\">\n<li><strong><span style=\"text-decoration: underline;\">School&#8217;s Network Menorca (from 2011):<\/span><\/strong><\/li>\n<\/ul>\n<p style=\"text-align: justify;\">CP Pere Casanovas (Ciutadella), CC Sant Francesc de Sales (Ciutadella), CP Tramuntana (Ma\u00f3), CP Antoni Juan Alemany (Ma\u00f3), CP Sant Llu\u00eds (Sant Llu\u00eds), CP Mare de D\u00e9u del Toro (Es Mercadal).<\/p>\n<ul style=\"text-align: justify;\">\n<li><strong><span style=\"text-decoration: underline;\">School&#8217;s Network Zaragoza (from 2008):<\/span><\/strong><\/li>\n<\/ul>\n<p style=\"text-align: justify;\">CEIP Antonio Mart\u00ednez Garay (Casetas), CEIP Fernandez Vizarra (Monzalbarba), CEIP&nbsp; Odon de Buen (Zuera), CEIP Los Albares (ex Emiliano Labarta)- (La Puebla de Alfind\u00e9n), CEIP&nbsp; Andr\u00e9s Olv\u00e1n (San Juan de Mozarrifar), CEIP Joaqu\u00edn Costa (Zaragoza), CEIP Eugenio Lopez y Lopez (Zaragoza), CEIP Gustavo Adolfo Becquer (Garrapinillos), Colegio Nuestra Sra. del Carmen (Zaragoza), CEIP Parque Europa (Utebo), CEIP La Portalada (Pastriz), Colegio Guillermo (Fatas-Zaragoza), CEIP Mariano Castillo (Villamayor), Colegio San Gabriel (Zuera).<em>&nbsp;<\/em><\/p>\n<ul style=\"text-align: justify;\">\n<li><strong><span style=\"text-decoration: underline;\">School&#8217;s Network Euskadi (from 2009):<\/span><\/strong><\/li>\n<\/ul>\n<p style=\"text-align: justify;\">Cristobal Gam\u00f3n LHI (Errenteria), Langaitz BHI (Errenteria), Ama Guadalupekoa BHI (Hondarribia), Toki Alai LH (Irun), Karmengo Ama LHI (Pasaia), Aitxuri (Zegama), Alkartasuna Lizeoa (Beasain), Talaia Hondarribiko Eskola (Hondarribia), Gainzuri (Urretxu), S. Andres (Ormaiztegi), La Salle (S. Jose-Beasain), Jakintza Ikastola (Ordizia), Gallego Gorria LHI (Bilbao), Pagasarribide LHI (Bilbao), Intxixu Ikastola (Bilbao), Basurto (Bilbao), Orbegozo (Bilbao), 7 Campas (Bilbao), Cervantes (Bilbao), Alonsotegi (Bilbao), Deusto (Bilbao), Zurbaran (Bilbao), Zamakola (Bilbao), lkartasuna Lizeoa&nbsp; LH (Beasain), J.M.Barandiaran (Ataun), Ugaro (Legorreta), Laiotz (Segura), Belaskoenea (Ir\u00fan), Beraun Berri (Errenteria), Cristobal Gam\u00f3n LHI (Errenteria), Dunboa BHI (Ir\u00fan), Dunboa LH (Ir\u00fan), Koldo Mitxelena LHI (Errenteria), Langaitz LH (Errenteria), Aitor Ikastola (Donostia), Arantzazuko Ama (Donostia), Catalina De Erauso (Donostia), Orixe Ikastola (Donostia), La Anunciata (Donostia), La Salle (Donostia), Jesuitinas (Donostia), M\u00aa Auxiliadora (Donostia), La Salle Berrozpe (Andoain), Fatima (Bilbao), Orereta Ikastola LH (Errenteria), Telleri Lh-BH (Errenteria), Gamon LH ( Errenteria), Elatzeta (Ir\u00fan), Lezo LH (Lezo), Toki Alai BHI (Ir\u00fan), Ugaro LH (Legorreta), Lardizabal Herri Eskola (Zaldibia), Itsasondoko Herri Eskola (Itsasondo), Beasaingo BHI (Beasain), La Salle Legazpi (Zumarraga), Jm.Iparragirre BHI (Urretxu), Ikasbide (Bilbao), San Inazio (Bilbao), Fray Juan (Bilbao), Rekaldeberri BHI (Bilbao), Zorroza BHI (Bilbao), Ispaster LH (Ispaster), Amoroto LHI (Amoroto), M Zubizarreta LHI (Etxebarria), Antoniano (Zarautz), Zestoa Herri Ikastetxea (Zarautz), CEIP Arroa HLHI (Zarautz), Karmelo Etxegarai Ikastola (Zarautz), Basakaitz&nbsp; L.H.I (Zarautz), Andatza LHI (Zarautz), San Martin (Zarautz), Lizardi (Zarautz).<\/p>\n<ul>\n<li><strong><span style=\"text-decoration: underline;\">School&#8217;s Network Navarra (from 2012):<\/span><\/strong><\/li>\n<\/ul>\n<p style=\"text-align: justify;\">This school year (2012-13) has launched a new Read in pairs network the \u201cNavarra <em>Read in pairs network<\/em>\u201d promoted by the Department of Education Government of Navarra and coordinated from the GRAI by professor Michael Ester. Basically, it\u2019s worked in Spanish but, there are different groups that also do it in Basque and in English.There are 12 schools that participate: in Pamplona San Francisco, Do\u00f1a Mayor, Cardenal Ilund\u00e1in and Iturrama; San Juan (Lumbier), Cerro de la Cruz and IESO Bardenas Reales (Cortes), Mendialdea I (Berriozar), Virgen de la Cerca (Andosilla), \u00c1lvara \u00c1lvarez (Falces), IES Alhama (Corella) i Atakondoa (Irurtzun).\u201d<\/p>\n<p>&nbsp;<\/p>\n<p style=\"text-align: justify;\">&nbsp;<\/p>\n<p><a href=\"http:\/\/grupsderecerca.uab.cat\/grai\/en\/node\/112\"><img loading=\"lazy\" decoding=\"async\" style=\"float: right;\" src=\"http:\/\/grupsderecerca.uab.cat\/grai\/sites\/grupsderecerca.uab.cat.grai\/files\/back%20totop_8.jpg\" alt=\"\" width=\"104\" height=\"79\" \/><\/a><\/p>\n","protected":false},"excerpt":{"rendered":"<p>The Llegim en parella school Network was established in 2006 by the Research Group on peer learning (Grup d\u2019Investigaci\u00f3 sobre Aprenentatge entre Iguals, GRAI). It is a semi-online network with a dual aim: to provide teacher training and to facilitate peer support conditions for developing the programme; and to guarantee a certain level of success [&hellip;]<\/p>\n","protected":false},"author":20,"featured_media":963,"parent":0,"menu_order":0,"comment_status":"closed","ping_status":"closed","template":"","meta":{"footnotes":""},"class_list":["post-962","page","type-page","status-publish","has-post-thumbnail","hentry"],"_links":{"self":[{"href":"https:\/\/webs.uab.cat\/grai\/en\/wp-json\/wp\/v2\/pages\/962","targetHints":{"allow":["GET"]}}],"collection":[{"href":"https:\/\/webs.uab.cat\/grai\/en\/wp-json\/wp\/v2\/pages"}],"about":[{"href":"https:\/\/webs.uab.cat\/grai\/en\/wp-json\/wp\/v2\/types\/page"}],"author":[{"embeddable":true,"href":"https:\/\/webs.uab.cat\/grai\/en\/wp-json\/wp\/v2\/users\/20"}],"replies":[{"embeddable":true,"href":"https:\/\/webs.uab.cat\/grai\/en\/wp-json\/wp\/v2\/comments?post=962"}],"version-history":[{"count":0,"href":"https:\/\/webs.uab.cat\/grai\/en\/wp-json\/wp\/v2\/pages\/962\/revisions"}],"wp:featuredmedia":[{"embeddable":true,"href":"https:\/\/webs.uab.cat\/grai\/en\/wp-json\/wp\/v2\/media\/963"}],"wp:attachment":[{"href":"https:\/\/webs.uab.cat\/grai\/en\/wp-json\/wp\/v2\/media?parent=962"}],"curies":[{"name":"wp","href":"https:\/\/api.w.org\/{rel}","templated":true}]}}