{"id":1191,"date":"2015-02-16T23:29:37","date_gmt":"2015-02-16T21:29:37","guid":{"rendered":"https:\/\/webs.uab.cat\/grai\/proyecto-erasmus-ka2\/"},"modified":"2024-01-08T20:40:10","modified_gmt":"2024-01-08T18:40:10","slug":"proyecto-erasmus-ka2","status":"publish","type":"page","link":"https:\/\/webs.uab.cat\/grai\/es\/proyecto-erasmus-ka2\/","title":{"rendered":"PROYECTO ERASMUS +KA2"},"content":{"rendered":"\n<h3 class=\"wp-block-heading\">El GRAI colabora en el proyecto ENTREPRENEURSHIP PRACTICE FIRMS SCHOOLS-\u201cINNOVATIVE EDUCATION AND TRAINING SOLUTION TO EARLY SCHOOL LEAVERS<\/h3>\n\n\n\n<p>El proyecto lo llevan a cabo:<\/p>\n\n\n\n<ul class=\"wp-block-list\">\n<li>Fundaci\u00f3n Inform, Ayuntamiento de El Vendrell y el IES Mediterr\u00e0nia de Espanya.<\/li>\n\n\n\n<li>Istituto Don Calabria-Simulimpresa y CEFAL de Italia.<\/li>\n\n\n\n<li>Bulgarian Center of Training Firms (BUCT) y SOU Asen Zlatarov de Bulgaria.<\/li>\n\n\n\n<li>Vilniaus Kolegija University of Applied Sciences (VIKO) i Kauno Tito Masiulio juanimo mokykia de Lituania.<\/li>\n\n\n\n<li>EUROPEN-PEN International de Alemanya.<\/li>\n<\/ul>\n\n\n\n<p>El objetivo del programa es estudiar, dise\u00f1ar y crear un modelo de pr\u00e1ctica empresarial que podr\u00e1 contribuir al desarrollo de las habilidades clave: sociales, tecnol\u00f3gicas i empresariales en los colegios entre las edades de 14 a 16 a\u00f1os con un elevado riesgo de abandono escolar prematuro.<\/p>\n\n\n\n<p>El GRAI contribuye en el proyecto como elemento de calidad con su programa <em>Reading in Pairs<\/em>.<\/p>\n","protected":false},"excerpt":{"rendered":"<p>El GRAI colabora en el proyecto ENTREPRENEURSHIP PRACTICE FIRMS SCHOOLS-\u201cINNOVATIVE EDUCATION AND TRAINING SOLUTION TO EARLY SCHOOL LEAVERS El proyecto lo llevan a cabo: El objetivo del programa es estudiar, dise\u00f1ar y crear un modelo de pr\u00e1ctica empresarial que podr\u00e1 contribuir al desarrollo de las habilidades clave: sociales, tecnol\u00f3gicas i empresariales en los colegios entre [&hellip;]<\/p>\n","protected":false},"author":20,"featured_media":0,"parent":0,"menu_order":0,"comment_status":"closed","ping_status":"closed","template":"","meta":{"footnotes":""},"class_list":["post-1191","page","type-page","status-publish","hentry"],"_links":{"self":[{"href":"https:\/\/webs.uab.cat\/grai\/es\/wp-json\/wp\/v2\/pages\/1191","targetHints":{"allow":["GET"]}}],"collection":[{"href":"https:\/\/webs.uab.cat\/grai\/es\/wp-json\/wp\/v2\/pages"}],"about":[{"href":"https:\/\/webs.uab.cat\/grai\/es\/wp-json\/wp\/v2\/types\/page"}],"author":[{"embeddable":true,"href":"https:\/\/webs.uab.cat\/grai\/es\/wp-json\/wp\/v2\/users\/20"}],"replies":[{"embeddable":true,"href":"https:\/\/webs.uab.cat\/grai\/es\/wp-json\/wp\/v2\/comments?post=1191"}],"version-history":[{"count":4,"href":"https:\/\/webs.uab.cat\/grai\/es\/wp-json\/wp\/v2\/pages\/1191\/revisions"}],"predecessor-version":[{"id":2911,"href":"https:\/\/webs.uab.cat\/grai\/es\/wp-json\/wp\/v2\/pages\/1191\/revisions\/2911"}],"wp:attachment":[{"href":"https:\/\/webs.uab.cat\/grai\/es\/wp-json\/wp\/v2\/media?parent=1191"}],"curies":[{"name":"wp","href":"https:\/\/api.w.org\/{rel}","templated":true}]}}