{"id":1334,"date":"2009-05-25T13:07:54","date_gmt":"2009-05-25T11:07:54","guid":{"rendered":"https:\/\/webs.uab.cat\/grai\/"},"modified":"2025-04-07T20:14:17","modified_gmt":"2025-04-07T18:14:17","slug":"es","status":"publish","type":"page","link":"https:\/\/webs.uab.cat\/grai\/es\/","title":{"rendered":"Sobre el GRAI"},"content":{"rendered":"\n<figure class=\"wp-block-image size-full is-resized\"><img loading=\"lazy\" decoding=\"async\" width=\"331\" height=\"340\" src=\"https:\/\/webs.uab.cat\/grai\/wp-content\/uploads\/sites\/353\/2023\/12\/Logo-Cast.jpg\" alt=\"\" class=\"wp-image-2426\" style=\"width:166px;height:170px\" srcset=\"https:\/\/webs.uab.cat\/grai\/wp-content\/uploads\/sites\/353\/2023\/12\/Logo-Cast.jpg 331w, https:\/\/webs.uab.cat\/grai\/wp-content\/uploads\/sites\/353\/2023\/12\/Logo-Cast-292x300.jpg 292w\" sizes=\"auto, (max-width: 331px) 100vw, 331px\" \/><\/figure>\n\n\n\n<p>El <strong>Grupo de Investigaci\u00f3n sobre Aprendizaje entre Iguales<\/strong> (<strong>GRAI<\/strong>, por sus siglas en catal\u00e1n) agrupa profesionales \u2013tanto investigadores universitarios como profesorado de ense\u00f1anza obligatoria\u2013 comprometidos en el estudio, la pr\u00e1ctica y la divulgaci\u00f3n del aprendizaje entre iguales (aprendizaje cooperativo, colaborativo y tutor\u00eda entre iguales). Fue creado en 2004 como grupo de trabajo del ICE de la Universitat Aut\u00f2noma de Barcelona (UAB) y, actualmente, es un grupo de investigaci\u00f3n de&nbsp;la UAB.&nbsp;Algunos de sus miembros est\u00e1n adheridos al Seminario Interuniversitario de Investigaci\u00f3n en Estrategias de Ense\u00f1anza y Aprendizaje (SINTE), grupo de investigaci\u00f3n consolidado.<\/p>\n\n\n\n<p>Entendemos por iguales personas que ocupan un estatus social similar, sin&nbsp;que ninguna de ellas act\u00fae&nbsp;como profesor profesional de las otras. En este sentido, nos interesamos por el aprendizaje cooperativo entre alumnos; entre profesores; entre miembros de una familia y entre personas voluntarias.<\/p>\n\n\n\n<blockquote class=\"wp-block-quote is-layout-flow wp-block-quote-is-layout-flow\">\n<p>S\u00edguenos en las redes sociales<\/p>\n\n\n\n<p><a href=\"https:\/\/bsky.app\/profile\/graiuab.bsky.social\" target=\"_blank\" rel=\"noreferrer noopener\">@graiuab.bsky.social<\/a><\/p>\n<\/blockquote>\n\n\n\n<figure class=\"wp-block-gallery has-nested-images columns-default is-cropped wp-block-gallery-1 is-layout-flex wp-block-gallery-is-layout-flex\">\n<figure class=\"wp-block-image size-large\"><a href=\"https:\/\/www.uab.cat\/\" target=\"_blank\" rel=\"noreferrer noopener\"><img loading=\"lazy\" decoding=\"async\" width=\"1024\" height=\"474\" data-id=\"2119\" src=\"https:\/\/webs.uab.cat\/grai\/wp-content\/uploads\/sites\/353\/2023\/03\/descarregues_14_x21-2-1024x474.png\" alt=\"\" class=\"wp-image-2119\" srcset=\"https:\/\/webs.uab.cat\/grai\/wp-content\/uploads\/sites\/353\/2023\/03\/descarregues_14_x21-2-1024x474.png 1024w, https:\/\/webs.uab.cat\/grai\/wp-content\/uploads\/sites\/353\/2023\/03\/descarregues_14_x21-2-300x139.png 300w, https:\/\/webs.uab.cat\/grai\/wp-content\/uploads\/sites\/353\/2023\/03\/descarregues_14_x21-2-768x355.png 768w, https:\/\/webs.uab.cat\/grai\/wp-content\/uploads\/sites\/353\/2023\/03\/descarregues_14_x21-2-1200x555.png 1200w, https:\/\/webs.uab.cat\/grai\/wp-content\/uploads\/sites\/353\/2023\/03\/descarregues_14_x21-2.png 1225w\" sizes=\"auto, (max-width: 1024px) 100vw, 1024px\" \/><\/a><\/figure>\n\n\n\n<figure class=\"wp-block-image size-large\"><a href=\"https:\/\/www.sinte.me\/\" target=\"_blank\" rel=\"noreferrer noopener\"><img loading=\"lazy\" decoding=\"async\" width=\"148\" height=\"127\" data-id=\"2116\" src=\"https:\/\/webs.uab.cat\/grai\/wp-content\/uploads\/sites\/353\/2023\/03\/Logo-SINTE-colores-planos-6.webp\" alt=\"\" class=\"wp-image-2116\" \/><\/a><\/figure>\n\n\n\n<figure class=\"wp-block-image size-large\"><a href=\"https:\/\/2020niclee.com\/\" target=\"_blank\" rel=\"noreferrer noopener\"><img loading=\"lazy\" decoding=\"async\" width=\"940\" height=\"788\" data-id=\"2122\" src=\"https:\/\/webs.uab.cat\/grai\/wp-content\/uploads\/sites\/353\/2023\/03\/NICLEE-6.png\" alt=\"\" class=\"wp-image-2122\" srcset=\"https:\/\/webs.uab.cat\/grai\/wp-content\/uploads\/sites\/353\/2023\/03\/NICLEE-6.png 940w, https:\/\/webs.uab.cat\/grai\/wp-content\/uploads\/sites\/353\/2023\/03\/NICLEE-6-300x251.png 300w, https:\/\/webs.uab.cat\/grai\/wp-content\/uploads\/sites\/353\/2023\/03\/NICLEE-6-768x644.png 768w\" sizes=\"auto, (max-width: 940px) 100vw, 940px\" \/><\/a><\/figure>\n<\/figure>\n\n\n\n<p><em><strong>Los contenidos de esta p\u00e1gina web se pueden utilizar, siempre que se cite la procedencia<\/strong><\/em>.<\/p>\n\n\n\n<p>Grupo de Investigaci\u00f3n sobre Aprendizaje entre Iguales (s.f.). <em>Nombre de la p\u00e1gina consultada<\/em>. <a href=\"https:\/\/webs.uab.cat\/grai\/es\/\">https:\/\/webs.uab.cat\/grai\/<\/a><\/p>\n\n\n\n<figure class=\"wp-block-image size-full is-resized\"><img loading=\"lazy\" decoding=\"async\" width=\"403\" height=\"141\" src=\"https:\/\/webs.uab.cat\/grai\/wp-content\/uploads\/sites\/353\/2023\/04\/by-nc-sa.eu_.png\" alt=\"\" class=\"wp-image-2209\" style=\"width:101px;height:35px\" srcset=\"https:\/\/webs.uab.cat\/grai\/wp-content\/uploads\/sites\/353\/2023\/04\/by-nc-sa.eu_.png 403w, https:\/\/webs.uab.cat\/grai\/wp-content\/uploads\/sites\/353\/2023\/04\/by-nc-sa.eu_-300x105.png 300w\" sizes=\"auto, (max-width: 403px) 100vw, 403px\" \/><\/figure>\n","protected":false},"excerpt":{"rendered":"<p>El Grupo de Investigaci\u00f3n sobre Aprendizaje entre Iguales (GRAI, por sus siglas en catal\u00e1n) agrupa profesionales \u2013tanto investigadores universitarios como profesorado de ense\u00f1anza obligatoria\u2013 comprometidos en el estudio, la pr\u00e1ctica y la divulgaci\u00f3n del aprendizaje entre iguales (aprendizaje cooperativo, colaborativo y tutor\u00eda entre iguales). Fue creado en 2004 como grupo de trabajo del ICE de [&hellip;]<\/p>\n","protected":false},"author":20,"featured_media":0,"parent":0,"menu_order":0,"comment_status":"closed","ping_status":"closed","template":"","meta":{"footnotes":""},"class_list":["post-1334","page","type-page","status-publish","hentry"],"_links":{"self":[{"href":"https:\/\/webs.uab.cat\/grai\/es\/wp-json\/wp\/v2\/pages\/1334","targetHints":{"allow":["GET"]}}],"collection":[{"href":"https:\/\/webs.uab.cat\/grai\/es\/wp-json\/wp\/v2\/pages"}],"about":[{"href":"https:\/\/webs.uab.cat\/grai\/es\/wp-json\/wp\/v2\/types\/page"}],"author":[{"embeddable":true,"href":"https:\/\/webs.uab.cat\/grai\/es\/wp-json\/wp\/v2\/users\/20"}],"replies":[{"embeddable":true,"href":"https:\/\/webs.uab.cat\/grai\/es\/wp-json\/wp\/v2\/comments?post=1334"}],"version-history":[{"count":10,"href":"https:\/\/webs.uab.cat\/grai\/es\/wp-json\/wp\/v2\/pages\/1334\/revisions"}],"predecessor-version":[{"id":3557,"href":"https:\/\/webs.uab.cat\/grai\/es\/wp-json\/wp\/v2\/pages\/1334\/revisions\/3557"}],"wp:attachment":[{"href":"https:\/\/webs.uab.cat\/grai\/es\/wp-json\/wp\/v2\/media?parent=1334"}],"curies":[{"name":"wp","href":"https:\/\/api.w.org\/{rel}","templated":true}]}}