{"id":1342,"date":"2017-08-08T01:16:31","date_gmt":"2017-08-07T23:16:31","guid":{"rendered":"https:\/\/webs.uab.cat\/grai\/articulos-es\/"},"modified":"2023-02-28T11:53:15","modified_gmt":"2023-02-28T09:53:15","slug":"articulos-es","status":"publish","type":"page","link":"https:\/\/webs.uab.cat\/grai\/es\/articulos-es\/","title":{"rendered":"Art\u00edculos"},"content":{"rendered":"\n<ul class=\"wp-block-list\"><li><a href=\"http:\/\/webs.uab.cat\/grai\/es\/articulos-de-innovacion\"><strong>Art\u00edculos de innovaci\u00f3n<\/strong><\/a><\/li><li><a href=\"http:\/\/webs.uab.cat\/grai\/es\/articulos-de-investigacion\"><strong>Art\u00edculos de investigaci\u00f3n<\/strong><\/a><\/li><\/ul>\n","protected":false},"excerpt":{"rendered":"<p>Art\u00edculos de innovaci\u00f3n Art\u00edculos de investigaci\u00f3n<\/p>\n","protected":false},"author":20,"featured_media":0,"parent":0,"menu_order":0,"comment_status":"closed","ping_status":"closed","template":"","meta":{"footnotes":""},"class_list":["post-1342","page","type-page","status-publish","hentry"],"_links":{"self":[{"href":"https:\/\/webs.uab.cat\/grai\/es\/wp-json\/wp\/v2\/pages\/1342","targetHints":{"allow":["GET"]}}],"collection":[{"href":"https:\/\/webs.uab.cat\/grai\/es\/wp-json\/wp\/v2\/pages"}],"about":[{"href":"https:\/\/webs.uab.cat\/grai\/es\/wp-json\/wp\/v2\/types\/page"}],"author":[{"embeddable":true,"href":"https:\/\/webs.uab.cat\/grai\/es\/wp-json\/wp\/v2\/users\/20"}],"replies":[{"embeddable":true,"href":"https:\/\/webs.uab.cat\/grai\/es\/wp-json\/wp\/v2\/comments?post=1342"}],"version-history":[{"count":1,"href":"https:\/\/webs.uab.cat\/grai\/es\/wp-json\/wp\/v2\/pages\/1342\/revisions"}],"predecessor-version":[{"id":1899,"href":"https:\/\/webs.uab.cat\/grai\/es\/wp-json\/wp\/v2\/pages\/1342\/revisions\/1899"}],"wp:attachment":[{"href":"https:\/\/webs.uab.cat\/grai\/es\/wp-json\/wp\/v2\/media?parent=1342"}],"curies":[{"name":"wp","href":"https:\/\/api.w.org\/{rel}","templated":true}]}}