{"id":1375,"date":"2019-02-26T16:23:15","date_gmt":"2019-02-26T14:23:15","guid":{"rendered":"https:\/\/webs.uab.cat\/grai\/tecnicas-de-aprendizaje-cooperativo\/"},"modified":"2025-03-12T12:17:48","modified_gmt":"2025-03-12T10:17:48","slug":"tecnicas-de-aprendizaje-cooperativo","status":"publish","type":"page","link":"https:\/\/webs.uab.cat\/grai\/es\/tecnicas-de-aprendizaje-cooperativo\/","title":{"rendered":"T\u00e9cnicas de aprendizaje cooperativo"},"content":{"rendered":"\n<p class=\"has-accent-background-color has-background\">En comparaci\u00f3n\u00a0con los m\u00e9todos, las t\u00e9cnicas de aprendizaje cooperativo <strong>son estructuras sencillas, que no suelen requerir formaci\u00f3n inicial del alumnado y que se pueden utilizar para crear situaciones breves de cooperaci\u00f3n<\/strong>. De entre la gran cantidad de t\u00e9cnicas existentes, a continuaci\u00f3n os\u00a0ofrecemos una selecci\u00f3n de una docena, extra\u00eddas de:<br><br>Duran, D. (2012). Utilizando el trabajo en equipo:\u00a0Estructurar la interacci\u00f3n a trav\u00e9s de m\u00e9todos y t\u00e9cnicas. En\u00a0J. C. Torrego y\u00a0A. Negro (Coords.),<em>\u00a0Aprendizaje cooperativo en las aulas:\u00a0Fundamentos y recursos para su implantaci\u00f3n<\/em> (pp. 139-166). Alianza Editorial.<br><br>La <strong>selecci\u00f3n de t\u00e9cnicas<\/strong>\u00a0cooperativas que presentamos\u00a0se estructura en cuatro bloques:<br><br><a href=\"#T\u00e8cniques cooperatives per al di\u00e0leg\">T\u00e9cnicas cooperativas para\u00a0el di\u00e1logo<\/a><br><a href=\"#T\u00e8cniques cooperatives per al processament de la informaci\u00f3\">T\u00e9cnicas cooperativas para el procesamiento de la informaci\u00f3n<\/a><br><a href=\"#T\u00e8cniques cooperatives per a la construcci\u00f3 conjunta de coneixement\">T\u00e9cnicas cooperativas para la construcci\u00f3n conjunta de conocimiento<\/a><br><a href=\"#T\u00e8cniques cooperatives per a la resoluci\u00f3 de problemes\">T\u00e9cnicas cooperativas para la resoluci\u00f3n de problemas<\/a><\/p>\n\n\n\n<h3 class=\"wp-block-heading\">T\u00e9cnicas&nbsp;cooperativas para el&nbsp;di\u00e1logo<\/h3>\n\n\n\n<p><strong>Compartir conocimientos previos.<\/strong>&nbsp;En parejas, los alumnos tratan de responder a las preguntas iniciales antes de comenzar un nuevo tema y as\u00ed poder compartir y recordar lo que ya saben. Active knowledge Sharing (Silberman, 1996).<\/p>\n\n\n\n<p><strong>Turnos de conversaci\u00f3n.<\/strong>&nbsp;Para fomentar el di\u00e1logo y la participaci\u00f3n de todos los alumnos, se deja un peque\u00f1o objeto personal en medio de la mesa y, a medida que van interviniendo, se retira. No se puede volver a iniciar un turno de conversaci\u00f3n hasta que han participado todos los miembros del equipo. Es conveniente dar tiempo para poder reflexionar sobre las propias aportaciones y las de los compa\u00f1eros. Talking Chips (Kagan, 1992).<\/p>\n\n\n\n<p><strong>Entrevista a tres pasos.<\/strong>&nbsp;Entrevistas mutuas entre miembros de una pareja. Se hacen grupos de cuatro y tras una presentaci\u00f3n del compa\u00f1ero al resto, sintetizan tres de las respuestas de las entrevistas realizadas. Three-Step Interview (Kagan, 1992).<\/p>\n\n\n\n<h3 class=\"wp-block-heading\">T\u00e9cnicas cooperativas para el procesamiento de la informaci\u00f3n<\/h3>\n\n\n\n<p><strong>Pensar en pareja.&nbsp;<\/strong>Durante la explicaci\u00f3n, el profesor formula alguna pregunta y deja tiempo para responder individualmente y para luego poder discutirla con el compa\u00f1ero. Al final se comparten las respuestas dadas con el resto de los compa\u00f1eros de aula. Think- Pair-Share (Lyman, 1992).<\/p>\n\n\n\n<p><strong>Apuntes en pareja.&nbsp;<\/strong>Durante la explicaci\u00f3n, el profesorado da tiempo para compartir con un compa\u00f1ero las ideas principales de lo que se est\u00e1 exponiendo y mejorar los propios apuntes con aportaciones de los compa\u00f1eros. Cooperative Note-Taking Pairs (Johnson, Johnson i Smith, 1998).<\/p>\n\n\n\n<p><strong>Cooperaci\u00f3n guiada.&nbsp;<\/strong>En una pareja de alumnos, uno toma el rol de sintetizador y el otro el de oyente. En un momento dado, el profesor para la explicaci\u00f3n y el sintetizador resume la informaci\u00f3n y el oyente la complementa. Acaban elaborando una s\u00edntesis propia del tema trabajado. Scripted Cooperation (O\u2019Donnell, 1999).<\/p>\n\n\n\n<h3 class=\"wp-block-heading\">T\u00e9cnicas cooperativas para la construcci\u00f3n conjunta de conocimiento<\/h3>\n\n\n\n<p><strong>L\u00e1piz en medio.<\/strong>&nbsp;Se distribuye un conjunto de actividades a cada equipo y uno de los miembros lee la primera. Dejan los l\u00e1pices en medio y discuten c\u00f3mo resolverla. Una vez est\u00e1 claro, vuelven a coger los l\u00e1pices y la resuelven individualmente. Y as\u00ed hasta terminar las tareas planteadas. Teammates Consult (Kagan, 1992).<\/p>\n\n\n\n<p><strong>Por n\u00fameros.&nbsp;<\/strong>Cada miembro tiene un n\u00famero del 1 al 4. Resuelven actividades propuestas por el profesorado y se aseguran que todos los miembros del equipo las entienden y podr\u00e1n explicarlas. Una vez hecho esto, el profesor dice un n\u00famero y el alumno que lo tiene debe ser quien explique el procedimiento de resoluci\u00f3n utilizado. Numbered Heads Together (Kagan, 1992).<\/p>\n\n\n\n<p><strong>Controversia acad\u00e9mica.&nbsp;<\/strong>Equipos de cuatro. Por parejas, buscan informaci\u00f3n sobre un tema dado para argumentar una determinada posici\u00f3n, la otra pareja lo hace en la posici\u00f3n contraria. Se defiende la respectiva posici\u00f3n de cada pareja. Una vez hecho esto, las parejas cambian su posici\u00f3n y eligen los argumentos de la otra pareja que querr\u00e1n ampliar. Finalmente, se hace una s\u00edntesis de los mejores argumentos para cada punto de vista. Structuring Academic Controversy (Johnson y Johnson, 1994).<\/p>\n\n\n\n<h3 class=\"wp-block-heading\">T\u00e9cnicas&nbsp;cooperativas para la resoluci\u00f3n de problemas<\/h3>\n\n\n\n<p><strong>Resoluci\u00f3n en pareja pensando en voz alta.<\/strong>&nbsp;Las parejas tienen una serie de problemas con un cierto grado de complejidad y se distribuyen los roles (solucionadores y oyentes) que se intercambian en cada problema. El solucionador &#8216;piensa&#8217; en voz alta y habla mientras hace los pasos necesarios para resolver el problema. El oyente sigue los pasos, mira de comprenderlos y sugiere soluciones si detecta errores. Pair thinking aloud problem solving (Barkley, Cross y Howell, 2005).<\/p>\n\n\n\n<p><strong>Pasa el problema.&nbsp;<\/strong>Cada equipo recibe un sobre con un problema. Lo resuelve e incluye la soluci\u00f3n escrita dentro del sobre y lo pasa a otro equipo. El siguiente equipo (sin mirar la respuesta) hace su resoluci\u00f3n y vuelve a pasar el problema. Cuando ya ha pasado por todos los equipos, cada equipo inicial revisa las respuestas de &#8216;su problema&#8217; y eval\u00faa los procedimientos de resoluci\u00f3n seguidos por los dem\u00e1s. Send a problem (Kagan, 1992).<\/p>\n\n\n\n<p><strong>Equipo-pareja-individual.<\/strong>&nbsp;Los alumnos reciben tres problemas: el primero lo resuelven en equipos de cuatro; el segundo, en equipos de dos; y el \u00faltimo individual. Retirada progresiva del apoyo, problemas similares. Team-Pair-Solo (Cuseo, 2002).<\/p>\n\n\n\n<h3 class=\"wp-block-heading\">Referencias<\/h3>\n\n\n\n<p><strong>Barkley, E.,&nbsp;Cross, P., y&nbsp;Howell, C. (2005).<\/strong>&nbsp;<em>Collaborative learning techniques<\/em>. New York, NY: John Wiley and Sons.&nbsp;<\/p>\n\n\n\n<p><strong>Cuseo, J. (2002).<\/strong>&nbsp;<em>Igniting student involvement, peer interaction and teamwork<\/em>. Stillwater, OK: New Forums Press.&nbsp;<\/p>\n\n\n\n<p><strong>Duran, D., y&nbsp;Monereo, C. (2012).<\/strong>&nbsp;<em>Entramado:&nbsp;M\u00e9todos de aprendizaje cooperativo y colaborativo<\/em>. Barcelona: Horsori.&nbsp;<\/p>\n\n\n\n<p><strong>Johnson, D., y&nbsp;Johnson, R. (1994).<\/strong>&nbsp;Structuring academic controversy. En&nbsp;S. Sharan (Ed.),&nbsp;<em>Handbook of cooperative learning methods<\/em>&nbsp;(pp. 51-65). Westport, CT:&nbsp;Praeger Publishers.<\/p>\n\n\n\n<p><strong>Johnson, D., Johnson, R., y&nbsp;Smith, K. (1998).<\/strong>&nbsp;<em>Active learning: Cooperation in the college classroom<\/em>. Edina, MN: Interaction Book Company.<\/p>\n\n\n\n<p><strong>Kagan, S. (1992).&nbsp;<\/strong><em>Cooperative learning<\/em>. San Juan Capistrano, CA: Resources for teachers, Inc.<\/p>\n\n\n\n<p><strong>Lyman, F. (1992).&nbsp;<\/strong>Think-Pair-Share, Thinktrix, Thinklinks, and weird facts: An interactive system for cooperative learning. En&nbsp;N. Davidson y&nbsp;T. Worsham (Eds.),&nbsp;<em>Enhancing thinking through cooperative learning&nbsp;<\/em>(pp. 169-181). Nova York, NY: Teachers Collage Press.<\/p>\n\n\n\n<p><strong>O\u2019Donnell, A. M. (1999).&nbsp;<\/strong>Structuring dyadic interaction through scripted cooperation. En&nbsp;A. M. O\u2019Donnell y&nbsp;A. King (Eds.),&nbsp;<em>Cognitive perspectives on peer learning<\/em>&nbsp;(pp. 179-196). Mahwah, NJ: Lawrence Erlbaum Associates, Inc. Publishers.<\/p>\n\n\n\n<p><strong>Silberman, M. (1996).<\/strong>&nbsp;The use of pairs in cooperative learning.&nbsp;<em>Cooperative Learning and College Teaching, 7<\/em>(1), 2-12.<\/p>\n","protected":false},"excerpt":{"rendered":"<p>En comparaci\u00f3n\u00a0con los m\u00e9todos, las t\u00e9cnicas de aprendizaje cooperativo son estructuras sencillas, que no suelen requerir formaci\u00f3n inicial del alumnado y que se pueden utilizar para crear situaciones breves de cooperaci\u00f3n. De entre la gran cantidad de t\u00e9cnicas existentes, a continuaci\u00f3n os\u00a0ofrecemos una selecci\u00f3n de una docena, extra\u00eddas de: Duran, D. (2012). Utilizando el trabajo [&hellip;]<\/p>\n","protected":false},"author":20,"featured_media":0,"parent":0,"menu_order":0,"comment_status":"closed","ping_status":"closed","template":"","meta":{"footnotes":""},"class_list":["post-1375","page","type-page","status-publish","hentry"],"_links":{"self":[{"href":"https:\/\/webs.uab.cat\/grai\/es\/wp-json\/wp\/v2\/pages\/1375","targetHints":{"allow":["GET"]}}],"collection":[{"href":"https:\/\/webs.uab.cat\/grai\/es\/wp-json\/wp\/v2\/pages"}],"about":[{"href":"https:\/\/webs.uab.cat\/grai\/es\/wp-json\/wp\/v2\/types\/page"}],"author":[{"embeddable":true,"href":"https:\/\/webs.uab.cat\/grai\/es\/wp-json\/wp\/v2\/users\/20"}],"replies":[{"embeddable":true,"href":"https:\/\/webs.uab.cat\/grai\/es\/wp-json\/wp\/v2\/comments?post=1375"}],"version-history":[{"count":3,"href":"https:\/\/webs.uab.cat\/grai\/es\/wp-json\/wp\/v2\/pages\/1375\/revisions"}],"predecessor-version":[{"id":3473,"href":"https:\/\/webs.uab.cat\/grai\/es\/wp-json\/wp\/v2\/pages\/1375\/revisions\/3473"}],"wp:attachment":[{"href":"https:\/\/webs.uab.cat\/grai\/es\/wp-json\/wp\/v2\/media?parent=1375"}],"curies":[{"name":"wp","href":"https:\/\/api.w.org\/{rel}","templated":true}]}}