{"id":422,"date":"2009-05-25T13:30:47","date_gmt":"2009-05-25T11:30:47","guid":{"rendered":"https:\/\/webs.uab.cat\/grai\/quienes-somos\/"},"modified":"2026-03-25T08:03:59","modified_gmt":"2026-03-25T06:03:59","slug":"quienes-somos","status":"publish","type":"page","link":"https:\/\/webs.uab.cat\/grai\/es\/quienes-somos\/","title":{"rendered":"Qui\u00e9nes somos"},"content":{"rendered":"\n<figure class=\"wp-block-image size-large\"><img loading=\"lazy\" decoding=\"async\" width=\"1024\" height=\"565\" src=\"https:\/\/webs.uab.cat\/grai\/wp-content\/uploads\/sites\/353\/2025\/10\/Foto-25_26-2-1024x565.jpg\" alt=\"\" class=\"wp-image-3639\" srcset=\"https:\/\/webs.uab.cat\/grai\/wp-content\/uploads\/sites\/353\/2025\/10\/Foto-25_26-2-1024x565.jpg 1024w, https:\/\/webs.uab.cat\/grai\/wp-content\/uploads\/sites\/353\/2025\/10\/Foto-25_26-2-300x166.jpg 300w, https:\/\/webs.uab.cat\/grai\/wp-content\/uploads\/sites\/353\/2025\/10\/Foto-25_26-2-768x424.jpg 768w, https:\/\/webs.uab.cat\/grai\/wp-content\/uploads\/sites\/353\/2025\/10\/Foto-25_26-2-1536x848.jpg 1536w, https:\/\/webs.uab.cat\/grai\/wp-content\/uploads\/sites\/353\/2025\/10\/Foto-25_26-2-2048x1130.jpg 2048w, https:\/\/webs.uab.cat\/grai\/wp-content\/uploads\/sites\/353\/2025\/10\/Foto-25_26-2-1200x662.jpg 1200w, https:\/\/webs.uab.cat\/grai\/wp-content\/uploads\/sites\/353\/2025\/10\/Foto-25_26-2-1980x1093.jpg 1980w\" sizes=\"auto, (max-width: 1024px) 100vw, 1024px\" \/><\/figure>\n\n\n\n<p><strong>David Duran Gisbert (Coordinador).<\/strong> <a href=\"https:\/\/portalrecerca.uab.cat\/en\/persons\/david-dur%C3%A1n-gisbert\" target=\"_blank\" rel=\"noreferrer noopener\">CV<\/a>. Doctor en Psicolog\u00eda (premio extraordinario de doctorado). Profesor catedr\u00e1tico del Departamento de Psicolog\u00eda de la Educaci\u00f3n de la Universitat Aut\u00f2noma de Barcelona. Ha participado en muchas acciones de formaci\u00f3n de profesorado \u2014tanto a nivel nacional como internacional\u2014 sobre aprendizaje entre iguales y educaci\u00f3n inclusiva.&nbsp;<a href=\"mailto:David.Duran@uab.cat\">David.Duran@uab.cat<\/a><\/p>\n\n\n\n<p><strong>Cecilia \u00c1lvarez Ardura.<\/strong> Maestra de secundaria en Castellano y Comunicaci\u00f3n y licenciada en Educaci\u00f3n (Universidad de la Frontera, Chile). Actualmente, es estudiante del M\u00e1ster Interuniversitario de Psicolog\u00eda de la Educaci\u00f3n y est\u00e1 realizando el Trabajo Final de M\u00e1ster en el Grupo de Investigaci\u00f3n sobre Aprendizaje entre Iguales (GRAI). <a href=\"mailto:cecilia.alvarezardura@gmail.com\">cecilia.alvarezardura@gmail.com<\/a><\/p>\n\n\n\n<p><strong>Zulema Badenes Canet.<\/strong> Graduada en Estudios Ingleses (Universitat Jaume I). M\u00e1ster Universitario en Formaci\u00f3n del Profesorado de Educaci\u00f3n Secundaria Obligatoria y Bachillerato, Formaci\u00f3n Profesional y Ense\u00f1anza de Idiomas, y M\u00e1ster Universitario en Ling\u00fc\u00edstica Aplicada a la Ense\u00f1anza del Espa\u00f1ol como Lengua Extranjera (FUNIBER &#8211; Fundaci\u00f3n Universitaria Iberoamericana). Trabaja como profesora de ingl\u00e9s desde hace m\u00e1s de 8 a\u00f1os (dos de los cuales en el Reino Unido) y actualmente es estudiante del Doctorado Interuniversitario en Psicolog\u00eda de la Educaci\u00f3n (DIPE). <a href=\"mailto:zbadenes@xtec.cat\">zbadenes@xtec.cat<\/a><\/p>\n\n\n\n<p><strong>Clara Bastart Jan\u00e9.&nbsp;<\/strong>Graduada en Educaci\u00f3n Primaria y Doctora en Psicolog\u00eda de la Educaci\u00f3n (Universidad Aut\u00f3noma de Barcelona). Actualmente, es maestra de primaria.&nbsp;<a href=\"mailto:clarabastartjane@gmail.com\">clarabastartjane@gmail.com<\/a><\/p>\n\n\n\n<p><strong>Mariona Corcelles Seuba. <\/strong>Doctora en Psicolog\u00eda y licenciada en Filosof\u00eda. Asesora psicopedag\u00f3gica. Profesora del departamento de Psicolog\u00eda de la Educaci\u00f3n de la Facultad&nbsp;de Psicolog\u00eda, Ciencias de la Educaci\u00f3n y del Deporte Blanquerna, Universitat Ramon Llull.&nbsp;<a href=\"mailto:marionacs@blanquerna.url.edu\">Marionacs@blanquerna.url.edu<\/a><\/p>\n\n\n\n<p><strong>Marta Flores Coll.<\/strong>&nbsp;Doctora en psicolog\u00eda de la educaci\u00f3n (UAB), licenciada en psicopedagog\u00eda&nbsp;(UOC) y diplomada en magisterio (URL). Ha trabajado como maestra de primaria y actualmente&nbsp;es Profesora Lectora Serra H\u00fanter&nbsp;del Departamento de Psicolog\u00eda de la Educaci\u00f3n de la Universitat Aut\u00f2noma de&nbsp;Barcelona. Realiza formaci\u00f3n de profesorado sobre aprendizaje entre iguales y educaci\u00f3n&nbsp;inclusiva. <a href=\"mailto:marta.flores@uab.cat\">marta.flores@uab.cat<\/a><\/p>\n\n\n\n<p><strong>Albert&nbsp;Irigoyen Zaragoza.<\/strong>&nbsp;Doctor en Did\u00e1ctica de las Ciencias Sociales (con menci\u00f3n internacional) por la URV. Graduado en Educaci\u00f3n Primaria, Graduado en Historia y M\u00e1ster en Formaci\u00f3n del Profesorado de Educaci\u00f3n Secundaria y Bachillerato. Es profesor sustituto de la URV, miembro del grupo ISOCAC, director de la revista&nbsp;<em>Comunicaci\u00f3 Educativa<\/em>&nbsp;y formador en aprendizaje cooperativo y pedagog\u00edas cooperativas. <a href=\"mailto:albert.irigoyen@alumni.urv.cat\">albert.irigoyen@alumni.urv.cat<\/a><\/p>\n\n\n\n<p><strong>Bibiana Jou Figuereda.<\/strong> M\u00e1ster en Ense\u00f1anza del espa\u00f1ol como lengua extranjera (UB). Ha sido Coordinadora de los estudios de espa\u00f1ol en la Universidad de Tel Aviv (Israel) durante 15 a\u00f1os y profesora colaboradora en formaci\u00f3n de profesores en el m\u00e1ster UNIBA y en el Instituto Cervantes de Tel Aviv. Actualmente trabaja como asistente de investigaci\u00f3n en Esade en un proyecto sobre educaci\u00f3n emprendedora. Est\u00e1 interesada en el aprendizaje en contextos informales, la serendipia y la tecnolog\u00eda aplicada en la educaci\u00f3n. <a href=\"mailto:bibiana.jou@esade.edu\">bibiana.jou@esade.edu<\/a><\/p>\n\n\n\n<p><strong>Paula&nbsp;Medel Pe\u00f1a.<\/strong>&nbsp;Graduada en Educaci\u00f3n Primaria con menci\u00f3n en Matem\u00e1tica (Pontificia Universidad Cat\u00f3lica de Chile). Actualmente, es estudiante del M\u00e1ster Interuniversitario de Psicolog\u00eda de la Educaci\u00f3n y est\u00e1 realizando el Trabajo Final de M\u00e1ster en el Grupo de Investigaci\u00f3n sobre Aprendizaje entre Iguales (GRAI, por sus siglas en catal\u00e1n).&nbsp;<a href=\"mailto:profepaulimedel@gmail.com\">profepaulimedel@gmail.com<\/a><\/p>\n\n\n\n<p><strong>Ester Miquel Bertran.<\/strong> Doctora en Psicolog\u00eda. Profesora Lectora Serra H\u00fanter del Departamento de&nbsp;Psicolog\u00eda de&nbsp;la Educaci\u00f3n de la UAB. Formadora y asesora&nbsp;psicopedag\u00f3gica de centros de infantil, primaria y secundaria, en aprendizaje entre&nbsp;iguales y educaci\u00f3n inclusiva. <a href=\"mailto:ester.miquel@uab.cat\" target=\"_blank\" rel=\"noopener\">ester.miquel@uab.cat<\/a><\/p>\n\n\n\n<p><strong>Paula Andrea Olaya Olivera.<\/strong>&nbsp;Graduada en Lenguas Modernas por la Pontificia Universidad Javeriana, Colombia. Tiene experiencia como docente de educaci\u00f3n infantil y como profesora de idiomas. Actualmente cursa el M\u00e1ster Interuniversitario en Psicolog\u00eda de la Educaci\u00f3n (MIPE) y forma parte del Grupo de Investigaci\u00f3n sobre Aprendizaje entre Iguales (GRAI), donde realiz\u00f3 sus pr\u00e1cticas y con el que desarrolla su Trabajo Final de M\u00e1ster. <a href=\"mailto:paulaolaya@gmail.com\">paulaolaya@gmail.com<\/a><\/p>\n\n\n\n<p><strong>Jes\u00fas Ribosa Mart\u00ednez.<\/strong> Doctor en Psicolog\u00eda de la Educaci\u00f3n (DIPE). Graduado en Educaci\u00f3n Primaria, menci\u00f3n en lengua inglesa (Universitat Aut\u00f2noma de Barcelona). Actualmente, es formador y profesor lector del Departamento de Psicolog\u00eda B\u00e1sica, Evolutiva y de la Educaci\u00f3n.&nbsp;<a href=\"mailto:jesus.ribosa@uab.cat\" target=\"_blank\" rel=\"noreferrer noopener\">jesus.ribosa@uab.cat<\/a><\/p>\n\n\n\n<p><strong>Mireia&nbsp;Soler&nbsp;Miralles. <\/strong>Diplomada en magisterio con las especialidades de lengua inglesa y educaci\u00f3n especial reconocidas (URL). M\u00e1ster Interuniversitario&nbsp;en Psicolog\u00eda de la Educaci\u00f3n (MIPE) y M\u00e1ster en Gesti\u00f3n y Direcci\u00f3n de Centros Educativos (UB). Ha impartido formaci\u00f3n de profesorado sobre docencia compartida. Trabaja como maestra desde hace m\u00e1s de 10 a\u00f1os (dos de ellos en EUA) y, actualmente, es estudiante del Doctorado Interuniversitario&nbsp;en Psicolog\u00eda de la Educaci\u00f3n. (DIPE).&nbsp;<a href=\"mailto:msole429@xtec.cat\" target=\"_blank\" rel=\"noopener noreferrer\" data-auth=\"NotApplicable\" data-linkindex=\"2\">msole429@xtec.cat<\/a><\/p>\n\n\n\n<p><strong>Wang, Jingting. <\/strong>Graduada en Educaci\u00f3n Preescolar (SXNU, China). Ha trabajado como maestra de lengua china en una guarder\u00eda internacional en Singapur. Actualmente, es estudiante del M\u00e1ster Interuniversitario de Psicolog\u00eda de la Educaci\u00f3n (MIPE) y est\u00e1 realizando las pr\u00e1cticas y el Trabajo Final de M\u00e1ster en la Xarxa de Compet\u00e8ncies y el Grupo de Investigaci\u00f3n sobre Aprendizaje entre Iguales (GRAI, por sus siglas en catal\u00e1n).&nbsp;<a href=\"mailto:jwangwan367@alumnes.ub.edu\">jwangwan367@alumnes.ub.edu<\/a><\/p>\n\n\n\n<p><\/p>\n","protected":false},"excerpt":{"rendered":"<p>David Duran Gisbert (Coordinador). CV. Doctor en Psicolog\u00eda (premio extraordinario de doctorado). Profesor catedr\u00e1tico del Departamento de Psicolog\u00eda de la Educaci\u00f3n de la Universitat Aut\u00f2noma de Barcelona. Ha participado en muchas acciones de formaci\u00f3n de profesorado \u2014tanto a nivel nacional como internacional\u2014 sobre aprendizaje entre iguales y educaci\u00f3n inclusiva.&nbsp;David.Duran@uab.cat Cecilia \u00c1lvarez Ardura. Maestra de secundaria [&hellip;]<\/p>\n","protected":false},"author":20,"featured_media":0,"parent":0,"menu_order":0,"comment_status":"closed","ping_status":"closed","template":"","meta":{"footnotes":""},"class_list":["post-422","page","type-page","status-publish","hentry"],"_links":{"self":[{"href":"https:\/\/webs.uab.cat\/grai\/es\/wp-json\/wp\/v2\/pages\/422","targetHints":{"allow":["GET"]}}],"collection":[{"href":"https:\/\/webs.uab.cat\/grai\/es\/wp-json\/wp\/v2\/pages"}],"about":[{"href":"https:\/\/webs.uab.cat\/grai\/es\/wp-json\/wp\/v2\/types\/page"}],"author":[{"embeddable":true,"href":"https:\/\/webs.uab.cat\/grai\/es\/wp-json\/wp\/v2\/users\/20"}],"replies":[{"embeddable":true,"href":"https:\/\/webs.uab.cat\/grai\/es\/wp-json\/wp\/v2\/comments?post=422"}],"version-history":[{"count":24,"href":"https:\/\/webs.uab.cat\/grai\/es\/wp-json\/wp\/v2\/pages\/422\/revisions"}],"predecessor-version":[{"id":3752,"href":"https:\/\/webs.uab.cat\/grai\/es\/wp-json\/wp\/v2\/pages\/422\/revisions\/3752"}],"wp:attachment":[{"href":"https:\/\/webs.uab.cat\/grai\/es\/wp-json\/wp\/v2\/media?parent=422"}],"curies":[{"name":"wp","href":"https:\/\/api.w.org\/{rel}","templated":true}]}}