{"id":435,"date":"2009-05-25T13:22:59","date_gmt":"2009-05-25T11:22:59","guid":{"rendered":"https:\/\/webs.uab.cat\/grai\/enlaces-de-interes\/"},"modified":"2023-12-29T12:37:43","modified_gmt":"2023-12-29T10:37:43","slug":"enlaces-de-interes","status":"publish","type":"page","link":"https:\/\/webs.uab.cat\/grai\/es\/enlaces-de-interes\/","title":{"rendered":"Enlaces de inter\u00e9s"},"content":{"rendered":"\n<p>A continuaci\u00f3n os ofrecemos un listado de p\u00e0gines web sobre aprenendizaje entre iguals que vale la pena consultar. Internet es din\u00e1mico y en ocasiones os encontrar\u00e9is que algunas direcciones han cambiado. Os agrader\u00ecamos que si conoc\u00e9is otras webs de inter\u00e9s nos lo comuniqu\u00e9is para a\u00f1adirlas.<\/p>\n\n\n\n<p><strong>Network of International Cooperative Learning Educators and Enthusiasts<\/strong><\/p>\n\n\n\n<p><a href=\"https:\/\/2020niclee.com\/\">https:\/\/2020niclee.com\/<\/a><\/p>\n\n\n\n<p>El objetivo de NICLEE, como aparece en la web, es cultivar la comunicaci\u00f3n continua entre los educadores de todo el mundo apasionados por fomentar el crecimiento y desarrollo continuos del aprendizaje cooperativo. Esta red funciona dentro de la plataforma electr\u00f3nica de su sitio web, dise\u00f1ada para implicar y apoyar la interacci\u00f3n global entre los entusiastas del aprendizaje cooperativo.<\/p>\n\n\n\n<p><strong>Centre for Peer Learning<\/strong><\/p>\n\n\n\n<p><a href=\"http:\/\/www.dundee.ac.uk\/eswce\/research\/researchcentres\/centreforpeerlearning\/\" target=\"_blank\" rel=\"noopener\">http:\/\/www.dundee.ac.uk\/eswce\/research\/researchcentres\/centreforpeerlearning\/<\/a><\/p>\n\n\n\n<p>Este centro, que estudia el aprendizaje entre iguales, est\u00e1 dirigido por Keith Topping (Universidad de Dundee), sin duda el investigador que m\u00e1s ha trabajado sobre tutor\u00eda entre iguales. Ofrece informaci\u00f3n, materiales y apoyo sobre la tutor\u00eda entre iguales, tanto entre alumnos, como en el \u00e1mbito familiar o con voluntarios.<\/p>\n\n\n\n<p><strong>Centro de Investigaci\u00f3n en Ense\u00f1anza y Aprendizaje de la Universidad de Michigan. <\/strong><\/p>\n\n\n\n<p><a href=\"http:\/\/www.crlt.umich.edu\/publinks\/clgt\" target=\"_blank\" rel=\"noopener\">http:\/\/www.crlt.umich.edu\/publinks\/clgt<\/a><\/p>\n\n\n\n<p>La p\u00e1gina pertenece al Centro de Investigaci\u00f3n en Ense\u00f1anza y Aprendizaje de la Universidad de Michigan. Posee recursos en tem\u00e1ticas sobre Aprendizaje Cooperativo y trabajo en equipo, tambi\u00e9n enlaces a otros sitios Web, art\u00edculos, y bibliograf\u00edas relacionadas con la tem\u00e1tica.<\/p>\n\n\n\n<p><strong>Collaborative Learning<\/strong><\/p>\n\n\n\n<p><a href=\"http:\/\/www.collaborativelearning.org\/\" target=\"_blank\" rel=\"noopener\">http:\/\/www.collaborativelearning.org\/<\/a><\/p>\n\n\n\n<p>Esta p\u00e1gina sobre el aprendizaje colaborativo est\u00e1 mantenida por el NISE (National Institute for Science Education) de la Universiidad de Wisconsin. Repasa, con ejemplos, m\u00e9todos de aprendizaje colaborativo y ofrece recursos bibliogr\u00e1ficos.<\/p>\n\n\n\n<p><strong>Comunitat Catalana de Webquest<\/strong><\/p>\n\n\n\n<p><a href=\"http:\/\/webquestcat.net\/\">http:\/\/webquestcat.net\/<\/a><\/p>\n\n\n\n<p>Las Webquest son actividades de aprendizaje fundamentadas en el aprendizaje cooperativo y la navegaci\u00f3n por internet. Esta web interesante ofrece un directorio de webquests en catal\u00e1n, castellano y otras lenguas, as\u00ed como recursos y formaci\u00f3n sobre como elaborar webquests.<\/p>\n\n\n\n<p><strong>Cooperative Learning Center<\/strong><\/p>\n\n\n\n<p><a href=\"http:\/\/www.co-operation.org\/\">http:\/\/www.co-operation.org\/<\/a><\/p>\n\n\n\n<p>El Centro de Aprendizaje Cooperativo pertenece a la Universidad de Minesota y ofrece recursos de investigaci\u00f3n y formaci\u00f3n. Est\u00e1 dirigido por los hermanos Roger y David Johnson, estudiosos y divulgadores a nivel mundial del aprendizaje cooperativo.<\/p>\n\n\n\n<p><strong>Grup d\u2019Inter\u00e8s en Aprenentatge Cooperatiu (GIAC)<\/strong><\/p>\n\n\n\n<p><a href=\"https:\/\/www.upc.edu\/rima\/ca\/recursos\/giac-grup-dinteres-aprenentatge-cooperatiu\">https:\/\/www.upc.edu\/rima\/ca\/recursos\/giac-grup-dinteres-aprenentatge-cooperatiu<\/a><\/p>\n\n\n\n<p>Grupo vinculado al ICE de la Universidad Polit\u00e9cnica de Catalunya, que trabaja sobre el aprendizaje cooperativo en el \u00e1mbito de la formaci\u00f3n universitaria. Cada a\u00f1o organiza una jornada de intercambio de experiencias.<\/p>\n\n\n\n<p><strong>International Association for the Study of Cooperation in Education (IASCE)<\/strong><\/p>\n\n\n\n<p><a href=\"http:\/\/www.iasce.net\/\" target=\"_blank\" rel=\"noopener\">http:\/\/www.iasce.net<\/a><\/p>\n\n\n\n<p>IASCE lleva a cabo un trabajo de divulgaci\u00f3n y estudio del aprendizaje cooperativo, publicando un bolet\u00edn, organizando congresos bianuales y haciendo posible publicaciones sobre la tem\u00e1tica.<\/p>\n\n\n\n<p><strong>International Development Research Association (IDRA)<\/strong><\/p>\n\n\n\n<p><a href=\"http:\/\/www.idra.org\/\" target=\"_blank\" rel=\"noopener\">http:\/\/www.idra.org\/<\/a><\/p>\n\n\n\n<p>IDRA es una organizaci\u00f3n sin \u00e1nimo de lucro que trabaja por la calidad educativa. Es interesante el Coca-Cola Valued Youth Program, un programa de tutor\u00eda entre iguales con alumnos de diferentes edades.<\/p>\n\n\n\n<p><b>Kagan. Publishing and professional development<\/b><\/p>\n\n\n\n<p><a href=\"http:\/\/www.kaganonline.com\/\">http:\/\/www.kaganonline.com\/<\/a><\/p>\n\n\n\n<p>P\u00e1gina web, con cierto contenido comercial, de&nbsp;Spencer Kagan, autor de las estructuras o t\u00e9cnicas de aprendizaje cooperativo.<\/p>\n\n\n\n<p><strong>Peer Tutoring Resource Center<\/strong><\/p>\n\n\n\n<p><a href=\"http:\/\/www.peertutoringresource.org\/\" target=\"_blank\" rel=\"noopener\">http:\/\/www.peertutoringresource.org\/<\/a><\/p>\n\n\n\n<p>Este centro de recursos sobre tutoria entre iguales es un proyecto de la Fundaci\u00f3n RAD Schwarts de Oakland y tiene como objetivo dar recursos y ayudas para el desarrollo y sostenibilidad de programas de tutoria entre iguales en las aulas, colegios y barrios.<\/p>\n\n\n\n<p><strong>Reading Rockets<\/strong><\/p>\n\n\n\n<p><a title=\"http:\/\/www.readingrockets.org\/\" href=\"http:\/\/www.readingrockets.org\/\" target=\"_blank\" rel=\"noopener\">http:\/\/www.readingrockets.org<\/a><\/p>\n\n\n\n<p>Reading Rockets es un proyecto nacional de alfabetizaci\u00f3n multimedia de Norte Am\u00e9rica que ofrece informaci\u00f3n y recursos sobre como los ni\u00f1os y ni\u00f1as aprenden a leer y como los ad\u00faltos que los cuidan pueden ayudarles. Tamb\u00e9n incluye informaci\u00f3n sobre la lectura en parejas.<\/p>\n\n\n\n<p><strong>Jigsaw Classroom<\/strong><\/p>\n\n\n\n<p><a href=\"http:\/\/www.jigsaw.org\/\" target=\"_blank\" rel=\"noopener\">http:\/\/www.jigsaw.org\/<\/a><\/p>\n\n\n\n<p>Este sitio web corresponde al Profesor Elliot Aronson de la Universidad de Santa Cruz, California, creador del M\u00e9todo Puzzle de Aprendizaje Cooperativo.<\/p>\n","protected":false},"excerpt":{"rendered":"<p>A continuaci\u00f3n os ofrecemos un listado de p\u00e0gines web sobre aprenendizaje entre iguals que vale la pena consultar. Internet es din\u00e1mico y en ocasiones os encontrar\u00e9is que algunas direcciones han cambiado. Os agrader\u00ecamos que si conoc\u00e9is otras webs de inter\u00e9s nos lo comuniqu\u00e9is para a\u00f1adirlas. Network of International Cooperative Learning Educators and Enthusiasts https:\/\/2020niclee.com\/ El [&hellip;]<\/p>\n","protected":false},"author":20,"featured_media":0,"parent":0,"menu_order":0,"comment_status":"closed","ping_status":"closed","template":"","meta":{"footnotes":""},"class_list":["post-435","page","type-page","status-publish","hentry"],"_links":{"self":[{"href":"https:\/\/webs.uab.cat\/grai\/es\/wp-json\/wp\/v2\/pages\/435","targetHints":{"allow":["GET"]}}],"collection":[{"href":"https:\/\/webs.uab.cat\/grai\/es\/wp-json\/wp\/v2\/pages"}],"about":[{"href":"https:\/\/webs.uab.cat\/grai\/es\/wp-json\/wp\/v2\/types\/page"}],"author":[{"embeddable":true,"href":"https:\/\/webs.uab.cat\/grai\/es\/wp-json\/wp\/v2\/users\/20"}],"replies":[{"embeddable":true,"href":"https:\/\/webs.uab.cat\/grai\/es\/wp-json\/wp\/v2\/comments?post=435"}],"version-history":[{"count":1,"href":"https:\/\/webs.uab.cat\/grai\/es\/wp-json\/wp\/v2\/pages\/435\/revisions"}],"predecessor-version":[{"id":2608,"href":"https:\/\/webs.uab.cat\/grai\/es\/wp-json\/wp\/v2\/pages\/435\/revisions\/2608"}],"wp:attachment":[{"href":"https:\/\/webs.uab.cat\/grai\/es\/wp-json\/wp\/v2\/media?parent=435"}],"curies":[{"name":"wp","href":"https:\/\/api.w.org\/{rel}","templated":true}]}}