{"id":442,"date":"2009-05-25T13:27:53","date_gmt":"2009-05-25T11:27:53","guid":{"rendered":"https:\/\/webs.uab.cat\/grai\/contacto-0\/"},"modified":"2024-01-10T12:48:52","modified_gmt":"2024-01-10T10:48:52","slug":"contacto-0","status":"publish","type":"page","link":"https:\/\/webs.uab.cat\/grai\/es\/contacto-0\/","title":{"rendered":"Contacto"},"content":{"rendered":"\n<p>Pueden contactar directamente con los miembros del grupo a trav\u00e9s de la direcci\u00f3n electr\u00f3nica que aparece en el apartado <em>Qui\u00e9nes somos<\/em>.<\/p>\n\n\n\n<p>Tambi\u00e9n pueden contactar con el coordinador del grupo:<\/p>\n\n\n\n<p><strong>David Duran Gisbert<\/strong><\/p>\n\n\n\n<p><strong><a href=\"https:\/\/portalrecerca.uab.cat\/en\/persons\/david-dur%C3%A1n-gisbert\" target=\"_blank\" rel=\"noreferrer noopener\">CV<\/a><br><\/strong><\/p>\n\n\n\n<p>Edificio G6. Despacho 254. Facultat de Ci\u00e8ncies de l&#8217;Educaci\u00f3.<\/p>\n\n\n\n<p>Universitat Aut\u00f2noma de Barcelona.<\/p>\n\n\n\n<p>08193 Bellaterra (Catalunya)<\/p>\n\n\n\n<p><a href=\"mailto:david.duran@uab.es\">David.Duran@uab.cat<\/a><\/p>\n","protected":false},"excerpt":{"rendered":"<p>Pueden contactar directamente con los miembros del grupo a trav\u00e9s de la direcci\u00f3n electr\u00f3nica que aparece en el apartado Qui\u00e9nes somos. Tambi\u00e9n pueden contactar con el coordinador del grupo: David Duran Gisbert CV Edificio G6. Despacho 254. Facultat de Ci\u00e8ncies de l&#8217;Educaci\u00f3. Universitat Aut\u00f2noma de Barcelona. 08193 Bellaterra (Catalunya) David.Duran@uab.cat<\/p>\n","protected":false},"author":20,"featured_media":0,"parent":0,"menu_order":0,"comment_status":"closed","ping_status":"closed","template":"","meta":{"footnotes":""},"class_list":["post-442","page","type-page","status-publish","hentry"],"_links":{"self":[{"href":"https:\/\/webs.uab.cat\/grai\/es\/wp-json\/wp\/v2\/pages\/442","targetHints":{"allow":["GET"]}}],"collection":[{"href":"https:\/\/webs.uab.cat\/grai\/es\/wp-json\/wp\/v2\/pages"}],"about":[{"href":"https:\/\/webs.uab.cat\/grai\/es\/wp-json\/wp\/v2\/types\/page"}],"author":[{"embeddable":true,"href":"https:\/\/webs.uab.cat\/grai\/es\/wp-json\/wp\/v2\/users\/20"}],"replies":[{"embeddable":true,"href":"https:\/\/webs.uab.cat\/grai\/es\/wp-json\/wp\/v2\/comments?post=442"}],"version-history":[{"count":4,"href":"https:\/\/webs.uab.cat\/grai\/es\/wp-json\/wp\/v2\/pages\/442\/revisions"}],"predecessor-version":[{"id":2967,"href":"https:\/\/webs.uab.cat\/grai\/es\/wp-json\/wp\/v2\/pages\/442\/revisions\/2967"}],"wp:attachment":[{"href":"https:\/\/webs.uab.cat\/grai\/es\/wp-json\/wp\/v2\/media?parent=442"}],"curies":[{"name":"wp","href":"https:\/\/api.w.org\/{rel}","templated":true}]}}