{"id":818,"date":"2011-12-28T19:14:58","date_gmt":"2011-12-28T17:14:58","guid":{"rendered":"https:\/\/webs.uab.cat\/grai\/materiales\/"},"modified":"2011-12-28T19:14:58","modified_gmt":"2011-12-28T17:14:58","slug":"materiales","status":"publish","type":"page","link":"https:\/\/webs.uab.cat\/grai\/es\/materiales\/","title":{"rendered":"Materiales"},"content":{"rendered":"<p style=\"text-align: justify;\">El principal material es sin duda la Hojas de Actividad que modulara la interacci\u00f3n y guiar\u00e1 a sus miembros para alcanzar con \u00e9xito la competencia lectora. Estas hojas ser\u00e1n construidas en el seno de la Red por lo maestros, bajo las orientaciones y criterios de calidad establecidos en el programa. Se intentar\u00e1 crear situaciones de comprensi\u00f3n lectora aut\u00e9nticas al estilo de PISA, presentando textos reales y seleccionados con tres criterios: variedad de formatos, complejidad adecuada a la edad y contenidos potencialmente interesantes con unidad de significado. La estructuran de la hoja es la siguiente:<\/p>\n<p style=\"text-align: justify;\">&nbsp;<\/p>\n<p style=\"text-align: justify;\"><img loading=\"lazy\" decoding=\"async\" src=\"http:\/\/grupsderecerca.uab.cat\/grai\/sites\/grupsderecerca.uab.cat.grai\/files\/antes de leer_0.jpg\" alt=\"\" width=\"724\" height=\"445\" \/><\/p>\n<p style=\"text-align: justify;\">&nbsp;<\/p>\n<p style=\"text-align: justify;\">&nbsp;<\/p>\n<p style=\"text-align: justify;\">&nbsp;<\/p>\n<p style=\"text-align: justify;\">&nbsp;<\/p>\n<p><a href=\"http:\/\/grupsderecerca.uab.cat\/grai\/es\/content\/leemos-en-pareja\"><img loading=\"lazy\" decoding=\"async\" style=\"float: right;\" src=\"\t http:\/\/grupsderecerca.uab.cat\/grai\/sites\/grupsderecerca.uab.cat.grai\/files\/inicio_7.jpg\" alt=\"\" width=\"98\" height=\"74\" \/><\/a><\/p>\n<p style=\"text-align: justify;\">&nbsp;<\/p>\n<p>&nbsp;<\/p>\n","protected":false},"excerpt":{"rendered":"<p>El principal material es sin duda la Hojas de Actividad que modulara la interacci\u00f3n y guiar\u00e1 a sus miembros para alcanzar con \u00e9xito la competencia lectora. Estas hojas ser\u00e1n construidas en el seno de la Red por lo maestros, bajo las orientaciones y criterios de calidad establecidos en el programa. Se intentar\u00e1 crear situaciones de [&hellip;]<\/p>\n","protected":false},"author":20,"featured_media":756,"parent":0,"menu_order":0,"comment_status":"closed","ping_status":"closed","template":"","meta":{"footnotes":""},"class_list":["post-818","page","type-page","status-publish","has-post-thumbnail","hentry"],"_links":{"self":[{"href":"https:\/\/webs.uab.cat\/grai\/es\/wp-json\/wp\/v2\/pages\/818","targetHints":{"allow":["GET"]}}],"collection":[{"href":"https:\/\/webs.uab.cat\/grai\/es\/wp-json\/wp\/v2\/pages"}],"about":[{"href":"https:\/\/webs.uab.cat\/grai\/es\/wp-json\/wp\/v2\/types\/page"}],"author":[{"embeddable":true,"href":"https:\/\/webs.uab.cat\/grai\/es\/wp-json\/wp\/v2\/users\/20"}],"replies":[{"embeddable":true,"href":"https:\/\/webs.uab.cat\/grai\/es\/wp-json\/wp\/v2\/comments?post=818"}],"version-history":[{"count":0,"href":"https:\/\/webs.uab.cat\/grai\/es\/wp-json\/wp\/v2\/pages\/818\/revisions"}],"wp:featuredmedia":[{"embeddable":true,"href":"https:\/\/webs.uab.cat\/grai\/es\/wp-json\/wp\/v2\/media\/756"}],"wp:attachment":[{"href":"https:\/\/webs.uab.cat\/grai\/es\/wp-json\/wp\/v2\/media?parent=818"}],"curies":[{"name":"wp","href":"https:\/\/api.w.org\/{rel}","templated":true}]}}