{"id":831,"date":"2011-12-28T19:55:24","date_gmt":"2011-12-28T17:55:24","guid":{"rendered":"https:\/\/webs.uab.cat\/grai\/red-de-centros\/"},"modified":"2011-12-28T19:55:24","modified_gmt":"2011-12-28T17:55:24","slug":"red-de-centros","status":"publish","type":"page","link":"https:\/\/webs.uab.cat\/grai\/es\/red-de-centros\/","title":{"rendered":"Red de centros"},"content":{"rendered":"<p style=\"text-align: justify;\">La&nbsp; Red Leemos en pareja fue creada el 2008 en Zaragoza aunque sus inicios son del 2006 con la Xarxa del Llegim en parella en Catalu\u00f1a. Su origen es gracias al Grupo de Investigaci\u00f3n sobre Aprendizaje entre Iguales (GRAI) y&nbsp; se configura como un espacio semipresencial de trabajo en red entre centres con un doble objetivo:<\/p>\n<ul style=\"text-align: justify;\">\n<li>&nbsp;Ofrecer formaci\u00f3n a los docentes y condiciones de apoyo mutuo entre ellos para el desarrollo del programa,<\/li>\n<li>&nbsp;Garantizar un cierto nivel de \u00e9xito en el aprendizaje de los participantes que permita que la innovaci\u00f3n sea sostenible y incorporada&nbsp; en el repertorio de actuaciones educativas habituales de los centros.<\/li>\n<\/ul>\n<p style=\"text-align: justify;\">Es por este motivo que se da mucha importancia a los encuentros del profesorado intracentros y intercentros en el aprendizaje de los docentes implicados y en el desarrollo de la formaci\u00f3n, ofreci\u00e9ndoles herramientas colaborativas y reflexivas.<\/p>\n<p style=\"text-align: justify;\">Se adopta un modelo de formaci\u00f3n con miembros del grupo GRAI que trabajan tambi\u00e9n conjuntamente organizando, gestionando y dinamizando la red. Les tres sesiones de formaci\u00f3n presencial a lo largo del curso est\u00e1n dedicadas a presentar el programa y hacer el seguimiento de la implementaci\u00f3n y evaluaci\u00f3n final Se combinan con la participaci\u00f3n en el aula virtual en la que se comparte documentaci\u00f3n, dudas, reflexiones, calendario de implementaci\u00f3n, visitas, evaluaci\u00f3n y todas las actuaciones que tienen que ver con el programa.<\/p>\n<p style=\"text-align: justify;\">Existen Redes de profesorado trabajando de manera colaborativa en Catalu\u00f1a, Baleares, Zaragoza y Euskadi en tres lenguas: catal\u00e1n, castellano y euskera.<\/p>\n<ul style=\"text-align: justify;\">\n<li><strong>Red de Catalunya (desde el 2006):<\/strong><\/li>\n<\/ul>\n<p style=\"text-align: justify;\">CEIP Riera de Ribes (St. Pere de Ribes),CEIP Antoni Grau Minguell (Sant Quint\u00ed de Mediona), Escola Sagrat Cor (Montcada i Reixac), CEIP Pau Casals (St. Lloren\u00e7 d\u2019Hortons), CEIP St. Jordi (Nav\u00e0s), IES Jacint Verdaguer (Sant Sadurn\u00ed d\u2019Anoia), IES Jaume I (Salou), Escola Bergant\u00ed (El Masnou), CEIP Mestre Morera (Barcelona), CEIP Alfred Mata (Puig-reig), CEIP Verd\u00fa (Verd\u00fa), CEIP La Plana (Vila-seca), CEIP Pere Calders (Poliny\u00e0), CEIP St. Josep de Calasan\u00e7 (Lleida), ZER Moian\u00e8s (Moi\u00e0), IES Bernat El Ferrer (Molins de Rei), Escola Vedruna (Art\u00e9s), Escola El Cim (Vilanova i la Geltr\u00fa), Escola Federico Garc\u00eda Lorca (Mollet del Vall\u00e8s), Escola Pau Casals (Vacarisses), Escola P\u00e9rez Iborra (Barcelona), Escola Santa Eul\u00e0lia (Berga), Escola Ginesta (Vilanova i la Geltr\u00fa), IES Pablo Picasso (Barcelona).<\/p>\n<p style=\"text-align: justify;\"><strong>A partir de este curso escolar 2012-13, forma parte del Plan de Impulso a la lectura con el soporte del Departament d&#8217;Ensenyament de la Generalitat de Catalunya y se est\u00e1 realizando en 38 centros de primaria y secundaria repartidos por todo el territorio catal\u00e1n.<\/strong><\/p>\n<ul style=\"text-align: justify;\">\n<li><strong>Red de Mallorca (desde el 2009):<\/strong><\/li>\n<\/ul>\n<p style=\"text-align: justify;\">CP Es Vivero (Palma), CP Melcior Rossell\u00f3 i Simonet (Santa Maria del Cam\u00ed), CP Badies (Gran-Llucmajor), CP Pare Bartomeu Pou (Algaida), CP Els Tamarells (Palma), CP Mestre Colom (Bunyola), CP La Porci\u00fancula (S\u2019Arenal-Palma), CEIP Rafa Vell (Palma), CP Mata de Jonc (Palma), CP S\u2019Aranjassa (Palma), Col.legi Sant Vicen\u00e7 de Pa\u00fcl (S\u00f3ller).<\/p>\n<ul style=\"text-align: justify;\">\n<li><strong>Red de Menorca (desde el 2011):<\/strong><\/li>\n<\/ul>\n<p style=\"text-align: justify;\">CP Pere Casanovas (Ciutadella), CC Sant Francesc de Sales (Ciutadella), CP Tramuntana (Ma\u00f3), CP Antoni Juan Alemany (Ma\u00f3), CP Sant Llu\u00eds (Sant Llu\u00eds), CP Mare de D\u00e9u del Toro (Es Mercadal).<\/p>\n<ul style=\"text-align: justify;\">\n<li><strong>Red de Zaragoza (desde el 2008) con el programa Leemos en pareja, trabajan en castellano:<\/strong><\/li>\n<\/ul>\n<p style=\"text-align: justify;\">CEIP Antonio Mart\u00ednez Garay (Casetas), CEIP Fernandez Vizarra (Monzalbarba), CEIP Odon de Buen (Zuera), CEIP Los Albares (ex Emiliano Labarta)- (La Puebla de Alfind\u00e9n), CEIP Andr\u00e9s Olv\u00e1n (San Juan de Mozarrifar), CEIP Joaqu\u00edn Costa (Zaragoza), CEIP Eugenio Lopez y Lopez (Zaragoza), CEIP Gustavo Adolfo Becquer (Garrapinillos), Colegio Nuestra Sra. del Carmen (Zaragoza), CEIP Parque Europa (Utebo), CEIP La Portalada (Pastriz), Colegio Guillermo (Fatas-Zaragoza), CEIP Mariano Castillo (Villamayor), Colegio San Gabriel (Zuera).<\/p>\n<ul style=\"text-align: justify;\">\n<li><strong>Red de Euskadi (desde el 2009) con Bikoteka Irakurtzen, trabajan b\u00e1sicamente en euskera y alguns centros en castellano:<\/strong><\/li>\n<\/ul>\n<p style=\"text-align: justify;\">Cristobal Gam\u00f3n LHI (Errenteria), Langaitz BHI (Errenteria), Ama Guadalupekoa BHI (Hondarribia), Toki Alai LH (Irun), Karmengo Ama LHI (Pasaia), Aitxuri (Zegama), Alkartasuna Lizeoa (Beasain), Talaia Hondarribiko Eskola (Hondarribia), Gainzuri (Urretxu), S. Andres (Ormaiztegi), La Salle (S. Jose-Beasain), Jakintza Ikastola (Ordizia), Gallego Gorria LHI (Bilbao), Pagasarribide LHI (Bilbao), Intxixu Ikastola (Bilbao), Basurto (Bilbao), Orbegozo (Bilbao), 7 Campas (Bilbao), Cervantes (Bilbao), Alonsotegi (Bilbao), Deusto (Bilbao), Zurbaran (Bilbao), Zamakola (Bilbao), lkartasuna Lizeoa LH (Beasain), J.M.Barandiaran (Ataun), Ugaro (Legorreta), Laiotz (Segura), Belaskoenea (Ir\u00fan), Beraun Berri (Errenteria), Cristobal Gam\u00f3n LHI (Errenteria), Dunboa BHI (Ir\u00fan), Dunboa LH (Ir\u00fan), Koldo Mitxelena LHI (Errenteria), Langaitz LH (Errenteria), Aitor Ikastola (Donostia), Arantzazuko Ama (Donostia), Catalina De Erauso (Donostia), Orixe Ikastola (Donostia), La Anunciata (Donostia), La Salle (Donostia), Jesuitinas (Donostia), M\u00aa Auxiliadora (Donostia), La Salle Berrozpe (Andoain), Fatima (Bilbao), Orereta Ikastola LH (Errenteria), Telleri Lh-BH (Errenteria), Gamon LH ( Errenteria), Elatzeta (Ir\u00fan), Lezo LH (Lezo), Toki Alai BHI (Ir\u00fan), Ugaro LH (Legorreta), Lardizabal Herri Eskola (Zaldibia), Itsasondoko Herri Eskola (Itsasondo), Beasaingo BHI (Beasain), La Salle Legazpi (Zumarraga), Jm.Iparragirre BHI (Urretxu), Ikasbide (Bilbao), San Inazio (Bilbao), Fray Juan (Bilbao), Rekaldeberri BHI (Bilbao), Zorroza BHI (Bilbao), Ispaster LH (Ispaster), Amoroto LHI (Amoroto), M Zubizarreta LHI (Etxebarria), Antoniano (Zarautz), Zestoa Herri Ikastetxea (Zarautz), CEIP Arroa HLHI (Zarautz), Karmelo Etxegarai Ikastola (Zarautz), Basakaitz L.H.I (Zarautz), Andatza LHI (Zarautz), San Martin (Zarautz), Lizardi (Zarautz).<\/p>\n<ul>\n<li><strong>Red de Navarra Leemos en pareja\/Bikoteka Irakurtzen(2012-13)<\/strong><\/li>\n<\/ul>\n<p style=\"text-align: justify;\">Durante este curso escolar (2012-13) se ha iniciado una nueva red del Leemos en pareja, la \u201cRed de Navarra Leemos en pareja\/Bikoteka Irakurtzen\u201d, impulsada por el Departamento de Educaci\u00f3n del Gobierno de Navarra y coordinada desde el GRAI por la profesora Ester Miquel. Se trabaja b\u00e1sicamente en lengua castellana pero tambi\u00e9n hay algunos centros que lo hacen en euskera y en ingl\u00e9s. Participan 12 centros: los colegios p\u00fablicos de Pamplona San Francisco, Do\u00f1a Mayor, Cardenal Ilund\u00e1in y Iturrama; y centros de otras poblaciones como San Juan (Lumbier), Cerro de la Cruz y IESO Bardenas Reales (Cortes), Mendialdea I (Berriozar), Virgen de la Cerca (Andosilla), \u00c1lvara \u00c1lvarez (Falces), IES Alhama (Corella) y Atakondoa (Irurtzun).\u00bb<\/p>\n<p style=\"text-align: justify;\"><a href=\"http:\/\/grupsderecerca.uab.cat\/grai\/es\/content\/leemos-en-pareja\"><img loading=\"lazy\" decoding=\"async\" style=\"float: right;\" src=\"http:\/\/grupsderecerca.uab.cat\/grai\/sites\/grupsderecerca.uab.cat.grai\/files\/inicio_8.jpg\" alt=\"\" width=\"97\" height=\"74\" \/><\/a><\/p>\n","protected":false},"excerpt":{"rendered":"<p>La&nbsp; Red Leemos en pareja fue creada el 2008 en Zaragoza aunque sus inicios son del 2006 con la Xarxa del Llegim en parella en Catalu\u00f1a. Su origen es gracias al Grupo de Investigaci\u00f3n sobre Aprendizaje entre Iguales (GRAI) y&nbsp; se configura como un espacio semipresencial de trabajo en red entre centres con un doble [&hellip;]<\/p>\n","protected":false},"author":20,"featured_media":832,"parent":0,"menu_order":0,"comment_status":"closed","ping_status":"closed","template":"","meta":{"footnotes":""},"class_list":["post-831","page","type-page","status-publish","has-post-thumbnail","hentry"],"_links":{"self":[{"href":"https:\/\/webs.uab.cat\/grai\/es\/wp-json\/wp\/v2\/pages\/831","targetHints":{"allow":["GET"]}}],"collection":[{"href":"https:\/\/webs.uab.cat\/grai\/es\/wp-json\/wp\/v2\/pages"}],"about":[{"href":"https:\/\/webs.uab.cat\/grai\/es\/wp-json\/wp\/v2\/types\/page"}],"author":[{"embeddable":true,"href":"https:\/\/webs.uab.cat\/grai\/es\/wp-json\/wp\/v2\/users\/20"}],"replies":[{"embeddable":true,"href":"https:\/\/webs.uab.cat\/grai\/es\/wp-json\/wp\/v2\/comments?post=831"}],"version-history":[{"count":0,"href":"https:\/\/webs.uab.cat\/grai\/es\/wp-json\/wp\/v2\/pages\/831\/revisions"}],"wp:featuredmedia":[{"embeddable":true,"href":"https:\/\/webs.uab.cat\/grai\/es\/wp-json\/wp\/v2\/media\/832"}],"wp:attachment":[{"href":"https:\/\/webs.uab.cat\/grai\/es\/wp-json\/wp\/v2\/media?parent=831"}],"curies":[{"name":"wp","href":"https:\/\/api.w.org\/{rel}","templated":true}]}}