{"id":1126,"date":"2014-11-24T23:04:53","date_gmt":"2014-11-24T21:04:53","guid":{"rendered":"https:\/\/webs.uab.cat\/grai\/projecte-armif\/"},"modified":"2024-01-27T20:48:51","modified_gmt":"2024-01-27T18:48:51","slug":"projecte-armif","status":"publish","type":"page","link":"https:\/\/webs.uab.cat\/grai\/projecte-armif\/","title":{"rendered":"PROJECTE ARMIF"},"content":{"rendered":"\n<h2 class=\"wp-block-heading\">(Programa de Millora i Innovaci\u00f3 en la Formaci\u00f3 de Mestres 2014)<\/h2>\n\n\n\n<h3 class=\"wp-block-heading\">Descobrint el rol docent en la societat del coneixement: les actuacions dels mestres en les situacions d&#8217;aprenentatge cooperatiu.<\/h3>\n\n\n\n<p>L\u2019aprenentatge cooperatiu (AC) -com a estrat\u00e8gia instructiva- i la cooperaci\u00f3 o treball en equip &#8211; com a compet\u00e8ncia clau del s. XXI- formen part dels reptes internacionals dels sistemes educatius.<br>El repte prov\u00e9 de la constataci\u00f3 que, malgrat la import\u00e0ncia de l\u2019AC, la seva implantaci\u00f3 dins dels bancs de recursos metodol\u00f2gics dels mestres i de les escoles resulta problem\u00e0tic. La present innovaci\u00f3 tracta de trobar mecanismes que ajudin, des de la formaci\u00f3 inicial del professorat, a la implementaci\u00f3 de pr\u00e0ctiques instructives d\u2019AC. Per aix\u00f2, revisant les experi\u00e8ncies internacionals en el camp i comptant amb la dilatada experi\u00e8ncia de formaci\u00f3 sobre aprenentatge entre iguals del nostre grup (amb la xarxa de 57 centres de Catalunya que porten a terme <em>Llegim en parella<\/em>, un programa de tutoria entre iguals, sota la nostra coordinaci\u00f3 i amb el suport del Departament d\u2019Ensenyament), plantegem una innovaci\u00f3 que vol ajudar a superar aquest problema.<br>La innovaci\u00f3 dotar\u00e0 els estudiants d\u2019una formaci\u00f3 inter-\u00e0rees sobre la tem\u00e0tica; els permetr\u00e0 fer de mestres (desenvolupant el nou rol de professor en situacions d\u2019AC) en aules amb situacions d\u2019AC reals i de qualitat; i experienciaran posteriorment, ells mateixos, el m\u00e8tode d\u2019AC que han vist a les aules de les escoles per tal de reflexionar, finalment, sobre com transferir-lo a noves situacions.<\/p>\n\n\n\n<p>Participants en el projecte:<\/p>\n\n\n\n<ul class=\"wp-block-list\">\n<li>David Duran Gisbert.<\/li>\n\n\n\n<li>Marta Flores Coll.<\/li>\n\n\n\n<li>Ester Miquel Bertran.<\/li>\n\n\n\n<li>Teresa Ribas Seix.<\/li>\n\n\n\n<li>Marilisa Birrello.<\/li>\n\n\n\n<li>Mariona Corcelles Seuba.<\/li>\n\n\n\n<li>Laia Capdet Cidoncha.<\/li>\n\n\n\n<li>Esteve Corominas Baig.<\/li>\n\n\n\n<li>Maria Teresa Oller S\u00e1nchez.<\/li>\n\n\n\n<li>Hilde Van Keer.<\/li>\n<\/ul>\n\n\n\n<p>El passat divendres, dia 12 de juny, vam tenir l&#8217;oportunitat de compartir la nostra recerca, i els primers resultats, amb la Hilde Van Keer, professora del Departament de Ci\u00e8ncies de l&#8217;Educaci\u00f3 de la Universitat de Gent -B\u00e8lgica-. Amb ella vam poder intercanviar opinions i punts de vista del proc\u00e9s de recollida de dades i de la seva interpretaci\u00f3, aix\u00ed com reflexionar sobre possibles millores i sobre altres oportunitats de recerca que es derivin d&#8217;aquesta o de les dades obtingudes. Pel nostre equip va ser molt enriquidor poder compartir aquesta estona amb la Hilde.<\/p>\n\n\n\n<h3 class=\"wp-block-heading\"><a href=\"http:\/\/amieedu.org\/cimie\/\" data-type=\"URL\" data-id=\"http:\/\/amieedu.org\/cimie\/\" target=\"_blank\" rel=\"noreferrer noopener\">CIMIE 2015<\/a><\/h3>\n\n\n\n<p>El dissabte 4 de juliol la Marta Flores, en nom del GRAI, va presentar a Val\u00e8ncia una comunicaci\u00f3 per exposar els primers resultats i el procediment de la investigaci\u00f3 en el marc del \u201cCongreso Multidisciplinar de Investigaci\u00f3n Educativa\u201d.<\/p>\n\n\n\n<p>Aqu\u00ed us deixem <a rel=\"noreferrer noopener\" href=\"http:\/\/aprenentatgeentreiguals.blogspot.com.es\/2015\/07\/presentacion-comunicacion-cimie-2015.html\" data-type=\"URL\" data-id=\"http:\/\/aprenentatgeentreiguals.blogspot.com.es\/2015\/07\/presentacion-comunicacion-cimie-2015.html\" target=\"_blank\">l\u2019enlla\u00e7<\/a> a la not\u00edcia del <a rel=\"noreferrer noopener\" href=\"http:\/\/aprenentatgeentreiguals.blogspot.com.es\/\" data-type=\"URL\" data-id=\"http:\/\/aprenentatgeentreiguals.blogspot.com.es\/\" target=\"_blank\">bloc<\/a> i la presentaci\u00f3 digital amb el contingut presentat.<\/p>\n\n\n\n<figure class=\"wp-block-embed is-type-rich is-provider-slideshare wp-block-embed-slideshare\"><div class=\"wp-block-embed__wrapper\">\nhttps:\/\/es.slideshare.net\/GraiUAB\/descubriendo-el-rol-docente-en-la-sociedad-del\n<\/div><\/figure>\n\n\n\n<p>En el marc del les I JORNADES DE TRANSFER\u00c8NCIA DEL CONEIXEMENT. Implicacions dels projectes ARMIF 2014 en la formaci\u00f3 de mestres. Facultat de Ci\u00e8ncies de l\u2019Educaci\u00f3, celebrades a la UAB, el 6 de juliol de 2016, vam poder presentar la s\u00edntesi dels resultats de la recerca. Us adjuntem el power point de suport a l\u2019explicaci\u00f3. Ben aviat, esperem poder penjar els articles que ara estan en revisi\u00f3.<\/p>\n\n\n\n<h4 class=\"wp-block-heading\"><a rel=\"noreferrer noopener\" href=\"\/\/www.slideshare.net\/GraiUAB\/sntesi-de-recerca-de-larmif\" data-type=\"URL\" data-id=\"\/\/www.slideshare.net\/GraiUAB\/sntesi-de-recerca-de-larmif\" target=\"_blank\">S\u00edntesi de recerca de l&#8217;ARMIF<\/a> from <a rel=\"noreferrer noopener\" href=\"\/\/www.slideshare.net\/GraiUAB\" data-type=\"URL\" data-id=\"\/\/www.slideshare.net\/GraiUAB\" target=\"_blank\">GraiUAB<\/a><\/h4>\n\n\n\n<h4 class=\"wp-block-heading\">PUBLICACIONS DEL PROJECTE<\/h4>\n\n\n\n<p><strong>Duran, D., Corcelles, M., i Flores, M. <\/strong>(2017). Enhancing expectations of cooperative learning use through initial teacher training. <em>International Journal of Educational Psychology<\/em>, 6(3), 278-300.<\/p>\n\n\n\n<p><strong>Duran, D., i Oller, M.<\/strong> (2017). El rol del profesorado en las aulas organizadas en aprendizaje cooperativo. <em>Aula de Innovaci\u00f3n Educativa<\/em>, 261, 38-41.<\/p>\n\n\n\n<p><strong>Duran, D., i Oller, M. <\/strong>(2017). El rol del professorat a les aules on es practica l\u2019aprenentatge cooperatiu. <em>Guix<\/em>, 434, 40-43.<\/p>\n","protected":false},"excerpt":{"rendered":"<p>(Programa de Millora i Innovaci\u00f3 en la Formaci\u00f3 de Mestres 2014) Descobrint el rol docent en la societat del coneixement: les actuacions dels mestres en les situacions d&#8217;aprenentatge cooperatiu. L\u2019aprenentatge cooperatiu (AC) -com a estrat\u00e8gia instructiva- i la cooperaci\u00f3 o treball en equip &#8211; com a compet\u00e8ncia clau del s. XXI- formen part dels reptes [&hellip;]<\/p>\n","protected":false},"author":20,"featured_media":0,"parent":0,"menu_order":0,"comment_status":"closed","ping_status":"closed","template":"","meta":{"footnotes":""},"class_list":["post-1126","page","type-page","status-publish","hentry"],"_links":{"self":[{"href":"https:\/\/webs.uab.cat\/grai\/wp-json\/wp\/v2\/pages\/1126","targetHints":{"allow":["GET"]}}],"collection":[{"href":"https:\/\/webs.uab.cat\/grai\/wp-json\/wp\/v2\/pages"}],"about":[{"href":"https:\/\/webs.uab.cat\/grai\/wp-json\/wp\/v2\/types\/page"}],"author":[{"embeddable":true,"href":"https:\/\/webs.uab.cat\/grai\/wp-json\/wp\/v2\/users\/20"}],"replies":[{"embeddable":true,"href":"https:\/\/webs.uab.cat\/grai\/wp-json\/wp\/v2\/comments?post=1126"}],"version-history":[{"count":8,"href":"https:\/\/webs.uab.cat\/grai\/wp-json\/wp\/v2\/pages\/1126\/revisions"}],"predecessor-version":[{"id":3146,"href":"https:\/\/webs.uab.cat\/grai\/wp-json\/wp\/v2\/pages\/1126\/revisions\/3146"}],"wp:attachment":[{"href":"https:\/\/webs.uab.cat\/grai\/wp-json\/wp\/v2\/media?parent=1126"}],"curies":[{"name":"wp","href":"https:\/\/api.w.org\/{rel}","templated":true}]}}