{"id":1177,"date":"2015-02-16T23:29:37","date_gmt":"2015-02-16T21:29:37","guid":{"rendered":"https:\/\/webs.uab.cat\/grai\/projecte-erasmus-ka2\/"},"modified":"2024-01-08T20:39:23","modified_gmt":"2024-01-08T18:39:23","slug":"projecte-erasmus-ka2","status":"publish","type":"page","link":"https:\/\/webs.uab.cat\/grai\/projecte-erasmus-ka2\/","title":{"rendered":"PROJECTE ERASMUS + KA2"},"content":{"rendered":"\n<h3 class=\"wp-block-heading\">El GRAI col\u00b7labora en el projecte ENTREPRENEURSHIP PRACTICE FIRMS SCHOOLS-\u201cINNOVATIVE EDUCATION AND TRAINING SOLUTION TO EARLY SCHOOL LEAVERS.<\/h3>\n\n\n\n<p>El projecte el porten a terme:<\/p>\n\n\n\n<ul class=\"wp-block-list\">\n<li>Fundaci\u00f3 Inform, Ajuntament de El Vendrell i l\u2019IES Mediterr\u00e0nia d\u2019Espanya.<\/li>\n\n\n\n<li class=\"has-small-font-size\">Istituto Don Calabria-Simulimpresa i CEFAL d\u2019It\u00e0lia.<\/li>\n\n\n\n<li class=\"has-small-font-size\">Bulgarian Center of Training Firms (BUCT) i SOU Asen Zlatarov de Bulg\u00e0ria.<\/li>\n\n\n\n<li class=\"has-small-font-size\">Vilniaus Kolegija University of Applied Sciences (VIKO) i Kauno Tito Masiulio juanimo mokykiade Litu\u00e0nia.<\/li>\n\n\n\n<li class=\"has-small-font-size\">EUROPEN-PEN International d\u2019Alemanya.<\/li>\n<\/ul>\n\n\n\n<p>L\u2019objectiu del programa \u00e9s estudiar, dissenyar i crear un model de pr\u00e0ctica empresarial que podr\u00e0 contribuir al desenvolupament de les habilitats clau:socials, tecnol\u00f2giques i empresarials a les escoles en les edats de 14-16 amb alt risc d\u2019abandonament escolar prematur.<\/p>\n\n\n\n<p>El GRAI contribueix en el projecte com element de qualitat amb el seu programa Reading in pairs.<\/p>\n","protected":false},"excerpt":{"rendered":"<p>El GRAI col\u00b7labora en el projecte ENTREPRENEURSHIP PRACTICE FIRMS SCHOOLS-\u201cINNOVATIVE EDUCATION AND TRAINING SOLUTION TO EARLY SCHOOL LEAVERS. El projecte el porten a terme: L\u2019objectiu del programa \u00e9s estudiar, dissenyar i crear un model de pr\u00e0ctica empresarial que podr\u00e0 contribuir al desenvolupament de les habilitats clau:socials, tecnol\u00f2giques i empresarials a les escoles en les edats [&hellip;]<\/p>\n","protected":false},"author":20,"featured_media":0,"parent":0,"menu_order":0,"comment_status":"closed","ping_status":"closed","template":"","meta":{"footnotes":""},"class_list":["post-1177","page","type-page","status-publish","hentry"],"_links":{"self":[{"href":"https:\/\/webs.uab.cat\/grai\/wp-json\/wp\/v2\/pages\/1177","targetHints":{"allow":["GET"]}}],"collection":[{"href":"https:\/\/webs.uab.cat\/grai\/wp-json\/wp\/v2\/pages"}],"about":[{"href":"https:\/\/webs.uab.cat\/grai\/wp-json\/wp\/v2\/types\/page"}],"author":[{"embeddable":true,"href":"https:\/\/webs.uab.cat\/grai\/wp-json\/wp\/v2\/users\/20"}],"replies":[{"embeddable":true,"href":"https:\/\/webs.uab.cat\/grai\/wp-json\/wp\/v2\/comments?post=1177"}],"version-history":[{"count":4,"href":"https:\/\/webs.uab.cat\/grai\/wp-json\/wp\/v2\/pages\/1177\/revisions"}],"predecessor-version":[{"id":2909,"href":"https:\/\/webs.uab.cat\/grai\/wp-json\/wp\/v2\/pages\/1177\/revisions\/2909"}],"wp:attachment":[{"href":"https:\/\/webs.uab.cat\/grai\/wp-json\/wp\/v2\/media?parent=1177"}],"curies":[{"name":"wp","href":"https:\/\/api.w.org\/{rel}","templated":true}]}}