{"id":1377,"date":"2020-02-14T12:11:27","date_gmt":"2020-02-14T10:11:27","guid":{"rendered":"https:\/\/webs.uab.cat\/grai\/projecte-bikos\/"},"modified":"2026-02-19T12:37:03","modified_gmt":"2026-02-19T10:37:03","slug":"projecte-bikos","status":"publish","type":"page","link":"https:\/\/webs.uab.cat\/grai\/projecte-bikos\/","title":{"rendered":"Projecte Bikos"},"content":{"rendered":"\n<figure class=\"wp-block-image size-full\"><img loading=\"lazy\" decoding=\"async\" width=\"884\" height=\"296\" src=\"https:\/\/webs.uab.cat\/grai\/wp-content\/uploads\/sites\/353\/2024\/01\/1.png\" alt=\"\" class=\"wp-image-2956\" srcset=\"https:\/\/webs.uab.cat\/grai\/wp-content\/uploads\/sites\/353\/2024\/01\/1.png 884w, https:\/\/webs.uab.cat\/grai\/wp-content\/uploads\/sites\/353\/2024\/01\/1-300x100.png 300w, https:\/\/webs.uab.cat\/grai\/wp-content\/uploads\/sites\/353\/2024\/01\/1-768x257.png 768w\" sizes=\"auto, (max-width: 884px) 100vw, 884px\" \/><\/figure>\n\n\n\n<h2 class=\"wp-block-heading\">ANTECEDENTS<\/h2>\n\n\n\n<p>El <strong>Projecte Bikos<\/strong> parteix de les experi\u00e8ncies&nbsp;exitoses&nbsp;pr\u00e8vies dels programes&nbsp;<em>Llegim i escrivim en parella<\/em>, <em>(En)Raonem en parella<\/em> i <em>Reading in pairs<\/em>,&nbsp;amb nombroses xarxes de professorat, centenars de fam\u00edlies i&nbsp;milers d\u2019alumnes que hi participen.<\/p>\n\n\n\n<p>Aquests programes previs es basen en la tutoria entre iguals, \u00e9s a dir, en parelles d&#8217;alumnes que aprenen a trav\u00e9s d&#8217;una activitat estructurada entre un tutor i un tutorat. Les evid\u00e8ncies d&#8217;efectivitat d&#8217;aquests programes&nbsp;per a l&#8217;aprenentatge tant del tutorat com del tutor, juntament amb la revisi\u00f3 de la literatura sobre el concepte d&#8217;aprendre ensenyant, ens han dut a desenvolupar el Projecte Bikos. En aquest nou projecte, que ja s&#8217;ha dut a terme a diferents&nbsp;escoles, parelles d&#8217;alumnes treballen cooperativament per crear&nbsp;material did\u00e0ctic \u2013en aquest cas, un v\u00eddeo-tutorial\u2013&nbsp;per tal que altres persones puguin aprendre. Alhora, el proc\u00e9s de creaci\u00f3 d&#8217;aquest material did\u00e0ctic ofereix oportunitats d&#8217;aprenentatge als alumnes que el creen.<\/p>\n\n\n\n<p>L&#8217;objectiu del projecte \u00e9s promoure la millora de les <strong>compet\u00e8ncies vinculades a l&#8217;\u00e0mbit digital<\/strong> <strong>i al tractament de la informaci\u00f3<\/strong>,&nbsp;des de l&#8217;\u00e0rea&nbsp;de coneixement del medi, a partir de preguntes que els alumnes es plantegen sobre el seu entorn.<\/p>\n\n\n\n<figure class=\"wp-block-table\"><table><tbody><tr><td><strong>BASES CONCEPTUALS<\/strong><\/td><td><strong>COMPET\u00c8NCIES B\u00c0SIQUES<\/strong><\/td><\/tr><tr><td>Alfabetitzaci\u00f3 digital.<\/td><td>Compet\u00e8ncia comunicativa, ling\u00fc\u00edstica i audiovisual.<\/td><\/tr><tr><td>Regulaci\u00f3 de l\u2019aprenentatge.<\/td><td>Tractament de la informaci\u00f3 i compet\u00e8ncia digital.<\/td><\/tr><tr><td>Comunicar idees cient\u00edfiques.<\/td><td>Compet\u00e8ncia d\u2019aprendre a aprendre.<\/td><\/tr><tr><td>Aprendre ensenyant.<\/td><td>Compet\u00e8ncia d\u2019autonomia i iniciativa personal.<\/td><\/tr><\/tbody><\/table><\/figure>\n\n\n\n<figure class=\"wp-block-table\"><table><tbody><tr><td><strong>COMPET\u00c8NCIES DE MEDI<\/strong><\/td><\/tr><tr><td>Plantejar-se preguntes sobre el medi, utilitzar estrat\u00e8gies de cerca de dades i analitzar resultats per trobar respostes.<\/td><\/tr><\/tbody><\/table><\/figure>\n\n\n\n<h2 class=\"wp-block-heading\">DESCRIPCI\u00d3 DEL PROGRAMA<\/h2>\n\n\n\n<p>El Projecte Bikos \u00e9s una proposta did\u00e0ctica que planteja que els alumnes es formulin preguntes, partint dels seus propis interessos i de la seva curiositat per con\u00e8ixer el m\u00f3n que els envolta, i cre\u00efn v\u00eddeo-tutorials com a mecanisme per al seu propi aprenentatge. En una organitzaci\u00f3 de l\u2019aula basada en l\u2019aprenentatge cooperatiu, els alumnes treballaran en parelles, amb dos rols complementaris: responsable de contingut i responsable tecnol\u00f2gic. Ambd\u00f3s membres hauran de prendre decisions conjuntament al llarg del proc\u00e9s de creaci\u00f3 del v\u00eddeo, que consta de les seg\u00fcents fases:<\/p>\n\n\n\n<ul class=\"wp-block-list\">\n<li><strong>Fase 1. Definici\u00f3 de la pregunta.<\/strong> La parella d\u2019alumnes defineix la pregunta que orientar\u00e0 el seu proc\u00e9s de creaci\u00f3 del v\u00eddeo. \u00c9s necessari un proc\u00e9s de negociaci\u00f3 entre els dos membres de la parella per tal que la pregunta definida motivi els dos alumnes a implicar-se en el proc\u00e9s de creaci\u00f3 del v\u00eddeo.<\/li>\n\n\n\n<li><strong>Fase 2. Coneixements previs.<\/strong> Cada membre de la parella elabora una resposta conjectural a la pregunta plantejada, \u00e9s a dir, proposa una explicaci\u00f3 hipot\u00e8tica del fenomen \u2013basant-se en les seves idees, sense consultar fonts d\u2019informaci\u00f3. Seguidament, els membres de la parella comparteixen les seves respostes i defineixen els seus dubtes.<\/li>\n\n\n\n<li><strong>Fase 3. Cerca d\u2019informaci\u00f3.<\/strong> En un proc\u00e9s recursiu \u2013i amb el suport d\u2019una guia d\u2019orientaci\u00f3\u2013, els alumnes defineixen els conceptes clau de la recerca; busquen, seleccionen i contrasten diferents fonts d\u2019informaci\u00f3; resolen dubtes inicials i se\u2019n plantegen de nous. Aquest proc\u00e9s conclou amb l\u2019elaboraci\u00f3 d\u2019una resposta compartida a la pregunta plantejada, que recolliran per escrit.<\/li>\n\n\n\n<li><strong>Fase 4. Elaboraci\u00f3 del gui\u00f3.<\/strong> Els alumnes elaboren el gui\u00f3 del v\u00eddeo, organitzant i transformant la informaci\u00f3 per presentar-la a una audi\u00e8ncia potencial real a trav\u00e9s d\u2019un v\u00eddeo \u2013amb recursos audiovisuals.<\/li>\n\n\n\n<li><strong>Fase 5. Producci\u00f3 del v\u00eddeo.<\/strong> A partir del gui\u00f3 elaborat, els alumnes creen el v\u00eddeo-tutorial per respondre la pregunta plantejada inicialment. Aquesta fase consta de dos per\u00edodes: un per\u00edode de generaci\u00f3 de recursos i edici\u00f3 t\u00e8cnica; i un per\u00edode d\u2019edici\u00f3 pedag\u00f2gica, en qu\u00e8 s\u2019introduiran les preguntes que guiaran el proc\u00e9s de comprensi\u00f3 del p\u00fablic que el vegi.<\/li>\n<\/ul>\n\n\n\n<p>Cada parella elabora dos v\u00eddeos-tutorials, responent l\u2019interrogant inicial de cada membre de la parella, que un cop seleccionats seran organitzats en un espai virtual perqu\u00e8 estiguin a disposici\u00f3 d\u2019altres alumnes i centres educatius.<\/p>\n\n\n\n<p>Pots descarregar el material docent per a implementar el programa fent clic <a href=\"https:\/\/ddd.uab.cat\/record\/274691?ln=ca\">aqu\u00ed<\/a>.<\/p>\n\n\n\n<h2 class=\"wp-block-heading\">COM INSCRIURE\u2019T AL PROGRAMA?<\/h2>\n\n\n\n<p>Per a m\u00e9s informaci\u00f3, pots contactar amb en Jes\u00fas Ribosa Mart\u00ednez per correu electr\u00f2nic (<a href=\"mailto:jesus.ribosa@uab.cat\" target=\"_blank\" rel=\"noreferrer noopener\">jesus.ribosa@uab.cat<\/a>)<\/p>\n\n\n\n<h2 class=\"wp-block-heading\">EVID\u00c8NCIES SOBRE EL PROGRAMA<\/h2>\n\n\n\n<p><strong>Ribosa, J., &amp; Duran, D.<\/strong> (2021). Cuando la curiosidad cient\u00edfica se transforma en un videotutorial para aprender ense\u00f1ando: Conocimiento del contenido, elaboraci\u00f3n de las explicaciones y complejidad de las preguntas. <em>Revista Iberoamericana de Educaci\u00f3n<\/em>, 87(2), 85\u2013101. <a rel=\"noreferrer noopener\" href=\"https:\/\/doi.org\/10.35362\/rie8724572\" target=\"_blank\">https:\/\/doi.org\/10.35362\/rie8724572<\/a><\/p>\n\n\n\n<p><strong>Ribosa, J., &amp; Duran, D.<\/strong> (2022). Students creating videos for learning by teaching from their scientific curiosity. <em>Research in Science &amp; Technological Education<\/em>. Publicaci\u00f3 avan\u00e7ada en l\u00ednia. <a rel=\"noreferrer noopener\" href=\"https:\/\/doi.org\/10.1080\/02635143.2022.2116419\" target=\"_blank\">https:\/\/doi.org\/10.1080\/02635143.2022.2116419<\/a><\/p>\n\n\n\n<p><strong>Ribosa, J., &amp; Duran, D.<\/strong> (2023b). Students\u2019 feelings of social presence when creating learning-by-teaching educational videos for a potential audience. <em>International Journal of Educational Research<\/em>, 117, 102128. <a href=\"https:\/\/doi.org\/10.1016\/j.ijer.2022.102128\" target=\"_blank\" rel=\"noreferrer noopener\">https:\/\/doi.org\/10.1016\/j.ijer.2022.102128<\/a><\/p>\n\n\n\n<figure class=\"wp-block-image size-full\"><img loading=\"lazy\" decoding=\"async\" width=\"911\" height=\"429\" src=\"https:\/\/webs.uab.cat\/grai\/wp-content\/uploads\/sites\/353\/2024\/01\/2.png\" alt=\"\" class=\"wp-image-2960\" srcset=\"https:\/\/webs.uab.cat\/grai\/wp-content\/uploads\/sites\/353\/2024\/01\/2.png 911w, https:\/\/webs.uab.cat\/grai\/wp-content\/uploads\/sites\/353\/2024\/01\/2-300x141.png 300w, https:\/\/webs.uab.cat\/grai\/wp-content\/uploads\/sites\/353\/2024\/01\/2-768x362.png 768w\" sizes=\"auto, (max-width: 911px) 100vw, 911px\" \/><\/figure>\n","protected":false},"excerpt":{"rendered":"<p>ANTECEDENTS El Projecte Bikos parteix de les experi\u00e8ncies&nbsp;exitoses&nbsp;pr\u00e8vies dels programes&nbsp;Llegim i escrivim en parella, (En)Raonem en parella i Reading in pairs,&nbsp;amb nombroses xarxes de professorat, centenars de fam\u00edlies i&nbsp;milers d\u2019alumnes que hi participen. Aquests programes previs es basen en la tutoria entre iguals, \u00e9s a dir, en parelles d&#8217;alumnes que aprenen a trav\u00e9s d&#8217;una activitat [&hellip;]<\/p>\n","protected":false},"author":20,"featured_media":0,"parent":0,"menu_order":0,"comment_status":"closed","ping_status":"closed","template":"","meta":{"footnotes":""},"class_list":["post-1377","page","type-page","status-publish","hentry"],"_links":{"self":[{"href":"https:\/\/webs.uab.cat\/grai\/wp-json\/wp\/v2\/pages\/1377","targetHints":{"allow":["GET"]}}],"collection":[{"href":"https:\/\/webs.uab.cat\/grai\/wp-json\/wp\/v2\/pages"}],"about":[{"href":"https:\/\/webs.uab.cat\/grai\/wp-json\/wp\/v2\/types\/page"}],"author":[{"embeddable":true,"href":"https:\/\/webs.uab.cat\/grai\/wp-json\/wp\/v2\/users\/20"}],"replies":[{"embeddable":true,"href":"https:\/\/webs.uab.cat\/grai\/wp-json\/wp\/v2\/comments?post=1377"}],"version-history":[{"count":8,"href":"https:\/\/webs.uab.cat\/grai\/wp-json\/wp\/v2\/pages\/1377\/revisions"}],"predecessor-version":[{"id":3728,"href":"https:\/\/webs.uab.cat\/grai\/wp-json\/wp\/v2\/pages\/1377\/revisions\/3728"}],"wp:attachment":[{"href":"https:\/\/webs.uab.cat\/grai\/wp-json\/wp\/v2\/media?parent=1377"}],"curies":[{"name":"wp","href":"https:\/\/api.w.org\/{rel}","templated":true}]}}