{"id":1396,"date":"2022-02-25T10:51:36","date_gmt":"2022-02-25T08:51:36","guid":{"rendered":"https:\/\/webs.uab.cat\/grai\/idi-observacio-entre-iguals\/"},"modified":"2024-06-30T17:44:38","modified_gmt":"2024-06-30T15:44:38","slug":"idi-observacio-entre-iguals","status":"publish","type":"page","link":"https:\/\/webs.uab.cat\/grai\/idi-observacio-entre-iguals\/","title":{"rendered":"I+D+i Observaci\u00f3 entre iguals"},"content":{"rendered":"\n<figure class=\"wp-block-embed is-type-video is-provider-youtube wp-block-embed-youtube wp-embed-aspect-16-9 wp-has-aspect-ratio\"><div class=\"wp-block-embed__wrapper\">\n<iframe loading=\"lazy\" title=\"Observaci\u00f3 entre iguals\" width=\"580\" height=\"326\" src=\"https:\/\/www.youtube.com\/embed\/I-ypex8-hQk?feature=oembed\" frameborder=\"0\" allow=\"accelerometer; autoplay; clipboard-write; encrypted-media; gyroscope; picture-in-picture; web-share\" referrerpolicy=\"strict-origin-when-cross-origin\" allowfullscreen><\/iframe>\n<\/div><\/figure>\n\n\n\n<h3 class=\"wp-block-heading\">Projecte I+D+i 2021-2024<\/h3>\n\n\n\n<h4 class=\"wp-block-heading\">Observaci\u00f3 entre iguals com a desenvolupament professional docent: Cap a una cultura col\u00b7laborativa a centres de prim\u00e0ria i secund\u00e0ria (PeerObserv)<\/h4>\n\n\n\n<p>El GRAI participa activament en la recerca <strong>Observaci\u00f3 entre iguals com a desenvolupament professional docent: Cap a una cultura col\u00b7laborativa a centres de prim\u00e0ria i secund\u00e0ria (PeerObserv)<\/strong>, finan\u00e7ada pel Ministeri de Ci\u00e8ncia i Innovaci\u00f3 (Ref. PID2020-113719RB-I00).<br>L\u2019observaci\u00f3 entre iguals (OEI) \u00e9s un proc\u00e9s que es porta a terme entre parelles de docents que acorden observar-se m\u00fatuament en la seva acci\u00f3 a l\u2019aula per a, posteriorment, donar i rebre un feedback constructiu per a la reflexi\u00f3 i millora de la pr\u00e0ctica docent.<br>En aquest projecte ens proposem analitzar l\u2019efectivitat de l\u2019OEI i oferir recursos per a la seva aplicaci\u00f3. L\u2019objectiu \u00faltim \u00e9s ajudar en la creaci\u00f3 d\u2019una cultura col\u00b7laborativa que promogui l\u2019aprenentatge entre iguals.<br>En aquest estudi hi participen investigadors de la Universitat Aut\u00f2noma de Barcelona i de la Universitat de les Illes Balears, aix\u00ed com tamb\u00e9 un elevat nombre de docents de prim\u00e0ria i de secund\u00e0ria gr\u00e0cies al recolzament de dues conselleries d\u2019educaci\u00f3 (Generalitat de Catalunya \u2014en el marc de la Xarxa de Compet\u00e8ncies B\u00e0siques\u2014 i Govern de les Illes Balears).<\/p>\n\n\n\n<div class=\"wp-block-group\"><div class=\"wp-block-group__inner-container is-layout-constrained wp-block-group-is-layout-constrained\">\n<div class=\"wp-block-columns is-layout-flex wp-container-core-columns-is-layout-9d6595d7 wp-block-columns-is-layout-flex\">\n<div class=\"wp-block-column is-layout-flow wp-block-column-is-layout-flow\">\n<figure class=\"wp-block-image size-full\"><img loading=\"lazy\" decoding=\"async\" width=\"935\" height=\"426\" src=\"https:\/\/webs.uab.cat\/grai\/wp-content\/uploads\/sites\/353\/2024\/01\/foto-1-3.jpg\" alt=\"\" class=\"wp-image-2843\" srcset=\"https:\/\/webs.uab.cat\/grai\/wp-content\/uploads\/sites\/353\/2024\/01\/foto-1-3.jpg 935w, https:\/\/webs.uab.cat\/grai\/wp-content\/uploads\/sites\/353\/2024\/01\/foto-1-3-300x137.jpg 300w, https:\/\/webs.uab.cat\/grai\/wp-content\/uploads\/sites\/353\/2024\/01\/foto-1-3-768x350.jpg 768w\" sizes=\"auto, (max-width: 935px) 100vw, 935px\" \/><\/figure>\n<\/div>\n\n\n\n<div class=\"wp-block-column is-layout-flow wp-block-column-is-layout-flow\">\n<figure class=\"wp-block-image size-large\"><img loading=\"lazy\" decoding=\"async\" width=\"1024\" height=\"586\" src=\"https:\/\/webs.uab.cat\/grai\/wp-content\/uploads\/sites\/353\/2024\/01\/2-2-1024x586.jpg\" alt=\"\" class=\"wp-image-2846\" srcset=\"https:\/\/webs.uab.cat\/grai\/wp-content\/uploads\/sites\/353\/2024\/01\/2-2-1024x586.jpg 1024w, https:\/\/webs.uab.cat\/grai\/wp-content\/uploads\/sites\/353\/2024\/01\/2-2-300x172.jpg 300w, https:\/\/webs.uab.cat\/grai\/wp-content\/uploads\/sites\/353\/2024\/01\/2-2-768x439.jpg 768w, https:\/\/webs.uab.cat\/grai\/wp-content\/uploads\/sites\/353\/2024\/01\/2-2-1536x878.jpg 1536w, https:\/\/webs.uab.cat\/grai\/wp-content\/uploads\/sites\/353\/2024\/01\/2-2-2048x1171.jpg 2048w, https:\/\/webs.uab.cat\/grai\/wp-content\/uploads\/sites\/353\/2024\/01\/2-2-1200x686.jpg 1200w, https:\/\/webs.uab.cat\/grai\/wp-content\/uploads\/sites\/353\/2024\/01\/2-2-1980x1132.jpg 1980w\" sizes=\"auto, (max-width: 1024px) 100vw, 1024px\" \/><\/figure>\n<\/div>\n<\/div>\n<\/div><\/div>\n\n\n\n<p>Podeu trobar informaci\u00f3 completa sobre la recerca, amb resultats (articles, comunicacions i informe final de resultats), a <a href=\"https:\/\/www.observacioentreiguals.com\/\">https:\/\/www.observacioentreiguals.com\/<\/a><\/p>\n\n\n\n<p>I podeu consultar a l\u2019enlla\u00e7 seg\u00fcent el web que la Xarxa de Compet\u00e8ncies dedica a l\u2019OEI: <a href=\"https:\/\/sites.google.com\/xtec.cat\/observacioentreiguals\/\" target=\"_blank\" rel=\"noreferrer noopener\">https:\/\/sites.google.com\/xtec.cat\/observacioentreiguals\/<\/a>.<\/p>\n","protected":false},"excerpt":{"rendered":"<p>Projecte I+D+i 2021-2024 Observaci\u00f3 entre iguals com a desenvolupament professional docent: Cap a una cultura col\u00b7laborativa a centres de prim\u00e0ria i secund\u00e0ria (PeerObserv) El GRAI participa activament en la recerca Observaci\u00f3 entre iguals com a desenvolupament professional docent: Cap a una cultura col\u00b7laborativa a centres de prim\u00e0ria i secund\u00e0ria (PeerObserv), finan\u00e7ada pel Ministeri de Ci\u00e8ncia [&hellip;]<\/p>\n","protected":false},"author":20,"featured_media":0,"parent":0,"menu_order":0,"comment_status":"closed","ping_status":"closed","template":"","meta":{"footnotes":""},"class_list":["post-1396","page","type-page","status-publish","hentry"],"_links":{"self":[{"href":"https:\/\/webs.uab.cat\/grai\/wp-json\/wp\/v2\/pages\/1396","targetHints":{"allow":["GET"]}}],"collection":[{"href":"https:\/\/webs.uab.cat\/grai\/wp-json\/wp\/v2\/pages"}],"about":[{"href":"https:\/\/webs.uab.cat\/grai\/wp-json\/wp\/v2\/types\/page"}],"author":[{"embeddable":true,"href":"https:\/\/webs.uab.cat\/grai\/wp-json\/wp\/v2\/users\/20"}],"replies":[{"embeddable":true,"href":"https:\/\/webs.uab.cat\/grai\/wp-json\/wp\/v2\/comments?post=1396"}],"version-history":[{"count":25,"href":"https:\/\/webs.uab.cat\/grai\/wp-json\/wp\/v2\/pages\/1396\/revisions"}],"predecessor-version":[{"id":3281,"href":"https:\/\/webs.uab.cat\/grai\/wp-json\/wp\/v2\/pages\/1396\/revisions\/3281"}],"wp:attachment":[{"href":"https:\/\/webs.uab.cat\/grai\/wp-json\/wp\/v2\/media?parent=1396"}],"curies":[{"name":"wp","href":"https:\/\/api.w.org\/{rel}","templated":true}]}}