{"id":3793,"date":"2026-04-30T17:28:28","date_gmt":"2026-04-30T15:28:28","guid":{"rendered":"https:\/\/webs.uab.cat\/grai\/?page_id=3793"},"modified":"2026-05-05T12:23:03","modified_gmt":"2026-05-05T10:23:03","slug":"aprenentatge-entre-professors","status":"publish","type":"page","link":"https:\/\/webs.uab.cat\/grai\/aprenentatge-entre-professors\/","title":{"rendered":"Aprenentatge entre docents"},"content":{"rendered":"\n<p>L&#8217;informe TALIS (<em>Teaching and Learning International Survey<\/em>, de l&#8217;OCDE) distingeix entre activitats d&#8217;intercanvi i coordinaci\u00f3 \u2014com l\u2019intercanvi de materials did\u00e0ctics, la discussi\u00f3 sobre el desenvolupament de l\u2019aprenentatge d\u2019alumnes concrets i el treball amb altres docents per a acordar criteris d\u2019avaluaci\u00f3\u2014 i activitats de col\u00b7laboraci\u00f3 professional \u2014com la participaci\u00f3 en activitats amb diferents classes i grups d&#8217;edat, l&#8217;aprenentatge professional col\u00b7laboratiu, l&#8217;observaci\u00f3 i retroalimentaci\u00f3 de classes d&#8217;altres docents i l&#8217;ensenyament en equip. Aquestes \u00faltimes quatre activitats de col\u00b7laboraci\u00f3 professional s\u00f3n les que es fan servir per a organitzar els continguts d&#8217;aquesta secci\u00f3. <\/p>\n\n\n\n<div class=\"wp-block-buttons is-layout-flex wp-block-buttons-is-layout-flex\">\n<div class=\"wp-block-button\"><a class=\"wp-block-button__link wp-element-button\" href=\"https:\/\/webs.uab.cat\/grai\/fer-activitats-conjuntes-amb-altres-classes\/\">Fer activitats conjuntes amb altres classes<\/a><\/div>\n<\/div>\n\n\n\n<div class=\"wp-block-buttons is-layout-flex wp-block-buttons-is-layout-flex\">\n<div class=\"wp-block-button\"><a class=\"wp-block-button__link wp-element-button\" href=\"https:\/\/webs.uab.cat\/grai\/aprenentatge-collaboratiu-docent\/\">Aprenentatge col\u00b7laboratiu docent<\/a><\/div>\n<\/div>\n\n\n\n<div class=\"wp-block-buttons is-layout-flex wp-block-buttons-is-layout-flex\">\n<div class=\"wp-block-button\"><a class=\"wp-block-button__link wp-element-button\" href=\"https:\/\/webs.uab.cat\/grai\/codocencia\/\">observaci\u00f3 entre iguals<\/a><\/div>\n<\/div>\n\n\n\n<div class=\"wp-block-buttons is-layout-flex wp-block-buttons-is-layout-flex\">\n<div class=\"wp-block-button\"><a class=\"wp-block-button__link wp-element-button\" href=\"https:\/\/webs.uab.cat\/grai\/codocencia\/\">codoc\u00e8ncia<\/a><\/div>\n<\/div>\n","protected":false},"excerpt":{"rendered":"<p>L&#8217;informe TALIS (Teaching and Learning International Survey, de l&#8217;OCDE) distingeix entre activitats d&#8217;intercanvi i coordinaci\u00f3 \u2014com l\u2019intercanvi de materials did\u00e0ctics, la discussi\u00f3 sobre el desenvolupament de l\u2019aprenentatge d\u2019alumnes concrets i el treball amb altres docents per a acordar criteris d\u2019avaluaci\u00f3\u2014 i activitats de col\u00b7laboraci\u00f3 professional \u2014com la participaci\u00f3 en activitats amb diferents classes i grups [&hellip;]<\/p>\n","protected":false},"author":2576,"featured_media":0,"parent":0,"menu_order":0,"comment_status":"closed","ping_status":"closed","template":"","meta":{"footnotes":""},"class_list":["post-3793","page","type-page","status-publish","hentry"],"_links":{"self":[{"href":"https:\/\/webs.uab.cat\/grai\/wp-json\/wp\/v2\/pages\/3793","targetHints":{"allow":["GET"]}}],"collection":[{"href":"https:\/\/webs.uab.cat\/grai\/wp-json\/wp\/v2\/pages"}],"about":[{"href":"https:\/\/webs.uab.cat\/grai\/wp-json\/wp\/v2\/types\/page"}],"author":[{"embeddable":true,"href":"https:\/\/webs.uab.cat\/grai\/wp-json\/wp\/v2\/users\/2576"}],"replies":[{"embeddable":true,"href":"https:\/\/webs.uab.cat\/grai\/wp-json\/wp\/v2\/comments?post=3793"}],"version-history":[{"count":3,"href":"https:\/\/webs.uab.cat\/grai\/wp-json\/wp\/v2\/pages\/3793\/revisions"}],"predecessor-version":[{"id":3826,"href":"https:\/\/webs.uab.cat\/grai\/wp-json\/wp\/v2\/pages\/3793\/revisions\/3826"}],"wp:attachment":[{"href":"https:\/\/webs.uab.cat\/grai\/wp-json\/wp\/v2\/media?parent=3793"}],"curies":[{"name":"wp","href":"https:\/\/api.w.org\/{rel}","templated":true}]}}