{"id":382,"date":"2009-05-25T13:27:53","date_gmt":"2009-05-25T11:27:53","guid":{"rendered":"https:\/\/webs.uab.cat\/grai\/contacte\/"},"modified":"2024-01-10T12:48:00","modified_gmt":"2024-01-10T10:48:00","slug":"contacte","status":"publish","type":"page","link":"https:\/\/webs.uab.cat\/grai\/contacte\/","title":{"rendered":"Contacte"},"content":{"rendered":"\n<p>Podeu contactar directament amb els membres del grup a trav\u00e9s de l&#8217;adre\u00e7a electr\u00f2nica que apareix a l&#8217;apartat <em>Qui som<\/em>.<\/p>\n\n\n\n<p>Tamb\u00e9 podeu contactar amb el coordinador del grup:<\/p>\n\n\n\n<p><strong>David Duran Gisbert <\/strong><\/p>\n\n\n\n<p><strong><a href=\"https:\/\/portalrecerca.uab.cat\/en\/persons\/david-dur%C3%A1n-gisbert\" target=\"_blank\" rel=\"noreferrer noopener\">CV<\/a><br><\/strong><\/p>\n\n\n\n<p>Edifici G6. Despatx 254. Facultat de Ci\u00e8ncies de l&#8217;Educaci\u00f3.<\/p>\n\n\n\n<p>Universitat Aut\u00f2noma de Barcelona.<\/p>\n\n\n\n<p>08193 Bellaterra (Catalunya)<\/p>\n\n\n\n<p><a href=\"mailto:david.duran@uab.es\">David.Duran@uab.cat<\/a><\/p>\n","protected":false},"excerpt":{"rendered":"<p>Podeu contactar directament amb els membres del grup a trav\u00e9s de l&#8217;adre\u00e7a electr\u00f2nica que apareix a l&#8217;apartat Qui som. Tamb\u00e9 podeu contactar amb el coordinador del grup: David Duran Gisbert CV Edifici G6. Despatx 254. Facultat de Ci\u00e8ncies de l&#8217;Educaci\u00f3. Universitat Aut\u00f2noma de Barcelona. 08193 Bellaterra (Catalunya) David.Duran@uab.cat<\/p>\n","protected":false},"author":20,"featured_media":0,"parent":0,"menu_order":0,"comment_status":"closed","ping_status":"closed","template":"","meta":{"footnotes":""},"class_list":["post-382","page","type-page","status-publish","hentry"],"_links":{"self":[{"href":"https:\/\/webs.uab.cat\/grai\/wp-json\/wp\/v2\/pages\/382","targetHints":{"allow":["GET"]}}],"collection":[{"href":"https:\/\/webs.uab.cat\/grai\/wp-json\/wp\/v2\/pages"}],"about":[{"href":"https:\/\/webs.uab.cat\/grai\/wp-json\/wp\/v2\/types\/page"}],"author":[{"embeddable":true,"href":"https:\/\/webs.uab.cat\/grai\/wp-json\/wp\/v2\/users\/20"}],"replies":[{"embeddable":true,"href":"https:\/\/webs.uab.cat\/grai\/wp-json\/wp\/v2\/comments?post=382"}],"version-history":[{"count":3,"href":"https:\/\/webs.uab.cat\/grai\/wp-json\/wp\/v2\/pages\/382\/revisions"}],"predecessor-version":[{"id":2965,"href":"https:\/\/webs.uab.cat\/grai\/wp-json\/wp\/v2\/pages\/382\/revisions\/2965"}],"wp:attachment":[{"href":"https:\/\/webs.uab.cat\/grai\/wp-json\/wp\/v2\/media?parent=382"}],"curies":[{"name":"wp","href":"https:\/\/api.w.org\/{rel}","templated":true}]}}